{"id":56949,"date":"2020-04-04T11:20:41","date_gmt":"2020-04-04T08:20:41","guid":{"rendered":"http:\/\/www.xn--tuksimaailm-ffb.ee\/shop\/kypara-lapsille-carraro-edge-s-punainen-eol\/"},"modified":"2020-04-04T11:20:41","modified_gmt":"2020-04-04T08:20:41","slug":"kypara-lapsille-carraro-edge-s-punainen-eol","status":"publish","type":"product","link":"https:\/\/www.xn--tuksimaailm-ffb.ee\/fi\/shop\/kypara-lapsille-carraro-edge-s-punainen-eol\/","title":{"rendered":"Kyp\u00e4r\u00e4 lapsille Carraro Edge S punainen (EOL)"},"content":{"rendered":"<p>Lasten takki <strong>Carraro Edge , koko S<\/strong>(p\u00e4\u00e4n <strong>koko 46-51cm) , v\u00e4ri punainen\/valkoinen<\/strong>. Carraro Edge S on urheilullisen n\u00e4k\u00f6inen ja suunniteltu erityisesti lapsille. Kyp\u00e4r\u00e4ss\u00e4 on s\u00e4\u00e4dett\u00e4v\u00e4 pituus ja helposti suljettava kiinnityshihna, jonka avulla kyp\u00e4r\u00e4 kiinnittyy turvallisesti p\u00e4\u00e4h\u00e4n. Ilmastointiaukot takaavat hyv\u00e4n j\u00e4\u00e4hdytyksen ja ilmankierron. Turvallisuus ensin! Kyp\u00e4r\u00e4\u00e4 valitessasi ihanteellinen istuvuus on eritt\u00e4in t\u00e4rke\u00e4\u00e4, joten suosittelemme, ett\u00e4 tulet myym\u00e4l\u00e4\u00e4mme <a href=\"http:\/\/www.xn--tuksimaailm-ffb.ee\/kontakt\/\">valitsemaan<\/a> sinulle parhaiten sopivan kyp\u00e4r\u00e4n.<\/p>\n","protected":false},"excerpt":{"rendered":"<p>Lasten takki Carraro Edge , koko S(p\u00e4\u00e4n koko 46-51cm) , v\u00e4ri punainen\/valkoinen. Carraro Edge S on urheilullisen n\u00e4k\u00f6inen ja suunniteltu erityisesti lapsille. Kyp\u00e4r\u00e4ss\u00e4 on s\u00e4\u00e4dett\u00e4v\u00e4 pituus ja helposti suljettava kiinnityshihna, jonka avulla kyp\u00e4r\u00e4 kiinnittyy turvallisesti p\u00e4\u00e4h\u00e4n. Ilmastointiaukot takaavat hyv\u00e4n j\u00e4\u00e4hdytyksen ja ilmankierron. Turvallisuus ensin! Kyp\u00e4r\u00e4\u00e4 valitessasi ihanteellinen istuvuus on eritt\u00e4in &hellip;<\/p>\n","protected":false},"featured_media":22050,"template":"","meta":[],"product_brand":[],"product_cat":[1697],"product_tag":[1715],"filter_elektritoukeratas":[],"class_list":{"0":"post-56949","1":"product","2":"type-product","3":"status-publish","4":"has-post-thumbnail","6":"product_cat-lisavarusteet","7":"product_tag-kyparat","8":"pa_colour-musta","9":"pa_colour-oranssi","10":"pa_colour-vaalea","11":"pa_size-l-iso","12":"pa_size-m-keskimaarainen","13":"pa_size-s-pieni","14":"pa_tootetuup-kyparat","16":"first","17":"outofstock","18":"taxable","19":"shipping-taxable","20":"purchasable","21":"product-type-simple"},"yoast_head":"<!-- This site is optimized with the Yoast SEO Premium plugin v26.8 (Yoast SEO v27.5) - https:\/\/yoast.com\/product\/yoast-seo-premium-wordpress\/ -->\n<title>Kyp\u00e4r\u00e4 lapsille Carraro Edge S punainen (EOL) &#8212; T\u00f5uksimaailm<\/title>\n<meta name=\"description\" content=\"Lastekiiver Carraro Edge, suurus S (pea\u00fcmberm\u00f5\u00f5dule 46-51cm), v\u00e4rv punane\/valge. Sportlik Carraro Edge S on disainitud spetsiaalselt lastele.\" \/>\n<meta name=\"robots\" content=\"index, follow, max-snippet:-1, max-image-preview:large, max-video-preview:-1\" \/>\n<link rel=\"canonical\" href=\"https:\/\/www.xn--tuksimaailm-ffb.ee\/fi\/shop\/kypara-lapsille-carraro-edge-s-punainen-eol\/\" \/>\n<meta property=\"og:locale\" content=\"fi_FI\" \/>\n<meta property=\"og:type\" content=\"article\" \/>\n<meta property=\"og:title\" content=\"Kyp\u00e4r\u00e4 lapsille Carraro Edge S punainen (EOL)\" \/>\n<meta property=\"og:description\" content=\"Lastekiiver Carraro Edge, suurus S (pea\u00fcmberm\u00f5\u00f5dule 46-51cm), v\u00e4rv punane\/valge. Sportlik Carraro Edge S on disainitud spetsiaalselt lastele.\" \/>\n<meta property=\"og:url\" content=\"https:\/\/www.xn--tuksimaailm-ffb.ee\/fi\/shop\/kypara-lapsille-carraro-edge-s-punainen-eol\/\" \/>\n<meta property=\"og:site_name\" content=\"T\u00f5uksimaailm\" \/>\n<meta property=\"article:publisher\" content=\"https:\/\/www.facebook.com\/touksimaailm\/\" \/>\n<meta property=\"og:image\" content=\"https:\/\/www.xn--tuksimaailm-ffb.ee\/wp-content\/uploads\/2020\/04\/jalgrattakiiver-laste-carraro-edge-punane-valge-s-46-51-cm-hm-4651-edge-p.jpg\" \/>\n\t<meta property=\"og:image:width\" content=\"800\" \/>\n\t<meta property=\"og:image:height\" content=\"600\" \/>\n\t<meta property=\"og:image:type\" content=\"image\/jpeg\" \/>\n<meta name=\"twitter:card\" content=\"summary_large_image\" \/>\n<meta name=\"twitter:label1\" content=\"Hinta\" \/>\n\t<meta name=\"twitter:data1\" content=\"&euro;29.50\" \/>\n\t<meta name=\"twitter:label2\" content=\"Saatavuus\" \/>\n\t<meta name=\"twitter:data2\" content=\"Loppu varastosta\" \/>\n<meta property=\"product:price:amount\" content=\"29.50\" \/>\n<meta property=\"product:price:currency\" content=\"EUR\" \/>\n<meta property=\"og:availability\" content=\"out of stock\" \/>\n<meta property=\"product:availability\" content=\"out of stock\" \/>\n<meta property=\"product:condition\" content=\"new\" \/>\n<!-- \/ Yoast SEO Premium plugin. -->","yoast_head_json":{"title":"Kyp\u00e4r\u00e4 lapsille Carraro Edge S punainen (EOL) &#8212; T\u00f5uksimaailm","description":"Lastekiiver Carraro Edge, suurus S (pea\u00fcmberm\u00f5\u00f5dule 46-51cm), v\u00e4rv punane\/valge. Sportlik Carraro Edge S on disainitud spetsiaalselt lastele.","robots":{"index":"index","follow":"follow","max-snippet":"max-snippet:-1","max-image-preview":"max-image-preview:large","max-video-preview":"max-video-preview:-1"},"canonical":"https:\/\/www.xn--tuksimaailm-ffb.ee\/fi\/shop\/kypara-lapsille-carraro-edge-s-punainen-eol\/","og_locale":"fi_FI","og_type":"article","og_title":"Kyp\u00e4r\u00e4 lapsille Carraro Edge S punainen (EOL)","og_description":"Lastekiiver Carraro Edge, suurus S (pea\u00fcmberm\u00f5\u00f5dule 46-51cm), v\u00e4rv punane\/valge. Sportlik Carraro Edge S on disainitud spetsiaalselt lastele.","og_url":"https:\/\/www.xn--tuksimaailm-ffb.ee\/fi\/shop\/kypara-lapsille-carraro-edge-s-punainen-eol\/","og_site_name":"T\u00f5uksimaailm","article_publisher":"https:\/\/www.facebook.com\/touksimaailm\/","og_image":[{"width":800,"height":600,"url":"https:\/\/www.xn--tuksimaailm-ffb.ee\/wp-content\/uploads\/2020\/04\/jalgrattakiiver-laste-carraro-edge-punane-valge-s-46-51-cm-hm-4651-edge-p.jpg","type":"image\/jpeg"}],"twitter_card":"summary_large_image","twitter_misc":{"Hinta":"&euro;29.50","Saatavuus":"Loppu varastosta"},"schema":{"@context":"https:\/\/schema.org","@graph":[{"@type":"WebPage","@id":"https:\/\/www.xn--tuksimaailm-ffb.ee\/fi\/shop\/kypara-lapsille-carraro-edge-s-punainen-eol\/","url":"https:\/\/www.xn--tuksimaailm-ffb.ee\/fi\/shop\/kypara-lapsille-carraro-edge-s-punainen-eol\/","name":"Kyp\u00e4r\u00e4 lapsille Carraro Edge S punainen (EOL) &#8212; T\u00f5uksimaailm","isPartOf":{"@id":"https:\/\/www.xn--tuksimaailm-ffb.ee\/fi\/#website"},"primaryImageOfPage":{"@id":"https:\/\/www.xn--tuksimaailm-ffb.ee\/fi\/shop\/kypara-lapsille-carraro-edge-s-punainen-eol\/#primaryimage"},"image":{"@id":"https:\/\/www.xn--tuksimaailm-ffb.ee\/fi\/shop\/kypara-lapsille-carraro-edge-s-punainen-eol\/#primaryimage"},"thumbnailUrl":"https:\/\/www.xn--tuksimaailm-ffb.ee\/wp-content\/uploads\/2020\/04\/jalgrattakiiver-laste-carraro-edge-punane-valge-s-46-51-cm-hm-4651-edge-p.jpg","datePublished":"2020-04-04T08:20:41+00:00","description":"Lastekiiver Carraro Edge, suurus S (pea\u00fcmberm\u00f5\u00f5dule 46-51cm), v\u00e4rv punane\/valge. Sportlik Carraro Edge S on disainitud spetsiaalselt lastele.","breadcrumb":{"@id":"https:\/\/www.xn--tuksimaailm-ffb.ee\/fi\/shop\/kypara-lapsille-carraro-edge-s-punainen-eol\/#breadcrumb"},"inLanguage":"fi","potentialAction":[{"@type":"ReadAction","target":["https:\/\/www.xn--tuksimaailm-ffb.ee\/fi\/shop\/kypara-lapsille-carraro-edge-s-punainen-eol\/"]}]},{"@type":"ImageObject","inLanguage":"fi","@id":"https:\/\/www.xn--tuksimaailm-ffb.ee\/fi\/shop\/kypara-lapsille-carraro-edge-s-punainen-eol\/#primaryimage","url":"https:\/\/www.xn--tuksimaailm-ffb.ee\/wp-content\/uploads\/2020\/04\/jalgrattakiiver-laste-carraro-edge-punane-valge-s-46-51-cm-hm-4651-edge-p.jpg","contentUrl":"https:\/\/www.xn--tuksimaailm-ffb.ee\/wp-content\/uploads\/2020\/04\/jalgrattakiiver-laste-carraro-edge-punane-valge-s-46-51-cm-hm-4651-edge-p.jpg","width":800,"height":600},{"@type":"BreadcrumbList","@id":"https:\/\/www.xn--tuksimaailm-ffb.ee\/fi\/shop\/kypara-lapsille-carraro-edge-s-punainen-eol\/#breadcrumb","itemListElement":[{"@type":"ListItem","position":1,"name":"Home","item":"https:\/\/www.xn--tuksimaailm-ffb.ee\/fi\/kotisivu\/"},{"@type":"ListItem","position":2,"name":"Kauppa","item":"https:\/\/www.xn--tuksimaailm-ffb.ee\/elektritoukerataste-pood\/"},{"@type":"ListItem","position":3,"name":"Kyp\u00e4r\u00e4 lapsille Carraro Edge S punainen (EOL)"}]},{"@type":"WebSite","@id":"https:\/\/www.xn--tuksimaailm-ffb.ee\/fi\/#website","url":"https:\/\/www.xn--tuksimaailm-ffb.ee\/fi\/","name":"T\u00f5uksimaailm","description":"Elektrit\u00f5ukerataste m\u00fc\u00fck, remont ja rent","publisher":{"@id":"https:\/\/www.xn--tuksimaailm-ffb.ee\/fi\/#organization"},"potentialAction":[{"@type":"SearchAction","target":{"@type":"EntryPoint","urlTemplate":"https:\/\/www.xn--tuksimaailm-ffb.ee\/fi\/?s={search_term_string}"},"query-input":{"@type":"PropertyValueSpecification","valueRequired":true,"valueName":"search_term_string"}}],"inLanguage":"fi"},{"@type":"Organization","@id":"https:\/\/www.xn--tuksimaailm-ffb.ee\/fi\/#organization","name":"T\u00f5uksimaailm","url":"https:\/\/www.xn--tuksimaailm-ffb.ee\/fi\/","logo":{"@type":"ImageObject","inLanguage":"fi","@id":"https:\/\/www.xn--tuksimaailm-ffb.ee\/fi\/#\/schema\/logo\/image\/","url":"https:\/\/www.xn--tuksimaailm-ffb.ee\/wp-content\/uploads\/2020\/01\/logoz-e1579792875517.png","contentUrl":"https:\/\/www.xn--tuksimaailm-ffb.ee\/wp-content\/uploads\/2020\/01\/logoz-e1579792875517.png","width":250,"height":250,"caption":"T\u00f5uksimaailm"},"image":{"@id":"https:\/\/www.xn--tuksimaailm-ffb.ee\/fi\/#\/schema\/logo\/image\/"},"sameAs":["https:\/\/www.facebook.com\/touksimaailm\/","https:\/\/www.instagram.com\/touksimaailm_\/","https:\/\/www.youtube.com\/channel\/UC18ml0EKIDLP1xGuQjFzcXQ"]}]},"product_price_amount":"29.50","product_price_currency":"EUR","og_availability":"out of stock","product_availability":"out of stock","product_condition":"new"},"jetpack_sharing_enabled":true,"_links":{"self":[{"href":"https:\/\/www.xn--tuksimaailm-ffb.ee\/fi\/wp-json\/wp\/v2\/product\/56949","targetHints":{"allow":["GET"]}}],"collection":[{"href":"https:\/\/www.xn--tuksimaailm-ffb.ee\/fi\/wp-json\/wp\/v2\/product"}],"about":[{"href":"https:\/\/www.xn--tuksimaailm-ffb.ee\/fi\/wp-json\/wp\/v2\/types\/product"}],"wp:featuredmedia":[{"embeddable":true,"href":"https:\/\/www.xn--tuksimaailm-ffb.ee\/fi\/wp-json\/wp\/v2\/media\/22050"}],"wp:attachment":[{"href":"https:\/\/www.xn--tuksimaailm-ffb.ee\/fi\/wp-json\/wp\/v2\/media?parent=56949"}],"wp:term":[{"taxonomy":"product_brand","embeddable":true,"href":"https:\/\/www.xn--tuksimaailm-ffb.ee\/fi\/wp-json\/wp\/v2\/product_brand?post=56949"},{"taxonomy":"product_cat","embeddable":true,"href":"https:\/\/www.xn--tuksimaailm-ffb.ee\/fi\/wp-json\/wp\/v2\/product_cat?post=56949"},{"taxonomy":"product_tag","embeddable":true,"href":"https:\/\/www.xn--tuksimaailm-ffb.ee\/fi\/wp-json\/wp\/v2\/product_tag?post=56949"},{"taxonomy":"filter_elektritoukeratas","embeddable":true,"href":"https:\/\/www.xn--tuksimaailm-ffb.ee\/fi\/wp-json\/wp\/v2\/filter_elektritoukeratas?post=56949"}],"curies":[{"name":"wp","href":"https:\/\/api.w.org\/{rel}","templated":true}]}}