{"id":56950,"date":"2020-04-04T10:59:48","date_gmt":"2020-04-04T07:59:48","guid":{"rendered":"http:\/\/www.xn--tuksimaailm-ffb.ee\/shop\/kypara-lapsille-polisport-baby-birdy\/"},"modified":"2020-04-04T10:59:48","modified_gmt":"2020-04-04T07:59:48","slug":"kypara-lapsille-polisport-baby-birdy","status":"publish","type":"product","link":"https:\/\/www.xn--tuksimaailm-ffb.ee\/fi\/shop\/kypara-lapsille-polisport-baby-birdy\/","title":{"rendered":"Kyp\u00e4r\u00e4 lapsille Polisport Baby Birdy"},"content":{"rendered":"<p><strong>Polisport Baby Birdy lasten<\/strong> huppari , koko XXS (p\u00e4\u00e4n <strong>koko 44-48cm) , v\u00e4ri vaaleanpunainen<\/strong>. Kyp\u00e4r\u00e4 on suunniteltu erityisesti vauvoille. Kyp\u00e4r\u00e4ss\u00e4 on s\u00e4\u00e4dett\u00e4v\u00e4 pituus ja helposti suljettava kiinnityshihna, jonka avulla kyp\u00e4r\u00e4 kiinnittyy turvallisesti p\u00e4\u00e4h\u00e4n. Ilmastointiaukkojen eteen on asennettu hy\u00f6nteisverkko. Turvallisuus ensin! Kyp\u00e4r\u00e4n valinnassa ihanteellinen istuvuus on eritt\u00e4in t\u00e4rke\u00e4\u00e4, joten suosittelemme sinua tulemaan myym\u00e4l\u00e4\u00e4mme <a href=\"http:\/\/www.xn--tuksimaailm-ffb.ee\/kontakt\/\">valitsemaan<\/a> sinulle parhaiten sopivan kyp\u00e4r\u00e4n.<\/p>\n","protected":false},"excerpt":{"rendered":"<p>Polisport Baby Birdy lasten huppari , koko XXS (p\u00e4\u00e4n koko 44-48cm) , v\u00e4ri vaaleanpunainen. Kyp\u00e4r\u00e4 on suunniteltu erityisesti vauvoille. Kyp\u00e4r\u00e4ss\u00e4 on s\u00e4\u00e4dett\u00e4v\u00e4 pituus ja helposti suljettava kiinnityshihna, jonka avulla kyp\u00e4r\u00e4 kiinnittyy turvallisesti p\u00e4\u00e4h\u00e4n. Ilmastointiaukkojen eteen on asennettu hy\u00f6nteisverkko. Turvallisuus ensin! Kyp\u00e4r\u00e4n valinnassa ihanteellinen istuvuus on eritt\u00e4in t\u00e4rke\u00e4\u00e4, joten suosittelemme sinua &hellip;<\/p>\n","protected":false},"featured_media":22048,"template":"","meta":[],"product_brand":[],"product_cat":[1697],"product_tag":[1715],"filter_elektritoukeratas":[],"class_list":{"0":"post-56950","1":"product","2":"type-product","3":"status-publish","4":"has-post-thumbnail","6":"product_cat-lisavarusteet","7":"product_tag-kyparat","8":"pa_colour-musta","9":"pa_colour-oranssi","10":"pa_colour-vaalea","11":"pa_size-l-iso","12":"pa_size-m-keskimaarainen","13":"pa_size-s-pieni","14":"pa_tootetuup-kyparat","16":"first","17":"instock","18":"taxable","19":"shipping-taxable","20":"purchasable","21":"product-type-simple"},"yoast_head":"<!-- This site is optimized with the Yoast SEO Premium plugin v26.8 (Yoast SEO v27.5) - https:\/\/yoast.com\/product\/yoast-seo-premium-wordpress\/ -->\n<title>Kyp\u00e4r\u00e4 lapsille Polisport Baby Birdy &#8212; T\u00f5uksimaailm &#8212; Lisavarustus<\/title>\n<meta name=\"description\" content=\"Lastekiiver Polisport Baby Birdy, suurus XXS (pea\u00fcmberm\u00f5\u00f5dule 44-48cm), v\u00e4rv heleroosa. Kiiver on disainitud spetsiaalselt v\u00e4ikelastele.\" \/>\n<meta name=\"robots\" content=\"index, follow, max-snippet:-1, max-image-preview:large, max-video-preview:-1\" \/>\n<link rel=\"canonical\" href=\"https:\/\/www.xn--tuksimaailm-ffb.ee\/fi\/shop\/kypara-lapsille-polisport-baby-birdy\/\" \/>\n<meta property=\"og:locale\" content=\"fi_FI\" \/>\n<meta property=\"og:type\" content=\"article\" \/>\n<meta property=\"og:title\" content=\"Kyp\u00e4r\u00e4 lapsille Polisport Baby Birdy\" \/>\n<meta property=\"og:description\" content=\"Lastekiiver Polisport Baby Birdy, suurus XXS (pea\u00fcmberm\u00f5\u00f5dule 44-48cm), v\u00e4rv heleroosa. Kiiver on disainitud spetsiaalselt v\u00e4ikelastele.\" \/>\n<meta property=\"og:url\" content=\"https:\/\/www.xn--tuksimaailm-ffb.ee\/fi\/shop\/kypara-lapsille-polisport-baby-birdy\/\" \/>\n<meta property=\"og:site_name\" content=\"T\u00f5uksimaailm\" \/>\n<meta property=\"article:publisher\" content=\"https:\/\/www.facebook.com\/touksimaailm\/\" \/>\n<meta property=\"og:image\" content=\"https:\/\/www.xn--tuksimaailm-ffb.ee\/wp-content\/uploads\/2020\/04\/Birdy-1.jpg\" \/>\n\t<meta property=\"og:image:width\" content=\"800\" \/>\n\t<meta property=\"og:image:height\" content=\"600\" \/>\n\t<meta property=\"og:image:type\" content=\"image\/jpeg\" \/>\n<meta name=\"twitter:card\" content=\"summary_large_image\" \/>\n<meta name=\"twitter:label1\" content=\"Hinta\" \/>\n\t<meta name=\"twitter:data1\" content=\"&euro;29.50\" \/>\n\t<meta name=\"twitter:label2\" content=\"Saatavuus\" \/>\n\t<meta name=\"twitter:data2\" content=\"Varastossa\" \/>\n<meta property=\"product:price:amount\" content=\"29.50\" \/>\n<meta property=\"product:price:currency\" content=\"EUR\" \/>\n<meta property=\"og:availability\" content=\"instock\" \/>\n<meta property=\"product:availability\" content=\"instock\" \/>\n<meta property=\"product:condition\" content=\"new\" \/>\n<!-- \/ Yoast SEO Premium plugin. -->","yoast_head_json":{"title":"Kyp\u00e4r\u00e4 lapsille Polisport Baby Birdy &#8212; T\u00f5uksimaailm &#8212; Lisavarustus","description":"Lastekiiver Polisport Baby Birdy, suurus XXS (pea\u00fcmberm\u00f5\u00f5dule 44-48cm), v\u00e4rv heleroosa. Kiiver on disainitud spetsiaalselt v\u00e4ikelastele.","robots":{"index":"index","follow":"follow","max-snippet":"max-snippet:-1","max-image-preview":"max-image-preview:large","max-video-preview":"max-video-preview:-1"},"canonical":"https:\/\/www.xn--tuksimaailm-ffb.ee\/fi\/shop\/kypara-lapsille-polisport-baby-birdy\/","og_locale":"fi_FI","og_type":"article","og_title":"Kyp\u00e4r\u00e4 lapsille Polisport Baby Birdy","og_description":"Lastekiiver Polisport Baby Birdy, suurus XXS (pea\u00fcmberm\u00f5\u00f5dule 44-48cm), v\u00e4rv heleroosa. Kiiver on disainitud spetsiaalselt v\u00e4ikelastele.","og_url":"https:\/\/www.xn--tuksimaailm-ffb.ee\/fi\/shop\/kypara-lapsille-polisport-baby-birdy\/","og_site_name":"T\u00f5uksimaailm","article_publisher":"https:\/\/www.facebook.com\/touksimaailm\/","og_image":[{"width":800,"height":600,"url":"https:\/\/www.xn--tuksimaailm-ffb.ee\/wp-content\/uploads\/2020\/04\/Birdy-1.jpg","type":"image\/jpeg"}],"twitter_card":"summary_large_image","twitter_misc":{"Hinta":"&euro;29.50","Saatavuus":"Varastossa"},"schema":{"@context":"https:\/\/schema.org","@graph":[{"@type":"WebPage","@id":"https:\/\/www.xn--tuksimaailm-ffb.ee\/fi\/shop\/kypara-lapsille-polisport-baby-birdy\/","url":"https:\/\/www.xn--tuksimaailm-ffb.ee\/fi\/shop\/kypara-lapsille-polisport-baby-birdy\/","name":"Kyp\u00e4r\u00e4 lapsille Polisport Baby Birdy &#8212; T\u00f5uksimaailm &#8212; Lisavarustus","isPartOf":{"@id":"https:\/\/www.xn--tuksimaailm-ffb.ee\/fi\/#website"},"primaryImageOfPage":{"@id":"https:\/\/www.xn--tuksimaailm-ffb.ee\/fi\/shop\/kypara-lapsille-polisport-baby-birdy\/#primaryimage"},"image":{"@id":"https:\/\/www.xn--tuksimaailm-ffb.ee\/fi\/shop\/kypara-lapsille-polisport-baby-birdy\/#primaryimage"},"thumbnailUrl":"https:\/\/www.xn--tuksimaailm-ffb.ee\/wp-content\/uploads\/2020\/04\/Birdy-1.jpg","datePublished":"2020-04-04T07:59:48+00:00","description":"Lastekiiver Polisport Baby Birdy, suurus XXS (pea\u00fcmberm\u00f5\u00f5dule 44-48cm), v\u00e4rv heleroosa. Kiiver on disainitud spetsiaalselt v\u00e4ikelastele.","breadcrumb":{"@id":"https:\/\/www.xn--tuksimaailm-ffb.ee\/fi\/shop\/kypara-lapsille-polisport-baby-birdy\/#breadcrumb"},"inLanguage":"fi","potentialAction":[{"@type":"ReadAction","target":["https:\/\/www.xn--tuksimaailm-ffb.ee\/fi\/shop\/kypara-lapsille-polisport-baby-birdy\/"]}]},{"@type":"ImageObject","inLanguage":"fi","@id":"https:\/\/www.xn--tuksimaailm-ffb.ee\/fi\/shop\/kypara-lapsille-polisport-baby-birdy\/#primaryimage","url":"https:\/\/www.xn--tuksimaailm-ffb.ee\/wp-content\/uploads\/2020\/04\/Birdy-1.jpg","contentUrl":"https:\/\/www.xn--tuksimaailm-ffb.ee\/wp-content\/uploads\/2020\/04\/Birdy-1.jpg","width":800,"height":600},{"@type":"BreadcrumbList","@id":"https:\/\/www.xn--tuksimaailm-ffb.ee\/fi\/shop\/kypara-lapsille-polisport-baby-birdy\/#breadcrumb","itemListElement":[{"@type":"ListItem","position":1,"name":"Home","item":"https:\/\/www.xn--tuksimaailm-ffb.ee\/fi\/kotisivu\/"},{"@type":"ListItem","position":2,"name":"Kauppa","item":"https:\/\/www.xn--tuksimaailm-ffb.ee\/elektritoukerataste-pood\/"},{"@type":"ListItem","position":3,"name":"Kyp\u00e4r\u00e4 lapsille Polisport Baby Birdy"}]},{"@type":"WebSite","@id":"https:\/\/www.xn--tuksimaailm-ffb.ee\/fi\/#website","url":"https:\/\/www.xn--tuksimaailm-ffb.ee\/fi\/","name":"T\u00f5uksimaailm","description":"Elektrit\u00f5ukerataste m\u00fc\u00fck, remont ja rent","publisher":{"@id":"https:\/\/www.xn--tuksimaailm-ffb.ee\/fi\/#organization"},"potentialAction":[{"@type":"SearchAction","target":{"@type":"EntryPoint","urlTemplate":"https:\/\/www.xn--tuksimaailm-ffb.ee\/fi\/?s={search_term_string}"},"query-input":{"@type":"PropertyValueSpecification","valueRequired":true,"valueName":"search_term_string"}}],"inLanguage":"fi"},{"@type":"Organization","@id":"https:\/\/www.xn--tuksimaailm-ffb.ee\/fi\/#organization","name":"T\u00f5uksimaailm","url":"https:\/\/www.xn--tuksimaailm-ffb.ee\/fi\/","logo":{"@type":"ImageObject","inLanguage":"fi","@id":"https:\/\/www.xn--tuksimaailm-ffb.ee\/fi\/#\/schema\/logo\/image\/","url":"https:\/\/www.xn--tuksimaailm-ffb.ee\/wp-content\/uploads\/2020\/01\/logoz-e1579792875517.png","contentUrl":"https:\/\/www.xn--tuksimaailm-ffb.ee\/wp-content\/uploads\/2020\/01\/logoz-e1579792875517.png","width":250,"height":250,"caption":"T\u00f5uksimaailm"},"image":{"@id":"https:\/\/www.xn--tuksimaailm-ffb.ee\/fi\/#\/schema\/logo\/image\/"},"sameAs":["https:\/\/www.facebook.com\/touksimaailm\/","https:\/\/www.instagram.com\/touksimaailm_\/","https:\/\/www.youtube.com\/channel\/UC18ml0EKIDLP1xGuQjFzcXQ"]}]},"product_price_amount":"29.50","product_price_currency":"EUR","og_availability":"instock","product_availability":"instock","product_condition":"new"},"jetpack_sharing_enabled":true,"_links":{"self":[{"href":"https:\/\/www.xn--tuksimaailm-ffb.ee\/fi\/wp-json\/wp\/v2\/product\/56950","targetHints":{"allow":["GET"]}}],"collection":[{"href":"https:\/\/www.xn--tuksimaailm-ffb.ee\/fi\/wp-json\/wp\/v2\/product"}],"about":[{"href":"https:\/\/www.xn--tuksimaailm-ffb.ee\/fi\/wp-json\/wp\/v2\/types\/product"}],"wp:featuredmedia":[{"embeddable":true,"href":"https:\/\/www.xn--tuksimaailm-ffb.ee\/fi\/wp-json\/wp\/v2\/media\/22048"}],"wp:attachment":[{"href":"https:\/\/www.xn--tuksimaailm-ffb.ee\/fi\/wp-json\/wp\/v2\/media?parent=56950"}],"wp:term":[{"taxonomy":"product_brand","embeddable":true,"href":"https:\/\/www.xn--tuksimaailm-ffb.ee\/fi\/wp-json\/wp\/v2\/product_brand?post=56950"},{"taxonomy":"product_cat","embeddable":true,"href":"https:\/\/www.xn--tuksimaailm-ffb.ee\/fi\/wp-json\/wp\/v2\/product_cat?post=56950"},{"taxonomy":"product_tag","embeddable":true,"href":"https:\/\/www.xn--tuksimaailm-ffb.ee\/fi\/wp-json\/wp\/v2\/product_tag?post=56950"},{"taxonomy":"filter_elektritoukeratas","embeddable":true,"href":"https:\/\/www.xn--tuksimaailm-ffb.ee\/fi\/wp-json\/wp\/v2\/filter_elektritoukeratas?post=56950"}],"curies":[{"name":"wp","href":"https:\/\/api.w.org\/{rel}","templated":true}]}}