{"id":56951,"date":"2020-03-24T17:05:25","date_gmt":"2020-03-24T14:05:25","guid":{"rendered":"http:\/\/www.xn--tuksimaailm-ffb.ee\/shop\/kypara-gpad-g1-eol\/"},"modified":"2020-03-24T17:05:25","modified_gmt":"2020-03-24T14:05:25","slug":"kypara-gpad-g1-eol","status":"publish","type":"product","link":"https:\/\/www.xn--tuksimaailm-ffb.ee\/fi\/shop\/kypara-gpad-g1-eol\/","title":{"rendered":"Kyp\u00e4r\u00e4 GPad G1 (EOL)"},"content":{"rendered":"<p><strong>GPad G1 kyp\u00e4r\u00e4 <\/strong>minimalistisella muotoilulla. Koot ovat <strong>S-Small<\/strong>, <strong>M-Medium ja<\/strong> <strong>L-Large<\/strong>, <strong>ja<\/strong> v\u00e4rit ovat musta, <strong>valkoinen ja oranssi <\/strong>. S\u00e4hk\u00f6moottorilla ajaminen tarkoittaa my\u00f6s suurempia nopeuksia, ja kyp\u00e4r\u00e4 on ainoa asia, joka voi pelastaa sinut suurilta vammoilta, jos kosketat maata. My\u00f6s nopeudet ovat suuremmat s\u00e4hk\u00f6moottoreilla ajettaessa, joten suosittelemme kyp\u00e4r\u00e4n k\u00e4ytt\u00e4mist\u00e4 aina. Turvallisuus ensin! Kyp\u00e4r\u00e4\u00e4 valitessasi ihanteellinen istuvuus on eritt\u00e4in t\u00e4rke\u00e4\u00e4, joten suosittelemme, ett\u00e4 tulet myym\u00e4l\u00e4\u00e4mme <a href=\"http:\/\/www.xn--tuksimaailm-ffb.ee\/kontakt\/\">valitsemaan<\/a> sinulle parhaiten sopivan kyp\u00e4r\u00e4n.<\/p>\n","protected":false},"excerpt":{"rendered":"<p>GPad G1 kyp\u00e4r\u00e4 minimalistisella muotoilulla. Koot ovat S-Small, M-Medium ja L-Large, ja v\u00e4rit ovat musta, valkoinen ja oranssi . S\u00e4hk\u00f6moottorilla ajaminen tarkoittaa my\u00f6s suurempia nopeuksia, ja kyp\u00e4r\u00e4 on ainoa asia, joka voi pelastaa sinut suurilta vammoilta, jos kosketat maata. My\u00f6s nopeudet ovat suuremmat s\u00e4hk\u00f6moottoreilla ajettaessa, joten suosittelemme kyp\u00e4r\u00e4n k\u00e4ytt\u00e4mist\u00e4 aina. &hellip;<\/p>\n","protected":false},"featured_media":24697,"template":"","meta":[],"product_brand":[],"product_cat":[1697],"product_tag":[1715],"filter_elektritoukeratas":[],"class_list":{"0":"post-56951","1":"product","2":"type-product","3":"status-publish","4":"has-post-thumbnail","6":"product_cat-lisavarusteet","7":"product_tag-kyparat","8":"pa_colour-musta","9":"pa_colour-oranssi","10":"pa_colour-vaalea","11":"pa_size-l-iso","12":"pa_size-m-keskimaarainen","13":"pa_size-s-pieni","14":"pa_tootetuup-kyparat","16":"first","17":"outofstock","18":"taxable","19":"shipping-taxable","20":"purchasable","21":"product-type-variable"},"yoast_head":"<!-- This site is optimized with the Yoast SEO Premium plugin v26.8 (Yoast SEO v27.5) - https:\/\/yoast.com\/product\/yoast-seo-premium-wordpress\/ -->\n<title>Kyp\u00e4r\u00e4 GPad G1 (EOL) | T\u00f5uksimaailm | Lisavarustus<\/title>\n<meta name=\"description\" content=\"Stiilne kiiver GPad G1, suurus M, v\u00e4rv oran\u017e. Elektriliikuritega s\u00f5ites on kiirused suured, kukkudes p\u00e4\u00e4stab sind vigastustest vaid kiiver.\" \/>\n<meta name=\"robots\" content=\"index, follow, max-snippet:-1, max-image-preview:large, max-video-preview:-1\" \/>\n<link rel=\"canonical\" href=\"https:\/\/www.xn--tuksimaailm-ffb.ee\/fi\/shop\/kypara-gpad-g1-eol\/\" \/>\n<meta property=\"og:locale\" content=\"fi_FI\" \/>\n<meta property=\"og:type\" content=\"article\" \/>\n<meta property=\"og:title\" content=\"Kyp\u00e4r\u00e4 GPad G1 (EOL)\" \/>\n<meta property=\"og:description\" content=\"Stiilne kiiver GPad G1, suurus M, v\u00e4rv oran\u017e. Elektriliikuritega s\u00f5ites on kiirused suured, kukkudes p\u00e4\u00e4stab sind vigastustest vaid kiiver.\" \/>\n<meta property=\"og:url\" content=\"https:\/\/www.xn--tuksimaailm-ffb.ee\/fi\/shop\/kypara-gpad-g1-eol\/\" \/>\n<meta property=\"og:site_name\" content=\"T\u00f5uksimaailm\" \/>\n<meta property=\"article:publisher\" content=\"https:\/\/www.facebook.com\/touksimaailm\/\" \/>\n<meta property=\"og:image\" content=\"https:\/\/www.xn--tuksimaailm-ffb.ee\/wp-content\/uploads\/2020\/03\/gpad-g1.png\" \/>\n\t<meta property=\"og:image:width\" content=\"831\" \/>\n\t<meta property=\"og:image:height\" content=\"797\" \/>\n\t<meta property=\"og:image:type\" content=\"image\/png\" \/>\n<meta name=\"twitter:card\" content=\"summary_large_image\" \/>\n<meta name=\"twitter:label1\" content=\"Saatavuus\" \/>\n\t<meta name=\"twitter:data1\" content=\"Loppu varastosta\" \/>\n<meta property=\"og:availability\" content=\"out of stock\" \/>\n<meta property=\"product:availability\" content=\"out of stock\" \/>\n<meta property=\"product:condition\" content=\"new\" \/>\n<!-- \/ Yoast SEO Premium plugin. -->","yoast_head_json":{"title":"Kyp\u00e4r\u00e4 GPad G1 (EOL) | T\u00f5uksimaailm | Lisavarustus","description":"Stiilne kiiver GPad G1, suurus M, v\u00e4rv oran\u017e. Elektriliikuritega s\u00f5ites on kiirused suured, kukkudes p\u00e4\u00e4stab sind vigastustest vaid kiiver.","robots":{"index":"index","follow":"follow","max-snippet":"max-snippet:-1","max-image-preview":"max-image-preview:large","max-video-preview":"max-video-preview:-1"},"canonical":"https:\/\/www.xn--tuksimaailm-ffb.ee\/fi\/shop\/kypara-gpad-g1-eol\/","og_locale":"fi_FI","og_type":"article","og_title":"Kyp\u00e4r\u00e4 GPad G1 (EOL)","og_description":"Stiilne kiiver GPad G1, suurus M, v\u00e4rv oran\u017e. Elektriliikuritega s\u00f5ites on kiirused suured, kukkudes p\u00e4\u00e4stab sind vigastustest vaid kiiver.","og_url":"https:\/\/www.xn--tuksimaailm-ffb.ee\/fi\/shop\/kypara-gpad-g1-eol\/","og_site_name":"T\u00f5uksimaailm","article_publisher":"https:\/\/www.facebook.com\/touksimaailm\/","og_image":[{"width":831,"height":797,"url":"https:\/\/www.xn--tuksimaailm-ffb.ee\/wp-content\/uploads\/2020\/03\/gpad-g1.png","type":"image\/png"}],"twitter_card":"summary_large_image","twitter_misc":{"Saatavuus":"Loppu varastosta"},"schema":{"@context":"https:\/\/schema.org","@graph":[{"@type":"WebPage","@id":"https:\/\/www.xn--tuksimaailm-ffb.ee\/fi\/shop\/kypara-gpad-g1-eol\/","url":"https:\/\/www.xn--tuksimaailm-ffb.ee\/fi\/shop\/kypara-gpad-g1-eol\/","name":"Kyp\u00e4r\u00e4 GPad G1 (EOL) | T\u00f5uksimaailm | Lisavarustus","isPartOf":{"@id":"https:\/\/www.xn--tuksimaailm-ffb.ee\/fi\/#website"},"primaryImageOfPage":{"@id":"https:\/\/www.xn--tuksimaailm-ffb.ee\/fi\/shop\/kypara-gpad-g1-eol\/#primaryimage"},"image":{"@id":"https:\/\/www.xn--tuksimaailm-ffb.ee\/fi\/shop\/kypara-gpad-g1-eol\/#primaryimage"},"thumbnailUrl":"https:\/\/www.xn--tuksimaailm-ffb.ee\/wp-content\/uploads\/2020\/03\/gpad-g1.png","datePublished":"2020-03-24T14:05:25+00:00","description":"Stiilne kiiver GPad G1, suurus M, v\u00e4rv oran\u017e. Elektriliikuritega s\u00f5ites on kiirused suured, kukkudes p\u00e4\u00e4stab sind vigastustest vaid kiiver.","breadcrumb":{"@id":"https:\/\/www.xn--tuksimaailm-ffb.ee\/fi\/shop\/kypara-gpad-g1-eol\/#breadcrumb"},"inLanguage":"fi","potentialAction":[{"@type":"ReadAction","target":["https:\/\/www.xn--tuksimaailm-ffb.ee\/fi\/shop\/kypara-gpad-g1-eol\/"]}]},{"@type":"ImageObject","inLanguage":"fi","@id":"https:\/\/www.xn--tuksimaailm-ffb.ee\/fi\/shop\/kypara-gpad-g1-eol\/#primaryimage","url":"https:\/\/www.xn--tuksimaailm-ffb.ee\/wp-content\/uploads\/2020\/03\/gpad-g1.png","contentUrl":"https:\/\/www.xn--tuksimaailm-ffb.ee\/wp-content\/uploads\/2020\/03\/gpad-g1.png","width":831,"height":797},{"@type":"BreadcrumbList","@id":"https:\/\/www.xn--tuksimaailm-ffb.ee\/fi\/shop\/kypara-gpad-g1-eol\/#breadcrumb","itemListElement":[{"@type":"ListItem","position":1,"name":"Home","item":"https:\/\/www.xn--tuksimaailm-ffb.ee\/fi\/kotisivu\/"},{"@type":"ListItem","position":2,"name":"Kauppa","item":"https:\/\/www.xn--tuksimaailm-ffb.ee\/elektritoukerataste-pood\/"},{"@type":"ListItem","position":3,"name":"Kyp\u00e4r\u00e4 GPad G1 (EOL)"}]},{"@type":"WebSite","@id":"https:\/\/www.xn--tuksimaailm-ffb.ee\/fi\/#website","url":"https:\/\/www.xn--tuksimaailm-ffb.ee\/fi\/","name":"T\u00f5uksimaailm","description":"Elektrit\u00f5ukerataste m\u00fc\u00fck, remont ja rent","publisher":{"@id":"https:\/\/www.xn--tuksimaailm-ffb.ee\/fi\/#organization"},"potentialAction":[{"@type":"SearchAction","target":{"@type":"EntryPoint","urlTemplate":"https:\/\/www.xn--tuksimaailm-ffb.ee\/fi\/?s={search_term_string}"},"query-input":{"@type":"PropertyValueSpecification","valueRequired":true,"valueName":"search_term_string"}}],"inLanguage":"fi"},{"@type":"Organization","@id":"https:\/\/www.xn--tuksimaailm-ffb.ee\/fi\/#organization","name":"T\u00f5uksimaailm","url":"https:\/\/www.xn--tuksimaailm-ffb.ee\/fi\/","logo":{"@type":"ImageObject","inLanguage":"fi","@id":"https:\/\/www.xn--tuksimaailm-ffb.ee\/fi\/#\/schema\/logo\/image\/","url":"https:\/\/www.xn--tuksimaailm-ffb.ee\/wp-content\/uploads\/2020\/01\/logoz-e1579792875517.png","contentUrl":"https:\/\/www.xn--tuksimaailm-ffb.ee\/wp-content\/uploads\/2020\/01\/logoz-e1579792875517.png","width":250,"height":250,"caption":"T\u00f5uksimaailm"},"image":{"@id":"https:\/\/www.xn--tuksimaailm-ffb.ee\/fi\/#\/schema\/logo\/image\/"},"sameAs":["https:\/\/www.facebook.com\/touksimaailm\/","https:\/\/www.instagram.com\/touksimaailm_\/","https:\/\/www.youtube.com\/channel\/UC18ml0EKIDLP1xGuQjFzcXQ"]}]},"og_availability":"out of stock","product_availability":"out of stock","product_condition":"new"},"jetpack_sharing_enabled":true,"_links":{"self":[{"href":"https:\/\/www.xn--tuksimaailm-ffb.ee\/fi\/wp-json\/wp\/v2\/product\/56951","targetHints":{"allow":["GET"]}}],"collection":[{"href":"https:\/\/www.xn--tuksimaailm-ffb.ee\/fi\/wp-json\/wp\/v2\/product"}],"about":[{"href":"https:\/\/www.xn--tuksimaailm-ffb.ee\/fi\/wp-json\/wp\/v2\/types\/product"}],"wp:featuredmedia":[{"embeddable":true,"href":"https:\/\/www.xn--tuksimaailm-ffb.ee\/fi\/wp-json\/wp\/v2\/media\/24697"}],"wp:attachment":[{"href":"https:\/\/www.xn--tuksimaailm-ffb.ee\/fi\/wp-json\/wp\/v2\/media?parent=56951"}],"wp:term":[{"taxonomy":"product_brand","embeddable":true,"href":"https:\/\/www.xn--tuksimaailm-ffb.ee\/fi\/wp-json\/wp\/v2\/product_brand?post=56951"},{"taxonomy":"product_cat","embeddable":true,"href":"https:\/\/www.xn--tuksimaailm-ffb.ee\/fi\/wp-json\/wp\/v2\/product_cat?post=56951"},{"taxonomy":"product_tag","embeddable":true,"href":"https:\/\/www.xn--tuksimaailm-ffb.ee\/fi\/wp-json\/wp\/v2\/product_tag?post=56951"},{"taxonomy":"filter_elektritoukeratas","embeddable":true,"href":"https:\/\/www.xn--tuksimaailm-ffb.ee\/fi\/wp-json\/wp\/v2\/filter_elektritoukeratas?post=56951"}],"curies":[{"name":"wp","href":"https:\/\/api.w.org\/{rel}","templated":true}]}}