{"id":56962,"date":"2020-03-05T21:20:22","date_gmt":"2020-03-05T18:20:22","guid":{"rendered":"http:\/\/www.xn--tuksimaailm-ffb.ee\/shop\/potkupyora-head-230-eol\/"},"modified":"2020-03-05T21:20:22","modified_gmt":"2020-03-05T18:20:22","slug":"potkupyora-head-230-eol","status":"publish","type":"product","link":"https:\/\/www.xn--tuksimaailm-ffb.ee\/fi\/shop\/potkupyora-head-230-eol\/","title":{"rendered":"Potkupy\u00f6r\u00e4 HEAD 230 (EOL)"},"content":{"rendered":"<p>HEAD-skootteri on tukeva, alumiinirunkoinen skootteri, joka sopii lapsille ja aikuisille. Suuret py\u00f6r\u00e4t (230 mm) tekev\u00e4t liikkumisesta pehme\u00e4mp\u00e4\u00e4 ja nopeampaa ja pehment\u00e4v\u00e4t kolhuja. Suurin kantavuus on 100 kg. <a>HEAD 205 -skootteriin<\/a>verrattuna HEAD 230 -skootterissa on suuremmat py\u00f6r\u00e4t, erilainen muotoilu sek\u00e4 erilainen ohjaustangon osa ja rungon v\u00e4ri. Skootteri on saatavana tummanvihre\u00e4n\u00e4. Skootterilla ajettaessa suosittelemme k\u00e4ytt\u00e4m\u00e4\u00e4n aina kyp\u00e4r\u00e4\u00e4, turvallista ajoa! Lis\u00e4\u00e4 skoottereita ja s\u00e4hk\u00f6skoottereita <a href=\"http:\/\/www.xn--tuksimaailm-ffb.ee\/shop\/\">l\u00f6yd\u00e4t t\u00e4\u00e4lt\u00e4<\/a>!<\/p>\n","protected":false},"excerpt":{"rendered":"<p>HEAD-skootteri on tukeva, alumiinirunkoinen skootteri, joka sopii lapsille ja aikuisille. Suuret py\u00f6r\u00e4t (230 mm) tekev\u00e4t liikkumisesta pehme\u00e4mp\u00e4\u00e4 ja nopeampaa ja pehment\u00e4v\u00e4t kolhuja. Suurin kantavuus on 100 kg. HEAD 205 -skootteriinverrattuna HEAD 230 -skootterissa on suuremmat py\u00f6r\u00e4t, erilainen muotoilu sek\u00e4 erilainen ohjaustangon osa ja rungon v\u00e4ri. Skootteri on saatavana tummanvihre\u00e4n\u00e4. Skootterilla &hellip;<\/p>\n","protected":false},"featured_media":21979,"template":"","meta":[],"product_brand":[],"product_cat":[1697],"product_tag":[],"filter_elektritoukeratas":[],"class_list":{"0":"post-56962","1":"product","2":"type-product","3":"status-publish","4":"has-post-thumbnail","6":"product_cat-lisavarusteet","8":"first","9":"outofstock","10":"taxable","11":"shipping-taxable","12":"purchasable","13":"product-type-simple"},"yoast_head":"<!-- This site is optimized with the Yoast SEO Premium plugin v26.8 (Yoast SEO v27.5) - https:\/\/yoast.com\/product\/yoast-seo-premium-wordpress\/ -->\n<title>Potkupy\u00f6r\u00e4 HEAD 230 (EOL) &#8212; T\u00f5uksimaailm | T\u00f5ukerattad<\/title>\n<meta name=\"description\" content=\"T\u00f5ukeratas HEAD on alumiiniumraamil tugev t\u00f5uks, mis sobib nii lastele kui t\u00e4iskasvanutele. Suured rattad\u00a0teevad liikumise sujuvamaks ja nauditavamaks!\" \/>\n<meta name=\"robots\" content=\"index, follow, max-snippet:-1, max-image-preview:large, max-video-preview:-1\" \/>\n<link rel=\"canonical\" href=\"https:\/\/www.xn--tuksimaailm-ffb.ee\/fi\/shop\/potkupyora-head-230-eol\/\" \/>\n<meta property=\"og:locale\" content=\"fi_FI\" \/>\n<meta property=\"og:type\" content=\"article\" \/>\n<meta property=\"og:title\" content=\"Potkupy\u00f6r\u00e4 HEAD 230 (EOL)\" \/>\n<meta property=\"og:description\" content=\"T\u00f5ukeratas HEAD on alumiiniumraamil tugev t\u00f5uks, mis sobib nii lastele kui t\u00e4iskasvanutele. Suured rattad\u00a0teevad liikumise sujuvamaks ja nauditavamaks!\" \/>\n<meta property=\"og:url\" content=\"https:\/\/www.xn--tuksimaailm-ffb.ee\/fi\/shop\/potkupyora-head-230-eol\/\" \/>\n<meta property=\"og:site_name\" content=\"T\u00f5uksimaailm\" \/>\n<meta property=\"article:publisher\" content=\"https:\/\/www.facebook.com\/touksimaailm\/\" \/>\n<meta property=\"og:image\" content=\"https:\/\/www.xn--tuksimaailm-ffb.ee\/wp-content\/uploads\/2020\/03\/DSCF7217-scaled.jpg\" \/>\n\t<meta property=\"og:image:width\" content=\"1707\" \/>\n\t<meta property=\"og:image:height\" content=\"2560\" \/>\n\t<meta property=\"og:image:type\" content=\"image\/jpeg\" \/>\n<meta name=\"twitter:card\" content=\"summary_large_image\" \/>\n<meta name=\"twitter:label1\" content=\"Hinta\" \/>\n\t<meta name=\"twitter:data1\" content=\"&euro;89.00\" \/>\n\t<meta name=\"twitter:label2\" content=\"Saatavuus\" \/>\n\t<meta name=\"twitter:data2\" content=\"Loppu varastosta\" \/>\n<meta property=\"product:price:amount\" content=\"89.00\" \/>\n<meta property=\"product:price:currency\" content=\"EUR\" \/>\n<meta property=\"og:availability\" content=\"out of stock\" \/>\n<meta property=\"product:availability\" content=\"out of stock\" \/>\n<meta property=\"product:condition\" content=\"new\" \/>\n<!-- \/ Yoast SEO Premium plugin. -->","yoast_head_json":{"title":"Potkupy\u00f6r\u00e4 HEAD 230 (EOL) &#8212; T\u00f5uksimaailm | T\u00f5ukerattad","description":"T\u00f5ukeratas HEAD on alumiiniumraamil tugev t\u00f5uks, mis sobib nii lastele kui t\u00e4iskasvanutele. Suured rattad\u00a0teevad liikumise sujuvamaks ja nauditavamaks!","robots":{"index":"index","follow":"follow","max-snippet":"max-snippet:-1","max-image-preview":"max-image-preview:large","max-video-preview":"max-video-preview:-1"},"canonical":"https:\/\/www.xn--tuksimaailm-ffb.ee\/fi\/shop\/potkupyora-head-230-eol\/","og_locale":"fi_FI","og_type":"article","og_title":"Potkupy\u00f6r\u00e4 HEAD 230 (EOL)","og_description":"T\u00f5ukeratas HEAD on alumiiniumraamil tugev t\u00f5uks, mis sobib nii lastele kui t\u00e4iskasvanutele. Suured rattad\u00a0teevad liikumise sujuvamaks ja nauditavamaks!","og_url":"https:\/\/www.xn--tuksimaailm-ffb.ee\/fi\/shop\/potkupyora-head-230-eol\/","og_site_name":"T\u00f5uksimaailm","article_publisher":"https:\/\/www.facebook.com\/touksimaailm\/","og_image":[{"width":1707,"height":2560,"url":"https:\/\/www.xn--tuksimaailm-ffb.ee\/wp-content\/uploads\/2020\/03\/DSCF7217-scaled.jpg","type":"image\/jpeg"}],"twitter_card":"summary_large_image","twitter_misc":{"Hinta":"&euro;89.00","Saatavuus":"Loppu varastosta"},"schema":{"@context":"https:\/\/schema.org","@graph":[{"@type":"WebPage","@id":"https:\/\/www.xn--tuksimaailm-ffb.ee\/fi\/shop\/potkupyora-head-230-eol\/","url":"https:\/\/www.xn--tuksimaailm-ffb.ee\/fi\/shop\/potkupyora-head-230-eol\/","name":"Potkupy\u00f6r\u00e4 HEAD 230 (EOL) &#8212; T\u00f5uksimaailm | T\u00f5ukerattad","isPartOf":{"@id":"https:\/\/www.xn--tuksimaailm-ffb.ee\/fi\/#website"},"primaryImageOfPage":{"@id":"https:\/\/www.xn--tuksimaailm-ffb.ee\/fi\/shop\/potkupyora-head-230-eol\/#primaryimage"},"image":{"@id":"https:\/\/www.xn--tuksimaailm-ffb.ee\/fi\/shop\/potkupyora-head-230-eol\/#primaryimage"},"thumbnailUrl":"https:\/\/www.xn--tuksimaailm-ffb.ee\/wp-content\/uploads\/2020\/03\/DSCF7217-scaled.jpg","datePublished":"2020-03-05T18:20:22+00:00","description":"T\u00f5ukeratas HEAD on alumiiniumraamil tugev t\u00f5uks, mis sobib nii lastele kui t\u00e4iskasvanutele. Suured rattad\u00a0teevad liikumise sujuvamaks ja nauditavamaks!","breadcrumb":{"@id":"https:\/\/www.xn--tuksimaailm-ffb.ee\/fi\/shop\/potkupyora-head-230-eol\/#breadcrumb"},"inLanguage":"fi","potentialAction":[{"@type":"ReadAction","target":["https:\/\/www.xn--tuksimaailm-ffb.ee\/fi\/shop\/potkupyora-head-230-eol\/"]}]},{"@type":"ImageObject","inLanguage":"fi","@id":"https:\/\/www.xn--tuksimaailm-ffb.ee\/fi\/shop\/potkupyora-head-230-eol\/#primaryimage","url":"https:\/\/www.xn--tuksimaailm-ffb.ee\/wp-content\/uploads\/2020\/03\/DSCF7217-scaled.jpg","contentUrl":"https:\/\/www.xn--tuksimaailm-ffb.ee\/wp-content\/uploads\/2020\/03\/DSCF7217-scaled.jpg","width":1707,"height":2560},{"@type":"BreadcrumbList","@id":"https:\/\/www.xn--tuksimaailm-ffb.ee\/fi\/shop\/potkupyora-head-230-eol\/#breadcrumb","itemListElement":[{"@type":"ListItem","position":1,"name":"Home","item":"https:\/\/www.xn--tuksimaailm-ffb.ee\/fi\/kotisivu\/"},{"@type":"ListItem","position":2,"name":"Kauppa","item":"https:\/\/www.xn--tuksimaailm-ffb.ee\/elektritoukerataste-pood\/"},{"@type":"ListItem","position":3,"name":"Potkupy\u00f6r\u00e4 HEAD 230 (EOL)"}]},{"@type":"WebSite","@id":"https:\/\/www.xn--tuksimaailm-ffb.ee\/fi\/#website","url":"https:\/\/www.xn--tuksimaailm-ffb.ee\/fi\/","name":"T\u00f5uksimaailm","description":"Elektrit\u00f5ukerataste m\u00fc\u00fck, remont ja rent","publisher":{"@id":"https:\/\/www.xn--tuksimaailm-ffb.ee\/fi\/#organization"},"potentialAction":[{"@type":"SearchAction","target":{"@type":"EntryPoint","urlTemplate":"https:\/\/www.xn--tuksimaailm-ffb.ee\/fi\/?s={search_term_string}"},"query-input":{"@type":"PropertyValueSpecification","valueRequired":true,"valueName":"search_term_string"}}],"inLanguage":"fi"},{"@type":"Organization","@id":"https:\/\/www.xn--tuksimaailm-ffb.ee\/fi\/#organization","name":"T\u00f5uksimaailm","url":"https:\/\/www.xn--tuksimaailm-ffb.ee\/fi\/","logo":{"@type":"ImageObject","inLanguage":"fi","@id":"https:\/\/www.xn--tuksimaailm-ffb.ee\/fi\/#\/schema\/logo\/image\/","url":"https:\/\/www.xn--tuksimaailm-ffb.ee\/wp-content\/uploads\/2020\/01\/logoz-e1579792875517.png","contentUrl":"https:\/\/www.xn--tuksimaailm-ffb.ee\/wp-content\/uploads\/2020\/01\/logoz-e1579792875517.png","width":250,"height":250,"caption":"T\u00f5uksimaailm"},"image":{"@id":"https:\/\/www.xn--tuksimaailm-ffb.ee\/fi\/#\/schema\/logo\/image\/"},"sameAs":["https:\/\/www.facebook.com\/touksimaailm\/","https:\/\/www.instagram.com\/touksimaailm_\/","https:\/\/www.youtube.com\/channel\/UC18ml0EKIDLP1xGuQjFzcXQ"]}]},"product_price_amount":"89.00","product_price_currency":"EUR","og_availability":"out of stock","product_availability":"out of stock","product_condition":"new"},"jetpack_sharing_enabled":true,"_links":{"self":[{"href":"https:\/\/www.xn--tuksimaailm-ffb.ee\/fi\/wp-json\/wp\/v2\/product\/56962","targetHints":{"allow":["GET"]}}],"collection":[{"href":"https:\/\/www.xn--tuksimaailm-ffb.ee\/fi\/wp-json\/wp\/v2\/product"}],"about":[{"href":"https:\/\/www.xn--tuksimaailm-ffb.ee\/fi\/wp-json\/wp\/v2\/types\/product"}],"wp:featuredmedia":[{"embeddable":true,"href":"https:\/\/www.xn--tuksimaailm-ffb.ee\/fi\/wp-json\/wp\/v2\/media\/21979"}],"wp:attachment":[{"href":"https:\/\/www.xn--tuksimaailm-ffb.ee\/fi\/wp-json\/wp\/v2\/media?parent=56962"}],"wp:term":[{"taxonomy":"product_brand","embeddable":true,"href":"https:\/\/www.xn--tuksimaailm-ffb.ee\/fi\/wp-json\/wp\/v2\/product_brand?post=56962"},{"taxonomy":"product_cat","embeddable":true,"href":"https:\/\/www.xn--tuksimaailm-ffb.ee\/fi\/wp-json\/wp\/v2\/product_cat?post=56962"},{"taxonomy":"product_tag","embeddable":true,"href":"https:\/\/www.xn--tuksimaailm-ffb.ee\/fi\/wp-json\/wp\/v2\/product_tag?post=56962"},{"taxonomy":"filter_elektritoukeratas","embeddable":true,"href":"https:\/\/www.xn--tuksimaailm-ffb.ee\/fi\/wp-json\/wp\/v2\/filter_elektritoukeratas?post=56962"}],"curies":[{"name":"wp","href":"https:\/\/api.w.org\/{rel}","templated":true}]}}