{"id":57044,"date":"2025-01-13T14:01:50","date_gmt":"2025-01-13T12:01:50","guid":{"rendered":"http:\/\/www.xn--tuksimaailm-ffb.ee\/shop\/niu-48v-53-5v-2a-laturi-sahkoskootterille\/"},"modified":"2025-01-13T14:01:50","modified_gmt":"2025-01-13T11:01:50","slug":"niu-48v-53-5v-2a-laturi-sahkoskootterille","status":"publish","type":"product","link":"https:\/\/www.xn--tuksimaailm-ffb.ee\/fi\/shop\/niu-48v-53-5v-2a-laturi-sahkoskootterille\/","title":{"rendered":"Niu 48V (53.5V) 2A laturi s\u00e4hk\u00f6skootterille"},"content":{"rendered":"<p>Niu 48V (53.5V) 2A laturi s\u00e4hk\u00f6skootterille (my\u00f6s johto, virtal\u00e4hde, adapteri), tuloj\u00e4nnite 230VAC , l\u00e4ht\u00f6j\u00e4nnite 48VDC <strong>(48VDC nimellisille<\/strong> akuille), <strong>maksimil<\/strong> atausvirta 2A . Niu alkuper\u00e4inen laturi 48V sopii suosittuun Niu s\u00e4hk\u00f6skootteriin. S\u00e4hk\u00f6potkulautaasi tarvitaan uusi laturi, jos laturin merkkivalo LED-valo ei syty tai ulostulossa ei ole j\u00e4nnitett\u00e4.<\/p>\n","protected":false},"excerpt":{"rendered":"<p><em><strong>Toimitusaika<\/strong><\/em><em><strong>: 5-10tp<\/strong><\/em><\/p>\n","protected":false},"featured_media":54255,"template":"","meta":[],"product_brand":[],"product_cat":[1697,1698],"product_tag":[],"filter_elektritoukeratas":[3290,3291],"class_list":{"0":"post-57044","1":"product","2":"type-product","3":"status-publish","4":"has-post-thumbnail","6":"product_cat-lisavarusteet","7":"product_cat-varaosat","8":"pa_tootetuup-laturit","9":"filter_elektritoukeratas-ft_niu_kqi2_pro","10":"filter_elektritoukeratas-ft_niu_kqi3_pro_sport_max","12":"first","13":"instock","14":"taxable","15":"shipping-taxable","16":"purchasable","17":"product-type-variable"},"yoast_head":"<!-- This site is optimized with the Yoast SEO Premium plugin v26.8 (Yoast SEO v27.5) - https:\/\/yoast.com\/product\/yoast-seo-premium-wordpress\/ -->\n<title>Niu 48V (53.5V) 2A laturi s\u00e4hk\u00f6skootterille | T\u00f5uksimaailm<\/title>\n<meta name=\"description\" content=\"Niu 48V (53.5V) 2A laadija elektrit\u00f5ukerattale (ka juhe, toiteadapter, adapter), 48V 2A. Sobib elektrit\u00f5ukeratas Niu Kqi2 Pro, Niu Kqi3 Pro\" \/>\n<meta name=\"robots\" content=\"index, follow, max-snippet:-1, max-image-preview:large, max-video-preview:-1\" \/>\n<link rel=\"canonical\" href=\"https:\/\/www.xn--tuksimaailm-ffb.ee\/fi\/shop\/niu-48v-53-5v-2a-laturi-sahkoskootterille\/\" \/>\n<meta property=\"og:locale\" content=\"fi_FI\" \/>\n<meta property=\"og:type\" content=\"article\" \/>\n<meta property=\"og:title\" content=\"Niu 48V (53.5V) 2A laturi s\u00e4hk\u00f6skootterille\" \/>\n<meta property=\"og:description\" content=\"Niu 48V (53.5V) 2A laadija elektrit\u00f5ukerattale (ka juhe, toiteadapter, adapter), 48V 2A. Sobib elektrit\u00f5ukeratas Niu Kqi2 Pro, Niu Kqi3 Pro\" \/>\n<meta property=\"og:url\" content=\"https:\/\/www.xn--tuksimaailm-ffb.ee\/fi\/shop\/niu-48v-53-5v-2a-laturi-sahkoskootterille\/\" \/>\n<meta property=\"og:site_name\" content=\"T\u00f5uksimaailm\" \/>\n<meta property=\"article:publisher\" content=\"https:\/\/www.facebook.com\/touksimaailm\/\" \/>\n<meta property=\"og:image\" content=\"https:\/\/www.xn--tuksimaailm-ffb.ee\/wp-content\/uploads\/2025\/01\/Screenshot-2025-01-13-131256.webp\" \/>\n\t<meta property=\"og:image:width\" content=\"740\" \/>\n\t<meta property=\"og:image:height\" content=\"591\" \/>\n\t<meta property=\"og:image:type\" content=\"image\/webp\" \/>\n<meta name=\"twitter:card\" content=\"summary_large_image\" \/>\n<meta name=\"twitter:label1\" content=\"Saatavuus\" \/>\n\t<meta name=\"twitter:data1\" content=\"Varastossa\" \/>\n<meta property=\"og:availability\" content=\"instock\" \/>\n<meta property=\"product:availability\" content=\"instock\" \/>\n<meta property=\"product:condition\" content=\"new\" \/>\n<!-- \/ Yoast SEO Premium plugin. -->","yoast_head_json":{"title":"Niu 48V (53.5V) 2A laturi s\u00e4hk\u00f6skootterille | T\u00f5uksimaailm","description":"Niu 48V (53.5V) 2A laadija elektrit\u00f5ukerattale (ka juhe, toiteadapter, adapter), 48V 2A. Sobib elektrit\u00f5ukeratas Niu Kqi2 Pro, Niu Kqi3 Pro","robots":{"index":"index","follow":"follow","max-snippet":"max-snippet:-1","max-image-preview":"max-image-preview:large","max-video-preview":"max-video-preview:-1"},"canonical":"https:\/\/www.xn--tuksimaailm-ffb.ee\/fi\/shop\/niu-48v-53-5v-2a-laturi-sahkoskootterille\/","og_locale":"fi_FI","og_type":"article","og_title":"Niu 48V (53.5V) 2A laturi s\u00e4hk\u00f6skootterille","og_description":"Niu 48V (53.5V) 2A laadija elektrit\u00f5ukerattale (ka juhe, toiteadapter, adapter), 48V 2A. Sobib elektrit\u00f5ukeratas Niu Kqi2 Pro, Niu Kqi3 Pro","og_url":"https:\/\/www.xn--tuksimaailm-ffb.ee\/fi\/shop\/niu-48v-53-5v-2a-laturi-sahkoskootterille\/","og_site_name":"T\u00f5uksimaailm","article_publisher":"https:\/\/www.facebook.com\/touksimaailm\/","og_image":[{"width":740,"height":591,"url":"https:\/\/www.xn--tuksimaailm-ffb.ee\/wp-content\/uploads\/2025\/01\/Screenshot-2025-01-13-131256.webp","type":"image\/webp"}],"twitter_card":"summary_large_image","twitter_misc":{"Saatavuus":"Varastossa"},"schema":{"@context":"https:\/\/schema.org","@graph":[{"@type":"WebPage","@id":"https:\/\/www.xn--tuksimaailm-ffb.ee\/fi\/shop\/niu-48v-53-5v-2a-laturi-sahkoskootterille\/","url":"https:\/\/www.xn--tuksimaailm-ffb.ee\/fi\/shop\/niu-48v-53-5v-2a-laturi-sahkoskootterille\/","name":"Niu 48V (53.5V) 2A laturi s\u00e4hk\u00f6skootterille | T\u00f5uksimaailm","isPartOf":{"@id":"https:\/\/www.xn--tuksimaailm-ffb.ee\/fi\/#website"},"primaryImageOfPage":{"@id":"https:\/\/www.xn--tuksimaailm-ffb.ee\/fi\/shop\/niu-48v-53-5v-2a-laturi-sahkoskootterille\/#primaryimage"},"image":{"@id":"https:\/\/www.xn--tuksimaailm-ffb.ee\/fi\/shop\/niu-48v-53-5v-2a-laturi-sahkoskootterille\/#primaryimage"},"thumbnailUrl":"https:\/\/www.xn--tuksimaailm-ffb.ee\/wp-content\/uploads\/2025\/01\/Screenshot-2025-01-13-131256.webp","datePublished":"2025-01-13T12:01:50+00:00","description":"Niu 48V (53.5V) 2A laadija elektrit\u00f5ukerattale (ka juhe, toiteadapter, adapter), 48V 2A. Sobib elektrit\u00f5ukeratas Niu Kqi2 Pro, Niu Kqi3 Pro","breadcrumb":{"@id":"https:\/\/www.xn--tuksimaailm-ffb.ee\/fi\/shop\/niu-48v-53-5v-2a-laturi-sahkoskootterille\/#breadcrumb"},"inLanguage":"fi","potentialAction":[{"@type":"ReadAction","target":["https:\/\/www.xn--tuksimaailm-ffb.ee\/fi\/shop\/niu-48v-53-5v-2a-laturi-sahkoskootterille\/"]}]},{"@type":"ImageObject","inLanguage":"fi","@id":"https:\/\/www.xn--tuksimaailm-ffb.ee\/fi\/shop\/niu-48v-53-5v-2a-laturi-sahkoskootterille\/#primaryimage","url":"https:\/\/www.xn--tuksimaailm-ffb.ee\/wp-content\/uploads\/2025\/01\/Screenshot-2025-01-13-131256.webp","contentUrl":"https:\/\/www.xn--tuksimaailm-ffb.ee\/wp-content\/uploads\/2025\/01\/Screenshot-2025-01-13-131256.webp","width":740,"height":591,"caption":"Niu 48V (53.5V) 2A laadija elektrit\u00f5ukerattale"},{"@type":"BreadcrumbList","@id":"https:\/\/www.xn--tuksimaailm-ffb.ee\/fi\/shop\/niu-48v-53-5v-2a-laturi-sahkoskootterille\/#breadcrumb","itemListElement":[{"@type":"ListItem","position":1,"name":"Home","item":"https:\/\/www.xn--tuksimaailm-ffb.ee\/fi\/kotisivu\/"},{"@type":"ListItem","position":2,"name":"Kauppa","item":"https:\/\/www.xn--tuksimaailm-ffb.ee\/elektritoukerataste-pood\/"},{"@type":"ListItem","position":3,"name":"Niu 48V (53.5V) 2A laturi s\u00e4hk\u00f6skootterille"}]},{"@type":"WebSite","@id":"https:\/\/www.xn--tuksimaailm-ffb.ee\/fi\/#website","url":"https:\/\/www.xn--tuksimaailm-ffb.ee\/fi\/","name":"T\u00f5uksimaailm","description":"Elektrit\u00f5ukerataste m\u00fc\u00fck, remont ja rent","publisher":{"@id":"https:\/\/www.xn--tuksimaailm-ffb.ee\/fi\/#organization"},"potentialAction":[{"@type":"SearchAction","target":{"@type":"EntryPoint","urlTemplate":"https:\/\/www.xn--tuksimaailm-ffb.ee\/fi\/?s={search_term_string}"},"query-input":{"@type":"PropertyValueSpecification","valueRequired":true,"valueName":"search_term_string"}}],"inLanguage":"fi"},{"@type":"Organization","@id":"https:\/\/www.xn--tuksimaailm-ffb.ee\/fi\/#organization","name":"T\u00f5uksimaailm","url":"https:\/\/www.xn--tuksimaailm-ffb.ee\/fi\/","logo":{"@type":"ImageObject","inLanguage":"fi","@id":"https:\/\/www.xn--tuksimaailm-ffb.ee\/fi\/#\/schema\/logo\/image\/","url":"https:\/\/www.xn--tuksimaailm-ffb.ee\/wp-content\/uploads\/2020\/01\/logoz-e1579792875517.png","contentUrl":"https:\/\/www.xn--tuksimaailm-ffb.ee\/wp-content\/uploads\/2020\/01\/logoz-e1579792875517.png","width":250,"height":250,"caption":"T\u00f5uksimaailm"},"image":{"@id":"https:\/\/www.xn--tuksimaailm-ffb.ee\/fi\/#\/schema\/logo\/image\/"},"sameAs":["https:\/\/www.facebook.com\/touksimaailm\/","https:\/\/www.instagram.com\/touksimaailm_\/","https:\/\/www.youtube.com\/channel\/UC18ml0EKIDLP1xGuQjFzcXQ"]}]},"og_availability":"instock","product_availability":"instock","product_condition":"new"},"jetpack_sharing_enabled":true,"_links":{"self":[{"href":"https:\/\/www.xn--tuksimaailm-ffb.ee\/fi\/wp-json\/wp\/v2\/product\/57044","targetHints":{"allow":["GET"]}}],"collection":[{"href":"https:\/\/www.xn--tuksimaailm-ffb.ee\/fi\/wp-json\/wp\/v2\/product"}],"about":[{"href":"https:\/\/www.xn--tuksimaailm-ffb.ee\/fi\/wp-json\/wp\/v2\/types\/product"}],"wp:featuredmedia":[{"embeddable":true,"href":"https:\/\/www.xn--tuksimaailm-ffb.ee\/fi\/wp-json\/wp\/v2\/media\/54255"}],"wp:attachment":[{"href":"https:\/\/www.xn--tuksimaailm-ffb.ee\/fi\/wp-json\/wp\/v2\/media?parent=57044"}],"wp:term":[{"taxonomy":"product_brand","embeddable":true,"href":"https:\/\/www.xn--tuksimaailm-ffb.ee\/fi\/wp-json\/wp\/v2\/product_brand?post=57044"},{"taxonomy":"product_cat","embeddable":true,"href":"https:\/\/www.xn--tuksimaailm-ffb.ee\/fi\/wp-json\/wp\/v2\/product_cat?post=57044"},{"taxonomy":"product_tag","embeddable":true,"href":"https:\/\/www.xn--tuksimaailm-ffb.ee\/fi\/wp-json\/wp\/v2\/product_tag?post=57044"},{"taxonomy":"filter_elektritoukeratas","embeddable":true,"href":"https:\/\/www.xn--tuksimaailm-ffb.ee\/fi\/wp-json\/wp\/v2\/filter_elektritoukeratas?post=57044"}],"curies":[{"name":"wp","href":"https:\/\/api.w.org\/{rel}","templated":true}]}}