{"id":57085,"date":"2025-01-18T15:04:46","date_gmt":"2025-01-18T12:04:46","guid":{"rendered":"http:\/\/www.xn--tuksimaailm-ffb.ee\/shop\/valo-ja-suuntavilkukytkin-kugoo-c1-c1-pro\/"},"modified":"2025-01-18T15:04:46","modified_gmt":"2025-01-18T12:04:46","slug":"valo-ja-suuntavilkukytkin-kugoo-c1-c1-pro","status":"publish","type":"product","link":"https:\/\/www.xn--tuksimaailm-ffb.ee\/fi\/shop\/valo-ja-suuntavilkukytkin-kugoo-c1-c1-pro\/","title":{"rendered":"Valo- ja suuntavilkukytkin Kugoo C1 \/ C1 Pro"},"content":{"rendered":"<p>Valo- ja suuntavilkukytkin Kugoo C1 \/ C1 Pro. Sopii Kugoo C1:lle, Kugoo C1 Prolle ja kaikille Kugoo C1 ja C1 Pro -klooneille\/kopioille.<\/p>\n","protected":false},"excerpt":{"rendered":"<p><em><strong>Toimitusaika<\/strong><\/em><em><strong>: 8-18tp<\/strong><\/em><\/p>\n","protected":false},"featured_media":55170,"template":"","meta":[],"product_brand":[],"product_cat":[1698],"product_tag":[],"filter_elektritoukeratas":[2681],"class_list":{"0":"post-57085","1":"product","2":"type-product","3":"status-publish","4":"has-post-thumbnail","6":"product_cat-varaosat","7":"filter_elektritoukeratas-ft_kugoo_c1_c1_pro","9":"first","10":"onbackorder","11":"taxable","12":"shipping-taxable","13":"purchasable","14":"product-type-variable"},"yoast_head":"<!-- This site is optimized with the Yoast SEO Premium plugin v26.8 (Yoast SEO v27.5) - https:\/\/yoast.com\/product\/yoast-seo-premium-wordpress\/ -->\n<title>Valo- ja suuntavilkukytkin Kugoo C1 \/ C1 Pro &#8212; T\u00f5uksimaailm<\/title>\n<meta name=\"description\" content=\"Tulede ja signaali l\u00fcliti Kugoo C1 \/ C1 Pro. Sobib elektrit\u00f5ukeratas Kugoo C1, Kugoo C1 Pro ning k\u00f5igile Kugoo C1 ja C1 Pro kloonidele \/ koopiatele.\" \/>\n<meta name=\"robots\" content=\"index, follow, max-snippet:-1, max-image-preview:large, max-video-preview:-1\" \/>\n<link rel=\"canonical\" href=\"https:\/\/www.xn--tuksimaailm-ffb.ee\/fi\/shop\/valo-ja-suuntavilkukytkin-kugoo-c1-c1-pro\/\" \/>\n<meta property=\"og:locale\" content=\"fi_FI\" \/>\n<meta property=\"og:type\" content=\"article\" \/>\n<meta property=\"og:title\" content=\"Valo- ja suuntavilkukytkin Kugoo C1 \/ C1 Pro\" \/>\n<meta property=\"og:description\" content=\"Tulede ja signaali l\u00fcliti Kugoo C1 \/ C1 Pro. Sobib elektrit\u00f5ukeratas Kugoo C1, Kugoo C1 Pro ning k\u00f5igile Kugoo C1 ja C1 Pro kloonidele \/ koopiatele.\" \/>\n<meta property=\"og:url\" content=\"https:\/\/www.xn--tuksimaailm-ffb.ee\/fi\/shop\/valo-ja-suuntavilkukytkin-kugoo-c1-c1-pro\/\" \/>\n<meta property=\"og:site_name\" content=\"T\u00f5uksimaailm\" \/>\n<meta property=\"article:publisher\" content=\"https:\/\/www.facebook.com\/touksimaailm\/\" \/>\n<meta property=\"og:image\" content=\"https:\/\/www.xn--tuksimaailm-ffb.ee\/wp-content\/uploads\/2025\/01\/Screenshot-2025-01-18-140904.webp\" \/>\n\t<meta property=\"og:image:width\" content=\"1017\" \/>\n\t<meta property=\"og:image:height\" content=\"823\" \/>\n\t<meta property=\"og:image:type\" content=\"image\/webp\" \/>\n<meta name=\"twitter:card\" content=\"summary_large_image\" \/>\n<meta name=\"twitter:label1\" content=\"Saatavuus\" \/>\n\t<meta name=\"twitter:data1\" content=\"J\u00e4lkitoimituksessa\" \/>\n<meta property=\"og:availability\" content=\"backorder\" \/>\n<meta property=\"product:availability\" content=\"available for order\" \/>\n<meta property=\"product:condition\" content=\"new\" \/>\n<!-- \/ Yoast SEO Premium plugin. -->","yoast_head_json":{"title":"Valo- ja suuntavilkukytkin Kugoo C1 \/ C1 Pro &#8212; T\u00f5uksimaailm","description":"Tulede ja signaali l\u00fcliti Kugoo C1 \/ C1 Pro. Sobib elektrit\u00f5ukeratas Kugoo C1, Kugoo C1 Pro ning k\u00f5igile Kugoo C1 ja C1 Pro kloonidele \/ koopiatele.","robots":{"index":"index","follow":"follow","max-snippet":"max-snippet:-1","max-image-preview":"max-image-preview:large","max-video-preview":"max-video-preview:-1"},"canonical":"https:\/\/www.xn--tuksimaailm-ffb.ee\/fi\/shop\/valo-ja-suuntavilkukytkin-kugoo-c1-c1-pro\/","og_locale":"fi_FI","og_type":"article","og_title":"Valo- ja suuntavilkukytkin Kugoo C1 \/ C1 Pro","og_description":"Tulede ja signaali l\u00fcliti Kugoo C1 \/ C1 Pro. Sobib elektrit\u00f5ukeratas Kugoo C1, Kugoo C1 Pro ning k\u00f5igile Kugoo C1 ja C1 Pro kloonidele \/ koopiatele.","og_url":"https:\/\/www.xn--tuksimaailm-ffb.ee\/fi\/shop\/valo-ja-suuntavilkukytkin-kugoo-c1-c1-pro\/","og_site_name":"T\u00f5uksimaailm","article_publisher":"https:\/\/www.facebook.com\/touksimaailm\/","og_image":[{"width":1017,"height":823,"url":"https:\/\/www.xn--tuksimaailm-ffb.ee\/wp-content\/uploads\/2025\/01\/Screenshot-2025-01-18-140904.webp","type":"image\/webp"}],"twitter_card":"summary_large_image","twitter_misc":{"Saatavuus":"J\u00e4lkitoimituksessa"},"schema":{"@context":"https:\/\/schema.org","@graph":[{"@type":"WebPage","@id":"https:\/\/www.xn--tuksimaailm-ffb.ee\/fi\/shop\/valo-ja-suuntavilkukytkin-kugoo-c1-c1-pro\/","url":"https:\/\/www.xn--tuksimaailm-ffb.ee\/fi\/shop\/valo-ja-suuntavilkukytkin-kugoo-c1-c1-pro\/","name":"Valo- ja suuntavilkukytkin Kugoo C1 \/ C1 Pro &#8212; T\u00f5uksimaailm","isPartOf":{"@id":"https:\/\/www.xn--tuksimaailm-ffb.ee\/fi\/#website"},"primaryImageOfPage":{"@id":"https:\/\/www.xn--tuksimaailm-ffb.ee\/fi\/shop\/valo-ja-suuntavilkukytkin-kugoo-c1-c1-pro\/#primaryimage"},"image":{"@id":"https:\/\/www.xn--tuksimaailm-ffb.ee\/fi\/shop\/valo-ja-suuntavilkukytkin-kugoo-c1-c1-pro\/#primaryimage"},"thumbnailUrl":"https:\/\/www.xn--tuksimaailm-ffb.ee\/wp-content\/uploads\/2025\/01\/Screenshot-2025-01-18-140904.webp","datePublished":"2025-01-18T12:04:46+00:00","description":"Tulede ja signaali l\u00fcliti Kugoo C1 \/ C1 Pro. Sobib elektrit\u00f5ukeratas Kugoo C1, Kugoo C1 Pro ning k\u00f5igile Kugoo C1 ja C1 Pro kloonidele \/ koopiatele.","breadcrumb":{"@id":"https:\/\/www.xn--tuksimaailm-ffb.ee\/fi\/shop\/valo-ja-suuntavilkukytkin-kugoo-c1-c1-pro\/#breadcrumb"},"inLanguage":"fi","potentialAction":[{"@type":"ReadAction","target":["https:\/\/www.xn--tuksimaailm-ffb.ee\/fi\/shop\/valo-ja-suuntavilkukytkin-kugoo-c1-c1-pro\/"]}]},{"@type":"ImageObject","inLanguage":"fi","@id":"https:\/\/www.xn--tuksimaailm-ffb.ee\/fi\/shop\/valo-ja-suuntavilkukytkin-kugoo-c1-c1-pro\/#primaryimage","url":"https:\/\/www.xn--tuksimaailm-ffb.ee\/wp-content\/uploads\/2025\/01\/Screenshot-2025-01-18-140904.webp","contentUrl":"https:\/\/www.xn--tuksimaailm-ffb.ee\/wp-content\/uploads\/2025\/01\/Screenshot-2025-01-18-140904.webp","width":1017,"height":823,"caption":"Tulede ja signaali l\u00fcliti Kugoo C1 \/ C1 Pro"},{"@type":"BreadcrumbList","@id":"https:\/\/www.xn--tuksimaailm-ffb.ee\/fi\/shop\/valo-ja-suuntavilkukytkin-kugoo-c1-c1-pro\/#breadcrumb","itemListElement":[{"@type":"ListItem","position":1,"name":"Home","item":"https:\/\/www.xn--tuksimaailm-ffb.ee\/fi\/kotisivu\/"},{"@type":"ListItem","position":2,"name":"Kauppa","item":"https:\/\/www.xn--tuksimaailm-ffb.ee\/elektritoukerataste-pood\/"},{"@type":"ListItem","position":3,"name":"Valo- ja suuntavilkukytkin Kugoo C1 \/ C1 Pro"}]},{"@type":"WebSite","@id":"https:\/\/www.xn--tuksimaailm-ffb.ee\/fi\/#website","url":"https:\/\/www.xn--tuksimaailm-ffb.ee\/fi\/","name":"T\u00f5uksimaailm","description":"Elektrit\u00f5ukerataste m\u00fc\u00fck, remont ja rent","publisher":{"@id":"https:\/\/www.xn--tuksimaailm-ffb.ee\/fi\/#organization"},"potentialAction":[{"@type":"SearchAction","target":{"@type":"EntryPoint","urlTemplate":"https:\/\/www.xn--tuksimaailm-ffb.ee\/fi\/?s={search_term_string}"},"query-input":{"@type":"PropertyValueSpecification","valueRequired":true,"valueName":"search_term_string"}}],"inLanguage":"fi"},{"@type":"Organization","@id":"https:\/\/www.xn--tuksimaailm-ffb.ee\/fi\/#organization","name":"T\u00f5uksimaailm","url":"https:\/\/www.xn--tuksimaailm-ffb.ee\/fi\/","logo":{"@type":"ImageObject","inLanguage":"fi","@id":"https:\/\/www.xn--tuksimaailm-ffb.ee\/fi\/#\/schema\/logo\/image\/","url":"https:\/\/www.xn--tuksimaailm-ffb.ee\/wp-content\/uploads\/2020\/01\/logoz-e1579792875517.png","contentUrl":"https:\/\/www.xn--tuksimaailm-ffb.ee\/wp-content\/uploads\/2020\/01\/logoz-e1579792875517.png","width":250,"height":250,"caption":"T\u00f5uksimaailm"},"image":{"@id":"https:\/\/www.xn--tuksimaailm-ffb.ee\/fi\/#\/schema\/logo\/image\/"},"sameAs":["https:\/\/www.facebook.com\/touksimaailm\/","https:\/\/www.instagram.com\/touksimaailm_\/","https:\/\/www.youtube.com\/channel\/UC18ml0EKIDLP1xGuQjFzcXQ"]}]},"og_availability":"backorder","product_availability":"available for order","product_condition":"new"},"jetpack_sharing_enabled":true,"_links":{"self":[{"href":"https:\/\/www.xn--tuksimaailm-ffb.ee\/fi\/wp-json\/wp\/v2\/product\/57085","targetHints":{"allow":["GET"]}}],"collection":[{"href":"https:\/\/www.xn--tuksimaailm-ffb.ee\/fi\/wp-json\/wp\/v2\/product"}],"about":[{"href":"https:\/\/www.xn--tuksimaailm-ffb.ee\/fi\/wp-json\/wp\/v2\/types\/product"}],"wp:featuredmedia":[{"embeddable":true,"href":"https:\/\/www.xn--tuksimaailm-ffb.ee\/fi\/wp-json\/wp\/v2\/media\/55170"}],"wp:attachment":[{"href":"https:\/\/www.xn--tuksimaailm-ffb.ee\/fi\/wp-json\/wp\/v2\/media?parent=57085"}],"wp:term":[{"taxonomy":"product_brand","embeddable":true,"href":"https:\/\/www.xn--tuksimaailm-ffb.ee\/fi\/wp-json\/wp\/v2\/product_brand?post=57085"},{"taxonomy":"product_cat","embeddable":true,"href":"https:\/\/www.xn--tuksimaailm-ffb.ee\/fi\/wp-json\/wp\/v2\/product_cat?post=57085"},{"taxonomy":"product_tag","embeddable":true,"href":"https:\/\/www.xn--tuksimaailm-ffb.ee\/fi\/wp-json\/wp\/v2\/product_tag?post=57085"},{"taxonomy":"filter_elektritoukeratas","embeddable":true,"href":"https:\/\/www.xn--tuksimaailm-ffb.ee\/fi\/wp-json\/wp\/v2\/filter_elektritoukeratas?post=57085"}],"curies":[{"name":"wp","href":"https:\/\/api.w.org\/{rel}","templated":true}]}}