{"id":57094,"date":"2025-01-18T13:38:11","date_gmt":"2025-01-18T10:38:11","guid":{"rendered":"http:\/\/www.xn--tuksimaailm-ffb.ee\/shop\/ulkorengas-14x2-5-64-254\/"},"modified":"2025-01-18T13:38:11","modified_gmt":"2025-01-18T10:38:11","slug":"ulkorengas-14x2-5-64-254","status":"publish","type":"product","link":"https:\/\/www.xn--tuksimaailm-ffb.ee\/fi\/shop\/ulkorengas-14x2-5-64-254\/","title":{"rendered":"Ulkorengas 14x2.5 (64-254)"},"content":{"rendered":"<p>Ulkorengas (my\u00f6s kotelo, ulkokumi) 14x2,5 (64-254). 14 tuuman rengas on kaupunkirengas, joka on tarkoitettu asfaltilla ajamiseen. Rengas on suunniteltu k\u00e4ytett\u00e4v\u00e4ksi sis\u00e4renkaan kanssa. Sopii s\u00e4hk\u00f6potkulautaan Kugoo C1 Pro.<\/p>\n<p>Jos s\u00e4hk\u00f6skootterisi tarvitsee korjausta tai jos se on sinulle liikaa <a href=\"https:\/\/www.youtube.com\/watch?v=9c5oaCgBtVA\">yksin<\/a>, <a href=\"http:\/\/www.xn--tuksimaailm-ffb.ee\/elektrilise-toukeratta-remont\/\">s\u00e4hk\u00f6skoottereihin erikoistunut<\/a> korjaamomme voi auttaa. Voimme my\u00f6s suorittaa renkaiden vaihdon valmiustilassa. Voit lukea lis\u00e4\u00e4 s\u00e4hk\u00f6skootterin renkaiden vaihdosta <a href=\"http:\/\/www.xn--tuksimaailm-ffb.ee\/elektritoukeratta-rehvivahetus\/\">blogikirjoituksestamme<\/a>.<\/p>\n","protected":false},"excerpt":{"rendered":"<p>Ulkorengas (my\u00f6s kotelo, ulkokumi) 14x2,5 (64-254). 14 tuuman rengas on kaupunkirengas, joka on tarkoitettu asfaltilla ajamiseen. Rengas on suunniteltu k\u00e4ytett\u00e4v\u00e4ksi sis\u00e4renkaan kanssa. Sopii s\u00e4hk\u00f6potkulautaan Kugoo C1 Pro. Jos s\u00e4hk\u00f6skootterisi tarvitsee korjausta tai jos se on sinulle liikaa yksin, s\u00e4hk\u00f6skoottereihin erikoistunut korjaamomme voi auttaa. Voimme my\u00f6s suorittaa renkaiden vaihdon valmiustilassa. Voit &hellip;<\/p>\n","protected":false},"featured_media":55118,"template":"","meta":[],"product_brand":[],"product_cat":[1698],"product_tag":[],"filter_elektritoukeratas":[2681],"class_list":{"0":"post-57094","1":"product","2":"type-product","3":"status-publish","4":"has-post-thumbnail","6":"product_cat-varaosat","7":"pa_tootetuup-rehvid-fi","8":"filter_elektritoukeratas-ft_kugoo_c1_c1_pro","10":"first","11":"instock","12":"taxable","13":"shipping-taxable","14":"purchasable","15":"product-type-simple"},"yoast_head":"<!-- This site is optimized with the Yoast SEO Premium plugin v26.8 (Yoast SEO v27.5) - https:\/\/yoast.com\/product\/yoast-seo-premium-wordpress\/ -->\n<title>Ulkorengas 14x2.5 (64-254) | T\u00f5uksimaailm<\/title>\n<meta name=\"description\" content=\"V\u00e4lisrehv (ka mantel, v\u00e4liskumm) m\u00f5\u00f5dus 14x2.5 (64-254). Sobib elektrit\u00f5ukeratas Kugoo C1 Pro ning teised 14&quot; elektrit\u00f5ukerattad v\u00f5i elektrirattad.\" \/>\n<meta name=\"robots\" content=\"index, follow, max-snippet:-1, max-image-preview:large, max-video-preview:-1\" \/>\n<link rel=\"canonical\" href=\"https:\/\/www.xn--tuksimaailm-ffb.ee\/fi\/shop\/ulkorengas-14x2-5-64-254\/\" \/>\n<meta property=\"og:locale\" content=\"fi_FI\" \/>\n<meta property=\"og:type\" content=\"article\" \/>\n<meta property=\"og:title\" content=\"Ulkorengas 14x2.5 (64-254)\" \/>\n<meta property=\"og:description\" content=\"V\u00e4lisrehv (ka mantel, v\u00e4liskumm) m\u00f5\u00f5dus 14x2.5 (64-254). Sobib elektrit\u00f5ukeratas Kugoo C1 Pro ning teised 14&quot; elektrit\u00f5ukerattad v\u00f5i elektrirattad.\" \/>\n<meta property=\"og:url\" content=\"https:\/\/www.xn--tuksimaailm-ffb.ee\/fi\/shop\/ulkorengas-14x2-5-64-254\/\" \/>\n<meta property=\"og:site_name\" content=\"T\u00f5uksimaailm\" \/>\n<meta property=\"article:publisher\" content=\"https:\/\/www.facebook.com\/touksimaailm\/\" \/>\n<meta property=\"og:image\" content=\"https:\/\/www.xn--tuksimaailm-ffb.ee\/wp-content\/uploads\/2025\/01\/Screenshot-2025-01-18-124931.webp\" \/>\n\t<meta property=\"og:image:width\" content=\"502\" \/>\n\t<meta property=\"og:image:height\" content=\"499\" \/>\n\t<meta property=\"og:image:type\" content=\"image\/webp\" \/>\n<meta name=\"twitter:card\" content=\"summary_large_image\" \/>\n<meta name=\"twitter:label1\" content=\"Hinta\" \/>\n\t<meta name=\"twitter:data1\" content=\"&euro;39.00\" \/>\n\t<meta name=\"twitter:label2\" content=\"Saatavuus\" \/>\n\t<meta name=\"twitter:data2\" content=\"Varastossa\" \/>\n<meta property=\"product:price:amount\" content=\"39.00\" \/>\n<meta property=\"product:price:currency\" content=\"EUR\" \/>\n<meta property=\"og:availability\" content=\"instock\" \/>\n<meta property=\"product:availability\" content=\"instock\" \/>\n<meta property=\"product:condition\" content=\"new\" \/>\n<!-- \/ Yoast SEO Premium plugin. -->","yoast_head_json":{"title":"Ulkorengas 14x2.5 (64-254) | T\u00f5uksimaailm","description":"V\u00e4lisrehv (ka mantel, v\u00e4liskumm) m\u00f5\u00f5dus 14x2.5 (64-254). Sobib elektrit\u00f5ukeratas Kugoo C1 Pro ning teised 14\" elektrit\u00f5ukerattad v\u00f5i elektrirattad.","robots":{"index":"index","follow":"follow","max-snippet":"max-snippet:-1","max-image-preview":"max-image-preview:large","max-video-preview":"max-video-preview:-1"},"canonical":"https:\/\/www.xn--tuksimaailm-ffb.ee\/fi\/shop\/ulkorengas-14x2-5-64-254\/","og_locale":"fi_FI","og_type":"article","og_title":"Ulkorengas 14x2.5 (64-254)","og_description":"V\u00e4lisrehv (ka mantel, v\u00e4liskumm) m\u00f5\u00f5dus 14x2.5 (64-254). Sobib elektrit\u00f5ukeratas Kugoo C1 Pro ning teised 14\" elektrit\u00f5ukerattad v\u00f5i elektrirattad.","og_url":"https:\/\/www.xn--tuksimaailm-ffb.ee\/fi\/shop\/ulkorengas-14x2-5-64-254\/","og_site_name":"T\u00f5uksimaailm","article_publisher":"https:\/\/www.facebook.com\/touksimaailm\/","og_image":[{"width":502,"height":499,"url":"https:\/\/www.xn--tuksimaailm-ffb.ee\/wp-content\/uploads\/2025\/01\/Screenshot-2025-01-18-124931.webp","type":"image\/webp"}],"twitter_card":"summary_large_image","twitter_misc":{"Hinta":"&euro;39.00","Saatavuus":"Varastossa"},"schema":{"@context":"https:\/\/schema.org","@graph":[{"@type":"WebPage","@id":"https:\/\/www.xn--tuksimaailm-ffb.ee\/fi\/shop\/ulkorengas-14x2-5-64-254\/","url":"https:\/\/www.xn--tuksimaailm-ffb.ee\/fi\/shop\/ulkorengas-14x2-5-64-254\/","name":"Ulkorengas 14x2.5 (64-254) | T\u00f5uksimaailm","isPartOf":{"@id":"https:\/\/www.xn--tuksimaailm-ffb.ee\/fi\/#website"},"primaryImageOfPage":{"@id":"https:\/\/www.xn--tuksimaailm-ffb.ee\/fi\/shop\/ulkorengas-14x2-5-64-254\/#primaryimage"},"image":{"@id":"https:\/\/www.xn--tuksimaailm-ffb.ee\/fi\/shop\/ulkorengas-14x2-5-64-254\/#primaryimage"},"thumbnailUrl":"https:\/\/www.xn--tuksimaailm-ffb.ee\/wp-content\/uploads\/2025\/01\/Screenshot-2025-01-18-124931.webp","datePublished":"2025-01-18T10:38:11+00:00","description":"V\u00e4lisrehv (ka mantel, v\u00e4liskumm) m\u00f5\u00f5dus 14x2.5 (64-254). Sobib elektrit\u00f5ukeratas Kugoo C1 Pro ning teised 14\" elektrit\u00f5ukerattad v\u00f5i elektrirattad.","breadcrumb":{"@id":"https:\/\/www.xn--tuksimaailm-ffb.ee\/fi\/shop\/ulkorengas-14x2-5-64-254\/#breadcrumb"},"inLanguage":"fi","potentialAction":[{"@type":"ReadAction","target":["https:\/\/www.xn--tuksimaailm-ffb.ee\/fi\/shop\/ulkorengas-14x2-5-64-254\/"]}]},{"@type":"ImageObject","inLanguage":"fi","@id":"https:\/\/www.xn--tuksimaailm-ffb.ee\/fi\/shop\/ulkorengas-14x2-5-64-254\/#primaryimage","url":"https:\/\/www.xn--tuksimaailm-ffb.ee\/wp-content\/uploads\/2025\/01\/Screenshot-2025-01-18-124931.webp","contentUrl":"https:\/\/www.xn--tuksimaailm-ffb.ee\/wp-content\/uploads\/2025\/01\/Screenshot-2025-01-18-124931.webp","width":502,"height":499,"caption":"V\u00e4lisrehv 14x2.125 (57-254)"},{"@type":"BreadcrumbList","@id":"https:\/\/www.xn--tuksimaailm-ffb.ee\/fi\/shop\/ulkorengas-14x2-5-64-254\/#breadcrumb","itemListElement":[{"@type":"ListItem","position":1,"name":"Home","item":"https:\/\/www.xn--tuksimaailm-ffb.ee\/fi\/kotisivu\/"},{"@type":"ListItem","position":2,"name":"Kauppa","item":"https:\/\/www.xn--tuksimaailm-ffb.ee\/elektritoukerataste-pood\/"},{"@type":"ListItem","position":3,"name":"Ulkorengas 14x2.5 (64-254)"}]},{"@type":"WebSite","@id":"https:\/\/www.xn--tuksimaailm-ffb.ee\/fi\/#website","url":"https:\/\/www.xn--tuksimaailm-ffb.ee\/fi\/","name":"T\u00f5uksimaailm","description":"Elektrit\u00f5ukerataste m\u00fc\u00fck, remont ja rent","publisher":{"@id":"https:\/\/www.xn--tuksimaailm-ffb.ee\/fi\/#organization"},"potentialAction":[{"@type":"SearchAction","target":{"@type":"EntryPoint","urlTemplate":"https:\/\/www.xn--tuksimaailm-ffb.ee\/fi\/?s={search_term_string}"},"query-input":{"@type":"PropertyValueSpecification","valueRequired":true,"valueName":"search_term_string"}}],"inLanguage":"fi"},{"@type":"Organization","@id":"https:\/\/www.xn--tuksimaailm-ffb.ee\/fi\/#organization","name":"T\u00f5uksimaailm","url":"https:\/\/www.xn--tuksimaailm-ffb.ee\/fi\/","logo":{"@type":"ImageObject","inLanguage":"fi","@id":"https:\/\/www.xn--tuksimaailm-ffb.ee\/fi\/#\/schema\/logo\/image\/","url":"https:\/\/www.xn--tuksimaailm-ffb.ee\/wp-content\/uploads\/2020\/01\/logoz-e1579792875517.png","contentUrl":"https:\/\/www.xn--tuksimaailm-ffb.ee\/wp-content\/uploads\/2020\/01\/logoz-e1579792875517.png","width":250,"height":250,"caption":"T\u00f5uksimaailm"},"image":{"@id":"https:\/\/www.xn--tuksimaailm-ffb.ee\/fi\/#\/schema\/logo\/image\/"},"sameAs":["https:\/\/www.facebook.com\/touksimaailm\/","https:\/\/www.instagram.com\/touksimaailm_\/","https:\/\/www.youtube.com\/channel\/UC18ml0EKIDLP1xGuQjFzcXQ"]}]},"product_price_amount":"39.00","product_price_currency":"EUR","og_availability":"instock","product_availability":"instock","product_condition":"new"},"jetpack_sharing_enabled":true,"_links":{"self":[{"href":"https:\/\/www.xn--tuksimaailm-ffb.ee\/fi\/wp-json\/wp\/v2\/product\/57094","targetHints":{"allow":["GET"]}}],"collection":[{"href":"https:\/\/www.xn--tuksimaailm-ffb.ee\/fi\/wp-json\/wp\/v2\/product"}],"about":[{"href":"https:\/\/www.xn--tuksimaailm-ffb.ee\/fi\/wp-json\/wp\/v2\/types\/product"}],"wp:featuredmedia":[{"embeddable":true,"href":"https:\/\/www.xn--tuksimaailm-ffb.ee\/fi\/wp-json\/wp\/v2\/media\/55118"}],"wp:attachment":[{"href":"https:\/\/www.xn--tuksimaailm-ffb.ee\/fi\/wp-json\/wp\/v2\/media?parent=57094"}],"wp:term":[{"taxonomy":"product_brand","embeddable":true,"href":"https:\/\/www.xn--tuksimaailm-ffb.ee\/fi\/wp-json\/wp\/v2\/product_brand?post=57094"},{"taxonomy":"product_cat","embeddable":true,"href":"https:\/\/www.xn--tuksimaailm-ffb.ee\/fi\/wp-json\/wp\/v2\/product_cat?post=57094"},{"taxonomy":"product_tag","embeddable":true,"href":"https:\/\/www.xn--tuksimaailm-ffb.ee\/fi\/wp-json\/wp\/v2\/product_tag?post=57094"},{"taxonomy":"filter_elektritoukeratas","embeddable":true,"href":"https:\/\/www.xn--tuksimaailm-ffb.ee\/fi\/wp-json\/wp\/v2\/filter_elektritoukeratas?post=57094"}],"curies":[{"name":"wp","href":"https:\/\/api.w.org\/{rel}","templated":true}]}}