{"id":57148,"date":"2025-01-17T17:55:25","date_gmt":"2025-01-17T14:55:25","guid":{"rendered":"http:\/\/www.xn--tuksimaailm-ffb.ee\/shop\/xiaomi-4-lite-tukijalka\/"},"modified":"2025-01-17T17:55:25","modified_gmt":"2025-01-17T14:55:25","slug":"xiaomi-4-lite-tukijalka","status":"publish","type":"product","link":"https:\/\/www.xn--tuksimaailm-ffb.ee\/fi\/shop\/xiaomi-4-lite-tukijalka\/","title":{"rendered":"Xiaomi 4 Lite tukijalka"},"content":{"rendered":"<p>Xiaomi 4 Lite -s\u00e4hk\u00f6skootterin tukijalka (my\u00f6s yksinkertaisesti jalka, tukijalka, tuki, jalusta, jalusta).<\/p>\n<p>Jos sinulla on vaikeuksia vaihtaa s\u00e4hk\u00f6skootterisi tukijalkaa itse, s\u00e4hk\u00f6skoottereihin <a href=\"http:\/\/www.xn--tuksimaailm-ffb.ee\/elektrilise-toukeratta-remont\/\">erikoistunut korjaamomme<\/a> voi auttaa.<\/p>\n","protected":false},"excerpt":{"rendered":"<p><em><strong>Toimitusaika: 5-10tp<\/strong><\/em><\/p>\n","protected":false},"featured_media":79808,"template":"","meta":[],"product_brand":[],"product_cat":[1698],"product_tag":[],"filter_elektritoukeratas":[2619],"class_list":{"0":"post-57148","1":"product","2":"type-product","3":"status-publish","4":"has-post-thumbnail","6":"product_cat-varaosat","7":"filter_elektritoukeratas-ft_xiaomi_4_4_lite_4_pro","9":"first","10":"onbackorder","11":"taxable","12":"shipping-taxable","13":"purchasable","14":"product-type-variable"},"yoast_head":"<!-- This site is optimized with the Yoast SEO Premium plugin v26.8 (Yoast SEO v27.3) - https:\/\/yoast.com\/product\/yoast-seo-premium-wordpress\/ -->\n<title>Xiaomi 4 Lite tukijalka &#8212; T\u00f5uksimaailm - Varuosad<\/title>\n<meta name=\"description\" content=\"Elektrilise t\u00f5ukeratta Xiaomi 4 Lite tugijalg (seisutugi, seisujalg). Sobib elektrit\u00f5ukeratas Xiaomi 4 Lite. Xiaomi varuosa.\" \/>\n<meta name=\"robots\" content=\"index, follow, max-snippet:-1, max-image-preview:large, max-video-preview:-1\" \/>\n<link rel=\"canonical\" href=\"https:\/\/www.xn--tuksimaailm-ffb.ee\/fi\/shop\/xiaomi-4-lite-tukijalka\/\" \/>\n<meta property=\"og:locale\" content=\"fi_FI\" \/>\n<meta property=\"og:type\" content=\"article\" \/>\n<meta property=\"og:title\" content=\"Xiaomi 4 Lite tukijalka\" \/>\n<meta property=\"og:description\" content=\"Elektrilise t\u00f5ukeratta Xiaomi 4 Lite tugijalg (seisutugi, seisujalg). Sobib elektrit\u00f5ukeratas Xiaomi 4 Lite. Xiaomi varuosa.\" \/>\n<meta property=\"og:url\" content=\"https:\/\/www.xn--tuksimaailm-ffb.ee\/fi\/shop\/xiaomi-4-lite-tukijalka\/\" \/>\n<meta property=\"og:site_name\" content=\"T\u00f5uksimaailm\" \/>\n<meta property=\"article:publisher\" content=\"https:\/\/www.facebook.com\/touksimaailm\/\" \/>\n<meta property=\"og:image\" content=\"https:\/\/www.xn--tuksimaailm-ffb.ee\/wp-content\/uploads\/2025\/01\/Screenshot-2025-01-17-165316.webp\" \/>\n\t<meta property=\"og:image:width\" content=\"1001\" \/>\n\t<meta property=\"og:image:height\" content=\"1008\" \/>\n\t<meta property=\"og:image:type\" content=\"image\/webp\" \/>\n<meta name=\"twitter:card\" content=\"summary_large_image\" \/>\n<meta name=\"twitter:label1\" content=\"Saatavuus\" \/>\n\t<meta name=\"twitter:data1\" content=\"J\u00e4lkitoimituksessa\" \/>\n<meta property=\"og:availability\" content=\"backorder\" \/>\n<meta property=\"product:availability\" content=\"available for order\" \/>\n<meta property=\"product:condition\" content=\"new\" \/>\n<!-- \/ Yoast SEO Premium plugin. -->","yoast_head_json":{"title":"Xiaomi 4 Lite tukijalka &#8212; T\u00f5uksimaailm - Varuosad","description":"Elektrilise t\u00f5ukeratta Xiaomi 4 Lite tugijalg (seisutugi, seisujalg). Sobib elektrit\u00f5ukeratas Xiaomi 4 Lite. Xiaomi varuosa.","robots":{"index":"index","follow":"follow","max-snippet":"max-snippet:-1","max-image-preview":"max-image-preview:large","max-video-preview":"max-video-preview:-1"},"canonical":"https:\/\/www.xn--tuksimaailm-ffb.ee\/fi\/shop\/xiaomi-4-lite-tukijalka\/","og_locale":"fi_FI","og_type":"article","og_title":"Xiaomi 4 Lite tukijalka","og_description":"Elektrilise t\u00f5ukeratta Xiaomi 4 Lite tugijalg (seisutugi, seisujalg). Sobib elektrit\u00f5ukeratas Xiaomi 4 Lite. Xiaomi varuosa.","og_url":"https:\/\/www.xn--tuksimaailm-ffb.ee\/fi\/shop\/xiaomi-4-lite-tukijalka\/","og_site_name":"T\u00f5uksimaailm","article_publisher":"https:\/\/www.facebook.com\/touksimaailm\/","og_image":[{"width":1001,"height":1008,"url":"https:\/\/www.xn--tuksimaailm-ffb.ee\/wp-content\/uploads\/2025\/01\/Screenshot-2025-01-17-165316.webp","type":"image\/webp"}],"twitter_card":"summary_large_image","twitter_misc":{"Saatavuus":"J\u00e4lkitoimituksessa"},"schema":{"@context":"https:\/\/schema.org","@graph":[{"@type":"WebPage","@id":"https:\/\/www.xn--tuksimaailm-ffb.ee\/fi\/shop\/xiaomi-4-lite-tukijalka\/","url":"https:\/\/www.xn--tuksimaailm-ffb.ee\/fi\/shop\/xiaomi-4-lite-tukijalka\/","name":"Xiaomi 4 Lite tukijalka &#8212; T\u00f5uksimaailm - Varuosad","isPartOf":{"@id":"https:\/\/www.xn--tuksimaailm-ffb.ee\/fi\/#website"},"primaryImageOfPage":{"@id":"https:\/\/www.xn--tuksimaailm-ffb.ee\/fi\/shop\/xiaomi-4-lite-tukijalka\/#primaryimage"},"image":{"@id":"https:\/\/www.xn--tuksimaailm-ffb.ee\/fi\/shop\/xiaomi-4-lite-tukijalka\/#primaryimage"},"thumbnailUrl":"https:\/\/www.xn--tuksimaailm-ffb.ee\/wp-content\/uploads\/2025\/01\/Screenshot-2026-02-21-210049.webp","datePublished":"2025-01-17T14:55:25+00:00","description":"Elektrilise t\u00f5ukeratta Xiaomi 4 Lite tugijalg (seisutugi, seisujalg). Sobib elektrit\u00f5ukeratas Xiaomi 4 Lite. Xiaomi varuosa.","breadcrumb":{"@id":"https:\/\/www.xn--tuksimaailm-ffb.ee\/fi\/shop\/xiaomi-4-lite-tukijalka\/#breadcrumb"},"inLanguage":"fi","potentialAction":[{"@type":"ReadAction","target":["https:\/\/www.xn--tuksimaailm-ffb.ee\/fi\/shop\/xiaomi-4-lite-tukijalka\/"]}]},{"@type":"ImageObject","inLanguage":"fi","@id":"https:\/\/www.xn--tuksimaailm-ffb.ee\/fi\/shop\/xiaomi-4-lite-tukijalka\/#primaryimage","url":"https:\/\/www.xn--tuksimaailm-ffb.ee\/wp-content\/uploads\/2025\/01\/Screenshot-2026-02-21-210049.webp","contentUrl":"https:\/\/www.xn--tuksimaailm-ffb.ee\/wp-content\/uploads\/2025\/01\/Screenshot-2026-02-21-210049.webp","width":1207,"height":1071,"caption":"Seisujalg tugijalg 190mm"},{"@type":"BreadcrumbList","@id":"https:\/\/www.xn--tuksimaailm-ffb.ee\/fi\/shop\/xiaomi-4-lite-tukijalka\/#breadcrumb","itemListElement":[{"@type":"ListItem","position":1,"name":"Home","item":"https:\/\/www.xn--tuksimaailm-ffb.ee\/fi\/kotisivu\/"},{"@type":"ListItem","position":2,"name":"Kauppa","item":"https:\/\/www.xn--tuksimaailm-ffb.ee\/elektritoukerataste-pood\/"},{"@type":"ListItem","position":3,"name":"Xiaomi 4 Lite tukijalka"}]},{"@type":"WebSite","@id":"https:\/\/www.xn--tuksimaailm-ffb.ee\/fi\/#website","url":"https:\/\/www.xn--tuksimaailm-ffb.ee\/fi\/","name":"T\u00f5uksimaailm","description":"Elektrit\u00f5ukerataste m\u00fc\u00fck, remont ja rent","publisher":{"@id":"https:\/\/www.xn--tuksimaailm-ffb.ee\/fi\/#organization"},"potentialAction":[{"@type":"SearchAction","target":{"@type":"EntryPoint","urlTemplate":"https:\/\/www.xn--tuksimaailm-ffb.ee\/fi\/?s={search_term_string}"},"query-input":{"@type":"PropertyValueSpecification","valueRequired":true,"valueName":"search_term_string"}}],"inLanguage":"fi"},{"@type":"Organization","@id":"https:\/\/www.xn--tuksimaailm-ffb.ee\/fi\/#organization","name":"T\u00f5uksimaailm","url":"https:\/\/www.xn--tuksimaailm-ffb.ee\/fi\/","logo":{"@type":"ImageObject","inLanguage":"fi","@id":"https:\/\/www.xn--tuksimaailm-ffb.ee\/fi\/#\/schema\/logo\/image\/","url":"https:\/\/www.xn--tuksimaailm-ffb.ee\/wp-content\/uploads\/2020\/01\/logoz-e1579792875517.png","contentUrl":"https:\/\/www.xn--tuksimaailm-ffb.ee\/wp-content\/uploads\/2020\/01\/logoz-e1579792875517.png","width":250,"height":250,"caption":"T\u00f5uksimaailm"},"image":{"@id":"https:\/\/www.xn--tuksimaailm-ffb.ee\/fi\/#\/schema\/logo\/image\/"},"sameAs":["https:\/\/www.facebook.com\/touksimaailm\/","https:\/\/www.instagram.com\/touksimaailm_\/","https:\/\/www.youtube.com\/channel\/UC18ml0EKIDLP1xGuQjFzcXQ"]}]},"og_availability":"backorder","product_availability":"available for order","product_condition":"new"},"jetpack_sharing_enabled":true,"_links":{"self":[{"href":"https:\/\/www.xn--tuksimaailm-ffb.ee\/fi\/wp-json\/wp\/v2\/product\/57148","targetHints":{"allow":["GET"]}}],"collection":[{"href":"https:\/\/www.xn--tuksimaailm-ffb.ee\/fi\/wp-json\/wp\/v2\/product"}],"about":[{"href":"https:\/\/www.xn--tuksimaailm-ffb.ee\/fi\/wp-json\/wp\/v2\/types\/product"}],"wp:featuredmedia":[{"embeddable":true,"href":"https:\/\/www.xn--tuksimaailm-ffb.ee\/fi\/wp-json\/wp\/v2\/media\/79808"}],"wp:attachment":[{"href":"https:\/\/www.xn--tuksimaailm-ffb.ee\/fi\/wp-json\/wp\/v2\/media?parent=57148"}],"wp:term":[{"taxonomy":"product_brand","embeddable":true,"href":"https:\/\/www.xn--tuksimaailm-ffb.ee\/fi\/wp-json\/wp\/v2\/product_brand?post=57148"},{"taxonomy":"product_cat","embeddable":true,"href":"https:\/\/www.xn--tuksimaailm-ffb.ee\/fi\/wp-json\/wp\/v2\/product_cat?post=57148"},{"taxonomy":"product_tag","embeddable":true,"href":"https:\/\/www.xn--tuksimaailm-ffb.ee\/fi\/wp-json\/wp\/v2\/product_tag?post=57148"},{"taxonomy":"filter_elektritoukeratas","embeddable":true,"href":"https:\/\/www.xn--tuksimaailm-ffb.ee\/fi\/wp-json\/wp\/v2\/filter_elektritoukeratas?post=57148"}],"curies":[{"name":"wp","href":"https:\/\/api.w.org\/{rel}","templated":true}]}}