{"id":57152,"date":"2025-01-16T19:34:20","date_gmt":"2025-01-16T16:34:20","guid":{"rendered":"http:\/\/www.xn--tuksimaailm-ffb.ee\/shop\/jarrulevy-130mm-5h\/"},"modified":"2025-01-16T19:34:20","modified_gmt":"2025-01-16T16:34:20","slug":"jarrulevy-130mm-5h","status":"publish","type":"product","link":"https:\/\/www.xn--tuksimaailm-ffb.ee\/fi\/shop\/jarrulevy-130mm-5h\/","title":{"rendered":"Jarrulevy 130mm 5H"},"content":{"rendered":"<p>Jarrukiekko 130mm 5H (my\u00f6s roottori, jarruroottori).Jarrukiekon halkaisija 130mm , <strong>kiinnityspulttien<\/strong> m\u00e4\u00e4r\u00e4 5. Jarrukiekko <strong>sopii<\/strong> suosittuihin Xiaomi-malleihin (Xiaomi 4, Xiaomi 4 Pro) ja my\u00f6s kaikkiin muihin s\u00e4hk\u00f6autoihin, jotka k\u00e4ytt\u00e4v\u00e4t 130mm 5-nastaisia jarrulevyj\u00e4.<\/p>\n<p><a href=\"http:\/\/www.xn--tuksimaailm-ffb.ee\/elektrilise-toukeratta-remont\/\">Jos<\/a> sinulla on vaikeuksia vaihtaa s\u00e4hk\u00f6skootterisi jarrulevyj\u00e4 tai s\u00e4\u00e4t\u00e4\u00e4 jarruja, jotka tulevat aina niiden vaihdon yhteydess\u00e4, s\u00e4hk\u00f6skootterien erikoisliikkeemme voi auttaa. S\u00e4hk\u00f6skootterin jarrulevyn vaihtaminen on tarpeen, jos levy on v\u00e4\u00e4ntynyt tai kulunut ohueksi ajan my\u00f6t\u00e4 onnettomuuden tai muun ulkoisen vaurion vuoksi. Ensimm\u00e4isess\u00e4 tapauksessa jarrulevyn oikaiseminen voi joskus auttaa.<\/p>\n","protected":false},"excerpt":{"rendered":"<p>Jarrukiekko 130mm 5H (my\u00f6s roottori, jarruroottori).Jarrukiekon halkaisija 130mm , kiinnityspulttien m\u00e4\u00e4r\u00e4 5. Jarrukiekko sopii suosittuihin Xiaomi-malleihin (Xiaomi 4, Xiaomi 4 Pro) ja my\u00f6s kaikkiin muihin s\u00e4hk\u00f6autoihin, jotka k\u00e4ytt\u00e4v\u00e4t 130mm 5-nastaisia jarrulevyj\u00e4. Jos sinulla on vaikeuksia vaihtaa s\u00e4hk\u00f6skootterisi jarrulevyj\u00e4 tai s\u00e4\u00e4t\u00e4\u00e4 jarruja, jotka tulevat aina niiden vaihdon yhteydess\u00e4, s\u00e4hk\u00f6skootterien erikoisliikkeemme voi &hellip;<\/p>\n","protected":false},"featured_media":54970,"template":"","meta":[],"product_brand":[],"product_cat":[1698],"product_tag":[],"filter_elektritoukeratas":[2613,2619],"class_list":{"0":"post-57152","1":"product","2":"type-product","3":"status-publish","4":"has-post-thumbnail","6":"product_cat-varaosat","7":"pa_tootetuup-piduridetailid-fi","8":"filter_elektritoukeratas-ft_xiaomi_1s_mi3_pro_2_3_lite","9":"filter_elektritoukeratas-ft_xiaomi_4_4_lite_4_pro","11":"first","12":"instock","13":"taxable","14":"shipping-taxable","15":"purchasable","16":"product-type-simple"},"yoast_head":"<!-- This site is optimized with the Yoast SEO Premium plugin v26.8 (Yoast SEO v27.5) - https:\/\/yoast.com\/product\/yoast-seo-premium-wordpress\/ -->\n<title>Jarrulevy 130mm 5H | T\u00f5uksimaailm<\/title>\n<meta name=\"description\" content=\"Piduriketas 130mm 5H (ka rootor, pidurirootor, ketas). Piduriketta diameeter 130mm, kinnituspoltide arv 5. Xiaomi varuosa.\" \/>\n<meta name=\"robots\" content=\"index, follow, max-snippet:-1, max-image-preview:large, max-video-preview:-1\" \/>\n<link rel=\"canonical\" href=\"https:\/\/www.xn--tuksimaailm-ffb.ee\/fi\/shop\/jarrulevy-130mm-5h\/\" \/>\n<meta property=\"og:locale\" content=\"fi_FI\" \/>\n<meta property=\"og:type\" content=\"article\" \/>\n<meta property=\"og:title\" content=\"Jarrulevy 130mm 5H\" \/>\n<meta property=\"og:description\" content=\"Piduriketas 130mm 5H (ka rootor, pidurirootor, ketas). Piduriketta diameeter 130mm, kinnituspoltide arv 5. Xiaomi varuosa.\" \/>\n<meta property=\"og:url\" content=\"https:\/\/www.xn--tuksimaailm-ffb.ee\/fi\/shop\/jarrulevy-130mm-5h\/\" \/>\n<meta property=\"og:site_name\" content=\"T\u00f5uksimaailm\" \/>\n<meta property=\"article:publisher\" content=\"https:\/\/www.facebook.com\/touksimaailm\/\" \/>\n<meta property=\"og:image\" content=\"https:\/\/www.xn--tuksimaailm-ffb.ee\/wp-content\/uploads\/2025\/01\/Screenshot-2025-01-16-183227.webp\" \/>\n\t<meta property=\"og:image:width\" content=\"966\" \/>\n\t<meta property=\"og:image:height\" content=\"789\" \/>\n\t<meta property=\"og:image:type\" content=\"image\/webp\" \/>\n<meta name=\"twitter:card\" content=\"summary_large_image\" \/>\n<meta name=\"twitter:label1\" content=\"Hinta\" \/>\n\t<meta name=\"twitter:data1\" content=\"&euro;9.50\" \/>\n\t<meta name=\"twitter:label2\" content=\"Saatavuus\" \/>\n\t<meta name=\"twitter:data2\" content=\"Varastossa\" \/>\n<meta property=\"product:price:amount\" content=\"9.50\" \/>\n<meta property=\"product:price:currency\" content=\"EUR\" \/>\n<meta property=\"og:availability\" content=\"instock\" \/>\n<meta property=\"product:availability\" content=\"instock\" \/>\n<meta property=\"product:condition\" content=\"new\" \/>\n<!-- \/ Yoast SEO Premium plugin. -->","yoast_head_json":{"title":"Jarrulevy 130mm 5H | T\u00f5uksimaailm","description":"Piduriketas 130mm 5H (ka rootor, pidurirootor, ketas). Piduriketta diameeter 130mm, kinnituspoltide arv 5. Xiaomi varuosa.","robots":{"index":"index","follow":"follow","max-snippet":"max-snippet:-1","max-image-preview":"max-image-preview:large","max-video-preview":"max-video-preview:-1"},"canonical":"https:\/\/www.xn--tuksimaailm-ffb.ee\/fi\/shop\/jarrulevy-130mm-5h\/","og_locale":"fi_FI","og_type":"article","og_title":"Jarrulevy 130mm 5H","og_description":"Piduriketas 130mm 5H (ka rootor, pidurirootor, ketas). Piduriketta diameeter 130mm, kinnituspoltide arv 5. Xiaomi varuosa.","og_url":"https:\/\/www.xn--tuksimaailm-ffb.ee\/fi\/shop\/jarrulevy-130mm-5h\/","og_site_name":"T\u00f5uksimaailm","article_publisher":"https:\/\/www.facebook.com\/touksimaailm\/","og_image":[{"width":966,"height":789,"url":"https:\/\/www.xn--tuksimaailm-ffb.ee\/wp-content\/uploads\/2025\/01\/Screenshot-2025-01-16-183227.webp","type":"image\/webp"}],"twitter_card":"summary_large_image","twitter_misc":{"Hinta":"&euro;9.50","Saatavuus":"Varastossa"},"schema":{"@context":"https:\/\/schema.org","@graph":[{"@type":"WebPage","@id":"https:\/\/www.xn--tuksimaailm-ffb.ee\/fi\/shop\/jarrulevy-130mm-5h\/","url":"https:\/\/www.xn--tuksimaailm-ffb.ee\/fi\/shop\/jarrulevy-130mm-5h\/","name":"Jarrulevy 130mm 5H | T\u00f5uksimaailm","isPartOf":{"@id":"https:\/\/www.xn--tuksimaailm-ffb.ee\/fi\/#website"},"primaryImageOfPage":{"@id":"https:\/\/www.xn--tuksimaailm-ffb.ee\/fi\/shop\/jarrulevy-130mm-5h\/#primaryimage"},"image":{"@id":"https:\/\/www.xn--tuksimaailm-ffb.ee\/fi\/shop\/jarrulevy-130mm-5h\/#primaryimage"},"thumbnailUrl":"https:\/\/www.xn--tuksimaailm-ffb.ee\/wp-content\/uploads\/2025\/01\/Screenshot-2025-01-16-183227.webp","datePublished":"2025-01-16T16:34:20+00:00","description":"Piduriketas 130mm 5H (ka rootor, pidurirootor, ketas). Piduriketta diameeter 130mm, kinnituspoltide arv 5. Xiaomi varuosa.","breadcrumb":{"@id":"https:\/\/www.xn--tuksimaailm-ffb.ee\/fi\/shop\/jarrulevy-130mm-5h\/#breadcrumb"},"inLanguage":"fi","potentialAction":[{"@type":"ReadAction","target":["https:\/\/www.xn--tuksimaailm-ffb.ee\/fi\/shop\/jarrulevy-130mm-5h\/"]}]},{"@type":"ImageObject","inLanguage":"fi","@id":"https:\/\/www.xn--tuksimaailm-ffb.ee\/fi\/shop\/jarrulevy-130mm-5h\/#primaryimage","url":"https:\/\/www.xn--tuksimaailm-ffb.ee\/wp-content\/uploads\/2025\/01\/Screenshot-2025-01-16-183227.webp","contentUrl":"https:\/\/www.xn--tuksimaailm-ffb.ee\/wp-content\/uploads\/2025\/01\/Screenshot-2025-01-16-183227.webp","width":966,"height":789,"caption":"Piduriketas 130mm 5H"},{"@type":"BreadcrumbList","@id":"https:\/\/www.xn--tuksimaailm-ffb.ee\/fi\/shop\/jarrulevy-130mm-5h\/#breadcrumb","itemListElement":[{"@type":"ListItem","position":1,"name":"Home","item":"https:\/\/www.xn--tuksimaailm-ffb.ee\/fi\/kotisivu\/"},{"@type":"ListItem","position":2,"name":"Kauppa","item":"https:\/\/www.xn--tuksimaailm-ffb.ee\/elektritoukerataste-pood\/"},{"@type":"ListItem","position":3,"name":"Jarrulevy 130mm 5H"}]},{"@type":"WebSite","@id":"https:\/\/www.xn--tuksimaailm-ffb.ee\/fi\/#website","url":"https:\/\/www.xn--tuksimaailm-ffb.ee\/fi\/","name":"T\u00f5uksimaailm","description":"Elektrit\u00f5ukerataste m\u00fc\u00fck, remont ja rent","publisher":{"@id":"https:\/\/www.xn--tuksimaailm-ffb.ee\/fi\/#organization"},"potentialAction":[{"@type":"SearchAction","target":{"@type":"EntryPoint","urlTemplate":"https:\/\/www.xn--tuksimaailm-ffb.ee\/fi\/?s={search_term_string}"},"query-input":{"@type":"PropertyValueSpecification","valueRequired":true,"valueName":"search_term_string"}}],"inLanguage":"fi"},{"@type":"Organization","@id":"https:\/\/www.xn--tuksimaailm-ffb.ee\/fi\/#organization","name":"T\u00f5uksimaailm","url":"https:\/\/www.xn--tuksimaailm-ffb.ee\/fi\/","logo":{"@type":"ImageObject","inLanguage":"fi","@id":"https:\/\/www.xn--tuksimaailm-ffb.ee\/fi\/#\/schema\/logo\/image\/","url":"https:\/\/www.xn--tuksimaailm-ffb.ee\/wp-content\/uploads\/2020\/01\/logoz-e1579792875517.png","contentUrl":"https:\/\/www.xn--tuksimaailm-ffb.ee\/wp-content\/uploads\/2020\/01\/logoz-e1579792875517.png","width":250,"height":250,"caption":"T\u00f5uksimaailm"},"image":{"@id":"https:\/\/www.xn--tuksimaailm-ffb.ee\/fi\/#\/schema\/logo\/image\/"},"sameAs":["https:\/\/www.facebook.com\/touksimaailm\/","https:\/\/www.instagram.com\/touksimaailm_\/","https:\/\/www.youtube.com\/channel\/UC18ml0EKIDLP1xGuQjFzcXQ"]}]},"product_price_amount":"9.50","product_price_currency":"EUR","og_availability":"instock","product_availability":"instock","product_condition":"new"},"jetpack_sharing_enabled":true,"_links":{"self":[{"href":"https:\/\/www.xn--tuksimaailm-ffb.ee\/fi\/wp-json\/wp\/v2\/product\/57152","targetHints":{"allow":["GET"]}}],"collection":[{"href":"https:\/\/www.xn--tuksimaailm-ffb.ee\/fi\/wp-json\/wp\/v2\/product"}],"about":[{"href":"https:\/\/www.xn--tuksimaailm-ffb.ee\/fi\/wp-json\/wp\/v2\/types\/product"}],"wp:featuredmedia":[{"embeddable":true,"href":"https:\/\/www.xn--tuksimaailm-ffb.ee\/fi\/wp-json\/wp\/v2\/media\/54970"}],"wp:attachment":[{"href":"https:\/\/www.xn--tuksimaailm-ffb.ee\/fi\/wp-json\/wp\/v2\/media?parent=57152"}],"wp:term":[{"taxonomy":"product_brand","embeddable":true,"href":"https:\/\/www.xn--tuksimaailm-ffb.ee\/fi\/wp-json\/wp\/v2\/product_brand?post=57152"},{"taxonomy":"product_cat","embeddable":true,"href":"https:\/\/www.xn--tuksimaailm-ffb.ee\/fi\/wp-json\/wp\/v2\/product_cat?post=57152"},{"taxonomy":"product_tag","embeddable":true,"href":"https:\/\/www.xn--tuksimaailm-ffb.ee\/fi\/wp-json\/wp\/v2\/product_tag?post=57152"},{"taxonomy":"filter_elektritoukeratas","embeddable":true,"href":"https:\/\/www.xn--tuksimaailm-ffb.ee\/fi\/wp-json\/wp\/v2\/filter_elektritoukeratas?post=57152"}],"curies":[{"name":"wp","href":"https:\/\/api.w.org\/{rel}","templated":true}]}}