{"id":57164,"date":"2025-01-15T16:56:10","date_gmt":"2025-01-15T13:56:10","guid":{"rendered":"http:\/\/www.xn--tuksimaailm-ffb.ee\/shop\/xiaomi-4-4-lite-lokasuoja-tuki\/"},"modified":"2025-01-15T16:56:10","modified_gmt":"2025-01-15T13:56:10","slug":"xiaomi-4-4-lite-lokasuoja-tuki","status":"publish","type":"product","link":"https:\/\/www.xn--tuksimaailm-ffb.ee\/fi\/shop\/xiaomi-4-4-lite-lokasuoja-tuki\/","title":{"rendered":"Xiaomi 4 \/ 4 Lite lokasuoja tuki"},"content":{"rendered":"<p>Xiaomi 4 \/ 4 Lite -lokasuoja. Lokasuoja sopii Xiaomi 4 ja Xiaomi 4 Lite -s\u00e4hk\u00f6skootteriin. Sopii my\u00f6s monille Xiaomi klooneille\/kopioille.<\/p>\n<p>Jos huomaat, ett\u00e4 sinun on vaikea vaihtaa s\u00e4hk\u00f6potkulautasi suojakotelon tukea tai korjata siihen usein liittyv\u00e4\u00e4 takavalon liit\u00e4nt\u00e4\u00e4, s\u00e4hk\u00f6potkulautojen korjaamomme <a>voi auttaa<\/a>.<\/p>\n","protected":false},"excerpt":{"rendered":"<p>Xiaomi 4 \/ 4 Lite -lokasuoja. Lokasuoja sopii Xiaomi 4 ja Xiaomi 4 Lite -s\u00e4hk\u00f6skootteriin. Sopii my\u00f6s monille Xiaomi klooneille\/kopioille. Jos huomaat, ett\u00e4 sinun on vaikea vaihtaa s\u00e4hk\u00f6potkulautasi suojakotelon tukea tai korjata siihen usein liittyv\u00e4\u00e4 takavalon liit\u00e4nt\u00e4\u00e4, s\u00e4hk\u00f6potkulautojen korjaamomme voi auttaa.<\/p>\n","protected":false},"featured_media":54844,"template":"","meta":[],"product_brand":[],"product_cat":[1698],"product_tag":[],"filter_elektritoukeratas":[2619],"class_list":{"0":"post-57164","1":"product","2":"type-product","3":"status-publish","4":"has-post-thumbnail","6":"product_cat-varaosat","7":"filter_elektritoukeratas-ft_xiaomi_4_4_lite_4_pro","9":"first","10":"instock","11":"taxable","12":"shipping-taxable","13":"purchasable","14":"product-type-simple"},"yoast_head":"<!-- This site is optimized with the Yoast SEO Premium plugin v26.8 (Yoast SEO v27.5) - https:\/\/yoast.com\/product\/yoast-seo-premium-wordpress\/ -->\n<title>Xiaomi 4 \/ 4 Lite lokasuoja tuki | T\u00f5uksimaailm<\/title>\n<meta name=\"description\" content=\"Xiaomi 4 \/ 4 Lite porilaua tugi. Porilaua tugi sobib elektrit\u00f5ukeratas Xiaomi 4 ja Xiaomi 4 Lite. Xiaomi originaal varuosa.\" \/>\n<meta name=\"robots\" content=\"index, follow, max-snippet:-1, max-image-preview:large, max-video-preview:-1\" \/>\n<link rel=\"canonical\" href=\"https:\/\/www.xn--tuksimaailm-ffb.ee\/fi\/shop\/xiaomi-4-4-lite-lokasuoja-tuki\/\" \/>\n<meta property=\"og:locale\" content=\"fi_FI\" \/>\n<meta property=\"og:type\" content=\"article\" \/>\n<meta property=\"og:title\" content=\"Xiaomi 4 \/ 4 Lite lokasuoja tuki\" \/>\n<meta property=\"og:description\" content=\"Xiaomi 4 \/ 4 Lite porilaua tugi. Porilaua tugi sobib elektrit\u00f5ukeratas Xiaomi 4 ja Xiaomi 4 Lite. Xiaomi originaal varuosa.\" \/>\n<meta property=\"og:url\" content=\"https:\/\/www.xn--tuksimaailm-ffb.ee\/fi\/shop\/xiaomi-4-4-lite-lokasuoja-tuki\/\" \/>\n<meta property=\"og:site_name\" content=\"T\u00f5uksimaailm\" \/>\n<meta property=\"article:publisher\" content=\"https:\/\/www.facebook.com\/touksimaailm\/\" \/>\n<meta property=\"og:image\" content=\"https:\/\/www.xn--tuksimaailm-ffb.ee\/wp-content\/uploads\/2025\/01\/Screenshot-2025-01-15-155420.webp\" \/>\n\t<meta property=\"og:image:width\" content=\"1083\" \/>\n\t<meta property=\"og:image:height\" content=\"880\" \/>\n\t<meta property=\"og:image:type\" content=\"image\/webp\" \/>\n<meta name=\"twitter:card\" content=\"summary_large_image\" \/>\n<meta name=\"twitter:label1\" content=\"Hinta\" \/>\n\t<meta name=\"twitter:data1\" content=\"&euro;9.50\" \/>\n\t<meta name=\"twitter:label2\" content=\"Saatavuus\" \/>\n\t<meta name=\"twitter:data2\" content=\"Varastossa\" \/>\n<meta property=\"product:price:amount\" content=\"9.50\" \/>\n<meta property=\"product:price:currency\" content=\"EUR\" \/>\n<meta property=\"og:availability\" content=\"instock\" \/>\n<meta property=\"product:availability\" content=\"instock\" \/>\n<meta property=\"product:condition\" content=\"new\" \/>\n<!-- \/ Yoast SEO Premium plugin. -->","yoast_head_json":{"title":"Xiaomi 4 \/ 4 Lite lokasuoja tuki | T\u00f5uksimaailm","description":"Xiaomi 4 \/ 4 Lite porilaua tugi. Porilaua tugi sobib elektrit\u00f5ukeratas Xiaomi 4 ja Xiaomi 4 Lite. Xiaomi originaal varuosa.","robots":{"index":"index","follow":"follow","max-snippet":"max-snippet:-1","max-image-preview":"max-image-preview:large","max-video-preview":"max-video-preview:-1"},"canonical":"https:\/\/www.xn--tuksimaailm-ffb.ee\/fi\/shop\/xiaomi-4-4-lite-lokasuoja-tuki\/","og_locale":"fi_FI","og_type":"article","og_title":"Xiaomi 4 \/ 4 Lite lokasuoja tuki","og_description":"Xiaomi 4 \/ 4 Lite porilaua tugi. Porilaua tugi sobib elektrit\u00f5ukeratas Xiaomi 4 ja Xiaomi 4 Lite. Xiaomi originaal varuosa.","og_url":"https:\/\/www.xn--tuksimaailm-ffb.ee\/fi\/shop\/xiaomi-4-4-lite-lokasuoja-tuki\/","og_site_name":"T\u00f5uksimaailm","article_publisher":"https:\/\/www.facebook.com\/touksimaailm\/","og_image":[{"width":1083,"height":880,"url":"https:\/\/www.xn--tuksimaailm-ffb.ee\/wp-content\/uploads\/2025\/01\/Screenshot-2025-01-15-155420.webp","type":"image\/webp"}],"twitter_card":"summary_large_image","twitter_misc":{"Hinta":"&euro;9.50","Saatavuus":"Varastossa"},"schema":{"@context":"https:\/\/schema.org","@graph":[{"@type":"WebPage","@id":"https:\/\/www.xn--tuksimaailm-ffb.ee\/fi\/shop\/xiaomi-4-4-lite-lokasuoja-tuki\/","url":"https:\/\/www.xn--tuksimaailm-ffb.ee\/fi\/shop\/xiaomi-4-4-lite-lokasuoja-tuki\/","name":"Xiaomi 4 \/ 4 Lite lokasuoja tuki | T\u00f5uksimaailm","isPartOf":{"@id":"https:\/\/www.xn--tuksimaailm-ffb.ee\/fi\/#website"},"primaryImageOfPage":{"@id":"https:\/\/www.xn--tuksimaailm-ffb.ee\/fi\/shop\/xiaomi-4-4-lite-lokasuoja-tuki\/#primaryimage"},"image":{"@id":"https:\/\/www.xn--tuksimaailm-ffb.ee\/fi\/shop\/xiaomi-4-4-lite-lokasuoja-tuki\/#primaryimage"},"thumbnailUrl":"https:\/\/www.xn--tuksimaailm-ffb.ee\/wp-content\/uploads\/2025\/01\/Screenshot-2025-01-15-155420.webp","datePublished":"2025-01-15T13:56:10+00:00","description":"Xiaomi 4 \/ 4 Lite porilaua tugi. Porilaua tugi sobib elektrit\u00f5ukeratas Xiaomi 4 ja Xiaomi 4 Lite. Xiaomi originaal varuosa.","breadcrumb":{"@id":"https:\/\/www.xn--tuksimaailm-ffb.ee\/fi\/shop\/xiaomi-4-4-lite-lokasuoja-tuki\/#breadcrumb"},"inLanguage":"fi","potentialAction":[{"@type":"ReadAction","target":["https:\/\/www.xn--tuksimaailm-ffb.ee\/fi\/shop\/xiaomi-4-4-lite-lokasuoja-tuki\/"]}]},{"@type":"ImageObject","inLanguage":"fi","@id":"https:\/\/www.xn--tuksimaailm-ffb.ee\/fi\/shop\/xiaomi-4-4-lite-lokasuoja-tuki\/#primaryimage","url":"https:\/\/www.xn--tuksimaailm-ffb.ee\/wp-content\/uploads\/2025\/01\/Screenshot-2025-01-15-155420.webp","contentUrl":"https:\/\/www.xn--tuksimaailm-ffb.ee\/wp-content\/uploads\/2025\/01\/Screenshot-2025-01-15-155420.webp","width":1083,"height":880,"caption":"Xiaomi 4 \/ 4 Lite porilaua tugi"},{"@type":"BreadcrumbList","@id":"https:\/\/www.xn--tuksimaailm-ffb.ee\/fi\/shop\/xiaomi-4-4-lite-lokasuoja-tuki\/#breadcrumb","itemListElement":[{"@type":"ListItem","position":1,"name":"Home","item":"https:\/\/www.xn--tuksimaailm-ffb.ee\/fi\/kotisivu\/"},{"@type":"ListItem","position":2,"name":"Kauppa","item":"https:\/\/www.xn--tuksimaailm-ffb.ee\/elektritoukerataste-pood\/"},{"@type":"ListItem","position":3,"name":"Xiaomi 4 \/ 4 Lite lokasuoja tuki"}]},{"@type":"WebSite","@id":"https:\/\/www.xn--tuksimaailm-ffb.ee\/fi\/#website","url":"https:\/\/www.xn--tuksimaailm-ffb.ee\/fi\/","name":"T\u00f5uksimaailm","description":"Elektrit\u00f5ukerataste m\u00fc\u00fck, remont ja rent","publisher":{"@id":"https:\/\/www.xn--tuksimaailm-ffb.ee\/fi\/#organization"},"potentialAction":[{"@type":"SearchAction","target":{"@type":"EntryPoint","urlTemplate":"https:\/\/www.xn--tuksimaailm-ffb.ee\/fi\/?s={search_term_string}"},"query-input":{"@type":"PropertyValueSpecification","valueRequired":true,"valueName":"search_term_string"}}],"inLanguage":"fi"},{"@type":"Organization","@id":"https:\/\/www.xn--tuksimaailm-ffb.ee\/fi\/#organization","name":"T\u00f5uksimaailm","url":"https:\/\/www.xn--tuksimaailm-ffb.ee\/fi\/","logo":{"@type":"ImageObject","inLanguage":"fi","@id":"https:\/\/www.xn--tuksimaailm-ffb.ee\/fi\/#\/schema\/logo\/image\/","url":"https:\/\/www.xn--tuksimaailm-ffb.ee\/wp-content\/uploads\/2020\/01\/logoz-e1579792875517.png","contentUrl":"https:\/\/www.xn--tuksimaailm-ffb.ee\/wp-content\/uploads\/2020\/01\/logoz-e1579792875517.png","width":250,"height":250,"caption":"T\u00f5uksimaailm"},"image":{"@id":"https:\/\/www.xn--tuksimaailm-ffb.ee\/fi\/#\/schema\/logo\/image\/"},"sameAs":["https:\/\/www.facebook.com\/touksimaailm\/","https:\/\/www.instagram.com\/touksimaailm_\/","https:\/\/www.youtube.com\/channel\/UC18ml0EKIDLP1xGuQjFzcXQ"]}]},"product_price_amount":"9.50","product_price_currency":"EUR","og_availability":"instock","product_availability":"instock","product_condition":"new"},"jetpack_sharing_enabled":true,"_links":{"self":[{"href":"https:\/\/www.xn--tuksimaailm-ffb.ee\/fi\/wp-json\/wp\/v2\/product\/57164","targetHints":{"allow":["GET"]}}],"collection":[{"href":"https:\/\/www.xn--tuksimaailm-ffb.ee\/fi\/wp-json\/wp\/v2\/product"}],"about":[{"href":"https:\/\/www.xn--tuksimaailm-ffb.ee\/fi\/wp-json\/wp\/v2\/types\/product"}],"wp:featuredmedia":[{"embeddable":true,"href":"https:\/\/www.xn--tuksimaailm-ffb.ee\/fi\/wp-json\/wp\/v2\/media\/54844"}],"wp:attachment":[{"href":"https:\/\/www.xn--tuksimaailm-ffb.ee\/fi\/wp-json\/wp\/v2\/media?parent=57164"}],"wp:term":[{"taxonomy":"product_brand","embeddable":true,"href":"https:\/\/www.xn--tuksimaailm-ffb.ee\/fi\/wp-json\/wp\/v2\/product_brand?post=57164"},{"taxonomy":"product_cat","embeddable":true,"href":"https:\/\/www.xn--tuksimaailm-ffb.ee\/fi\/wp-json\/wp\/v2\/product_cat?post=57164"},{"taxonomy":"product_tag","embeddable":true,"href":"https:\/\/www.xn--tuksimaailm-ffb.ee\/fi\/wp-json\/wp\/v2\/product_tag?post=57164"},{"taxonomy":"filter_elektritoukeratas","embeddable":true,"href":"https:\/\/www.xn--tuksimaailm-ffb.ee\/fi\/wp-json\/wp\/v2\/filter_elektritoukeratas?post=57164"}],"curies":[{"name":"wp","href":"https:\/\/api.w.org\/{rel}","templated":true}]}}