{"id":57234,"date":"2025-01-14T19:03:44","date_gmt":"2025-01-14T16:03:44","guid":{"rendered":"http:\/\/www.xn--tuksimaailm-ffb.ee\/shop\/niu-kqi2-kqi3-jarrulenkki\/"},"modified":"2025-01-14T19:03:44","modified_gmt":"2025-01-14T16:03:44","slug":"niu-kqi2-kqi3-jarrulenkki","status":"publish","type":"product","link":"https:\/\/www.xn--tuksimaailm-ffb.ee\/fi\/shop\/niu-kqi2-kqi3-jarrulenkki\/","title":{"rendered":"Niu KQi2 KQi3 jarrulenkki"},"content":{"rendered":"<p>S\u00e4hk\u00f6skootteri Niu jarrulinkki (alias jarruvipu, jarru, jarrulenkki). Jarruvipu on varustettu magneettisella anturilla. Kun jarrulenkki\u00e4 painetaan, jarru l\u00e4hett\u00e4\u00e4 s\u00e4hk\u00f6skootterin ohjaimelle k\u00e4skyn pys\u00e4ytt\u00e4\u00e4 moottori. S\u00e4hk\u00f6skootterin jarrulenkki sopii varmasti seuraaviin suosittuihin malleihin: Niu KQi2 Pro, Niu KQi3 Pro, Niu KQi 3 Max, Niu KQi3 Sport ja monet Niu-kloonit\/kopiot.<\/p>\n<p>Jarrulinkki soveltuu kaikkiin s\u00e4hk\u00f6jarruihin tai muihin s\u00e4hk\u00f6k\u00e4ytt\u00f6isiin toimilaitteisiin, joissa on aktiivinen jarrulinkki (3-johtiminen) l\u00e4ht\u00f6 ohjaimessa. Jos sinulla on vaikeuksia vaihtaa s\u00e4hk\u00f6skootterin jarrulenkki itse, s\u00e4hk\u00f6skoottereihin erikoistunut <a href=\"http:\/\/www.xn--tuksimaailm-ffb.ee\/elektrilise-toukeratta-remont\/\">korjaamomme<\/a> voi auttaa.<\/p>\n","protected":false},"excerpt":{"rendered":"<p><em><strong>Toimitusaika: 5-10tp<\/strong><\/em><\/p>\n","protected":false},"featured_media":54656,"template":"","meta":[],"product_brand":[],"product_cat":[1698],"product_tag":[],"filter_elektritoukeratas":[3290,3291],"class_list":{"0":"post-57234","1":"product","2":"type-product","3":"status-publish","4":"has-post-thumbnail","6":"product_cat-varaosat","7":"pa_tootetuup-piduridetailid-fi","8":"filter_elektritoukeratas-ft_niu_kqi2_pro","9":"filter_elektritoukeratas-ft_niu_kqi3_pro_sport_max","11":"first","12":"onbackorder","13":"taxable","14":"shipping-taxable","15":"purchasable","16":"product-type-variable"},"yoast_head":"<!-- This site is optimized with the Yoast SEO Premium plugin v26.8 (Yoast SEO v27.3) - https:\/\/yoast.com\/product\/yoast-seo-premium-wordpress\/ -->\n<title>Niu KQi2 KQi3 jarrulenkki &#8212; T\u00f5uksimaailm - Varuosad<\/title>\n<meta name=\"description\" content=\"Elektrilise t\u00f5ukeratta Niu KQi2 KQi3 pidurilink. Sobib elektrit\u00f5keratas Niu KQi2 Pro, Niu KQi3 Pro, Niu KQi3 Max, Niu KQi3 Sport.\" \/>\n<meta name=\"robots\" content=\"index, follow, max-snippet:-1, max-image-preview:large, max-video-preview:-1\" \/>\n<link rel=\"canonical\" href=\"https:\/\/www.xn--tuksimaailm-ffb.ee\/fi\/shop\/niu-kqi2-kqi3-jarrulenkki\/\" \/>\n<meta property=\"og:locale\" content=\"fi_FI\" \/>\n<meta property=\"og:type\" content=\"article\" \/>\n<meta property=\"og:title\" content=\"Niu KQi2 KQi3 jarrulenkki\" \/>\n<meta property=\"og:description\" content=\"Elektrilise t\u00f5ukeratta Niu KQi2 KQi3 pidurilink. Sobib elektrit\u00f5keratas Niu KQi2 Pro, Niu KQi3 Pro, Niu KQi3 Max, Niu KQi3 Sport.\" \/>\n<meta property=\"og:url\" content=\"https:\/\/www.xn--tuksimaailm-ffb.ee\/fi\/shop\/niu-kqi2-kqi3-jarrulenkki\/\" \/>\n<meta property=\"og:site_name\" content=\"T\u00f5uksimaailm\" \/>\n<meta property=\"article:publisher\" content=\"https:\/\/www.facebook.com\/touksimaailm\/\" \/>\n<meta property=\"og:image\" content=\"https:\/\/www.xn--tuksimaailm-ffb.ee\/wp-content\/uploads\/2025\/01\/Screenshot-2025-01-14-180106.webp\" \/>\n\t<meta property=\"og:image:width\" content=\"699\" \/>\n\t<meta property=\"og:image:height\" content=\"520\" \/>\n\t<meta property=\"og:image:type\" content=\"image\/webp\" \/>\n<meta name=\"twitter:card\" content=\"summary_large_image\" \/>\n<meta name=\"twitter:label1\" content=\"Saatavuus\" \/>\n\t<meta name=\"twitter:data1\" content=\"J\u00e4lkitoimituksessa\" \/>\n<meta property=\"og:availability\" content=\"backorder\" \/>\n<meta property=\"product:availability\" content=\"available for order\" \/>\n<meta property=\"product:condition\" content=\"new\" \/>\n<!-- \/ Yoast SEO Premium plugin. -->","yoast_head_json":{"title":"Niu KQi2 KQi3 jarrulenkki &#8212; T\u00f5uksimaailm - Varuosad","description":"Elektrilise t\u00f5ukeratta Niu KQi2 KQi3 pidurilink. Sobib elektrit\u00f5keratas Niu KQi2 Pro, Niu KQi3 Pro, Niu KQi3 Max, Niu KQi3 Sport.","robots":{"index":"index","follow":"follow","max-snippet":"max-snippet:-1","max-image-preview":"max-image-preview:large","max-video-preview":"max-video-preview:-1"},"canonical":"https:\/\/www.xn--tuksimaailm-ffb.ee\/fi\/shop\/niu-kqi2-kqi3-jarrulenkki\/","og_locale":"fi_FI","og_type":"article","og_title":"Niu KQi2 KQi3 jarrulenkki","og_description":"Elektrilise t\u00f5ukeratta Niu KQi2 KQi3 pidurilink. Sobib elektrit\u00f5keratas Niu KQi2 Pro, Niu KQi3 Pro, Niu KQi3 Max, Niu KQi3 Sport.","og_url":"https:\/\/www.xn--tuksimaailm-ffb.ee\/fi\/shop\/niu-kqi2-kqi3-jarrulenkki\/","og_site_name":"T\u00f5uksimaailm","article_publisher":"https:\/\/www.facebook.com\/touksimaailm\/","og_image":[{"width":699,"height":520,"url":"https:\/\/www.xn--tuksimaailm-ffb.ee\/wp-content\/uploads\/2025\/01\/Screenshot-2025-01-14-180106.webp","type":"image\/webp"}],"twitter_card":"summary_large_image","twitter_misc":{"Saatavuus":"J\u00e4lkitoimituksessa"},"schema":{"@context":"https:\/\/schema.org","@graph":[{"@type":"WebPage","@id":"https:\/\/www.xn--tuksimaailm-ffb.ee\/fi\/shop\/niu-kqi2-kqi3-jarrulenkki\/","url":"https:\/\/www.xn--tuksimaailm-ffb.ee\/fi\/shop\/niu-kqi2-kqi3-jarrulenkki\/","name":"Niu KQi2 KQi3 jarrulenkki &#8212; T\u00f5uksimaailm - Varuosad","isPartOf":{"@id":"https:\/\/www.xn--tuksimaailm-ffb.ee\/fi\/#website"},"primaryImageOfPage":{"@id":"https:\/\/www.xn--tuksimaailm-ffb.ee\/fi\/shop\/niu-kqi2-kqi3-jarrulenkki\/#primaryimage"},"image":{"@id":"https:\/\/www.xn--tuksimaailm-ffb.ee\/fi\/shop\/niu-kqi2-kqi3-jarrulenkki\/#primaryimage"},"thumbnailUrl":"https:\/\/www.xn--tuksimaailm-ffb.ee\/wp-content\/uploads\/2025\/01\/Screenshot-2025-01-14-180106.webp","datePublished":"2025-01-14T16:03:44+00:00","description":"Elektrilise t\u00f5ukeratta Niu KQi2 KQi3 pidurilink. Sobib elektrit\u00f5keratas Niu KQi2 Pro, Niu KQi3 Pro, Niu KQi3 Max, Niu KQi3 Sport.","breadcrumb":{"@id":"https:\/\/www.xn--tuksimaailm-ffb.ee\/fi\/shop\/niu-kqi2-kqi3-jarrulenkki\/#breadcrumb"},"inLanguage":"fi","potentialAction":[{"@type":"ReadAction","target":["https:\/\/www.xn--tuksimaailm-ffb.ee\/fi\/shop\/niu-kqi2-kqi3-jarrulenkki\/"]}]},{"@type":"ImageObject","inLanguage":"fi","@id":"https:\/\/www.xn--tuksimaailm-ffb.ee\/fi\/shop\/niu-kqi2-kqi3-jarrulenkki\/#primaryimage","url":"https:\/\/www.xn--tuksimaailm-ffb.ee\/wp-content\/uploads\/2025\/01\/Screenshot-2025-01-14-180106.webp","contentUrl":"https:\/\/www.xn--tuksimaailm-ffb.ee\/wp-content\/uploads\/2025\/01\/Screenshot-2025-01-14-180106.webp","width":699,"height":520,"caption":"Niu KQi2 KQi3 pidurilink"},{"@type":"BreadcrumbList","@id":"https:\/\/www.xn--tuksimaailm-ffb.ee\/fi\/shop\/niu-kqi2-kqi3-jarrulenkki\/#breadcrumb","itemListElement":[{"@type":"ListItem","position":1,"name":"Home","item":"https:\/\/www.xn--tuksimaailm-ffb.ee\/fi\/kotisivu\/"},{"@type":"ListItem","position":2,"name":"Kauppa","item":"https:\/\/www.xn--tuksimaailm-ffb.ee\/elektritoukerataste-pood\/"},{"@type":"ListItem","position":3,"name":"Niu KQi2 KQi3 jarrulenkki"}]},{"@type":"WebSite","@id":"https:\/\/www.xn--tuksimaailm-ffb.ee\/fi\/#website","url":"https:\/\/www.xn--tuksimaailm-ffb.ee\/fi\/","name":"T\u00f5uksimaailm","description":"Elektrit\u00f5ukerataste m\u00fc\u00fck, remont ja rent","publisher":{"@id":"https:\/\/www.xn--tuksimaailm-ffb.ee\/fi\/#organization"},"potentialAction":[{"@type":"SearchAction","target":{"@type":"EntryPoint","urlTemplate":"https:\/\/www.xn--tuksimaailm-ffb.ee\/fi\/?s={search_term_string}"},"query-input":{"@type":"PropertyValueSpecification","valueRequired":true,"valueName":"search_term_string"}}],"inLanguage":"fi"},{"@type":"Organization","@id":"https:\/\/www.xn--tuksimaailm-ffb.ee\/fi\/#organization","name":"T\u00f5uksimaailm","url":"https:\/\/www.xn--tuksimaailm-ffb.ee\/fi\/","logo":{"@type":"ImageObject","inLanguage":"fi","@id":"https:\/\/www.xn--tuksimaailm-ffb.ee\/fi\/#\/schema\/logo\/image\/","url":"https:\/\/www.xn--tuksimaailm-ffb.ee\/wp-content\/uploads\/2020\/01\/logoz-e1579792875517.png","contentUrl":"https:\/\/www.xn--tuksimaailm-ffb.ee\/wp-content\/uploads\/2020\/01\/logoz-e1579792875517.png","width":250,"height":250,"caption":"T\u00f5uksimaailm"},"image":{"@id":"https:\/\/www.xn--tuksimaailm-ffb.ee\/fi\/#\/schema\/logo\/image\/"},"sameAs":["https:\/\/www.facebook.com\/touksimaailm\/","https:\/\/www.instagram.com\/touksimaailm_\/","https:\/\/www.youtube.com\/channel\/UC18ml0EKIDLP1xGuQjFzcXQ"]}]},"og_availability":"backorder","product_availability":"available for order","product_condition":"new"},"jetpack_sharing_enabled":true,"_links":{"self":[{"href":"https:\/\/www.xn--tuksimaailm-ffb.ee\/fi\/wp-json\/wp\/v2\/product\/57234","targetHints":{"allow":["GET"]}}],"collection":[{"href":"https:\/\/www.xn--tuksimaailm-ffb.ee\/fi\/wp-json\/wp\/v2\/product"}],"about":[{"href":"https:\/\/www.xn--tuksimaailm-ffb.ee\/fi\/wp-json\/wp\/v2\/types\/product"}],"wp:featuredmedia":[{"embeddable":true,"href":"https:\/\/www.xn--tuksimaailm-ffb.ee\/fi\/wp-json\/wp\/v2\/media\/54656"}],"wp:attachment":[{"href":"https:\/\/www.xn--tuksimaailm-ffb.ee\/fi\/wp-json\/wp\/v2\/media?parent=57234"}],"wp:term":[{"taxonomy":"product_brand","embeddable":true,"href":"https:\/\/www.xn--tuksimaailm-ffb.ee\/fi\/wp-json\/wp\/v2\/product_brand?post=57234"},{"taxonomy":"product_cat","embeddable":true,"href":"https:\/\/www.xn--tuksimaailm-ffb.ee\/fi\/wp-json\/wp\/v2\/product_cat?post=57234"},{"taxonomy":"product_tag","embeddable":true,"href":"https:\/\/www.xn--tuksimaailm-ffb.ee\/fi\/wp-json\/wp\/v2\/product_tag?post=57234"},{"taxonomy":"filter_elektritoukeratas","embeddable":true,"href":"https:\/\/www.xn--tuksimaailm-ffb.ee\/fi\/wp-json\/wp\/v2\/filter_elektritoukeratas?post=57234"}],"curies":[{"name":"wp","href":"https:\/\/api.w.org\/{rel}","templated":true}]}}