{"id":57247,"date":"2025-01-13T17:05:24","date_gmt":"2025-01-13T14:05:24","guid":{"rendered":"http:\/\/www.xn--tuksimaailm-ffb.ee\/shop\/niu-kqi2-pro-etuhaarukka\/"},"modified":"2025-01-13T17:05:24","modified_gmt":"2025-01-13T14:05:24","slug":"niu-kqi2-pro-etuhaarukka","status":"publish","type":"product","link":"https:\/\/www.xn--tuksimaailm-ffb.ee\/fi\/shop\/niu-kqi2-pro-etuhaarukka\/","title":{"rendered":"Niu KQi2 Pro etuhaarukka"},"content":{"rendered":"<p>Niu KQi2 Pro etuhaarukka (my\u00f6s etuhaarukka). Niu etuhaarukka sopii suosittuun <strong>Niu KQi2 Pro<\/strong> -malliin ja useimpiin Niu-klooneihin\/kopioihin. Niun etuhaarukka on t\u00e4rkein osa, joka voi rikkoutua tai taipua onnettomuuden seurauksena. T\u00e4llaisessa tapauksessa suosittelemme etuhaarukan vaihtamista sen sijaan, ett\u00e4 yritt\u00e4isit oikaista vanhan haarukan, koska metalli haurastuu taipumisen seurauksena. Jos j\u00e4\u00e4t jumiin omatoimisesti, <a href=\"http:\/\/www.xn--tuksimaailm-ffb.ee\/elektrilise-toukeratta-remont\/\"><strong>s\u00e4hk\u00f6potkulauta korjaamomme<\/strong><\/a> voi auttaa sinua korjaamaan <a href=\"http:\/\/www.xn--tuksimaailm-ffb.ee\/elektrilise-toukeratta-remont\/\"><strong>skootterisi<\/strong><\/a>.<\/p>\n","protected":false},"excerpt":{"rendered":"<p><em><strong>Toimitusaika: 5-10tp<\/strong><\/em><\/p>\n","protected":false},"featured_media":54339,"template":"","meta":[],"product_brand":[],"product_cat":[1698],"product_tag":[],"filter_elektritoukeratas":[3290],"class_list":{"0":"post-57247","1":"product","2":"type-product","3":"status-publish","4":"has-post-thumbnail","6":"product_cat-varaosat","7":"filter_elektritoukeratas-ft_niu_kqi2_pro","9":"first","10":"onbackorder","11":"taxable","12":"shipping-taxable","13":"purchasable","14":"product-type-simple"},"yoast_head":"<!-- This site is optimized with the Yoast SEO Premium plugin v26.8 (Yoast SEO v27.5) - https:\/\/yoast.com\/product\/yoast-seo-premium-wordpress\/ -->\n<title>Niu KQi2 Pro etuhaarukka | T\u00f5uksimaailm | Varuosad<\/title>\n<meta name=\"description\" content=\"Niu KQi2 Pro esihark kahvel (ka esikahvel),sobib elektrit\u00f5ukerattale Niu KQi2 Pro ning Niu elektrit\u00f5ukeratta kloonidele. Niu varuosa.\" \/>\n<meta name=\"robots\" content=\"index, follow, max-snippet:-1, max-image-preview:large, max-video-preview:-1\" \/>\n<link rel=\"canonical\" href=\"https:\/\/www.xn--tuksimaailm-ffb.ee\/fi\/shop\/niu-kqi2-pro-etuhaarukka\/\" \/>\n<meta property=\"og:locale\" content=\"fi_FI\" \/>\n<meta property=\"og:type\" content=\"article\" \/>\n<meta property=\"og:title\" content=\"Niu KQi2 Pro etuhaarukka\" \/>\n<meta property=\"og:description\" content=\"Niu KQi2 Pro esihark kahvel (ka esikahvel),sobib elektrit\u00f5ukerattale Niu KQi2 Pro ning Niu elektrit\u00f5ukeratta kloonidele. Niu varuosa.\" \/>\n<meta property=\"og:url\" content=\"https:\/\/www.xn--tuksimaailm-ffb.ee\/fi\/shop\/niu-kqi2-pro-etuhaarukka\/\" \/>\n<meta property=\"og:site_name\" content=\"T\u00f5uksimaailm\" \/>\n<meta property=\"article:publisher\" content=\"https:\/\/www.facebook.com\/touksimaailm\/\" \/>\n<meta property=\"og:image\" content=\"https:\/\/www.xn--tuksimaailm-ffb.ee\/wp-content\/uploads\/2025\/01\/Screenshot-2025-01-13-160345.webp\" \/>\n\t<meta property=\"og:image:width\" content=\"816\" \/>\n\t<meta property=\"og:image:height\" content=\"798\" \/>\n\t<meta property=\"og:image:type\" content=\"image\/webp\" \/>\n<meta name=\"twitter:card\" content=\"summary_large_image\" \/>\n<meta name=\"twitter:label1\" content=\"Hinta\" \/>\n\t<meta name=\"twitter:data1\" content=\"&euro;19.50\" \/>\n\t<meta name=\"twitter:label2\" content=\"Saatavuus\" \/>\n\t<meta name=\"twitter:data2\" content=\"J\u00e4lkitoimituksessa\" \/>\n<meta property=\"product:price:amount\" content=\"19.50\" \/>\n<meta property=\"product:price:currency\" content=\"EUR\" \/>\n<meta property=\"og:availability\" content=\"backorder\" \/>\n<meta property=\"product:availability\" content=\"available for order\" \/>\n<meta property=\"product:condition\" content=\"new\" \/>\n<!-- \/ Yoast SEO Premium plugin. -->","yoast_head_json":{"title":"Niu KQi2 Pro etuhaarukka | T\u00f5uksimaailm | Varuosad","description":"Niu KQi2 Pro esihark kahvel (ka esikahvel),sobib elektrit\u00f5ukerattale Niu KQi2 Pro ning Niu elektrit\u00f5ukeratta kloonidele. Niu varuosa.","robots":{"index":"index","follow":"follow","max-snippet":"max-snippet:-1","max-image-preview":"max-image-preview:large","max-video-preview":"max-video-preview:-1"},"canonical":"https:\/\/www.xn--tuksimaailm-ffb.ee\/fi\/shop\/niu-kqi2-pro-etuhaarukka\/","og_locale":"fi_FI","og_type":"article","og_title":"Niu KQi2 Pro etuhaarukka","og_description":"Niu KQi2 Pro esihark kahvel (ka esikahvel),sobib elektrit\u00f5ukerattale Niu KQi2 Pro ning Niu elektrit\u00f5ukeratta kloonidele. Niu varuosa.","og_url":"https:\/\/www.xn--tuksimaailm-ffb.ee\/fi\/shop\/niu-kqi2-pro-etuhaarukka\/","og_site_name":"T\u00f5uksimaailm","article_publisher":"https:\/\/www.facebook.com\/touksimaailm\/","og_image":[{"width":816,"height":798,"url":"https:\/\/www.xn--tuksimaailm-ffb.ee\/wp-content\/uploads\/2025\/01\/Screenshot-2025-01-13-160345.webp","type":"image\/webp"}],"twitter_card":"summary_large_image","twitter_misc":{"Hinta":"&euro;19.50","Saatavuus":"J\u00e4lkitoimituksessa"},"schema":{"@context":"https:\/\/schema.org","@graph":[{"@type":"WebPage","@id":"https:\/\/www.xn--tuksimaailm-ffb.ee\/fi\/shop\/niu-kqi2-pro-etuhaarukka\/","url":"https:\/\/www.xn--tuksimaailm-ffb.ee\/fi\/shop\/niu-kqi2-pro-etuhaarukka\/","name":"Niu KQi2 Pro etuhaarukka | T\u00f5uksimaailm | Varuosad","isPartOf":{"@id":"https:\/\/www.xn--tuksimaailm-ffb.ee\/fi\/#website"},"primaryImageOfPage":{"@id":"https:\/\/www.xn--tuksimaailm-ffb.ee\/fi\/shop\/niu-kqi2-pro-etuhaarukka\/#primaryimage"},"image":{"@id":"https:\/\/www.xn--tuksimaailm-ffb.ee\/fi\/shop\/niu-kqi2-pro-etuhaarukka\/#primaryimage"},"thumbnailUrl":"https:\/\/www.xn--tuksimaailm-ffb.ee\/wp-content\/uploads\/2025\/01\/Screenshot-2025-01-13-160345.webp","datePublished":"2025-01-13T14:05:24+00:00","description":"Niu KQi2 Pro esihark kahvel (ka esikahvel),sobib elektrit\u00f5ukerattale Niu KQi2 Pro ning Niu elektrit\u00f5ukeratta kloonidele. Niu varuosa.","breadcrumb":{"@id":"https:\/\/www.xn--tuksimaailm-ffb.ee\/fi\/shop\/niu-kqi2-pro-etuhaarukka\/#breadcrumb"},"inLanguage":"fi","potentialAction":[{"@type":"ReadAction","target":["https:\/\/www.xn--tuksimaailm-ffb.ee\/fi\/shop\/niu-kqi2-pro-etuhaarukka\/"]}]},{"@type":"ImageObject","inLanguage":"fi","@id":"https:\/\/www.xn--tuksimaailm-ffb.ee\/fi\/shop\/niu-kqi2-pro-etuhaarukka\/#primaryimage","url":"https:\/\/www.xn--tuksimaailm-ffb.ee\/wp-content\/uploads\/2025\/01\/Screenshot-2025-01-13-160345.webp","contentUrl":"https:\/\/www.xn--tuksimaailm-ffb.ee\/wp-content\/uploads\/2025\/01\/Screenshot-2025-01-13-160345.webp","width":816,"height":798,"caption":"Niu KQi2 Pro esihark kahvel"},{"@type":"BreadcrumbList","@id":"https:\/\/www.xn--tuksimaailm-ffb.ee\/fi\/shop\/niu-kqi2-pro-etuhaarukka\/#breadcrumb","itemListElement":[{"@type":"ListItem","position":1,"name":"Home","item":"https:\/\/www.xn--tuksimaailm-ffb.ee\/fi\/kotisivu\/"},{"@type":"ListItem","position":2,"name":"Kauppa","item":"https:\/\/www.xn--tuksimaailm-ffb.ee\/elektritoukerataste-pood\/"},{"@type":"ListItem","position":3,"name":"Niu KQi2 Pro etuhaarukka"}]},{"@type":"WebSite","@id":"https:\/\/www.xn--tuksimaailm-ffb.ee\/fi\/#website","url":"https:\/\/www.xn--tuksimaailm-ffb.ee\/fi\/","name":"T\u00f5uksimaailm","description":"Elektrit\u00f5ukerataste m\u00fc\u00fck, remont ja rent","publisher":{"@id":"https:\/\/www.xn--tuksimaailm-ffb.ee\/fi\/#organization"},"potentialAction":[{"@type":"SearchAction","target":{"@type":"EntryPoint","urlTemplate":"https:\/\/www.xn--tuksimaailm-ffb.ee\/fi\/?s={search_term_string}"},"query-input":{"@type":"PropertyValueSpecification","valueRequired":true,"valueName":"search_term_string"}}],"inLanguage":"fi"},{"@type":"Organization","@id":"https:\/\/www.xn--tuksimaailm-ffb.ee\/fi\/#organization","name":"T\u00f5uksimaailm","url":"https:\/\/www.xn--tuksimaailm-ffb.ee\/fi\/","logo":{"@type":"ImageObject","inLanguage":"fi","@id":"https:\/\/www.xn--tuksimaailm-ffb.ee\/fi\/#\/schema\/logo\/image\/","url":"https:\/\/www.xn--tuksimaailm-ffb.ee\/wp-content\/uploads\/2020\/01\/logoz-e1579792875517.png","contentUrl":"https:\/\/www.xn--tuksimaailm-ffb.ee\/wp-content\/uploads\/2020\/01\/logoz-e1579792875517.png","width":250,"height":250,"caption":"T\u00f5uksimaailm"},"image":{"@id":"https:\/\/www.xn--tuksimaailm-ffb.ee\/fi\/#\/schema\/logo\/image\/"},"sameAs":["https:\/\/www.facebook.com\/touksimaailm\/","https:\/\/www.instagram.com\/touksimaailm_\/","https:\/\/www.youtube.com\/channel\/UC18ml0EKIDLP1xGuQjFzcXQ"]}]},"product_price_amount":"19.50","product_price_currency":"EUR","og_availability":"backorder","product_availability":"available for order","product_condition":"new"},"jetpack_sharing_enabled":true,"_links":{"self":[{"href":"https:\/\/www.xn--tuksimaailm-ffb.ee\/fi\/wp-json\/wp\/v2\/product\/57247","targetHints":{"allow":["GET"]}}],"collection":[{"href":"https:\/\/www.xn--tuksimaailm-ffb.ee\/fi\/wp-json\/wp\/v2\/product"}],"about":[{"href":"https:\/\/www.xn--tuksimaailm-ffb.ee\/fi\/wp-json\/wp\/v2\/types\/product"}],"wp:featuredmedia":[{"embeddable":true,"href":"https:\/\/www.xn--tuksimaailm-ffb.ee\/fi\/wp-json\/wp\/v2\/media\/54339"}],"wp:attachment":[{"href":"https:\/\/www.xn--tuksimaailm-ffb.ee\/fi\/wp-json\/wp\/v2\/media?parent=57247"}],"wp:term":[{"taxonomy":"product_brand","embeddable":true,"href":"https:\/\/www.xn--tuksimaailm-ffb.ee\/fi\/wp-json\/wp\/v2\/product_brand?post=57247"},{"taxonomy":"product_cat","embeddable":true,"href":"https:\/\/www.xn--tuksimaailm-ffb.ee\/fi\/wp-json\/wp\/v2\/product_cat?post=57247"},{"taxonomy":"product_tag","embeddable":true,"href":"https:\/\/www.xn--tuksimaailm-ffb.ee\/fi\/wp-json\/wp\/v2\/product_tag?post=57247"},{"taxonomy":"filter_elektritoukeratas","embeddable":true,"href":"https:\/\/www.xn--tuksimaailm-ffb.ee\/fi\/wp-json\/wp\/v2\/filter_elektritoukeratas?post=57247"}],"curies":[{"name":"wp","href":"https:\/\/api.w.org\/{rel}","templated":true}]}}