{"id":57251,"date":"2025-01-13T14:35:40","date_gmt":"2025-01-13T11:35:40","guid":{"rendered":"http:\/\/www.xn--tuksimaailm-ffb.ee\/shop\/niu-kqi-alkuperainen-ohjain-aly\/"},"modified":"2025-01-13T14:35:40","modified_gmt":"2025-01-13T11:35:40","slug":"niu-kqi-alkuperainen-ohjain-aly","status":"publish","type":"product","link":"https:\/\/www.xn--tuksimaailm-ffb.ee\/fi\/shop\/niu-kqi-alkuperainen-ohjain-aly\/","title":{"rendered":"Niu KQi alkuper\u00e4inen ohjain\/\u00e4ly"},"content":{"rendered":"<p>Niu KQi ohjain \/ aivot alkuper\u00e4inen (my\u00f6s aivot, emolevy, ohjausmoduuli), <strong>alkuper\u00e4inen varaosa<\/strong>. Niu KQi ohjain \/ aivot alkuper\u00e4inen ohjain sopii t\u00e4ydellisesti alkuper\u00e4iseen Niu s\u00e4hk\u00f6skootteriin.<\/p>\n<p>Erilaisen ohjelmiston vuoksi ohjain ei ole yhteensopiva samankaltaisten tai jopa identtisten Niu-kloonien\/-kopioiden kanssa! On my\u00f6s mahdotonta l\u00f6yt\u00e4\u00e4 Niu-s\u00e4hk\u00f6skoottereiden emolevykopiota, joka toimisi heti kun se on kytketty. Suurin ero kopioihin on kuitenkin elektroniikkakomponenteissa ja yleisess\u00e4 kokoonpanon laadussa. Kopioiden ohjausmoduulit ovat usein moninkertaisesti halvempia, mutta laatu on huonompi. Usein ne eiv\u00e4t kest\u00e4 normaaleissa ajo-olosuhteissa edes 100 kilometri\u00e4, ja pian joudut purkamaan s\u00e4hk\u00f6skootterin uudelleen ja vaihtamaan aivot. Siksi suosittelemme, ett\u00e4 Niu-s\u00e4hk\u00f6skoottereiden ohjain vaihdetaan heti uuteen alkuper\u00e4iseen varaosaan, jos ohjain vikaantuu. Jos skootterin korjaaminen tai emolevyn vaihtaminen on sinulle liikaa, s\u00e4hk\u00f6skoottereihin erikoistunut <a href=\"http:\/\/www.xn--tuksimaailm-ffb.ee\/elektrilise-toukeratta-remont\/\"><strong>korjaamomme<\/strong><\/a> voi auttaa.<\/p>\n","protected":false},"excerpt":{"rendered":"<p><em><strong>Toimitusaika: 6-10tp<\/strong><\/em><\/p>\n","protected":false},"featured_media":54272,"template":"","meta":[],"product_brand":[],"product_cat":[1698],"product_tag":[],"filter_elektritoukeratas":[3290,3291],"class_list":{"0":"post-57251","1":"product","2":"type-product","3":"status-publish","4":"has-post-thumbnail","6":"product_cat-varaosat","7":"filter_elektritoukeratas-ft_niu_kqi2_pro","8":"filter_elektritoukeratas-ft_niu_kqi3_pro_sport_max","10":"first","11":"onbackorder","12":"taxable","13":"shipping-taxable","14":"purchasable","15":"product-type-variable"},"yoast_head":"<!-- This site is optimized with the Yoast SEO Premium plugin v26.8 (Yoast SEO v27.5) - https:\/\/yoast.com\/product\/yoast-seo-premium-wordpress\/ -->\n<title>Niu KQi alkuper\u00e4inen ohjain\/\u00e4ly &#8212; T\u00f5uksimaailm<\/title>\n<meta name=\"description\" content=\"Niu KQi kontroller \/ aju originaal (ka aju, emaplaat, kontrollmoodul), originaal varuosa, elektrit\u00f5ukerattale Niu KQi2 Pro, KQi3 Pro, KQi3 Sport, KQi3 Max\" \/>\n<meta name=\"robots\" content=\"index, follow, max-snippet:-1, max-image-preview:large, max-video-preview:-1\" \/>\n<link rel=\"canonical\" href=\"https:\/\/www.xn--tuksimaailm-ffb.ee\/fi\/shop\/niu-kqi-alkuperainen-ohjain-aly\/\" \/>\n<meta property=\"og:locale\" content=\"fi_FI\" \/>\n<meta property=\"og:type\" content=\"article\" \/>\n<meta property=\"og:title\" content=\"Niu KQi alkuper\u00e4inen ohjain\/\u00e4ly\" \/>\n<meta property=\"og:description\" content=\"Niu KQi kontroller \/ aju originaal (ka aju, emaplaat, kontrollmoodul), originaal varuosa, elektrit\u00f5ukerattale Niu KQi2 Pro, KQi3 Pro, KQi3 Sport, KQi3 Max\" \/>\n<meta property=\"og:url\" content=\"https:\/\/www.xn--tuksimaailm-ffb.ee\/fi\/shop\/niu-kqi-alkuperainen-ohjain-aly\/\" \/>\n<meta property=\"og:site_name\" content=\"T\u00f5uksimaailm\" \/>\n<meta property=\"article:publisher\" content=\"https:\/\/www.facebook.com\/touksimaailm\/\" \/>\n<meta property=\"og:image\" content=\"https:\/\/www.xn--tuksimaailm-ffb.ee\/wp-content\/uploads\/2025\/01\/Screenshot-2025-01-13-133227.webp\" \/>\n\t<meta property=\"og:image:width\" content=\"486\" \/>\n\t<meta property=\"og:image:height\" content=\"402\" \/>\n\t<meta property=\"og:image:type\" content=\"image\/webp\" \/>\n<meta name=\"twitter:card\" content=\"summary_large_image\" \/>\n<meta name=\"twitter:label1\" content=\"Saatavuus\" \/>\n\t<meta name=\"twitter:data1\" content=\"J\u00e4lkitoimituksessa\" \/>\n<meta property=\"og:availability\" content=\"backorder\" \/>\n<meta property=\"product:availability\" content=\"available for order\" \/>\n<meta property=\"product:condition\" content=\"new\" \/>\n<!-- \/ Yoast SEO Premium plugin. -->","yoast_head_json":{"title":"Niu KQi alkuper\u00e4inen ohjain\/\u00e4ly &#8212; T\u00f5uksimaailm","description":"Niu KQi kontroller \/ aju originaal (ka aju, emaplaat, kontrollmoodul), originaal varuosa, elektrit\u00f5ukerattale Niu KQi2 Pro, KQi3 Pro, KQi3 Sport, KQi3 Max","robots":{"index":"index","follow":"follow","max-snippet":"max-snippet:-1","max-image-preview":"max-image-preview:large","max-video-preview":"max-video-preview:-1"},"canonical":"https:\/\/www.xn--tuksimaailm-ffb.ee\/fi\/shop\/niu-kqi-alkuperainen-ohjain-aly\/","og_locale":"fi_FI","og_type":"article","og_title":"Niu KQi alkuper\u00e4inen ohjain\/\u00e4ly","og_description":"Niu KQi kontroller \/ aju originaal (ka aju, emaplaat, kontrollmoodul), originaal varuosa, elektrit\u00f5ukerattale Niu KQi2 Pro, KQi3 Pro, KQi3 Sport, KQi3 Max","og_url":"https:\/\/www.xn--tuksimaailm-ffb.ee\/fi\/shop\/niu-kqi-alkuperainen-ohjain-aly\/","og_site_name":"T\u00f5uksimaailm","article_publisher":"https:\/\/www.facebook.com\/touksimaailm\/","og_image":[{"width":486,"height":402,"url":"https:\/\/www.xn--tuksimaailm-ffb.ee\/wp-content\/uploads\/2025\/01\/Screenshot-2025-01-13-133227.webp","type":"image\/webp"}],"twitter_card":"summary_large_image","twitter_misc":{"Saatavuus":"J\u00e4lkitoimituksessa"},"schema":{"@context":"https:\/\/schema.org","@graph":[{"@type":"WebPage","@id":"https:\/\/www.xn--tuksimaailm-ffb.ee\/fi\/shop\/niu-kqi-alkuperainen-ohjain-aly\/","url":"https:\/\/www.xn--tuksimaailm-ffb.ee\/fi\/shop\/niu-kqi-alkuperainen-ohjain-aly\/","name":"Niu KQi alkuper\u00e4inen ohjain\/\u00e4ly &#8212; T\u00f5uksimaailm","isPartOf":{"@id":"https:\/\/www.xn--tuksimaailm-ffb.ee\/fi\/#website"},"primaryImageOfPage":{"@id":"https:\/\/www.xn--tuksimaailm-ffb.ee\/fi\/shop\/niu-kqi-alkuperainen-ohjain-aly\/#primaryimage"},"image":{"@id":"https:\/\/www.xn--tuksimaailm-ffb.ee\/fi\/shop\/niu-kqi-alkuperainen-ohjain-aly\/#primaryimage"},"thumbnailUrl":"https:\/\/www.xn--tuksimaailm-ffb.ee\/wp-content\/uploads\/2025\/01\/Screenshot-2025-01-13-133227.webp","datePublished":"2025-01-13T11:35:40+00:00","description":"Niu KQi kontroller \/ aju originaal (ka aju, emaplaat, kontrollmoodul), originaal varuosa, elektrit\u00f5ukerattale Niu KQi2 Pro, KQi3 Pro, KQi3 Sport, KQi3 Max","breadcrumb":{"@id":"https:\/\/www.xn--tuksimaailm-ffb.ee\/fi\/shop\/niu-kqi-alkuperainen-ohjain-aly\/#breadcrumb"},"inLanguage":"fi","potentialAction":[{"@type":"ReadAction","target":["https:\/\/www.xn--tuksimaailm-ffb.ee\/fi\/shop\/niu-kqi-alkuperainen-ohjain-aly\/"]}]},{"@type":"ImageObject","inLanguage":"fi","@id":"https:\/\/www.xn--tuksimaailm-ffb.ee\/fi\/shop\/niu-kqi-alkuperainen-ohjain-aly\/#primaryimage","url":"https:\/\/www.xn--tuksimaailm-ffb.ee\/wp-content\/uploads\/2025\/01\/Screenshot-2025-01-13-133227.webp","contentUrl":"https:\/\/www.xn--tuksimaailm-ffb.ee\/wp-content\/uploads\/2025\/01\/Screenshot-2025-01-13-133227.webp","width":486,"height":402,"caption":"Niu KQi kontroller \/ aju originaal"},{"@type":"BreadcrumbList","@id":"https:\/\/www.xn--tuksimaailm-ffb.ee\/fi\/shop\/niu-kqi-alkuperainen-ohjain-aly\/#breadcrumb","itemListElement":[{"@type":"ListItem","position":1,"name":"Home","item":"https:\/\/www.xn--tuksimaailm-ffb.ee\/fi\/kotisivu\/"},{"@type":"ListItem","position":2,"name":"Kauppa","item":"https:\/\/www.xn--tuksimaailm-ffb.ee\/elektritoukerataste-pood\/"},{"@type":"ListItem","position":3,"name":"Niu KQi alkuper\u00e4inen ohjain\/\u00e4ly"}]},{"@type":"WebSite","@id":"https:\/\/www.xn--tuksimaailm-ffb.ee\/fi\/#website","url":"https:\/\/www.xn--tuksimaailm-ffb.ee\/fi\/","name":"T\u00f5uksimaailm","description":"Elektrit\u00f5ukerataste m\u00fc\u00fck, remont ja rent","publisher":{"@id":"https:\/\/www.xn--tuksimaailm-ffb.ee\/fi\/#organization"},"potentialAction":[{"@type":"SearchAction","target":{"@type":"EntryPoint","urlTemplate":"https:\/\/www.xn--tuksimaailm-ffb.ee\/fi\/?s={search_term_string}"},"query-input":{"@type":"PropertyValueSpecification","valueRequired":true,"valueName":"search_term_string"}}],"inLanguage":"fi"},{"@type":"Organization","@id":"https:\/\/www.xn--tuksimaailm-ffb.ee\/fi\/#organization","name":"T\u00f5uksimaailm","url":"https:\/\/www.xn--tuksimaailm-ffb.ee\/fi\/","logo":{"@type":"ImageObject","inLanguage":"fi","@id":"https:\/\/www.xn--tuksimaailm-ffb.ee\/fi\/#\/schema\/logo\/image\/","url":"https:\/\/www.xn--tuksimaailm-ffb.ee\/wp-content\/uploads\/2020\/01\/logoz-e1579792875517.png","contentUrl":"https:\/\/www.xn--tuksimaailm-ffb.ee\/wp-content\/uploads\/2020\/01\/logoz-e1579792875517.png","width":250,"height":250,"caption":"T\u00f5uksimaailm"},"image":{"@id":"https:\/\/www.xn--tuksimaailm-ffb.ee\/fi\/#\/schema\/logo\/image\/"},"sameAs":["https:\/\/www.facebook.com\/touksimaailm\/","https:\/\/www.instagram.com\/touksimaailm_\/","https:\/\/www.youtube.com\/channel\/UC18ml0EKIDLP1xGuQjFzcXQ"]}]},"og_availability":"backorder","product_availability":"available for order","product_condition":"new"},"jetpack_sharing_enabled":true,"_links":{"self":[{"href":"https:\/\/www.xn--tuksimaailm-ffb.ee\/fi\/wp-json\/wp\/v2\/product\/57251","targetHints":{"allow":["GET"]}}],"collection":[{"href":"https:\/\/www.xn--tuksimaailm-ffb.ee\/fi\/wp-json\/wp\/v2\/product"}],"about":[{"href":"https:\/\/www.xn--tuksimaailm-ffb.ee\/fi\/wp-json\/wp\/v2\/types\/product"}],"wp:featuredmedia":[{"embeddable":true,"href":"https:\/\/www.xn--tuksimaailm-ffb.ee\/fi\/wp-json\/wp\/v2\/media\/54272"}],"wp:attachment":[{"href":"https:\/\/www.xn--tuksimaailm-ffb.ee\/fi\/wp-json\/wp\/v2\/media?parent=57251"}],"wp:term":[{"taxonomy":"product_brand","embeddable":true,"href":"https:\/\/www.xn--tuksimaailm-ffb.ee\/fi\/wp-json\/wp\/v2\/product_brand?post=57251"},{"taxonomy":"product_cat","embeddable":true,"href":"https:\/\/www.xn--tuksimaailm-ffb.ee\/fi\/wp-json\/wp\/v2\/product_cat?post=57251"},{"taxonomy":"product_tag","embeddable":true,"href":"https:\/\/www.xn--tuksimaailm-ffb.ee\/fi\/wp-json\/wp\/v2\/product_tag?post=57251"},{"taxonomy":"filter_elektritoukeratas","embeddable":true,"href":"https:\/\/www.xn--tuksimaailm-ffb.ee\/fi\/wp-json\/wp\/v2\/filter_elektritoukeratas?post=57251"}],"curies":[{"name":"wp","href":"https:\/\/api.w.org\/{rel}","templated":true}]}}