{"id":57257,"date":"2024-01-24T15:20:05","date_gmt":"2024-01-24T12:20:05","guid":{"rendered":"http:\/\/www.xn--tuksimaailm-ffb.ee\/shop\/ohjain-emolevy-kugoo-g3\/"},"modified":"2024-01-24T15:20:05","modified_gmt":"2024-01-24T12:20:05","slug":"ohjain-emolevy-kugoo-g3","status":"publish","type":"product","link":"https:\/\/www.xn--tuksimaailm-ffb.ee\/fi\/shop\/ohjain-emolevy-kugoo-g3\/","title":{"rendered":"Ohjain emolevy Kugoo G3"},"content":{"rendered":"<p>Controller emolevy Kugoo G3 (my\u00f6s aivot, emolevy, ohjausmoduuli), <strong>alkuper\u00e4inen varaosa<\/strong>. Ohjaimen emolevy <a href=\"https:\/\/www.kugookirineu.com\/collections\/mad-power\/products\/kukirin-g3-pro-electric-scooter-range-monster\">Kugoo G3<\/a>on t\u00e4ysin yhteensopiva alkuper\u00e4isen s\u00e4hk\u00f6skootterin Kugoo G3 kanssa. Ohjain ei ole yhteensopiva samankaltaisten tai jopa identtisten s\u00e4hk\u00f6skootterin Kugoo G3 kloonien \/ kopioiden kanssa erilaisen ohjelmiston vuoksi! Suurin ero kopioihin on kuitenkin elektroniikkakomponenteissa ja yleisess\u00e4 kokoonpanon laadussa. Kopioiden ohjausmoduulit ovat usein moninkertaisesti halvempia, mutta laatu on huonompi. Usein ne eiv\u00e4t kest\u00e4 edes 100km normaaleissa ajo-olosuhteissa, ja joudut pian purkamaan s\u00e4hk\u00f6skootterin uudelleen ja vaihtamaan aivot. Siksi suosittelemme, ett\u00e4 Kugoo G3 -sarjan s\u00e4hk\u00f6potkulautaohjaimen vikaantuessa ohjain vaihdetaan v\u00e4litt\u00f6m\u00e4sti uuteen alkuper\u00e4iseen varaosaan.<\/p>\n<p>Jos s\u00e4hk\u00f6skootterin korjaaminen tai emolevyn vaihtaminen on sinulle liikaa, s\u00e4hk\u00f6skoottereihin erikoistunut <a href=\"http:\/\/www.xn--tuksimaailm-ffb.ee\/elektrilise-toukeratta-remont\/\"><strong>korjaamomme<\/strong><\/a> voi auttaa.<\/p>\n","protected":false},"excerpt":{"rendered":"<p>Controller emolevy Kugoo G3 (my\u00f6s aivot, emolevy, ohjausmoduuli), alkuper\u00e4inen varaosa. Ohjaimen emolevy Kugoo G3on t\u00e4ysin yhteensopiva alkuper\u00e4isen s\u00e4hk\u00f6skootterin Kugoo G3 kanssa. Ohjain ei ole yhteensopiva samankaltaisten tai jopa identtisten s\u00e4hk\u00f6skootterin Kugoo G3 kloonien \/ kopioiden kanssa erilaisen ohjelmiston vuoksi! Suurin ero kopioihin on kuitenkin elektroniikkakomponenteissa ja yleisess\u00e4 kokoonpanon laadussa. Kopioiden &hellip;<\/p>\n","protected":false},"featured_media":40959,"template":"","meta":[],"product_brand":[],"product_cat":[1698],"product_tag":[],"filter_elektritoukeratas":[],"class_list":{"0":"post-57257","1":"product","2":"type-product","3":"status-publish","4":"has-post-thumbnail","6":"product_cat-varaosat","7":"pa_tootetuup-kontrollerid-emaplaadid","9":"first","10":"instock","11":"taxable","12":"shipping-taxable","13":"purchasable","14":"product-type-variable"},"yoast_head":"<!-- This site is optimized with the Yoast SEO Premium plugin v26.8 (Yoast SEO v27.5) - https:\/\/yoast.com\/product\/yoast-seo-premium-wordpress\/ -->\n<title>Ohjain emolevy Kugoo G3 &#8212; T\u00f5uksimaailm<\/title>\n<meta name=\"description\" content=\"Elektrit\u00f5ukeratas Kontroller emaplaat Kugoo G3 (ka aju, emaplaat, kontrollmoodul), originaal varuosa. Sobib elektriline t\u00f5ukeratas Kugoo G3\" \/>\n<meta name=\"robots\" content=\"index, follow, max-snippet:-1, max-image-preview:large, max-video-preview:-1\" \/>\n<link rel=\"canonical\" href=\"https:\/\/www.xn--tuksimaailm-ffb.ee\/fi\/shop\/ohjain-emolevy-kugoo-g3\/\" \/>\n<meta property=\"og:locale\" content=\"fi_FI\" \/>\n<meta property=\"og:type\" content=\"article\" \/>\n<meta property=\"og:title\" content=\"Ohjain emolevy Kugoo G3\" \/>\n<meta property=\"og:description\" content=\"Elektrit\u00f5ukeratas Kontroller emaplaat Kugoo G3 (ka aju, emaplaat, kontrollmoodul), originaal varuosa. Sobib elektriline t\u00f5ukeratas Kugoo G3\" \/>\n<meta property=\"og:url\" content=\"https:\/\/www.xn--tuksimaailm-ffb.ee\/fi\/shop\/ohjain-emolevy-kugoo-g3\/\" \/>\n<meta property=\"og:site_name\" content=\"T\u00f5uksimaailm\" \/>\n<meta property=\"article:publisher\" content=\"https:\/\/www.facebook.com\/touksimaailm\/\" \/>\n<meta property=\"og:image\" content=\"https:\/\/www.xn--tuksimaailm-ffb.ee\/wp-content\/uploads\/2024\/01\/Screenshot-2024-01-24-151442.png\" \/>\n\t<meta property=\"og:image:width\" content=\"377\" \/>\n\t<meta property=\"og:image:height\" content=\"350\" \/>\n\t<meta property=\"og:image:type\" content=\"image\/png\" \/>\n<meta name=\"twitter:card\" content=\"summary_large_image\" \/>\n<meta name=\"twitter:label1\" content=\"Saatavuus\" \/>\n\t<meta name=\"twitter:data1\" content=\"Varastossa\" \/>\n<meta property=\"og:availability\" content=\"instock\" \/>\n<meta property=\"product:availability\" content=\"instock\" \/>\n<meta property=\"product:condition\" content=\"new\" \/>\n<!-- \/ Yoast SEO Premium plugin. -->","yoast_head_json":{"title":"Ohjain emolevy Kugoo G3 &#8212; T\u00f5uksimaailm","description":"Elektrit\u00f5ukeratas Kontroller emaplaat Kugoo G3 (ka aju, emaplaat, kontrollmoodul), originaal varuosa. Sobib elektriline t\u00f5ukeratas Kugoo G3","robots":{"index":"index","follow":"follow","max-snippet":"max-snippet:-1","max-image-preview":"max-image-preview:large","max-video-preview":"max-video-preview:-1"},"canonical":"https:\/\/www.xn--tuksimaailm-ffb.ee\/fi\/shop\/ohjain-emolevy-kugoo-g3\/","og_locale":"fi_FI","og_type":"article","og_title":"Ohjain emolevy Kugoo G3","og_description":"Elektrit\u00f5ukeratas Kontroller emaplaat Kugoo G3 (ka aju, emaplaat, kontrollmoodul), originaal varuosa. Sobib elektriline t\u00f5ukeratas Kugoo G3","og_url":"https:\/\/www.xn--tuksimaailm-ffb.ee\/fi\/shop\/ohjain-emolevy-kugoo-g3\/","og_site_name":"T\u00f5uksimaailm","article_publisher":"https:\/\/www.facebook.com\/touksimaailm\/","og_image":[{"width":377,"height":350,"url":"https:\/\/www.xn--tuksimaailm-ffb.ee\/wp-content\/uploads\/2024\/01\/Screenshot-2024-01-24-151442.png","type":"image\/png"}],"twitter_card":"summary_large_image","twitter_misc":{"Saatavuus":"Varastossa"},"schema":{"@context":"https:\/\/schema.org","@graph":[{"@type":"WebPage","@id":"https:\/\/www.xn--tuksimaailm-ffb.ee\/fi\/shop\/ohjain-emolevy-kugoo-g3\/","url":"https:\/\/www.xn--tuksimaailm-ffb.ee\/fi\/shop\/ohjain-emolevy-kugoo-g3\/","name":"Ohjain emolevy Kugoo G3 &#8212; T\u00f5uksimaailm","isPartOf":{"@id":"https:\/\/www.xn--tuksimaailm-ffb.ee\/fi\/#website"},"primaryImageOfPage":{"@id":"https:\/\/www.xn--tuksimaailm-ffb.ee\/fi\/shop\/ohjain-emolevy-kugoo-g3\/#primaryimage"},"image":{"@id":"https:\/\/www.xn--tuksimaailm-ffb.ee\/fi\/shop\/ohjain-emolevy-kugoo-g3\/#primaryimage"},"thumbnailUrl":"https:\/\/www.xn--tuksimaailm-ffb.ee\/wp-content\/uploads\/2024\/01\/Screenshot-2024-01-24-151442.png","datePublished":"2024-01-24T12:20:05+00:00","description":"Elektrit\u00f5ukeratas Kontroller emaplaat Kugoo G3 (ka aju, emaplaat, kontrollmoodul), originaal varuosa. Sobib elektriline t\u00f5ukeratas Kugoo G3","breadcrumb":{"@id":"https:\/\/www.xn--tuksimaailm-ffb.ee\/fi\/shop\/ohjain-emolevy-kugoo-g3\/#breadcrumb"},"inLanguage":"fi","potentialAction":[{"@type":"ReadAction","target":["https:\/\/www.xn--tuksimaailm-ffb.ee\/fi\/shop\/ohjain-emolevy-kugoo-g3\/"]}]},{"@type":"ImageObject","inLanguage":"fi","@id":"https:\/\/www.xn--tuksimaailm-ffb.ee\/fi\/shop\/ohjain-emolevy-kugoo-g3\/#primaryimage","url":"https:\/\/www.xn--tuksimaailm-ffb.ee\/wp-content\/uploads\/2024\/01\/Screenshot-2024-01-24-151442.png","contentUrl":"https:\/\/www.xn--tuksimaailm-ffb.ee\/wp-content\/uploads\/2024\/01\/Screenshot-2024-01-24-151442.png","width":377,"height":350,"caption":"Kontroller emaplaat Kugoo G3"},{"@type":"BreadcrumbList","@id":"https:\/\/www.xn--tuksimaailm-ffb.ee\/fi\/shop\/ohjain-emolevy-kugoo-g3\/#breadcrumb","itemListElement":[{"@type":"ListItem","position":1,"name":"Home","item":"https:\/\/www.xn--tuksimaailm-ffb.ee\/fi\/kotisivu\/"},{"@type":"ListItem","position":2,"name":"Kauppa","item":"https:\/\/www.xn--tuksimaailm-ffb.ee\/elektritoukerataste-pood\/"},{"@type":"ListItem","position":3,"name":"Ohjain emolevy Kugoo G3"}]},{"@type":"WebSite","@id":"https:\/\/www.xn--tuksimaailm-ffb.ee\/fi\/#website","url":"https:\/\/www.xn--tuksimaailm-ffb.ee\/fi\/","name":"T\u00f5uksimaailm","description":"Elektrit\u00f5ukerataste m\u00fc\u00fck, remont ja rent","publisher":{"@id":"https:\/\/www.xn--tuksimaailm-ffb.ee\/fi\/#organization"},"potentialAction":[{"@type":"SearchAction","target":{"@type":"EntryPoint","urlTemplate":"https:\/\/www.xn--tuksimaailm-ffb.ee\/fi\/?s={search_term_string}"},"query-input":{"@type":"PropertyValueSpecification","valueRequired":true,"valueName":"search_term_string"}}],"inLanguage":"fi"},{"@type":"Organization","@id":"https:\/\/www.xn--tuksimaailm-ffb.ee\/fi\/#organization","name":"T\u00f5uksimaailm","url":"https:\/\/www.xn--tuksimaailm-ffb.ee\/fi\/","logo":{"@type":"ImageObject","inLanguage":"fi","@id":"https:\/\/www.xn--tuksimaailm-ffb.ee\/fi\/#\/schema\/logo\/image\/","url":"https:\/\/www.xn--tuksimaailm-ffb.ee\/wp-content\/uploads\/2020\/01\/logoz-e1579792875517.png","contentUrl":"https:\/\/www.xn--tuksimaailm-ffb.ee\/wp-content\/uploads\/2020\/01\/logoz-e1579792875517.png","width":250,"height":250,"caption":"T\u00f5uksimaailm"},"image":{"@id":"https:\/\/www.xn--tuksimaailm-ffb.ee\/fi\/#\/schema\/logo\/image\/"},"sameAs":["https:\/\/www.facebook.com\/touksimaailm\/","https:\/\/www.instagram.com\/touksimaailm_\/","https:\/\/www.youtube.com\/channel\/UC18ml0EKIDLP1xGuQjFzcXQ"]}]},"og_availability":"instock","product_availability":"instock","product_condition":"new"},"jetpack_sharing_enabled":true,"_links":{"self":[{"href":"https:\/\/www.xn--tuksimaailm-ffb.ee\/fi\/wp-json\/wp\/v2\/product\/57257","targetHints":{"allow":["GET"]}}],"collection":[{"href":"https:\/\/www.xn--tuksimaailm-ffb.ee\/fi\/wp-json\/wp\/v2\/product"}],"about":[{"href":"https:\/\/www.xn--tuksimaailm-ffb.ee\/fi\/wp-json\/wp\/v2\/types\/product"}],"wp:featuredmedia":[{"embeddable":true,"href":"https:\/\/www.xn--tuksimaailm-ffb.ee\/fi\/wp-json\/wp\/v2\/media\/40959"}],"wp:attachment":[{"href":"https:\/\/www.xn--tuksimaailm-ffb.ee\/fi\/wp-json\/wp\/v2\/media?parent=57257"}],"wp:term":[{"taxonomy":"product_brand","embeddable":true,"href":"https:\/\/www.xn--tuksimaailm-ffb.ee\/fi\/wp-json\/wp\/v2\/product_brand?post=57257"},{"taxonomy":"product_cat","embeddable":true,"href":"https:\/\/www.xn--tuksimaailm-ffb.ee\/fi\/wp-json\/wp\/v2\/product_cat?post=57257"},{"taxonomy":"product_tag","embeddable":true,"href":"https:\/\/www.xn--tuksimaailm-ffb.ee\/fi\/wp-json\/wp\/v2\/product_tag?post=57257"},{"taxonomy":"filter_elektritoukeratas","embeddable":true,"href":"https:\/\/www.xn--tuksimaailm-ffb.ee\/fi\/wp-json\/wp\/v2\/filter_elektritoukeratas?post=57257"}],"curies":[{"name":"wp","href":"https:\/\/api.w.org\/{rel}","templated":true}]}}