{"id":57259,"date":"2024-01-19T20:03:32","date_gmt":"2024-01-19T17:03:32","guid":{"rendered":"http:\/\/www.xn--tuksimaailm-ffb.ee\/shop\/niu-kqi3-kqi2-kaasukahva\/"},"modified":"2024-01-19T20:03:32","modified_gmt":"2024-01-19T17:03:32","slug":"niu-kqi3-kqi2-kaasukahva","status":"publish","type":"product","link":"https:\/\/www.xn--tuksimaailm-ffb.ee\/fi\/shop\/niu-kqi3-kqi2-kaasukahva\/","title":{"rendered":"Niu KQi3 KQi2 kaasukahva"},"content":{"rendered":"<p>Niu KQi3 KQi2 kaasupoljin (my\u00f6s kaasuhuppu, kaasu, kaasulenkki, kaasulenkki, kaasupoljin, nopeudens\u00e4\u00e4din, kytkin). Kaasupoljin on varustettu magneettisella anturilla. Kun kaasupoljinta painetaan, anturi l\u00e4hett\u00e4\u00e4 komennon kiihdytysohjaimelle. Sopii <a href=\"http:\/\/www.xn--tuksimaailm-ffb.ee\/shop\/niu-kqi2-pro-elektritoukeratas\/\">Niu KQi2 Pro<\/a>, <a href=\"https:\/\/www.niu.com\/en\/product\/kqi3\">Niu KQi3 Pro , <\/a><a href=\"http:\/\/www.xn--tuksimaailm-ffb.ee\/shop\/niu-kqi-3-sport-elektritoukeratas\/\">Niu KQi3 Sport<\/a>, <a href=\"http:\/\/www.xn--tuksimaailm-ffb.ee\/shop\/niu-kqi3-max-elektritoukeratas\/\">Niu KQi3 Max<\/a>.<\/p>\n<p>Jos sinulla on vaikeuksia vaihtaa kaasupoljin s\u00e4hk\u00f6potkulautaasi itse, s\u00e4hk\u00f6potkulautoihin erikoistunut <a href=\"http:\/\/www.xn--tuksimaailm-ffb.ee\/elektrilise-toukeratta-remont\/\">korjaamomme<\/a> voi auttaa.<\/p>\n","protected":false},"excerpt":{"rendered":"<p>Niu KQi3 KQi2 kaasupoljin (my\u00f6s kaasuhuppu, kaasu, kaasulenkki, kaasulenkki, kaasupoljin, nopeudens\u00e4\u00e4din, kytkin). Kaasupoljin on varustettu magneettisella anturilla. Kun kaasupoljinta painetaan, anturi l\u00e4hett\u00e4\u00e4 komennon kiihdytysohjaimelle. Sopii Niu KQi2 Pro, Niu KQi3 Pro , Niu KQi3 Sport, Niu KQi3 Max. Jos sinulla on vaikeuksia vaihtaa kaasupoljin s\u00e4hk\u00f6potkulautaasi itse, s\u00e4hk\u00f6potkulautoihin erikoistunut korjaamomme voi &hellip;<\/p>\n","protected":false},"featured_media":40858,"template":"","meta":[],"product_brand":[],"product_cat":[1698],"product_tag":[],"filter_elektritoukeratas":[],"class_list":{"0":"post-57259","1":"product","2":"type-product","3":"status-publish","4":"has-post-thumbnail","6":"product_cat-varaosat","7":"pa_tootetuup-gaasid-ekraanid-display-d","9":"first","10":"instock","11":"taxable","12":"shipping-taxable","13":"purchasable","14":"product-type-simple"},"yoast_head":"<!-- This site is optimized with the Yoast SEO Premium plugin v26.8 (Yoast SEO v27.5) - https:\/\/yoast.com\/product\/yoast-seo-premium-wordpress\/ -->\n<title>Niu KQi3 KQi2 kaasukahva &#8212; T\u00f5uksimaailm - Varuosad<\/title>\n<meta name=\"description\" content=\"Elektrilise t\u00f5ukeratta Niu KQi3 KQi2 gaasipedaal (gaasinupp, gaas, gaasilink, kiirendaja, kiiruse kontroller, l\u00fcliti), sobib elektrit\u00f5ukeratas Niu KQi3\" \/>\n<meta name=\"robots\" content=\"index, follow, max-snippet:-1, max-image-preview:large, max-video-preview:-1\" \/>\n<link rel=\"canonical\" href=\"https:\/\/www.xn--tuksimaailm-ffb.ee\/fi\/shop\/niu-kqi3-kqi2-kaasukahva\/\" \/>\n<meta property=\"og:locale\" content=\"fi_FI\" \/>\n<meta property=\"og:type\" content=\"article\" \/>\n<meta property=\"og:title\" content=\"Niu KQi3 KQi2 kaasukahva\" \/>\n<meta property=\"og:description\" content=\"Elektrilise t\u00f5ukeratta Niu KQi3 KQi2 gaasipedaal (gaasinupp, gaas, gaasilink, kiirendaja, kiiruse kontroller, l\u00fcliti), sobib elektrit\u00f5ukeratas Niu KQi3\" \/>\n<meta property=\"og:url\" content=\"https:\/\/www.xn--tuksimaailm-ffb.ee\/fi\/shop\/niu-kqi3-kqi2-kaasukahva\/\" \/>\n<meta property=\"og:site_name\" content=\"T\u00f5uksimaailm\" \/>\n<meta property=\"article:publisher\" content=\"https:\/\/www.facebook.com\/touksimaailm\/\" \/>\n<meta property=\"og:image\" content=\"https:\/\/www.xn--tuksimaailm-ffb.ee\/wp-content\/uploads\/2024\/01\/Screenshot-2024-01-19-190852.png\" \/>\n\t<meta property=\"og:image:width\" content=\"500\" \/>\n\t<meta property=\"og:image:height\" content=\"428\" \/>\n\t<meta property=\"og:image:type\" content=\"image\/png\" \/>\n<meta name=\"twitter:card\" content=\"summary_large_image\" \/>\n<meta name=\"twitter:label1\" content=\"Hinta\" \/>\n\t<meta name=\"twitter:data1\" content=\"&euro;19.00\" \/>\n\t<meta name=\"twitter:label2\" content=\"Saatavuus\" \/>\n\t<meta name=\"twitter:data2\" content=\"Varastossa\" \/>\n<meta property=\"product:price:amount\" content=\"19.00\" \/>\n<meta property=\"product:price:currency\" content=\"EUR\" \/>\n<meta property=\"og:availability\" content=\"instock\" \/>\n<meta property=\"product:availability\" content=\"instock\" \/>\n<meta property=\"product:condition\" content=\"new\" \/>\n<!-- \/ Yoast SEO Premium plugin. -->","yoast_head_json":{"title":"Niu KQi3 KQi2 kaasukahva &#8212; T\u00f5uksimaailm - Varuosad","description":"Elektrilise t\u00f5ukeratta Niu KQi3 KQi2 gaasipedaal (gaasinupp, gaas, gaasilink, kiirendaja, kiiruse kontroller, l\u00fcliti), sobib elektrit\u00f5ukeratas Niu KQi3","robots":{"index":"index","follow":"follow","max-snippet":"max-snippet:-1","max-image-preview":"max-image-preview:large","max-video-preview":"max-video-preview:-1"},"canonical":"https:\/\/www.xn--tuksimaailm-ffb.ee\/fi\/shop\/niu-kqi3-kqi2-kaasukahva\/","og_locale":"fi_FI","og_type":"article","og_title":"Niu KQi3 KQi2 kaasukahva","og_description":"Elektrilise t\u00f5ukeratta Niu KQi3 KQi2 gaasipedaal (gaasinupp, gaas, gaasilink, kiirendaja, kiiruse kontroller, l\u00fcliti), sobib elektrit\u00f5ukeratas Niu KQi3","og_url":"https:\/\/www.xn--tuksimaailm-ffb.ee\/fi\/shop\/niu-kqi3-kqi2-kaasukahva\/","og_site_name":"T\u00f5uksimaailm","article_publisher":"https:\/\/www.facebook.com\/touksimaailm\/","og_image":[{"width":500,"height":428,"url":"https:\/\/www.xn--tuksimaailm-ffb.ee\/wp-content\/uploads\/2024\/01\/Screenshot-2024-01-19-190852.png","type":"image\/png"}],"twitter_card":"summary_large_image","twitter_misc":{"Hinta":"&euro;19.00","Saatavuus":"Varastossa"},"schema":{"@context":"https:\/\/schema.org","@graph":[{"@type":"WebPage","@id":"https:\/\/www.xn--tuksimaailm-ffb.ee\/fi\/shop\/niu-kqi3-kqi2-kaasukahva\/","url":"https:\/\/www.xn--tuksimaailm-ffb.ee\/fi\/shop\/niu-kqi3-kqi2-kaasukahva\/","name":"Niu KQi3 KQi2 kaasukahva &#8212; T\u00f5uksimaailm - Varuosad","isPartOf":{"@id":"https:\/\/www.xn--tuksimaailm-ffb.ee\/fi\/#website"},"primaryImageOfPage":{"@id":"https:\/\/www.xn--tuksimaailm-ffb.ee\/fi\/shop\/niu-kqi3-kqi2-kaasukahva\/#primaryimage"},"image":{"@id":"https:\/\/www.xn--tuksimaailm-ffb.ee\/fi\/shop\/niu-kqi3-kqi2-kaasukahva\/#primaryimage"},"thumbnailUrl":"https:\/\/www.xn--tuksimaailm-ffb.ee\/wp-content\/uploads\/2024\/01\/Screenshot-2024-01-19-190852.png","datePublished":"2024-01-19T17:03:32+00:00","description":"Elektrilise t\u00f5ukeratta Niu KQi3 KQi2 gaasipedaal (gaasinupp, gaas, gaasilink, kiirendaja, kiiruse kontroller, l\u00fcliti), sobib elektrit\u00f5ukeratas Niu KQi3","breadcrumb":{"@id":"https:\/\/www.xn--tuksimaailm-ffb.ee\/fi\/shop\/niu-kqi3-kqi2-kaasukahva\/#breadcrumb"},"inLanguage":"fi","potentialAction":[{"@type":"ReadAction","target":["https:\/\/www.xn--tuksimaailm-ffb.ee\/fi\/shop\/niu-kqi3-kqi2-kaasukahva\/"]}]},{"@type":"ImageObject","inLanguage":"fi","@id":"https:\/\/www.xn--tuksimaailm-ffb.ee\/fi\/shop\/niu-kqi3-kqi2-kaasukahva\/#primaryimage","url":"https:\/\/www.xn--tuksimaailm-ffb.ee\/wp-content\/uploads\/2024\/01\/Screenshot-2024-01-19-190852.png","contentUrl":"https:\/\/www.xn--tuksimaailm-ffb.ee\/wp-content\/uploads\/2024\/01\/Screenshot-2024-01-19-190852.png","width":500,"height":428,"caption":"Niu KQi3 gaasipedaal"},{"@type":"BreadcrumbList","@id":"https:\/\/www.xn--tuksimaailm-ffb.ee\/fi\/shop\/niu-kqi3-kqi2-kaasukahva\/#breadcrumb","itemListElement":[{"@type":"ListItem","position":1,"name":"Home","item":"https:\/\/www.xn--tuksimaailm-ffb.ee\/fi\/kotisivu\/"},{"@type":"ListItem","position":2,"name":"Kauppa","item":"https:\/\/www.xn--tuksimaailm-ffb.ee\/elektritoukerataste-pood\/"},{"@type":"ListItem","position":3,"name":"Niu KQi3 KQi2 kaasukahva"}]},{"@type":"WebSite","@id":"https:\/\/www.xn--tuksimaailm-ffb.ee\/fi\/#website","url":"https:\/\/www.xn--tuksimaailm-ffb.ee\/fi\/","name":"T\u00f5uksimaailm","description":"Elektrit\u00f5ukerataste m\u00fc\u00fck, remont ja rent","publisher":{"@id":"https:\/\/www.xn--tuksimaailm-ffb.ee\/fi\/#organization"},"potentialAction":[{"@type":"SearchAction","target":{"@type":"EntryPoint","urlTemplate":"https:\/\/www.xn--tuksimaailm-ffb.ee\/fi\/?s={search_term_string}"},"query-input":{"@type":"PropertyValueSpecification","valueRequired":true,"valueName":"search_term_string"}}],"inLanguage":"fi"},{"@type":"Organization","@id":"https:\/\/www.xn--tuksimaailm-ffb.ee\/fi\/#organization","name":"T\u00f5uksimaailm","url":"https:\/\/www.xn--tuksimaailm-ffb.ee\/fi\/","logo":{"@type":"ImageObject","inLanguage":"fi","@id":"https:\/\/www.xn--tuksimaailm-ffb.ee\/fi\/#\/schema\/logo\/image\/","url":"https:\/\/www.xn--tuksimaailm-ffb.ee\/wp-content\/uploads\/2020\/01\/logoz-e1579792875517.png","contentUrl":"https:\/\/www.xn--tuksimaailm-ffb.ee\/wp-content\/uploads\/2020\/01\/logoz-e1579792875517.png","width":250,"height":250,"caption":"T\u00f5uksimaailm"},"image":{"@id":"https:\/\/www.xn--tuksimaailm-ffb.ee\/fi\/#\/schema\/logo\/image\/"},"sameAs":["https:\/\/www.facebook.com\/touksimaailm\/","https:\/\/www.instagram.com\/touksimaailm_\/","https:\/\/www.youtube.com\/channel\/UC18ml0EKIDLP1xGuQjFzcXQ"]}]},"product_price_amount":"19.00","product_price_currency":"EUR","og_availability":"instock","product_availability":"instock","product_condition":"new"},"jetpack_sharing_enabled":true,"_links":{"self":[{"href":"https:\/\/www.xn--tuksimaailm-ffb.ee\/fi\/wp-json\/wp\/v2\/product\/57259","targetHints":{"allow":["GET"]}}],"collection":[{"href":"https:\/\/www.xn--tuksimaailm-ffb.ee\/fi\/wp-json\/wp\/v2\/product"}],"about":[{"href":"https:\/\/www.xn--tuksimaailm-ffb.ee\/fi\/wp-json\/wp\/v2\/types\/product"}],"wp:featuredmedia":[{"embeddable":true,"href":"https:\/\/www.xn--tuksimaailm-ffb.ee\/fi\/wp-json\/wp\/v2\/media\/40858"}],"wp:attachment":[{"href":"https:\/\/www.xn--tuksimaailm-ffb.ee\/fi\/wp-json\/wp\/v2\/media?parent=57259"}],"wp:term":[{"taxonomy":"product_brand","embeddable":true,"href":"https:\/\/www.xn--tuksimaailm-ffb.ee\/fi\/wp-json\/wp\/v2\/product_brand?post=57259"},{"taxonomy":"product_cat","embeddable":true,"href":"https:\/\/www.xn--tuksimaailm-ffb.ee\/fi\/wp-json\/wp\/v2\/product_cat?post=57259"},{"taxonomy":"product_tag","embeddable":true,"href":"https:\/\/www.xn--tuksimaailm-ffb.ee\/fi\/wp-json\/wp\/v2\/product_tag?post=57259"},{"taxonomy":"filter_elektritoukeratas","embeddable":true,"href":"https:\/\/www.xn--tuksimaailm-ffb.ee\/fi\/wp-json\/wp\/v2\/filter_elektritoukeratas?post=57259"}],"curies":[{"name":"wp","href":"https:\/\/api.w.org\/{rel}","templated":true}]}}