{"id":57260,"date":"2024-01-19T18:49:39","date_gmt":"2024-01-19T15:49:39","guid":{"rendered":"http:\/\/www.xn--tuksimaailm-ffb.ee\/shop\/kugoo-kukirin-g2-pro-sisarengas-8-1-2x2\/"},"modified":"2024-01-19T18:49:39","modified_gmt":"2024-01-19T15:49:39","slug":"kugoo-kukirin-g2-pro-sisarengas-8-1-2x2","status":"publish","type":"product","link":"https:\/\/www.xn--tuksimaailm-ffb.ee\/fi\/shop\/kugoo-kukirin-g2-pro-sisarengas-8-1-2x2\/","title":{"rendered":"Kugoo KuKirin G2 Pro sis\u00e4rengas 8 1\/2x2\""},"content":{"rendered":"<p>Kugoo KuKirin G2 Pro sis\u00e4rengas 8 1\/2x2\u201d 90 astetta (my\u00f6s sis\u00e4rengas, sis\u00e4rengas, ilmarengas). Sopii asennettavaksi<strong>8,5\u00d72,00\u2033 <\/strong>tai<strong> 8,5\u00d73,00\u2033<\/strong> sis\u00e4renkaan tilalle \/ ulkorenkaaseen. Sopii vuonna 2022 julkaistuun Kugoo KuKirin G2 Pro s\u00e4hk\u00f6potkulautaan. Kugoo KuKirin G2 Pro 90 asteen 8 1\/2x2\u201d sis\u00e4putki sopii <strong>vain takapy\u00f6r\u00e4\u00e4n<\/strong>. Kugoo G2 pro etupy\u00f6r\u00e4n sis\u00e4navan l\u00f6yd\u00e4t <a href=\"http:\/\/www.xn--tuksimaailm-ffb.ee\/shop\/sisekumm-8-5x2-8-1-2x2-125g-9045-kraadi\/\">t\u00e4\u00e4lt\u00e4.<\/a><\/p>\n<p>S\u00e4hk\u00f6skootterin sisempi napa on <strong>automaattinen venttiili (AV)<\/strong>, jota voidaan pumpata useimmilla pumpuilla. Koska s\u00e4hk\u00f6skootterien renkaat ovat pienen kokonsa ja ilmakapasiteettinsa vuoksi alttiita puhkeamaan iskujen seurauksena, suosittelemme rengaspaineen tarkistamista kerran kahdessa viikossa tai ennen jokaista ajokertaa, jos s\u00e4hk\u00f6skootterilla ajetaan harvemmin. Renkaita t\u00e4ytett\u00e4ess\u00e4 suosittelemme <a href=\"http:\/\/www.xn--tuksimaailm-ffb.ee\/tootekategooria\/lisavarustus\/\">painemittaripumppujen<\/a> k\u00e4ytt\u00f6\u00e4, jotta voidaan varmistaa, ett\u00e4 rengaspaine on t\u00e4sm\u00e4lleen s\u00e4hk\u00f6skootterin valmistajan suosittelema. Jos s\u00e4hk\u00f6skootterin sis\u00e4renkaan vaihtaminen on liian ty\u00f6l\u00e4st\u00e4 tai sinulla ei ole ty\u00f6kaluja, s\u00e4hk\u00f6skootteriin erikoistunut <a href=\"http:\/\/www.xn--tuksimaailm-ffb.ee\/elektrilise-toukeratta-remont\/\">korjaamomme<\/a> voi auttaa. Voimme my\u00f6s suorittaa sis\u00e4renkaiden vaihdon valmiustilassa. Voit lukea lis\u00e4\u00e4 s\u00e4hk\u00f6skootterin renkaiden vaihdosta <a href=\"http:\/\/www.xn--tuksimaailm-ffb.ee\/elektritoukeratta-rehvivahetus\/\">blogikirjoituksestamme<\/a>.<\/p>\n","protected":false},"excerpt":{"rendered":"<p>Kugoo KuKirin G2 Pro sis\u00e4rengas 8 1\/2x2\u201d 90 astetta (my\u00f6s sis\u00e4rengas, sis\u00e4rengas, ilmarengas). Sopii asennettavaksi8,5\u00d72,00\u2033 tai 8,5\u00d73,00\u2033 sis\u00e4renkaan tilalle \/ ulkorenkaaseen. Sopii vuonna 2022 julkaistuun Kugoo KuKirin G2 Pro s\u00e4hk\u00f6potkulautaan. Kugoo KuKirin G2 Pro 90 asteen 8 1\/2x2\u201d sis\u00e4putki sopii vain takapy\u00f6r\u00e4\u00e4n. Kugoo G2 pro etupy\u00f6r\u00e4n sis\u00e4navan l\u00f6yd\u00e4t t\u00e4\u00e4lt\u00e4. S\u00e4hk\u00f6skootterin &hellip;<\/p>\n","protected":false},"featured_media":40849,"template":"","meta":[],"product_brand":[],"product_cat":[1698],"product_tag":[3264,3403],"filter_elektritoukeratas":[2669],"class_list":{"0":"post-57260","1":"product","2":"type-product","3":"status-publish","4":"has-post-thumbnail","6":"product_cat-varaosat","7":"product_tag-kugoo-varuosad-fi","8":"product_tag-siserehvid-fi","9":"pa_tootetuup-siserehvid-fi","10":"filter_elektritoukeratas-ft_kugoo_g2_pro","12":"first","13":"instock","14":"taxable","15":"shipping-taxable","16":"purchasable","17":"product-type-simple"},"yoast_head":"<!-- This site is optimized with the Yoast SEO Premium plugin v26.8 (Yoast SEO v27.3) - https:\/\/yoast.com\/product\/yoast-seo-premium-wordpress\/ -->\n<title>Kugoo KuKirin G2 Pro sis\u00e4rengas 8 1\/2x2&quot; &#8212; T\u00f5uksimaailm<\/title>\n<meta name=\"description\" content=\"Elektrit\u00f5ukeratta Kugoo KuKirin G2 Pro siserehv 8 1\/2x2&quot; 90 kraadi (sisekumm, siselohv), ventiilinurk 90 kraadi, sobib elektrit\u00f5ukerattale Kugoo G2 Pro.\" \/>\n<meta name=\"robots\" content=\"index, follow, max-snippet:-1, max-image-preview:large, max-video-preview:-1\" \/>\n<link rel=\"canonical\" href=\"https:\/\/www.xn--tuksimaailm-ffb.ee\/fi\/shop\/kugoo-kukirin-g2-pro-sisarengas-8-1-2x2\/\" \/>\n<meta property=\"og:locale\" content=\"fi_FI\" \/>\n<meta property=\"og:type\" content=\"article\" \/>\n<meta property=\"og:title\" content=\"Kugoo KuKirin G2 Pro sis\u00e4rengas 8 1\/2x2&quot;\" \/>\n<meta property=\"og:description\" content=\"Elektrit\u00f5ukeratta Kugoo KuKirin G2 Pro siserehv 8 1\/2x2&quot; 90 kraadi (sisekumm, siselohv), ventiilinurk 90 kraadi, sobib elektrit\u00f5ukerattale Kugoo G2 Pro.\" \/>\n<meta property=\"og:url\" content=\"https:\/\/www.xn--tuksimaailm-ffb.ee\/fi\/shop\/kugoo-kukirin-g2-pro-sisarengas-8-1-2x2\/\" \/>\n<meta property=\"og:site_name\" content=\"T\u00f5uksimaailm\" \/>\n<meta property=\"article:publisher\" content=\"https:\/\/www.facebook.com\/touksimaailm\/\" \/>\n<meta property=\"og:image\" content=\"https:\/\/www.xn--tuksimaailm-ffb.ee\/wp-content\/uploads\/2024\/01\/416090473_927125982416704_239123163703776110_n-jpg.webp\" \/>\n\t<meta property=\"og:image:width\" content=\"1512\" \/>\n\t<meta property=\"og:image:height\" content=\"2016\" \/>\n\t<meta property=\"og:image:type\" content=\"image\/jpeg\" \/>\n<meta name=\"twitter:card\" content=\"summary_large_image\" \/>\n<meta name=\"twitter:label1\" content=\"Hinta\" \/>\n\t<meta name=\"twitter:data1\" content=\"&euro;19.00\" \/>\n\t<meta name=\"twitter:label2\" content=\"Saatavuus\" \/>\n\t<meta name=\"twitter:data2\" content=\"Varastossa\" \/>\n<meta property=\"product:price:amount\" content=\"19.00\" \/>\n<meta property=\"product:price:currency\" content=\"EUR\" \/>\n<meta property=\"og:availability\" content=\"instock\" \/>\n<meta property=\"product:availability\" content=\"instock\" \/>\n<meta property=\"product:condition\" content=\"new\" \/>\n<!-- \/ Yoast SEO Premium plugin. -->","yoast_head_json":{"title":"Kugoo KuKirin G2 Pro sis\u00e4rengas 8 1\/2x2\" &#8212; T\u00f5uksimaailm","description":"Elektrit\u00f5ukeratta Kugoo KuKirin G2 Pro siserehv 8 1\/2x2\" 90 kraadi (sisekumm, siselohv), ventiilinurk 90 kraadi, sobib elektrit\u00f5ukerattale Kugoo G2 Pro.","robots":{"index":"index","follow":"follow","max-snippet":"max-snippet:-1","max-image-preview":"max-image-preview:large","max-video-preview":"max-video-preview:-1"},"canonical":"https:\/\/www.xn--tuksimaailm-ffb.ee\/fi\/shop\/kugoo-kukirin-g2-pro-sisarengas-8-1-2x2\/","og_locale":"fi_FI","og_type":"article","og_title":"Kugoo KuKirin G2 Pro sis\u00e4rengas 8 1\/2x2\"","og_description":"Elektrit\u00f5ukeratta Kugoo KuKirin G2 Pro siserehv 8 1\/2x2\" 90 kraadi (sisekumm, siselohv), ventiilinurk 90 kraadi, sobib elektrit\u00f5ukerattale Kugoo G2 Pro.","og_url":"https:\/\/www.xn--tuksimaailm-ffb.ee\/fi\/shop\/kugoo-kukirin-g2-pro-sisarengas-8-1-2x2\/","og_site_name":"T\u00f5uksimaailm","article_publisher":"https:\/\/www.facebook.com\/touksimaailm\/","og_image":[{"width":1512,"height":2016,"url":"https:\/\/www.xn--tuksimaailm-ffb.ee\/wp-content\/uploads\/2024\/01\/416090473_927125982416704_239123163703776110_n-jpg.webp","type":"image\/jpeg"}],"twitter_card":"summary_large_image","twitter_misc":{"Hinta":"&euro;19.00","Saatavuus":"Varastossa"},"schema":{"@context":"https:\/\/schema.org","@graph":[{"@type":"WebPage","@id":"https:\/\/www.xn--tuksimaailm-ffb.ee\/fi\/shop\/kugoo-kukirin-g2-pro-sisarengas-8-1-2x2\/","url":"https:\/\/www.xn--tuksimaailm-ffb.ee\/fi\/shop\/kugoo-kukirin-g2-pro-sisarengas-8-1-2x2\/","name":"Kugoo KuKirin G2 Pro sis\u00e4rengas 8 1\/2x2\" &#8212; T\u00f5uksimaailm","isPartOf":{"@id":"https:\/\/www.xn--tuksimaailm-ffb.ee\/fi\/#website"},"primaryImageOfPage":{"@id":"https:\/\/www.xn--tuksimaailm-ffb.ee\/fi\/shop\/kugoo-kukirin-g2-pro-sisarengas-8-1-2x2\/#primaryimage"},"image":{"@id":"https:\/\/www.xn--tuksimaailm-ffb.ee\/fi\/shop\/kugoo-kukirin-g2-pro-sisarengas-8-1-2x2\/#primaryimage"},"thumbnailUrl":"https:\/\/www.xn--tuksimaailm-ffb.ee\/wp-content\/uploads\/2024\/01\/416090473_927125982416704_239123163703776110_n-jpg.webp","datePublished":"2024-01-19T15:49:39+00:00","description":"Elektrit\u00f5ukeratta Kugoo KuKirin G2 Pro siserehv 8 1\/2x2\" 90 kraadi (sisekumm, siselohv), ventiilinurk 90 kraadi, sobib elektrit\u00f5ukerattale Kugoo G2 Pro.","breadcrumb":{"@id":"https:\/\/www.xn--tuksimaailm-ffb.ee\/fi\/shop\/kugoo-kukirin-g2-pro-sisarengas-8-1-2x2\/#breadcrumb"},"inLanguage":"fi","potentialAction":[{"@type":"ReadAction","target":["https:\/\/www.xn--tuksimaailm-ffb.ee\/fi\/shop\/kugoo-kukirin-g2-pro-sisarengas-8-1-2x2\/"]}]},{"@type":"ImageObject","inLanguage":"fi","@id":"https:\/\/www.xn--tuksimaailm-ffb.ee\/fi\/shop\/kugoo-kukirin-g2-pro-sisarengas-8-1-2x2\/#primaryimage","url":"https:\/\/www.xn--tuksimaailm-ffb.ee\/wp-content\/uploads\/2024\/01\/416090473_927125982416704_239123163703776110_n-jpg.webp","contentUrl":"https:\/\/www.xn--tuksimaailm-ffb.ee\/wp-content\/uploads\/2024\/01\/416090473_927125982416704_239123163703776110_n-jpg.webp","width":1512,"height":2016,"caption":"Kugoo G2 Pro siserehv 8.1x2 90 kraadi"},{"@type":"BreadcrumbList","@id":"https:\/\/www.xn--tuksimaailm-ffb.ee\/fi\/shop\/kugoo-kukirin-g2-pro-sisarengas-8-1-2x2\/#breadcrumb","itemListElement":[{"@type":"ListItem","position":1,"name":"Home","item":"https:\/\/www.xn--tuksimaailm-ffb.ee\/fi\/kotisivu\/"},{"@type":"ListItem","position":2,"name":"Kauppa","item":"https:\/\/www.xn--tuksimaailm-ffb.ee\/elektritoukerataste-pood\/"},{"@type":"ListItem","position":3,"name":"Kugoo KuKirin G2 Pro sis\u00e4rengas 8 1\/2x2\""}]},{"@type":"WebSite","@id":"https:\/\/www.xn--tuksimaailm-ffb.ee\/fi\/#website","url":"https:\/\/www.xn--tuksimaailm-ffb.ee\/fi\/","name":"T\u00f5uksimaailm","description":"Elektrit\u00f5ukerataste m\u00fc\u00fck, remont ja rent","publisher":{"@id":"https:\/\/www.xn--tuksimaailm-ffb.ee\/fi\/#organization"},"potentialAction":[{"@type":"SearchAction","target":{"@type":"EntryPoint","urlTemplate":"https:\/\/www.xn--tuksimaailm-ffb.ee\/fi\/?s={search_term_string}"},"query-input":{"@type":"PropertyValueSpecification","valueRequired":true,"valueName":"search_term_string"}}],"inLanguage":"fi"},{"@type":"Organization","@id":"https:\/\/www.xn--tuksimaailm-ffb.ee\/fi\/#organization","name":"T\u00f5uksimaailm","url":"https:\/\/www.xn--tuksimaailm-ffb.ee\/fi\/","logo":{"@type":"ImageObject","inLanguage":"fi","@id":"https:\/\/www.xn--tuksimaailm-ffb.ee\/fi\/#\/schema\/logo\/image\/","url":"https:\/\/www.xn--tuksimaailm-ffb.ee\/wp-content\/uploads\/2020\/01\/logoz-e1579792875517.png","contentUrl":"https:\/\/www.xn--tuksimaailm-ffb.ee\/wp-content\/uploads\/2020\/01\/logoz-e1579792875517.png","width":250,"height":250,"caption":"T\u00f5uksimaailm"},"image":{"@id":"https:\/\/www.xn--tuksimaailm-ffb.ee\/fi\/#\/schema\/logo\/image\/"},"sameAs":["https:\/\/www.facebook.com\/touksimaailm\/","https:\/\/www.instagram.com\/touksimaailm_\/","https:\/\/www.youtube.com\/channel\/UC18ml0EKIDLP1xGuQjFzcXQ"]}]},"product_price_amount":"19.00","product_price_currency":"EUR","og_availability":"instock","product_availability":"instock","product_condition":"new"},"jetpack_sharing_enabled":true,"_links":{"self":[{"href":"https:\/\/www.xn--tuksimaailm-ffb.ee\/fi\/wp-json\/wp\/v2\/product\/57260","targetHints":{"allow":["GET"]}}],"collection":[{"href":"https:\/\/www.xn--tuksimaailm-ffb.ee\/fi\/wp-json\/wp\/v2\/product"}],"about":[{"href":"https:\/\/www.xn--tuksimaailm-ffb.ee\/fi\/wp-json\/wp\/v2\/types\/product"}],"wp:featuredmedia":[{"embeddable":true,"href":"https:\/\/www.xn--tuksimaailm-ffb.ee\/fi\/wp-json\/wp\/v2\/media\/40849"}],"wp:attachment":[{"href":"https:\/\/www.xn--tuksimaailm-ffb.ee\/fi\/wp-json\/wp\/v2\/media?parent=57260"}],"wp:term":[{"taxonomy":"product_brand","embeddable":true,"href":"https:\/\/www.xn--tuksimaailm-ffb.ee\/fi\/wp-json\/wp\/v2\/product_brand?post=57260"},{"taxonomy":"product_cat","embeddable":true,"href":"https:\/\/www.xn--tuksimaailm-ffb.ee\/fi\/wp-json\/wp\/v2\/product_cat?post=57260"},{"taxonomy":"product_tag","embeddable":true,"href":"https:\/\/www.xn--tuksimaailm-ffb.ee\/fi\/wp-json\/wp\/v2\/product_tag?post=57260"},{"taxonomy":"filter_elektritoukeratas","embeddable":true,"href":"https:\/\/www.xn--tuksimaailm-ffb.ee\/fi\/wp-json\/wp\/v2\/filter_elektritoukeratas?post=57260"}],"curies":[{"name":"wp","href":"https:\/\/api.w.org\/{rel}","templated":true}]}}