{"id":57301,"date":"2024-01-08T19:04:24","date_gmt":"2024-01-08T16:04:24","guid":{"rendered":"http:\/\/www.xn--tuksimaailm-ffb.ee\/shop\/niu-kqi3-maastorengas-letkuton-9-5x2-50\/"},"modified":"2024-01-08T19:04:24","modified_gmt":"2024-01-08T16:04:24","slug":"niu-kqi3-maastorengas-letkuton-9-5x2-50","status":"publish","type":"product","link":"https:\/\/www.xn--tuksimaailm-ffb.ee\/fi\/shop\/niu-kqi3-maastorengas-letkuton-9-5x2-50\/","title":{"rendered":"NIU KQi3 maastorengas letkuton 9.5x2.50\""},"content":{"rendered":"<p>NIU KQi3 all terrain tubeless -rengas 9.5x2.50\u201d (my\u00f6s talvirengas, maastorengas). Sopii <a href=\"http:\/\/www.xn--tuksimaailm-ffb.ee\/shop\/niu-kqi-3-pro-elektritoukeratas\">Niu Kqi3 Pro <\/a>,<a href=\"http:\/\/www.xn--tuksimaailm-ffb.ee\/shop\/niu-kqi-3-sport-elektritoukeratas\/\">Niu Kqi3 Sport<\/a>,<a href=\"http:\/\/www.xn--tuksimaailm-ffb.ee\/shop\/niu-kqi3-max-elektritoukeratas\/\">Niu Kqi3 Max<\/a>, sopii<a href=\"http:\/\/www.xn--tuksimaailm-ffb.ee\/shop\/niu-kqi3-max-elektritoukeratas\/\">my\u00f6s<\/a> kaikkiin muihin s\u00e4hk\u00f6skoottereihin, joiden rengaskoko on 9.5x2.50\u201d. Niu Kqi3 maastorengas on ihanteellinen rengas s\u00e4hk\u00f6potkulautailuun syksyn ja talven s\u00e4\u00e4ss\u00e4, sill\u00e4 se auttaa v\u00e4hent\u00e4m\u00e4\u00e4n kaatumisriski\u00e4 liukkailla lehdill\u00e4, j\u00e4\u00e4ll\u00e4 ja lumella. 9,5,50 x 9,50 mm. Se soveltuu my\u00f6s alkuper\u00e4ist\u00e4 rengasta paremmin ajamiseen vaativammassa maastossa, kuten nurmikolla, viheralueilla tai metsiss\u00e4.<\/p>\n<p>NIU KQi3 all-terrain tubeless 9.5x2.50\u201d -renkaan k\u00e4ytt\u00f6 edellytt\u00e4\u00e4 tubeless-valmisteista vannetta. Koska s\u00e4hk\u00f6k\u00e4ytt\u00f6iset skootterit ovat erityisen alttiita puhkeamiselle renkaiden pienen ilmam\u00e4\u00e4r\u00e4n vuoksi, suosittelemme, ett\u00e4 tarkistat rengaspaineet 2 viikon v\u00e4lein tai ennen jokaista ajokertaa, jos skootteria k\u00e4ytet\u00e4\u00e4n harvemmin. Kun t\u00e4yt\u00e4t renkaita, suosittelemme <a href=\"http:\/\/www.xn--tuksimaailm-ffb.ee\/tootekategooria\/lisavarustus\/\">painemittari pumppujen<\/a> k\u00e4ytt\u00f6\u00e4, <a href=\"http:\/\/www.xn--tuksimaailm-ffb.ee\/tootekategooria\/lisavarustus\/\">jotta varmistetaan<\/a>, ett\u00e4 renkaiden paine on t\u00e4sm\u00e4lleen s\u00e4hk\u00f6skootterin valmistajan suosittelema.<\/p>\n<p>Jos s\u00e4hk\u00f6skootterisi tarvitsee korjausta tai renkaanvaihtoa, s\u00e4hk\u00f6skoottereihin <a href=\"http:\/\/www.xn--tuksimaailm-ffb.ee\/elektrilise-toukeratta-remont\/\">erikoistunut korjaamomme<\/a> voi auttaa. Voimme my\u00f6s suorittaa renkaanvaihdon valmiustilassa. Voit lukea lis\u00e4\u00e4 s\u00e4hk\u00f6skootterin renkaanvaihdosta <a href=\"http:\/\/www.xn--tuksimaailm-ffb.ee\/elektritoukeratta-rehvivahetus\/\">blogikirjoituksestamme<\/a>.<\/p>\n","protected":false},"excerpt":{"rendered":"<p>NIU KQi3 all terrain tubeless -rengas 9.5x2.50\u201d (my\u00f6s talvirengas, maastorengas). Sopii Niu Kqi3 Pro ,Niu Kqi3 Sport,Niu Kqi3 Max, sopiimy\u00f6s kaikkiin muihin s\u00e4hk\u00f6skoottereihin, joiden rengaskoko on 9.5x2.50\u201d. Niu Kqi3 maastorengas on ihanteellinen rengas s\u00e4hk\u00f6potkulautailuun syksyn ja talven s\u00e4\u00e4ss\u00e4, sill\u00e4 se auttaa v\u00e4hent\u00e4m\u00e4\u00e4n kaatumisriski\u00e4 liukkailla lehdill\u00e4, j\u00e4\u00e4ll\u00e4 ja lumella. 9,5,50 x &hellip;<\/p>\n","protected":false},"featured_media":40432,"template":"","meta":[],"product_brand":[],"product_cat":[1698],"product_tag":[],"filter_elektritoukeratas":[3291],"class_list":{"0":"post-57301","1":"product","2":"type-product","3":"status-publish","4":"has-post-thumbnail","6":"product_cat-varaosat","7":"pa_tootetuup-rehvid-fi","8":"filter_elektritoukeratas-ft_niu_kqi3_pro_sport_max","10":"first","11":"instock","12":"taxable","13":"shipping-taxable","14":"purchasable","15":"product-type-simple"},"yoast_head":"<!-- This site is optimized with the Yoast SEO Premium plugin v26.8 (Yoast SEO v27.5) - https:\/\/yoast.com\/product\/yoast-seo-premium-wordpress\/ -->\n<title>NIU KQi3 maastorengas letkuton 9.5x2.50&quot; | T\u00f5uksimaailm<\/title>\n<meta name=\"description\" content=\"NIU KQi3 maastiku rehv tubeless 9.5x2.50&quot; (ilma sisekummita, tubeless). Sobib elektrit\u00f5ukeratas Niu Kqi3 Pro, Niu Kqi3 Sport, Niu Kqi3 Max\" \/>\n<meta name=\"robots\" content=\"index, follow, max-snippet:-1, max-image-preview:large, max-video-preview:-1\" \/>\n<link rel=\"canonical\" href=\"https:\/\/www.xn--tuksimaailm-ffb.ee\/fi\/shop\/niu-kqi3-maastorengas-letkuton-9-5x2-50\/\" \/>\n<meta property=\"og:locale\" content=\"fi_FI\" \/>\n<meta property=\"og:type\" content=\"article\" \/>\n<meta property=\"og:title\" content=\"NIU KQi3 maastorengas letkuton 9.5x2.50&quot;\" \/>\n<meta property=\"og:description\" content=\"NIU KQi3 maastiku rehv tubeless 9.5x2.50&quot; (ilma sisekummita, tubeless). Sobib elektrit\u00f5ukeratas Niu Kqi3 Pro, Niu Kqi3 Sport, Niu Kqi3 Max\" \/>\n<meta property=\"og:url\" content=\"https:\/\/www.xn--tuksimaailm-ffb.ee\/fi\/shop\/niu-kqi3-maastorengas-letkuton-9-5x2-50\/\" \/>\n<meta property=\"og:site_name\" content=\"T\u00f5uksimaailm\" \/>\n<meta property=\"article:publisher\" content=\"https:\/\/www.facebook.com\/touksimaailm\/\" \/>\n<meta property=\"og:image\" content=\"https:\/\/www.xn--tuksimaailm-ffb.ee\/wp-content\/uploads\/2024\/01\/Screenshot-2024-01-08-181120.png\" \/>\n\t<meta property=\"og:image:width\" content=\"803\" \/>\n\t<meta property=\"og:image:height\" content=\"762\" \/>\n\t<meta property=\"og:image:type\" content=\"image\/png\" \/>\n<meta name=\"twitter:card\" content=\"summary_large_image\" \/>\n<meta name=\"twitter:label1\" content=\"Hinta\" \/>\n\t<meta name=\"twitter:data1\" content=\"&euro;49.00\" \/>\n\t<meta name=\"twitter:label2\" content=\"Saatavuus\" \/>\n\t<meta name=\"twitter:data2\" content=\"Varastossa\" \/>\n<meta property=\"product:price:amount\" content=\"49.00\" \/>\n<meta property=\"product:price:currency\" content=\"EUR\" \/>\n<meta property=\"og:availability\" content=\"instock\" \/>\n<meta property=\"product:availability\" content=\"instock\" \/>\n<meta property=\"product:condition\" content=\"new\" \/>\n<!-- \/ Yoast SEO Premium plugin. -->","yoast_head_json":{"title":"NIU KQi3 maastorengas letkuton 9.5x2.50\" | T\u00f5uksimaailm","description":"NIU KQi3 maastiku rehv tubeless 9.5x2.50\" (ilma sisekummita, tubeless). Sobib elektrit\u00f5ukeratas Niu Kqi3 Pro, Niu Kqi3 Sport, Niu Kqi3 Max","robots":{"index":"index","follow":"follow","max-snippet":"max-snippet:-1","max-image-preview":"max-image-preview:large","max-video-preview":"max-video-preview:-1"},"canonical":"https:\/\/www.xn--tuksimaailm-ffb.ee\/fi\/shop\/niu-kqi3-maastorengas-letkuton-9-5x2-50\/","og_locale":"fi_FI","og_type":"article","og_title":"NIU KQi3 maastorengas letkuton 9.5x2.50\"","og_description":"NIU KQi3 maastiku rehv tubeless 9.5x2.50\" (ilma sisekummita, tubeless). Sobib elektrit\u00f5ukeratas Niu Kqi3 Pro, Niu Kqi3 Sport, Niu Kqi3 Max","og_url":"https:\/\/www.xn--tuksimaailm-ffb.ee\/fi\/shop\/niu-kqi3-maastorengas-letkuton-9-5x2-50\/","og_site_name":"T\u00f5uksimaailm","article_publisher":"https:\/\/www.facebook.com\/touksimaailm\/","og_image":[{"width":803,"height":762,"url":"https:\/\/www.xn--tuksimaailm-ffb.ee\/wp-content\/uploads\/2024\/01\/Screenshot-2024-01-08-181120.png","type":"image\/png"}],"twitter_card":"summary_large_image","twitter_misc":{"Hinta":"&euro;49.00","Saatavuus":"Varastossa"},"schema":{"@context":"https:\/\/schema.org","@graph":[{"@type":"WebPage","@id":"https:\/\/www.xn--tuksimaailm-ffb.ee\/fi\/shop\/niu-kqi3-maastorengas-letkuton-9-5x2-50\/","url":"https:\/\/www.xn--tuksimaailm-ffb.ee\/fi\/shop\/niu-kqi3-maastorengas-letkuton-9-5x2-50\/","name":"NIU KQi3 maastorengas letkuton 9.5x2.50\" | T\u00f5uksimaailm","isPartOf":{"@id":"https:\/\/www.xn--tuksimaailm-ffb.ee\/fi\/#website"},"primaryImageOfPage":{"@id":"https:\/\/www.xn--tuksimaailm-ffb.ee\/fi\/shop\/niu-kqi3-maastorengas-letkuton-9-5x2-50\/#primaryimage"},"image":{"@id":"https:\/\/www.xn--tuksimaailm-ffb.ee\/fi\/shop\/niu-kqi3-maastorengas-letkuton-9-5x2-50\/#primaryimage"},"thumbnailUrl":"https:\/\/www.xn--tuksimaailm-ffb.ee\/wp-content\/uploads\/2024\/01\/Screenshot-2024-01-08-181120.png","datePublished":"2024-01-08T16:04:24+00:00","description":"NIU KQi3 maastiku rehv tubeless 9.5x2.50\" (ilma sisekummita, tubeless). Sobib elektrit\u00f5ukeratas Niu Kqi3 Pro, Niu Kqi3 Sport, Niu Kqi3 Max","breadcrumb":{"@id":"https:\/\/www.xn--tuksimaailm-ffb.ee\/fi\/shop\/niu-kqi3-maastorengas-letkuton-9-5x2-50\/#breadcrumb"},"inLanguage":"fi","potentialAction":[{"@type":"ReadAction","target":["https:\/\/www.xn--tuksimaailm-ffb.ee\/fi\/shop\/niu-kqi3-maastorengas-letkuton-9-5x2-50\/"]}]},{"@type":"ImageObject","inLanguage":"fi","@id":"https:\/\/www.xn--tuksimaailm-ffb.ee\/fi\/shop\/niu-kqi3-maastorengas-letkuton-9-5x2-50\/#primaryimage","url":"https:\/\/www.xn--tuksimaailm-ffb.ee\/wp-content\/uploads\/2024\/01\/Screenshot-2024-01-08-181120.png","contentUrl":"https:\/\/www.xn--tuksimaailm-ffb.ee\/wp-content\/uploads\/2024\/01\/Screenshot-2024-01-08-181120.png","width":803,"height":762,"caption":"NIU KQi3 maastiku rehv tubeless 9.5x2.50\""},{"@type":"BreadcrumbList","@id":"https:\/\/www.xn--tuksimaailm-ffb.ee\/fi\/shop\/niu-kqi3-maastorengas-letkuton-9-5x2-50\/#breadcrumb","itemListElement":[{"@type":"ListItem","position":1,"name":"Home","item":"https:\/\/www.xn--tuksimaailm-ffb.ee\/fi\/kotisivu\/"},{"@type":"ListItem","position":2,"name":"Kauppa","item":"https:\/\/www.xn--tuksimaailm-ffb.ee\/elektritoukerataste-pood\/"},{"@type":"ListItem","position":3,"name":"NIU KQi3 maastorengas letkuton 9.5x2.50\""}]},{"@type":"WebSite","@id":"https:\/\/www.xn--tuksimaailm-ffb.ee\/fi\/#website","url":"https:\/\/www.xn--tuksimaailm-ffb.ee\/fi\/","name":"T\u00f5uksimaailm","description":"Elektrit\u00f5ukerataste m\u00fc\u00fck, remont ja rent","publisher":{"@id":"https:\/\/www.xn--tuksimaailm-ffb.ee\/fi\/#organization"},"potentialAction":[{"@type":"SearchAction","target":{"@type":"EntryPoint","urlTemplate":"https:\/\/www.xn--tuksimaailm-ffb.ee\/fi\/?s={search_term_string}"},"query-input":{"@type":"PropertyValueSpecification","valueRequired":true,"valueName":"search_term_string"}}],"inLanguage":"fi"},{"@type":"Organization","@id":"https:\/\/www.xn--tuksimaailm-ffb.ee\/fi\/#organization","name":"T\u00f5uksimaailm","url":"https:\/\/www.xn--tuksimaailm-ffb.ee\/fi\/","logo":{"@type":"ImageObject","inLanguage":"fi","@id":"https:\/\/www.xn--tuksimaailm-ffb.ee\/fi\/#\/schema\/logo\/image\/","url":"https:\/\/www.xn--tuksimaailm-ffb.ee\/wp-content\/uploads\/2020\/01\/logoz-e1579792875517.png","contentUrl":"https:\/\/www.xn--tuksimaailm-ffb.ee\/wp-content\/uploads\/2020\/01\/logoz-e1579792875517.png","width":250,"height":250,"caption":"T\u00f5uksimaailm"},"image":{"@id":"https:\/\/www.xn--tuksimaailm-ffb.ee\/fi\/#\/schema\/logo\/image\/"},"sameAs":["https:\/\/www.facebook.com\/touksimaailm\/","https:\/\/www.instagram.com\/touksimaailm_\/","https:\/\/www.youtube.com\/channel\/UC18ml0EKIDLP1xGuQjFzcXQ"]}]},"product_price_amount":"49.00","product_price_currency":"EUR","og_availability":"instock","product_availability":"instock","product_condition":"new"},"jetpack_sharing_enabled":true,"_links":{"self":[{"href":"https:\/\/www.xn--tuksimaailm-ffb.ee\/fi\/wp-json\/wp\/v2\/product\/57301","targetHints":{"allow":["GET"]}}],"collection":[{"href":"https:\/\/www.xn--tuksimaailm-ffb.ee\/fi\/wp-json\/wp\/v2\/product"}],"about":[{"href":"https:\/\/www.xn--tuksimaailm-ffb.ee\/fi\/wp-json\/wp\/v2\/types\/product"}],"wp:featuredmedia":[{"embeddable":true,"href":"https:\/\/www.xn--tuksimaailm-ffb.ee\/fi\/wp-json\/wp\/v2\/media\/40432"}],"wp:attachment":[{"href":"https:\/\/www.xn--tuksimaailm-ffb.ee\/fi\/wp-json\/wp\/v2\/media?parent=57301"}],"wp:term":[{"taxonomy":"product_brand","embeddable":true,"href":"https:\/\/www.xn--tuksimaailm-ffb.ee\/fi\/wp-json\/wp\/v2\/product_brand?post=57301"},{"taxonomy":"product_cat","embeddable":true,"href":"https:\/\/www.xn--tuksimaailm-ffb.ee\/fi\/wp-json\/wp\/v2\/product_cat?post=57301"},{"taxonomy":"product_tag","embeddable":true,"href":"https:\/\/www.xn--tuksimaailm-ffb.ee\/fi\/wp-json\/wp\/v2\/product_tag?post=57301"},{"taxonomy":"filter_elektritoukeratas","embeddable":true,"href":"https:\/\/www.xn--tuksimaailm-ffb.ee\/fi\/wp-json\/wp\/v2\/filter_elektritoukeratas?post=57301"}],"curies":[{"name":"wp","href":"https:\/\/api.w.org\/{rel}","templated":true}]}}