{"id":57305,"date":"2024-01-03T18:38:40","date_gmt":"2024-01-03T15:38:40","guid":{"rendered":"http:\/\/www.xn--tuksimaailm-ffb.ee\/shop\/xiaomi-4-pro-letkuton-rengas-60-70-7-0\/"},"modified":"2024-01-03T18:38:40","modified_gmt":"2024-01-03T15:38:40","slug":"xiaomi-4-pro-letkuton-rengas-60-70-7-0","status":"publish","type":"product","link":"https:\/\/www.xn--tuksimaailm-ffb.ee\/fi\/shop\/xiaomi-4-pro-letkuton-rengas-60-70-7-0\/","title":{"rendered":"Xiaomi 4 Pro letkuton rengas 60\/70-7.0\""},"content":{"rendered":"<p>Xiaomi 4 Pro tubeless-rengas <strong>60\/70-7.0\u201d (my\u00f6s ulkoputki<\/strong>, ulkorengas). Xiaomi 4 Pro tubeless-rengas <strong>60\/70-7.0\u201d sopii<\/strong>kaikkiin s\u00e4hk\u00f6potkulautoihin, joissa on alkuper\u00e4iset 60\/70-7.0\u201d <strong>ulkorenkaat<\/strong>. Tarjoamme sek\u00e4 halpaa kopiota ilman pistosuojakerrosta ett\u00e4 <strong>alkuper\u00e4ist\u00e4 Xiaomi 4 Pro -rengasta<\/strong>, jossa on pistosuojakerros sis\u00e4ll\u00e4.<\/p>\n<p>Koska s\u00e4hk\u00f6skoottereiden renkaat ovat pienen kokonsa ja ilmakapasiteettinsa vuoksi alttiita puhkeamaan iskuissa, suosittelemme rengaspaineen tarkistamista kerran kahdessa viikossa tai ennen jokaista ajokertaa, jos skootterilla ajetaan harvemmin. Renkaita t\u00e4ytett\u00e4ess\u00e4 suosittelemme <a href=\"http:\/\/www.xn--tuksimaailm-ffb.ee\/tootekategooria\/lisavarustus\/\">painemittari pumppujen<\/a> k\u00e4ytt\u00f6\u00e4, <a href=\"http:\/\/www.xn--tuksimaailm-ffb.ee\/tootekategooria\/lisavarustus\/\">jotta voidaan varmistaa<\/a>, ett\u00e4 renkaiden paine on t\u00e4sm\u00e4lleen s\u00e4hk\u00f6moottorikelkan valmistajan suosittelema. Jos <a href=\"https:\/\/www.youtube.com\/watch?v=9c5oaCgBtVA\">s\u00e4hk\u00f6skootterin<\/a> korjaaminen tai vaihtaminen on ylivoimaista, s\u00e4hk\u00f6skoottereihin erikoistunut <a href=\"http:\/\/www.xn--tuksimaailm-ffb.ee\/elektrilise-toukeratta-remont\/\">korjaamomme voi auttaa<\/a>. Suoritamme my\u00f6s renkaiden vaihtoja valmiustilassa. Voit lukea lis\u00e4\u00e4 s\u00e4hk\u00f6skootterin renkaiden vaihdosta <a href=\"http:\/\/www.xn--tuksimaailm-ffb.ee\/elektritoukeratta-rehvivahetus\/\">blogikirjoituksestamme<\/a>.<\/p>\n","protected":false},"excerpt":{"rendered":"<p>Xiaomi 4 Pro tubeless-rengas 60\/70-7.0\u201d (my\u00f6s ulkoputki, ulkorengas). Xiaomi 4 Pro tubeless-rengas 60\/70-7.0\u201d sopiikaikkiin s\u00e4hk\u00f6potkulautoihin, joissa on alkuper\u00e4iset 60\/70-7.0\u201d ulkorenkaat. Tarjoamme sek\u00e4 halpaa kopiota ilman pistosuojakerrosta ett\u00e4 alkuper\u00e4ist\u00e4 Xiaomi 4 Pro -rengasta, jossa on pistosuojakerros sis\u00e4ll\u00e4. Koska s\u00e4hk\u00f6skoottereiden renkaat ovat pienen kokonsa ja ilmakapasiteettinsa vuoksi alttiita puhkeamaan iskuissa, suosittelemme rengaspaineen &hellip;<\/p>\n","protected":false},"featured_media":40352,"template":"","meta":[],"product_brand":[],"product_cat":[1698],"product_tag":[],"filter_elektritoukeratas":[2619],"class_list":{"0":"post-57305","1":"product","2":"type-product","3":"status-publish","4":"has-post-thumbnail","6":"product_cat-varaosat","7":"pa_tootetuup-rehvid-fi","8":"filter_elektritoukeratas-ft_xiaomi_4_4_lite_4_pro","10":"first","11":"instock","12":"taxable","13":"shipping-taxable","14":"purchasable","15":"product-type-variable"},"yoast_head":"<!-- This site is optimized with the Yoast SEO Premium plugin v26.8 (Yoast SEO v27.3) - https:\/\/yoast.com\/product\/yoast-seo-premium-wordpress\/ -->\n<title>Xiaomi 4 Pro letkuton rengas 60\/70-7.0&quot; | T\u00f5uksimaailm<\/title>\n<meta name=\"description\" content=\"Xiaomi 4 Pro tubeless rehv 60\/70-7.0\u201d. Elektrit\u00f5ukeratta Xiaomi 4 Pro originaal tubeless rehv torkekindla kihiga 60\/70-7.0&quot;\" \/>\n<meta name=\"robots\" content=\"index, follow, max-snippet:-1, max-image-preview:large, max-video-preview:-1\" \/>\n<link rel=\"canonical\" href=\"https:\/\/www.xn--tuksimaailm-ffb.ee\/fi\/shop\/xiaomi-4-pro-letkuton-rengas-60-70-7-0\/\" \/>\n<meta property=\"og:locale\" content=\"fi_FI\" \/>\n<meta property=\"og:type\" content=\"article\" \/>\n<meta property=\"og:title\" content=\"Xiaomi 4 Pro letkuton rengas 60\/70-7.0&quot;\" \/>\n<meta property=\"og:description\" content=\"Xiaomi 4 Pro tubeless rehv 60\/70-7.0\u201d. Elektrit\u00f5ukeratta Xiaomi 4 Pro originaal tubeless rehv torkekindla kihiga 60\/70-7.0&quot;\" \/>\n<meta property=\"og:url\" content=\"https:\/\/www.xn--tuksimaailm-ffb.ee\/fi\/shop\/xiaomi-4-pro-letkuton-rengas-60-70-7-0\/\" \/>\n<meta property=\"og:site_name\" content=\"T\u00f5uksimaailm\" \/>\n<meta property=\"article:publisher\" content=\"https:\/\/www.facebook.com\/touksimaailm\/\" \/>\n<meta property=\"og:image\" content=\"https:\/\/www.xn--tuksimaailm-ffb.ee\/wp-content\/uploads\/2024\/01\/Xiaomi-4-Pro-tubeless-rehv-60-70-7.0.png\" \/>\n\t<meta property=\"og:image:width\" content=\"625\" \/>\n\t<meta property=\"og:image:height\" content=\"595\" \/>\n\t<meta property=\"og:image:type\" content=\"image\/png\" \/>\n<meta name=\"twitter:card\" content=\"summary_large_image\" \/>\n<meta name=\"twitter:label1\" content=\"Saatavuus\" \/>\n\t<meta name=\"twitter:data1\" content=\"Varastossa\" \/>\n<meta property=\"og:availability\" content=\"instock\" \/>\n<meta property=\"product:availability\" content=\"instock\" \/>\n<meta property=\"product:condition\" content=\"new\" \/>\n<!-- \/ Yoast SEO Premium plugin. -->","yoast_head_json":{"title":"Xiaomi 4 Pro letkuton rengas 60\/70-7.0\" | T\u00f5uksimaailm","description":"Xiaomi 4 Pro tubeless rehv 60\/70-7.0\u201d. Elektrit\u00f5ukeratta Xiaomi 4 Pro originaal tubeless rehv torkekindla kihiga 60\/70-7.0\"","robots":{"index":"index","follow":"follow","max-snippet":"max-snippet:-1","max-image-preview":"max-image-preview:large","max-video-preview":"max-video-preview:-1"},"canonical":"https:\/\/www.xn--tuksimaailm-ffb.ee\/fi\/shop\/xiaomi-4-pro-letkuton-rengas-60-70-7-0\/","og_locale":"fi_FI","og_type":"article","og_title":"Xiaomi 4 Pro letkuton rengas 60\/70-7.0\"","og_description":"Xiaomi 4 Pro tubeless rehv 60\/70-7.0\u201d. Elektrit\u00f5ukeratta Xiaomi 4 Pro originaal tubeless rehv torkekindla kihiga 60\/70-7.0\"","og_url":"https:\/\/www.xn--tuksimaailm-ffb.ee\/fi\/shop\/xiaomi-4-pro-letkuton-rengas-60-70-7-0\/","og_site_name":"T\u00f5uksimaailm","article_publisher":"https:\/\/www.facebook.com\/touksimaailm\/","og_image":[{"width":625,"height":595,"url":"https:\/\/www.xn--tuksimaailm-ffb.ee\/wp-content\/uploads\/2024\/01\/Xiaomi-4-Pro-tubeless-rehv-60-70-7.0.png","type":"image\/png"}],"twitter_card":"summary_large_image","twitter_misc":{"Saatavuus":"Varastossa"},"schema":{"@context":"https:\/\/schema.org","@graph":[{"@type":"WebPage","@id":"https:\/\/www.xn--tuksimaailm-ffb.ee\/fi\/shop\/xiaomi-4-pro-letkuton-rengas-60-70-7-0\/","url":"https:\/\/www.xn--tuksimaailm-ffb.ee\/fi\/shop\/xiaomi-4-pro-letkuton-rengas-60-70-7-0\/","name":"Xiaomi 4 Pro letkuton rengas 60\/70-7.0\" | T\u00f5uksimaailm","isPartOf":{"@id":"https:\/\/www.xn--tuksimaailm-ffb.ee\/fi\/#website"},"primaryImageOfPage":{"@id":"https:\/\/www.xn--tuksimaailm-ffb.ee\/fi\/shop\/xiaomi-4-pro-letkuton-rengas-60-70-7-0\/#primaryimage"},"image":{"@id":"https:\/\/www.xn--tuksimaailm-ffb.ee\/fi\/shop\/xiaomi-4-pro-letkuton-rengas-60-70-7-0\/#primaryimage"},"thumbnailUrl":"https:\/\/www.xn--tuksimaailm-ffb.ee\/wp-content\/uploads\/2024\/01\/Xiaomi-4-Pro-tubeless-rehv-60-70-7.0.png","datePublished":"2024-01-03T15:38:40+00:00","description":"Xiaomi 4 Pro tubeless rehv 60\/70-7.0\u201d. Elektrit\u00f5ukeratta Xiaomi 4 Pro originaal tubeless rehv torkekindla kihiga 60\/70-7.0\"","breadcrumb":{"@id":"https:\/\/www.xn--tuksimaailm-ffb.ee\/fi\/shop\/xiaomi-4-pro-letkuton-rengas-60-70-7-0\/#breadcrumb"},"inLanguage":"fi","potentialAction":[{"@type":"ReadAction","target":["https:\/\/www.xn--tuksimaailm-ffb.ee\/fi\/shop\/xiaomi-4-pro-letkuton-rengas-60-70-7-0\/"]}]},{"@type":"ImageObject","inLanguage":"fi","@id":"https:\/\/www.xn--tuksimaailm-ffb.ee\/fi\/shop\/xiaomi-4-pro-letkuton-rengas-60-70-7-0\/#primaryimage","url":"https:\/\/www.xn--tuksimaailm-ffb.ee\/wp-content\/uploads\/2024\/01\/Xiaomi-4-Pro-tubeless-rehv-60-70-7.0.png","contentUrl":"https:\/\/www.xn--tuksimaailm-ffb.ee\/wp-content\/uploads\/2024\/01\/Xiaomi-4-Pro-tubeless-rehv-60-70-7.0.png","width":625,"height":595,"caption":"Xiaomi 4 Pro tubeless rehv 60\/70-7.0\""},{"@type":"BreadcrumbList","@id":"https:\/\/www.xn--tuksimaailm-ffb.ee\/fi\/shop\/xiaomi-4-pro-letkuton-rengas-60-70-7-0\/#breadcrumb","itemListElement":[{"@type":"ListItem","position":1,"name":"Home","item":"https:\/\/www.xn--tuksimaailm-ffb.ee\/fi\/kotisivu\/"},{"@type":"ListItem","position":2,"name":"Kauppa","item":"https:\/\/www.xn--tuksimaailm-ffb.ee\/elektritoukerataste-pood\/"},{"@type":"ListItem","position":3,"name":"Xiaomi 4 Pro letkuton rengas 60\/70-7.0\""}]},{"@type":"WebSite","@id":"https:\/\/www.xn--tuksimaailm-ffb.ee\/fi\/#website","url":"https:\/\/www.xn--tuksimaailm-ffb.ee\/fi\/","name":"T\u00f5uksimaailm","description":"Elektrit\u00f5ukerataste m\u00fc\u00fck, remont ja rent","publisher":{"@id":"https:\/\/www.xn--tuksimaailm-ffb.ee\/fi\/#organization"},"potentialAction":[{"@type":"SearchAction","target":{"@type":"EntryPoint","urlTemplate":"https:\/\/www.xn--tuksimaailm-ffb.ee\/fi\/?s={search_term_string}"},"query-input":{"@type":"PropertyValueSpecification","valueRequired":true,"valueName":"search_term_string"}}],"inLanguage":"fi"},{"@type":"Organization","@id":"https:\/\/www.xn--tuksimaailm-ffb.ee\/fi\/#organization","name":"T\u00f5uksimaailm","url":"https:\/\/www.xn--tuksimaailm-ffb.ee\/fi\/","logo":{"@type":"ImageObject","inLanguage":"fi","@id":"https:\/\/www.xn--tuksimaailm-ffb.ee\/fi\/#\/schema\/logo\/image\/","url":"https:\/\/www.xn--tuksimaailm-ffb.ee\/wp-content\/uploads\/2020\/01\/logoz-e1579792875517.png","contentUrl":"https:\/\/www.xn--tuksimaailm-ffb.ee\/wp-content\/uploads\/2020\/01\/logoz-e1579792875517.png","width":250,"height":250,"caption":"T\u00f5uksimaailm"},"image":{"@id":"https:\/\/www.xn--tuksimaailm-ffb.ee\/fi\/#\/schema\/logo\/image\/"},"sameAs":["https:\/\/www.facebook.com\/touksimaailm\/","https:\/\/www.instagram.com\/touksimaailm_\/","https:\/\/www.youtube.com\/channel\/UC18ml0EKIDLP1xGuQjFzcXQ"]}]},"og_availability":"instock","product_availability":"instock","product_condition":"new"},"jetpack_sharing_enabled":true,"_links":{"self":[{"href":"https:\/\/www.xn--tuksimaailm-ffb.ee\/fi\/wp-json\/wp\/v2\/product\/57305","targetHints":{"allow":["GET"]}}],"collection":[{"href":"https:\/\/www.xn--tuksimaailm-ffb.ee\/fi\/wp-json\/wp\/v2\/product"}],"about":[{"href":"https:\/\/www.xn--tuksimaailm-ffb.ee\/fi\/wp-json\/wp\/v2\/types\/product"}],"wp:featuredmedia":[{"embeddable":true,"href":"https:\/\/www.xn--tuksimaailm-ffb.ee\/fi\/wp-json\/wp\/v2\/media\/40352"}],"wp:attachment":[{"href":"https:\/\/www.xn--tuksimaailm-ffb.ee\/fi\/wp-json\/wp\/v2\/media?parent=57305"}],"wp:term":[{"taxonomy":"product_brand","embeddable":true,"href":"https:\/\/www.xn--tuksimaailm-ffb.ee\/fi\/wp-json\/wp\/v2\/product_brand?post=57305"},{"taxonomy":"product_cat","embeddable":true,"href":"https:\/\/www.xn--tuksimaailm-ffb.ee\/fi\/wp-json\/wp\/v2\/product_cat?post=57305"},{"taxonomy":"product_tag","embeddable":true,"href":"https:\/\/www.xn--tuksimaailm-ffb.ee\/fi\/wp-json\/wp\/v2\/product_tag?post=57305"},{"taxonomy":"filter_elektritoukeratas","embeddable":true,"href":"https:\/\/www.xn--tuksimaailm-ffb.ee\/fi\/wp-json\/wp\/v2\/filter_elektritoukeratas?post=57305"}],"curies":[{"name":"wp","href":"https:\/\/api.w.org\/{rel}","templated":true}]}}