{"id":57316,"date":"2023-01-27T20:33:16","date_gmt":"2023-01-27T18:33:16","guid":{"rendered":"http:\/\/www.xn--tuksimaailm-ffb.ee\/shop\/sahkoskootterin-latausportin-kansi-dc\/"},"modified":"2023-01-27T20:33:16","modified_gmt":"2023-01-27T17:33:16","slug":"sahkoskootterin-latausportin-kansi-dc","status":"publish","type":"product","link":"https:\/\/www.xn--tuksimaailm-ffb.ee\/fi\/shop\/sahkoskootterin-latausportin-kansi-dc\/","title":{"rendered":"S\u00e4hk\u00f6skootterin latausportin kansi DC"},"content":{"rendered":"<p>Kuminen suojus s\u00e4hk\u00f6mopon latausportille\/latauspistokkeelle - DC 2.1 -tyyppi. Sopii s\u00e4hk\u00f6skootteriin Gpad Joyride, Nanrobot D6+.<\/p>\n","protected":false},"excerpt":{"rendered":"<p>Kuminen suojus s\u00e4hk\u00f6mopon latausportille\/latauspistokkeelle - DC 2.1 -tyyppi. Sopii s\u00e4hk\u00f6skootteriin Gpad Joyride, Nanrobot D6+.<\/p>\n","protected":false},"featured_media":29186,"template":"","meta":[],"product_brand":[],"product_cat":[1698],"product_tag":[],"filter_elektritoukeratas":[2688,2704,2701,2702,2719,2717,2673,2649],"class_list":{"0":"post-57316","1":"product","2":"type-product","3":"status-publish","4":"has-post-thumbnail","6":"product_cat-varaosat","7":"pa_tootetuup-universal-sahkoskootterin-varaosat","8":"filter_elektritoukeratas-ft_blaupunkt_esc608","9":"filter_elektritoukeratas-ft_gpad_joyride","10":"filter_elektritoukeratas-ft_gpad_lite_lite_max","11":"filter_elektritoukeratas-ft_gpad_svan","12":"filter_elektritoukeratas-ft_joyor_a1_a3_a5","13":"filter_elektritoukeratas-ft_joyor_x1_x5s","14":"filter_elektritoukeratas-ft_kugoo_g3","15":"filter_elektritoukeratas-ft_kugoo_s1_s1_plus_s1_pro_s1_max","17":"first","18":"instock","19":"taxable","20":"shipping-taxable","21":"purchasable","22":"product-type-variable"},"yoast_head":"<!-- This site is optimized with the Yoast SEO Premium plugin v26.8 (Yoast SEO v27.5) - https:\/\/yoast.com\/product\/yoast-seo-premium-wordpress\/ -->\n<title>S\u00e4hk\u00f6skootterin latausportin kansi DC | T\u00f5uksimaailm<\/title>\n<meta name=\"description\" content=\"Elektrit\u00f5ukeratta elektriratta laadimispordi \/ laadimispesa kummist kate - DC 2.1 t\u00fc\u00fcpi. Sobib elektrit\u00f5ukeratas Gpad Joyride, Nanrobot D6+.\" \/>\n<meta name=\"robots\" content=\"index, follow, max-snippet:-1, max-image-preview:large, max-video-preview:-1\" \/>\n<link rel=\"canonical\" href=\"https:\/\/www.xn--tuksimaailm-ffb.ee\/fi\/shop\/sahkoskootterin-latausportin-kansi-dc\/\" \/>\n<meta property=\"og:locale\" content=\"fi_FI\" \/>\n<meta property=\"og:type\" content=\"article\" \/>\n<meta property=\"og:title\" content=\"S\u00e4hk\u00f6skootterin latausportin kansi DC\" \/>\n<meta property=\"og:description\" content=\"Elektrit\u00f5ukeratta elektriratta laadimispordi \/ laadimispesa kummist kate - DC 2.1 t\u00fc\u00fcpi. Sobib elektrit\u00f5ukeratas Gpad Joyride, Nanrobot D6+.\" \/>\n<meta property=\"og:url\" content=\"https:\/\/www.xn--tuksimaailm-ffb.ee\/fi\/shop\/sahkoskootterin-latausportin-kansi-dc\/\" \/>\n<meta property=\"og:site_name\" content=\"T\u00f5uksimaailm\" \/>\n<meta property=\"article:publisher\" content=\"https:\/\/www.facebook.com\/touksimaailm\/\" \/>\n<meta property=\"og:image\" content=\"https:\/\/www.xn--tuksimaailm-ffb.ee\/wp-content\/uploads\/2023\/01\/laadimispordi-kate-DC.jpg\" \/>\n\t<meta property=\"og:image:width\" content=\"671\" \/>\n\t<meta property=\"og:image:height\" content=\"486\" \/>\n\t<meta property=\"og:image:type\" content=\"image\/jpeg\" \/>\n<meta name=\"twitter:card\" content=\"summary_large_image\" \/>\n<meta name=\"twitter:label1\" content=\"Saatavuus\" \/>\n\t<meta name=\"twitter:data1\" content=\"Varastossa\" \/>\n<meta property=\"og:availability\" content=\"instock\" \/>\n<meta property=\"product:availability\" content=\"instock\" \/>\n<meta property=\"product:condition\" content=\"new\" \/>\n<!-- \/ Yoast SEO Premium plugin. -->","yoast_head_json":{"title":"S\u00e4hk\u00f6skootterin latausportin kansi DC | T\u00f5uksimaailm","description":"Elektrit\u00f5ukeratta elektriratta laadimispordi \/ laadimispesa kummist kate - DC 2.1 t\u00fc\u00fcpi. Sobib elektrit\u00f5ukeratas Gpad Joyride, Nanrobot D6+.","robots":{"index":"index","follow":"follow","max-snippet":"max-snippet:-1","max-image-preview":"max-image-preview:large","max-video-preview":"max-video-preview:-1"},"canonical":"https:\/\/www.xn--tuksimaailm-ffb.ee\/fi\/shop\/sahkoskootterin-latausportin-kansi-dc\/","og_locale":"fi_FI","og_type":"article","og_title":"S\u00e4hk\u00f6skootterin latausportin kansi DC","og_description":"Elektrit\u00f5ukeratta elektriratta laadimispordi \/ laadimispesa kummist kate - DC 2.1 t\u00fc\u00fcpi. Sobib elektrit\u00f5ukeratas Gpad Joyride, Nanrobot D6+.","og_url":"https:\/\/www.xn--tuksimaailm-ffb.ee\/fi\/shop\/sahkoskootterin-latausportin-kansi-dc\/","og_site_name":"T\u00f5uksimaailm","article_publisher":"https:\/\/www.facebook.com\/touksimaailm\/","og_image":[{"width":671,"height":486,"url":"https:\/\/www.xn--tuksimaailm-ffb.ee\/wp-content\/uploads\/2023\/01\/laadimispordi-kate-DC.jpg","type":"image\/jpeg"}],"twitter_card":"summary_large_image","twitter_misc":{"Saatavuus":"Varastossa"},"schema":{"@context":"https:\/\/schema.org","@graph":[{"@type":"WebPage","@id":"https:\/\/www.xn--tuksimaailm-ffb.ee\/fi\/shop\/sahkoskootterin-latausportin-kansi-dc\/","url":"https:\/\/www.xn--tuksimaailm-ffb.ee\/fi\/shop\/sahkoskootterin-latausportin-kansi-dc\/","name":"S\u00e4hk\u00f6skootterin latausportin kansi DC | T\u00f5uksimaailm","isPartOf":{"@id":"https:\/\/www.xn--tuksimaailm-ffb.ee\/fi\/#website"},"primaryImageOfPage":{"@id":"https:\/\/www.xn--tuksimaailm-ffb.ee\/fi\/shop\/sahkoskootterin-latausportin-kansi-dc\/#primaryimage"},"image":{"@id":"https:\/\/www.xn--tuksimaailm-ffb.ee\/fi\/shop\/sahkoskootterin-latausportin-kansi-dc\/#primaryimage"},"thumbnailUrl":"https:\/\/www.xn--tuksimaailm-ffb.ee\/wp-content\/uploads\/2023\/01\/laadimispordi-kate-DC.jpg","datePublished":"2023-01-27T18:33:16+00:00","description":"Elektrit\u00f5ukeratta elektriratta laadimispordi \/ laadimispesa kummist kate - DC 2.1 t\u00fc\u00fcpi. Sobib elektrit\u00f5ukeratas Gpad Joyride, Nanrobot D6+.","breadcrumb":{"@id":"https:\/\/www.xn--tuksimaailm-ffb.ee\/fi\/shop\/sahkoskootterin-latausportin-kansi-dc\/#breadcrumb"},"inLanguage":"fi","potentialAction":[{"@type":"ReadAction","target":["https:\/\/www.xn--tuksimaailm-ffb.ee\/fi\/shop\/sahkoskootterin-latausportin-kansi-dc\/"]}]},{"@type":"ImageObject","inLanguage":"fi","@id":"https:\/\/www.xn--tuksimaailm-ffb.ee\/fi\/shop\/sahkoskootterin-latausportin-kansi-dc\/#primaryimage","url":"https:\/\/www.xn--tuksimaailm-ffb.ee\/wp-content\/uploads\/2023\/01\/laadimispordi-kate-DC.jpg","contentUrl":"https:\/\/www.xn--tuksimaailm-ffb.ee\/wp-content\/uploads\/2023\/01\/laadimispordi-kate-DC.jpg","width":671,"height":486,"caption":"Elektrit\u00f5ukeratta elektriratta laadimispordi \/ laadimispesa kummist kate - DC 2.1 t\u00fc\u00fcpi, elektrit\u00f5ukeratas Gpad Joyride, Nanrobot D6+"},{"@type":"BreadcrumbList","@id":"https:\/\/www.xn--tuksimaailm-ffb.ee\/fi\/shop\/sahkoskootterin-latausportin-kansi-dc\/#breadcrumb","itemListElement":[{"@type":"ListItem","position":1,"name":"Home","item":"https:\/\/www.xn--tuksimaailm-ffb.ee\/fi\/kotisivu\/"},{"@type":"ListItem","position":2,"name":"Kauppa","item":"https:\/\/www.xn--tuksimaailm-ffb.ee\/elektritoukerataste-pood\/"},{"@type":"ListItem","position":3,"name":"S\u00e4hk\u00f6skootterin latausportin kansi DC"}]},{"@type":"WebSite","@id":"https:\/\/www.xn--tuksimaailm-ffb.ee\/fi\/#website","url":"https:\/\/www.xn--tuksimaailm-ffb.ee\/fi\/","name":"T\u00f5uksimaailm","description":"Elektrit\u00f5ukerataste m\u00fc\u00fck, remont ja rent","publisher":{"@id":"https:\/\/www.xn--tuksimaailm-ffb.ee\/fi\/#organization"},"potentialAction":[{"@type":"SearchAction","target":{"@type":"EntryPoint","urlTemplate":"https:\/\/www.xn--tuksimaailm-ffb.ee\/fi\/?s={search_term_string}"},"query-input":{"@type":"PropertyValueSpecification","valueRequired":true,"valueName":"search_term_string"}}],"inLanguage":"fi"},{"@type":"Organization","@id":"https:\/\/www.xn--tuksimaailm-ffb.ee\/fi\/#organization","name":"T\u00f5uksimaailm","url":"https:\/\/www.xn--tuksimaailm-ffb.ee\/fi\/","logo":{"@type":"ImageObject","inLanguage":"fi","@id":"https:\/\/www.xn--tuksimaailm-ffb.ee\/fi\/#\/schema\/logo\/image\/","url":"https:\/\/www.xn--tuksimaailm-ffb.ee\/wp-content\/uploads\/2020\/01\/logoz-e1579792875517.png","contentUrl":"https:\/\/www.xn--tuksimaailm-ffb.ee\/wp-content\/uploads\/2020\/01\/logoz-e1579792875517.png","width":250,"height":250,"caption":"T\u00f5uksimaailm"},"image":{"@id":"https:\/\/www.xn--tuksimaailm-ffb.ee\/fi\/#\/schema\/logo\/image\/"},"sameAs":["https:\/\/www.facebook.com\/touksimaailm\/","https:\/\/www.instagram.com\/touksimaailm_\/","https:\/\/www.youtube.com\/channel\/UC18ml0EKIDLP1xGuQjFzcXQ"]}]},"og_availability":"instock","product_availability":"instock","product_condition":"new"},"jetpack_sharing_enabled":true,"_links":{"self":[{"href":"https:\/\/www.xn--tuksimaailm-ffb.ee\/fi\/wp-json\/wp\/v2\/product\/57316","targetHints":{"allow":["GET"]}}],"collection":[{"href":"https:\/\/www.xn--tuksimaailm-ffb.ee\/fi\/wp-json\/wp\/v2\/product"}],"about":[{"href":"https:\/\/www.xn--tuksimaailm-ffb.ee\/fi\/wp-json\/wp\/v2\/types\/product"}],"wp:featuredmedia":[{"embeddable":true,"href":"https:\/\/www.xn--tuksimaailm-ffb.ee\/fi\/wp-json\/wp\/v2\/media\/29186"}],"wp:attachment":[{"href":"https:\/\/www.xn--tuksimaailm-ffb.ee\/fi\/wp-json\/wp\/v2\/media?parent=57316"}],"wp:term":[{"taxonomy":"product_brand","embeddable":true,"href":"https:\/\/www.xn--tuksimaailm-ffb.ee\/fi\/wp-json\/wp\/v2\/product_brand?post=57316"},{"taxonomy":"product_cat","embeddable":true,"href":"https:\/\/www.xn--tuksimaailm-ffb.ee\/fi\/wp-json\/wp\/v2\/product_cat?post=57316"},{"taxonomy":"product_tag","embeddable":true,"href":"https:\/\/www.xn--tuksimaailm-ffb.ee\/fi\/wp-json\/wp\/v2\/product_tag?post=57316"},{"taxonomy":"filter_elektritoukeratas","embeddable":true,"href":"https:\/\/www.xn--tuksimaailm-ffb.ee\/fi\/wp-json\/wp\/v2\/filter_elektritoukeratas?post=57316"}],"curies":[{"name":"wp","href":"https:\/\/api.w.org\/{rel}","templated":true}]}}