{"id":57322,"date":"2023-01-27T20:26:31","date_gmt":"2023-01-27T18:26:31","guid":{"rendered":"http:\/\/www.xn--tuksimaailm-ffb.ee\/shop\/sahkopolkupyoran-jarrulevyn-roottorin-pultit\/"},"modified":"2023-01-27T20:26:31","modified_gmt":"2023-01-27T17:26:31","slug":"sahkopolkupyoran-jarrulevyn-roottorin-pultit","status":"publish","type":"product","link":"https:\/\/www.xn--tuksimaailm-ffb.ee\/fi\/shop\/sahkopolkupyoran-jarrulevyn-roottorin-pultit\/","title":{"rendered":"S\u00e4hk\u00f6polkupy\u00f6r\u00e4n jarrulevyn roottorin pultit"},"content":{"rendered":"<p>S\u00e4hk\u00f6skootterin \/ polkupy\u00f6r\u00e4n jarrulevyn (jarruroottorin) kiinnityspultit. Pulttien m\u00e4\u00e4r\u00e4 sarjaa kohti - 5 kpl.<\/p>\n","protected":false},"excerpt":{"rendered":"<p>S\u00e4hk\u00f6skootterin \/ polkupy\u00f6r\u00e4n jarrulevyn (jarruroottorin) kiinnityspultit. Pulttien m\u00e4\u00e4r\u00e4 sarjaa kohti - 5 kpl.<\/p>\n","protected":false},"featured_media":72204,"template":"","meta":[],"product_brand":[],"product_cat":[1698],"product_tag":[3341,1706],"filter_elektritoukeratas":[2689,2688,2686,2687,2730,2732,2736,2734,2735,2610,2737,2707,2705,2704,2701,2706,2697,2698,2699,2714,2715,2712,2721,2720,2717,2722,2726,2725,2727,2724,2728,2681,2678,2679,2680,2671,2672,2670,2669,2673,2674,2675,2676,2668,2677,2682,2683,2684,2731,2740,2741,2739,2743,2742,2744,2639,2640,2641,2644,2638,2637,2643,2642,2753,2754,2755,2756,2694,2695,2693,2691,2692,2646,2602,2645,2647,2613,2619,2612,2748,2750,2751,2746,2749,2747],"class_list":{"0":"post-57322","1":"product","2":"type-product","3":"status-publish","4":"has-post-thumbnail","6":"product_cat-varaosat","7":"product_tag-piduridetailid-fi","8":"product_tag-xiaomi-varaosat","9":"pa_tootetuup-piduridetailid-fi","10":"filter_elektritoukeratas-ft_blaupunkt_erl814","11":"filter_elektritoukeratas-ft_blaupunkt_esc608","12":"filter_elektritoukeratas-ft_blaupunkt_esc808","13":"filter_elektritoukeratas-ft_blaupunkt_esc910","14":"filter_elektritoukeratas-ft_dualtron_eagle","15":"filter_elektritoukeratas-ft_dualtron_spider","16":"filter_elektritoukeratas-ft_dualtron_storm","17":"filter_elektritoukeratas-ft_dualtron_thunder","18":"filter_elektritoukeratas-ft_dualtron_ultra","19":"filter_elektritoukeratas-ft_dualtron_victor","20":"filter_elektritoukeratas-ft_dualtron_x_x2","21":"filter_elektritoukeratas-ft_gpad_f3_max","22":"filter_elektritoukeratas-ft_gpad_foxen","23":"filter_elektritoukeratas-ft_gpad_joyride","24":"filter_elektritoukeratas-ft_gpad_lite_lite_max","25":"filter_elektritoukeratas-ft_gpad_storm","26":"filter_elektritoukeratas-ft_hx_x7","27":"filter_elektritoukeratas-ft_hx_x8","28":"filter_elektritoukeratas-ft_hx_x9_max_x9_plus","29":"filter_elektritoukeratas-ft_inokim_ox_eco_hero_super","30":"filter_elektritoukeratas-ft_inokim_oxo","31":"filter_elektritoukeratas-ft_inokim_quick_3_hero_super","32":"filter_elektritoukeratas-ft_joyor_g5_g5s","33":"filter_elektritoukeratas-ft_joyor_s5_s10-s_s_pro","34":"filter_elektritoukeratas-ft_joyor_x1_x5s","35":"filter_elektritoukeratas-ft_joyor_y10_y6_s_y5s","36":"filter_elektritoukeratas-ft_kaabo_mantis_10","37":"filter_elektritoukeratas-ft_kaabo_mantis_8","38":"filter_elektritoukeratas-ft_kaabo_mantis_king_gt","39":"filter_elektritoukeratas-ft_kaabo_skywalker","40":"filter_elektritoukeratas-ft_kaabo_wolf","41":"filter_elektritoukeratas-ft_kugoo_c1_c1_pro","42":"filter_elektritoukeratas-ft_kugoo_g_booster","43":"filter_elektritoukeratas-ft_kugoo_g1","44":"filter_elektritoukeratas-ft_kugoo_g1_pro","45":"filter_elektritoukeratas-ft_kugoo_g2","46":"filter_elektritoukeratas-ft_kugoo_g2_master","47":"filter_elektritoukeratas-ft_kugoo_g2_max","48":"filter_elektritoukeratas-ft_kugoo_g2_pro","49":"filter_elektritoukeratas-ft_kugoo_g3","50":"filter_elektritoukeratas-ft_kugoo_g3_pro","51":"filter_elektritoukeratas-ft_kugoo_g4","52":"filter_elektritoukeratas-ft_kugoo_g4_max","53":"filter_elektritoukeratas-ft_kugoo_m4_m4_pro","54":"filter_elektritoukeratas-ft_kugoo_m5_pro","55":"filter_elektritoukeratas-ft_kugoo_v1_v1_pro","56":"filter_elektritoukeratas-ft_kugoo_v2","57":"filter_elektritoukeratas-ft_kugoo_v3","58":"filter_elektritoukeratas-ft_minimotors_speedway_4_5","59":"filter_elektritoukeratas-ft_nanrobot_d4_plus","60":"filter_elektritoukeratas-ft_nanrobot_d6_plus","61":"filter_elektritoukeratas-ft_nanrobot_lightning","62":"filter_elektritoukeratas-ft_nanrobot_ls7plus","63":"filter_elektritoukeratas-ft_nanrobot_n6","64":"filter_elektritoukeratas-ft_nanrobot_x_spark","65":"filter_elektritoukeratas-ft_segway_ninebot_d18e_d28e_d38e","66":"filter_elektritoukeratas-ft_segway_ninebot_f20d_f25e_ii_f30d_f40d_f40d_ii","67":"filter_elektritoukeratas-ft_segway_ninebot_f65_f65i","68":"filter_elektritoukeratas-ft_segway_ninebot_gt1e_gt1d_gt2p","69":"filter_elektritoukeratas-ft_segway_ninebot_max_g2e_g65","70":"filter_elektritoukeratas-ft_segway_ninebot_max_g30p_g30le_g30e_ii_g30lp_ii","71":"filter_elektritoukeratas-ft_segway_ninebot_p100s_p100se","72":"filter_elektritoukeratas-ft_segway_ninebot_p65e_p65i","73":"filter_elektritoukeratas-ft_techlife_x5_x5s","74":"filter_elektritoukeratas-ft_techlife_x6","75":"filter_elektritoukeratas-ft_techlife_x7_x7_lite_x7s","76":"filter_elektritoukeratas-ft_techlife_x8_x8s","77":"filter_elektritoukeratas-ft_velt_smart_eco","78":"filter_elektritoukeratas-ft_velt_smart_pro","79":"filter_elektritoukeratas-ft_velt_smart_x7","80":"filter_elektritoukeratas-ft_velt_smart_x8","81":"filter_elektritoukeratas-ft_velt_smart_x8_pro","82":"filter_elektritoukeratas-ft_vsett_10_plus","83":"filter_elektritoukeratas-ft_vsett_11_plus","84":"filter_elektritoukeratas-ft_vsett_11_plus_super","85":"filter_elektritoukeratas-ft_vsett_9_9_plus","86":"filter_elektritoukeratas-ft_xiaomi_1s_mi3_pro_2_3_lite","87":"filter_elektritoukeratas-ft_xiaomi_4_4_lite_4_pro","88":"filter_elektritoukeratas-ft_xiaomi_m365_m365_pro_essential","89":"filter_elektritoukeratas-ft_zero_10","90":"filter_elektritoukeratas-ft_zero_10x","91":"filter_elektritoukeratas-ft_zero_11x","92":"filter_elektritoukeratas-ft_zero_8","93":"filter_elektritoukeratas-ft_zero_8x_compact","94":"filter_elektritoukeratas-ft_zero_9","96":"first","97":"instock","98":"taxable","99":"shipping-taxable","100":"purchasable","101":"product-type-variable"},"yoast_head":"<!-- This site is optimized with the Yoast SEO Premium plugin v26.8 (Yoast SEO v27.5) - https:\/\/yoast.com\/product\/yoast-seo-premium-wordpress\/ -->\n<title>S\u00e4hk\u00f6polkupy\u00f6r\u00e4n jarrulevyn roottorin pultit | T\u00f5uksimaailm<\/title>\n<meta name=\"description\" content=\"Elektrit\u00f5ukeratta \/ jalgratta piduriketta (pidurirootori) kinnitus poldid. Poltide arve komplektis - 5tk.\" \/>\n<meta name=\"robots\" content=\"index, follow, max-snippet:-1, max-image-preview:large, max-video-preview:-1\" \/>\n<link rel=\"canonical\" href=\"https:\/\/www.xn--tuksimaailm-ffb.ee\/fi\/shop\/sahkopolkupyoran-jarrulevyn-roottorin-pultit\/\" \/>\n<meta property=\"og:locale\" content=\"fi_FI\" \/>\n<meta property=\"og:type\" content=\"article\" \/>\n<meta property=\"og:title\" content=\"S\u00e4hk\u00f6polkupy\u00f6r\u00e4n jarrulevyn roottorin pultit\" \/>\n<meta property=\"og:description\" content=\"Elektrit\u00f5ukeratta \/ jalgratta piduriketta (pidurirootori) kinnitus poldid. Poltide arve komplektis - 5tk.\" \/>\n<meta property=\"og:url\" content=\"https:\/\/www.xn--tuksimaailm-ffb.ee\/fi\/shop\/sahkopolkupyoran-jarrulevyn-roottorin-pultit\/\" \/>\n<meta property=\"og:site_name\" content=\"T\u00f5uksimaailm\" \/>\n<meta property=\"article:publisher\" content=\"https:\/\/www.facebook.com\/touksimaailm\/\" \/>\n<meta property=\"og:image\" content=\"https:\/\/www.xn--tuksimaailm-ffb.ee\/wp-content\/uploads\/2023\/01\/6-polti-pidurikettale.jpg\" \/>\n\t<meta property=\"og:image:width\" content=\"447\" \/>\n\t<meta property=\"og:image:height\" content=\"503\" \/>\n\t<meta property=\"og:image:type\" content=\"image\/jpeg\" \/>\n<meta name=\"twitter:card\" content=\"summary_large_image\" \/>\n<meta name=\"twitter:label1\" content=\"Saatavuus\" \/>\n\t<meta name=\"twitter:data1\" content=\"Varastossa\" \/>\n<meta property=\"og:availability\" content=\"instock\" \/>\n<meta property=\"product:availability\" content=\"instock\" \/>\n<meta property=\"product:condition\" content=\"new\" \/>\n<!-- \/ Yoast SEO Premium plugin. -->","yoast_head_json":{"title":"S\u00e4hk\u00f6polkupy\u00f6r\u00e4n jarrulevyn roottorin pultit | T\u00f5uksimaailm","description":"Elektrit\u00f5ukeratta \/ jalgratta piduriketta (pidurirootori) kinnitus poldid. Poltide arve komplektis - 5tk.","robots":{"index":"index","follow":"follow","max-snippet":"max-snippet:-1","max-image-preview":"max-image-preview:large","max-video-preview":"max-video-preview:-1"},"canonical":"https:\/\/www.xn--tuksimaailm-ffb.ee\/fi\/shop\/sahkopolkupyoran-jarrulevyn-roottorin-pultit\/","og_locale":"fi_FI","og_type":"article","og_title":"S\u00e4hk\u00f6polkupy\u00f6r\u00e4n jarrulevyn roottorin pultit","og_description":"Elektrit\u00f5ukeratta \/ jalgratta piduriketta (pidurirootori) kinnitus poldid. Poltide arve komplektis - 5tk.","og_url":"https:\/\/www.xn--tuksimaailm-ffb.ee\/fi\/shop\/sahkopolkupyoran-jarrulevyn-roottorin-pultit\/","og_site_name":"T\u00f5uksimaailm","article_publisher":"https:\/\/www.facebook.com\/touksimaailm\/","og_image":[{"width":447,"height":503,"url":"https:\/\/www.xn--tuksimaailm-ffb.ee\/wp-content\/uploads\/2023\/01\/6-polti-pidurikettale.jpg","type":"image\/jpeg"}],"twitter_card":"summary_large_image","twitter_misc":{"Saatavuus":"Varastossa"},"schema":{"@context":"https:\/\/schema.org","@graph":[{"@type":"WebPage","@id":"https:\/\/www.xn--tuksimaailm-ffb.ee\/fi\/shop\/sahkopolkupyoran-jarrulevyn-roottorin-pultit\/","url":"https:\/\/www.xn--tuksimaailm-ffb.ee\/fi\/shop\/sahkopolkupyoran-jarrulevyn-roottorin-pultit\/","name":"S\u00e4hk\u00f6polkupy\u00f6r\u00e4n jarrulevyn roottorin pultit | T\u00f5uksimaailm","isPartOf":{"@id":"https:\/\/www.xn--tuksimaailm-ffb.ee\/fi\/#website"},"primaryImageOfPage":{"@id":"https:\/\/www.xn--tuksimaailm-ffb.ee\/fi\/shop\/sahkopolkupyoran-jarrulevyn-roottorin-pultit\/#primaryimage"},"image":{"@id":"https:\/\/www.xn--tuksimaailm-ffb.ee\/fi\/shop\/sahkopolkupyoran-jarrulevyn-roottorin-pultit\/#primaryimage"},"thumbnailUrl":"https:\/\/www.xn--tuksimaailm-ffb.ee\/wp-content\/uploads\/2023\/01\/Screenshot-2026-01-03-164459.webp","datePublished":"2023-01-27T18:26:31+00:00","description":"Elektrit\u00f5ukeratta \/ jalgratta piduriketta (pidurirootori) kinnitus poldid. Poltide arve komplektis - 5tk.","breadcrumb":{"@id":"https:\/\/www.xn--tuksimaailm-ffb.ee\/fi\/shop\/sahkopolkupyoran-jarrulevyn-roottorin-pultit\/#breadcrumb"},"inLanguage":"fi","potentialAction":[{"@type":"ReadAction","target":["https:\/\/www.xn--tuksimaailm-ffb.ee\/fi\/shop\/sahkopolkupyoran-jarrulevyn-roottorin-pultit\/"]}]},{"@type":"ImageObject","inLanguage":"fi","@id":"https:\/\/www.xn--tuksimaailm-ffb.ee\/fi\/shop\/sahkopolkupyoran-jarrulevyn-roottorin-pultit\/#primaryimage","url":"https:\/\/www.xn--tuksimaailm-ffb.ee\/wp-content\/uploads\/2023\/01\/Screenshot-2026-01-03-164459.webp","contentUrl":"https:\/\/www.xn--tuksimaailm-ffb.ee\/wp-content\/uploads\/2023\/01\/Screenshot-2026-01-03-164459.webp","width":1108,"height":952,"caption":"Elektrit\u00f5ukeratta jalgratta piduriketta rootori poldid"},{"@type":"BreadcrumbList","@id":"https:\/\/www.xn--tuksimaailm-ffb.ee\/fi\/shop\/sahkopolkupyoran-jarrulevyn-roottorin-pultit\/#breadcrumb","itemListElement":[{"@type":"ListItem","position":1,"name":"Home","item":"https:\/\/www.xn--tuksimaailm-ffb.ee\/fi\/kotisivu\/"},{"@type":"ListItem","position":2,"name":"Kauppa","item":"https:\/\/www.xn--tuksimaailm-ffb.ee\/elektritoukerataste-pood\/"},{"@type":"ListItem","position":3,"name":"S\u00e4hk\u00f6polkupy\u00f6r\u00e4n jarrulevyn roottorin pultit"}]},{"@type":"WebSite","@id":"https:\/\/www.xn--tuksimaailm-ffb.ee\/fi\/#website","url":"https:\/\/www.xn--tuksimaailm-ffb.ee\/fi\/","name":"T\u00f5uksimaailm","description":"Elektrit\u00f5ukerataste m\u00fc\u00fck, remont ja rent","publisher":{"@id":"https:\/\/www.xn--tuksimaailm-ffb.ee\/fi\/#organization"},"potentialAction":[{"@type":"SearchAction","target":{"@type":"EntryPoint","urlTemplate":"https:\/\/www.xn--tuksimaailm-ffb.ee\/fi\/?s={search_term_string}"},"query-input":{"@type":"PropertyValueSpecification","valueRequired":true,"valueName":"search_term_string"}}],"inLanguage":"fi"},{"@type":"Organization","@id":"https:\/\/www.xn--tuksimaailm-ffb.ee\/fi\/#organization","name":"T\u00f5uksimaailm","url":"https:\/\/www.xn--tuksimaailm-ffb.ee\/fi\/","logo":{"@type":"ImageObject","inLanguage":"fi","@id":"https:\/\/www.xn--tuksimaailm-ffb.ee\/fi\/#\/schema\/logo\/image\/","url":"https:\/\/www.xn--tuksimaailm-ffb.ee\/wp-content\/uploads\/2020\/01\/logoz-e1579792875517.png","contentUrl":"https:\/\/www.xn--tuksimaailm-ffb.ee\/wp-content\/uploads\/2020\/01\/logoz-e1579792875517.png","width":250,"height":250,"caption":"T\u00f5uksimaailm"},"image":{"@id":"https:\/\/www.xn--tuksimaailm-ffb.ee\/fi\/#\/schema\/logo\/image\/"},"sameAs":["https:\/\/www.facebook.com\/touksimaailm\/","https:\/\/www.instagram.com\/touksimaailm_\/","https:\/\/www.youtube.com\/channel\/UC18ml0EKIDLP1xGuQjFzcXQ"]}]},"og_availability":"instock","product_availability":"instock","product_condition":"new"},"jetpack_sharing_enabled":true,"_links":{"self":[{"href":"https:\/\/www.xn--tuksimaailm-ffb.ee\/fi\/wp-json\/wp\/v2\/product\/57322","targetHints":{"allow":["GET"]}}],"collection":[{"href":"https:\/\/www.xn--tuksimaailm-ffb.ee\/fi\/wp-json\/wp\/v2\/product"}],"about":[{"href":"https:\/\/www.xn--tuksimaailm-ffb.ee\/fi\/wp-json\/wp\/v2\/types\/product"}],"wp:featuredmedia":[{"embeddable":true,"href":"https:\/\/www.xn--tuksimaailm-ffb.ee\/fi\/wp-json\/wp\/v2\/media\/72204"}],"wp:attachment":[{"href":"https:\/\/www.xn--tuksimaailm-ffb.ee\/fi\/wp-json\/wp\/v2\/media?parent=57322"}],"wp:term":[{"taxonomy":"product_brand","embeddable":true,"href":"https:\/\/www.xn--tuksimaailm-ffb.ee\/fi\/wp-json\/wp\/v2\/product_brand?post=57322"},{"taxonomy":"product_cat","embeddable":true,"href":"https:\/\/www.xn--tuksimaailm-ffb.ee\/fi\/wp-json\/wp\/v2\/product_cat?post=57322"},{"taxonomy":"product_tag","embeddable":true,"href":"https:\/\/www.xn--tuksimaailm-ffb.ee\/fi\/wp-json\/wp\/v2\/product_tag?post=57322"},{"taxonomy":"filter_elektritoukeratas","embeddable":true,"href":"https:\/\/www.xn--tuksimaailm-ffb.ee\/fi\/wp-json\/wp\/v2\/filter_elektritoukeratas?post=57322"}],"curies":[{"name":"wp","href":"https:\/\/api.w.org\/{rel}","templated":true}]}}