{"id":57329,"date":"2023-01-22T16:56:30","date_gmt":"2023-01-22T14:56:30","guid":{"rendered":"http:\/\/www.xn--tuksimaailm-ffb.ee\/shop\/skootterin-taysi-rengasmaisema-10x3-0\/"},"modified":"2023-01-22T16:56:30","modified_gmt":"2023-01-22T13:56:30","slug":"skootterin-taysi-rengasmaisema-10x3-0","status":"publish","type":"product","link":"https:\/\/www.xn--tuksimaailm-ffb.ee\/fi\/shop\/skootterin-taysi-rengasmaisema-10x3-0\/","title":{"rendered":"Skootterin t\u00e4ysi rengasmaisema 10x3.0\u201d"},"content":{"rendered":"<p>Maastopy\u00f6r\u00e4t (my\u00f6s hunajakennomaiset, l\u00e4pimurtosuojatut) 10x3.0\u201d (my\u00f6s 255*80 ja 80\/65-6).<\/p>\n","protected":false},"excerpt":{"rendered":"<p>Maastopy\u00f6r\u00e4t (my\u00f6s hunajakennomaiset, l\u00e4pimurtosuojatut) 10x3.0\u201d (my\u00f6s 255*80 ja 80\/65-6).<\/p>\n","protected":false},"featured_media":55953,"template":"","meta":[],"product_brand":[],"product_cat":[1698],"product_tag":[],"filter_elektritoukeratas":[2730,2732,2610,2705,2706,2714,2715,2712,2713,2720,2726,2724,2679,2671,2672,2670,2673,2674,2668,2740,2755,2646,2750],"class_list":{"0":"post-57329","1":"product","2":"type-product","3":"status-publish","4":"has-post-thumbnail","6":"product_cat-varaosat","7":"pa_tootetuup-taisrehvid-kargrehvid-fi","8":"filter_elektritoukeratas-ft_dualtron_eagle","9":"filter_elektritoukeratas-ft_dualtron_spider","10":"filter_elektritoukeratas-ft_dualtron_victor","11":"filter_elektritoukeratas-ft_gpad_foxen","12":"filter_elektritoukeratas-ft_gpad_storm","13":"filter_elektritoukeratas-ft_inokim_ox_eco_hero_super","14":"filter_elektritoukeratas-ft_inokim_oxo","15":"filter_elektritoukeratas-ft_inokim_quick_3_hero_super","16":"filter_elektritoukeratas-ft_inokim_quick_4_hero_super","17":"filter_elektritoukeratas-ft_joyor_s5_s10-s_s_pro","18":"filter_elektritoukeratas-ft_kaabo_mantis_10","19":"filter_elektritoukeratas-ft_kaabo_skywalker","20":"filter_elektritoukeratas-ft_kugoo_g1","21":"filter_elektritoukeratas-ft_kugoo_g2","22":"filter_elektritoukeratas-ft_kugoo_g2_master","23":"filter_elektritoukeratas-ft_kugoo_g2_max","24":"filter_elektritoukeratas-ft_kugoo_g3","25":"filter_elektritoukeratas-ft_kugoo_g3_pro","26":"filter_elektritoukeratas-ft_kugoo_m4_m4_pro","27":"filter_elektritoukeratas-ft_nanrobot_d4_plus","28":"filter_elektritoukeratas-ft_techlife_x7_x7_lite_x7s","29":"filter_elektritoukeratas-ft_vsett_10_plus","30":"filter_elektritoukeratas-ft_zero_10x","32":"first","33":"instock","34":"taxable","35":"shipping-taxable","36":"purchasable","37":"product-type-simple"},"yoast_head":"<!-- This site is optimized with the Yoast SEO Premium plugin v26.8 (Yoast SEO v27.5) - https:\/\/yoast.com\/product\/yoast-seo-premium-wordpress\/ -->\n<title>Skootterin t\u00e4ysi rengasmaisema 10x3.0\u201d &#8212; T\u00f5uksimaailm<\/title>\n<meta name=\"description\" content=\"Elektrit\u00f5ukeratta t\u00e4isrehv maastiku (ka t\u00e4iskummist rehv) 10x3.0\u201d (ka 255*80 ja 80\/65-6). Universaalne elektrit\u00f5ukeratta varuosa.\" \/>\n<meta name=\"robots\" content=\"index, follow, max-snippet:-1, max-image-preview:large, max-video-preview:-1\" \/>\n<link rel=\"canonical\" href=\"https:\/\/www.xn--tuksimaailm-ffb.ee\/fi\/shop\/skootterin-taysi-rengasmaisema-10x3-0\/\" \/>\n<meta property=\"og:locale\" content=\"fi_FI\" \/>\n<meta property=\"og:type\" content=\"article\" \/>\n<meta property=\"og:title\" content=\"Skootterin t\u00e4ysi rengasmaisema 10x3.0\u201d\" \/>\n<meta property=\"og:description\" content=\"Elektrit\u00f5ukeratta t\u00e4isrehv maastiku (ka t\u00e4iskummist rehv) 10x3.0\u201d (ka 255*80 ja 80\/65-6). Universaalne elektrit\u00f5ukeratta varuosa.\" \/>\n<meta property=\"og:url\" content=\"https:\/\/www.xn--tuksimaailm-ffb.ee\/fi\/shop\/skootterin-taysi-rengasmaisema-10x3-0\/\" \/>\n<meta property=\"og:site_name\" content=\"T\u00f5uksimaailm\" \/>\n<meta property=\"article:publisher\" content=\"https:\/\/www.facebook.com\/touksimaailm\/\" \/>\n<meta property=\"og:image\" content=\"https:\/\/www.xn--tuksimaailm-ffb.ee\/wp-content\/uploads\/2023\/01\/Screenshot-2025-01-29-121100.webp\" \/>\n\t<meta property=\"og:image:width\" content=\"1111\" \/>\n\t<meta property=\"og:image:height\" content=\"1019\" \/>\n\t<meta property=\"og:image:type\" content=\"image\/webp\" \/>\n<meta name=\"twitter:card\" content=\"summary_large_image\" \/>\n<meta name=\"twitter:label1\" content=\"Hinta\" \/>\n\t<meta name=\"twitter:data1\" content=\"&euro;89.00\" \/>\n\t<meta name=\"twitter:label2\" content=\"Saatavuus\" \/>\n\t<meta name=\"twitter:data2\" content=\"Varastossa\" \/>\n<meta property=\"product:price:amount\" content=\"89.00\" \/>\n<meta property=\"product:price:currency\" content=\"EUR\" \/>\n<meta property=\"og:availability\" content=\"instock\" \/>\n<meta property=\"product:availability\" content=\"instock\" \/>\n<meta property=\"product:condition\" content=\"new\" \/>\n<!-- \/ Yoast SEO Premium plugin. -->","yoast_head_json":{"title":"Skootterin t\u00e4ysi rengasmaisema 10x3.0\u201d &#8212; T\u00f5uksimaailm","description":"Elektrit\u00f5ukeratta t\u00e4isrehv maastiku (ka t\u00e4iskummist rehv) 10x3.0\u201d (ka 255*80 ja 80\/65-6). Universaalne elektrit\u00f5ukeratta varuosa.","robots":{"index":"index","follow":"follow","max-snippet":"max-snippet:-1","max-image-preview":"max-image-preview:large","max-video-preview":"max-video-preview:-1"},"canonical":"https:\/\/www.xn--tuksimaailm-ffb.ee\/fi\/shop\/skootterin-taysi-rengasmaisema-10x3-0\/","og_locale":"fi_FI","og_type":"article","og_title":"Skootterin t\u00e4ysi rengasmaisema 10x3.0\u201d","og_description":"Elektrit\u00f5ukeratta t\u00e4isrehv maastiku (ka t\u00e4iskummist rehv) 10x3.0\u201d (ka 255*80 ja 80\/65-6). Universaalne elektrit\u00f5ukeratta varuosa.","og_url":"https:\/\/www.xn--tuksimaailm-ffb.ee\/fi\/shop\/skootterin-taysi-rengasmaisema-10x3-0\/","og_site_name":"T\u00f5uksimaailm","article_publisher":"https:\/\/www.facebook.com\/touksimaailm\/","og_image":[{"width":1111,"height":1019,"url":"https:\/\/www.xn--tuksimaailm-ffb.ee\/wp-content\/uploads\/2023\/01\/Screenshot-2025-01-29-121100.webp","type":"image\/webp"}],"twitter_card":"summary_large_image","twitter_misc":{"Hinta":"&euro;89.00","Saatavuus":"Varastossa"},"schema":{"@context":"https:\/\/schema.org","@graph":[{"@type":"WebPage","@id":"https:\/\/www.xn--tuksimaailm-ffb.ee\/fi\/shop\/skootterin-taysi-rengasmaisema-10x3-0\/","url":"https:\/\/www.xn--tuksimaailm-ffb.ee\/fi\/shop\/skootterin-taysi-rengasmaisema-10x3-0\/","name":"Skootterin t\u00e4ysi rengasmaisema 10x3.0\u201d &#8212; T\u00f5uksimaailm","isPartOf":{"@id":"https:\/\/www.xn--tuksimaailm-ffb.ee\/fi\/#website"},"primaryImageOfPage":{"@id":"https:\/\/www.xn--tuksimaailm-ffb.ee\/fi\/shop\/skootterin-taysi-rengasmaisema-10x3-0\/#primaryimage"},"image":{"@id":"https:\/\/www.xn--tuksimaailm-ffb.ee\/fi\/shop\/skootterin-taysi-rengasmaisema-10x3-0\/#primaryimage"},"thumbnailUrl":"https:\/\/www.xn--tuksimaailm-ffb.ee\/wp-content\/uploads\/2023\/01\/Screenshot-2025-01-29-121100.webp","datePublished":"2023-01-22T14:56:30+00:00","description":"Elektrit\u00f5ukeratta t\u00e4isrehv maastiku (ka t\u00e4iskummist rehv) 10x3.0\u201d (ka 255*80 ja 80\/65-6). Universaalne elektrit\u00f5ukeratta varuosa.","breadcrumb":{"@id":"https:\/\/www.xn--tuksimaailm-ffb.ee\/fi\/shop\/skootterin-taysi-rengasmaisema-10x3-0\/#breadcrumb"},"inLanguage":"fi","potentialAction":[{"@type":"ReadAction","target":["https:\/\/www.xn--tuksimaailm-ffb.ee\/fi\/shop\/skootterin-taysi-rengasmaisema-10x3-0\/"]}]},{"@type":"ImageObject","inLanguage":"fi","@id":"https:\/\/www.xn--tuksimaailm-ffb.ee\/fi\/shop\/skootterin-taysi-rengasmaisema-10x3-0\/#primaryimage","url":"https:\/\/www.xn--tuksimaailm-ffb.ee\/wp-content\/uploads\/2023\/01\/Screenshot-2025-01-29-121100.webp","contentUrl":"https:\/\/www.xn--tuksimaailm-ffb.ee\/wp-content\/uploads\/2023\/01\/Screenshot-2025-01-29-121100.webp","width":1111,"height":1019,"caption":"Elektrit\u00f5ukeratta t\u00e4isrehv maastiku 10x3.0\u201d"},{"@type":"BreadcrumbList","@id":"https:\/\/www.xn--tuksimaailm-ffb.ee\/fi\/shop\/skootterin-taysi-rengasmaisema-10x3-0\/#breadcrumb","itemListElement":[{"@type":"ListItem","position":1,"name":"Home","item":"https:\/\/www.xn--tuksimaailm-ffb.ee\/fi\/kotisivu\/"},{"@type":"ListItem","position":2,"name":"Kauppa","item":"https:\/\/www.xn--tuksimaailm-ffb.ee\/elektritoukerataste-pood\/"},{"@type":"ListItem","position":3,"name":"Skootterin t\u00e4ysi rengasmaisema 10x3.0\u201d"}]},{"@type":"WebSite","@id":"https:\/\/www.xn--tuksimaailm-ffb.ee\/fi\/#website","url":"https:\/\/www.xn--tuksimaailm-ffb.ee\/fi\/","name":"T\u00f5uksimaailm","description":"Elektrit\u00f5ukerataste m\u00fc\u00fck, remont ja rent","publisher":{"@id":"https:\/\/www.xn--tuksimaailm-ffb.ee\/fi\/#organization"},"potentialAction":[{"@type":"SearchAction","target":{"@type":"EntryPoint","urlTemplate":"https:\/\/www.xn--tuksimaailm-ffb.ee\/fi\/?s={search_term_string}"},"query-input":{"@type":"PropertyValueSpecification","valueRequired":true,"valueName":"search_term_string"}}],"inLanguage":"fi"},{"@type":"Organization","@id":"https:\/\/www.xn--tuksimaailm-ffb.ee\/fi\/#organization","name":"T\u00f5uksimaailm","url":"https:\/\/www.xn--tuksimaailm-ffb.ee\/fi\/","logo":{"@type":"ImageObject","inLanguage":"fi","@id":"https:\/\/www.xn--tuksimaailm-ffb.ee\/fi\/#\/schema\/logo\/image\/","url":"https:\/\/www.xn--tuksimaailm-ffb.ee\/wp-content\/uploads\/2020\/01\/logoz-e1579792875517.png","contentUrl":"https:\/\/www.xn--tuksimaailm-ffb.ee\/wp-content\/uploads\/2020\/01\/logoz-e1579792875517.png","width":250,"height":250,"caption":"T\u00f5uksimaailm"},"image":{"@id":"https:\/\/www.xn--tuksimaailm-ffb.ee\/fi\/#\/schema\/logo\/image\/"},"sameAs":["https:\/\/www.facebook.com\/touksimaailm\/","https:\/\/www.instagram.com\/touksimaailm_\/","https:\/\/www.youtube.com\/channel\/UC18ml0EKIDLP1xGuQjFzcXQ"]}]},"product_price_amount":"89.00","product_price_currency":"EUR","og_availability":"instock","product_availability":"instock","product_condition":"new"},"jetpack_sharing_enabled":true,"_links":{"self":[{"href":"https:\/\/www.xn--tuksimaailm-ffb.ee\/fi\/wp-json\/wp\/v2\/product\/57329","targetHints":{"allow":["GET"]}}],"collection":[{"href":"https:\/\/www.xn--tuksimaailm-ffb.ee\/fi\/wp-json\/wp\/v2\/product"}],"about":[{"href":"https:\/\/www.xn--tuksimaailm-ffb.ee\/fi\/wp-json\/wp\/v2\/types\/product"}],"wp:featuredmedia":[{"embeddable":true,"href":"https:\/\/www.xn--tuksimaailm-ffb.ee\/fi\/wp-json\/wp\/v2\/media\/55953"}],"wp:attachment":[{"href":"https:\/\/www.xn--tuksimaailm-ffb.ee\/fi\/wp-json\/wp\/v2\/media?parent=57329"}],"wp:term":[{"taxonomy":"product_brand","embeddable":true,"href":"https:\/\/www.xn--tuksimaailm-ffb.ee\/fi\/wp-json\/wp\/v2\/product_brand?post=57329"},{"taxonomy":"product_cat","embeddable":true,"href":"https:\/\/www.xn--tuksimaailm-ffb.ee\/fi\/wp-json\/wp\/v2\/product_cat?post=57329"},{"taxonomy":"product_tag","embeddable":true,"href":"https:\/\/www.xn--tuksimaailm-ffb.ee\/fi\/wp-json\/wp\/v2\/product_tag?post=57329"},{"taxonomy":"filter_elektritoukeratas","embeddable":true,"href":"https:\/\/www.xn--tuksimaailm-ffb.ee\/fi\/wp-json\/wp\/v2\/filter_elektritoukeratas?post=57329"}],"curies":[{"name":"wp","href":"https:\/\/api.w.org\/{rel}","templated":true}]}}