{"id":57353,"date":"2023-01-17T16:51:30","date_gmt":"2023-01-17T14:51:30","guid":{"rendered":"http:\/\/www.xn--tuksimaailm-ffb.ee\/shop\/li-ion-akku-bms-60v-15a-150a-daly-daly\/"},"modified":"2023-01-17T16:51:30","modified_gmt":"2023-01-17T13:51:30","slug":"li-ion-akku-bms-60v-15a-150a-daly-daly","status":"publish","type":"product","link":"https:\/\/www.xn--tuksimaailm-ffb.ee\/fi\/shop\/li-ion-akku-bms-60v-15a-150a-daly-daly\/","title":{"rendered":"Li-Ion akku BMS 60V, 15A - 150A Daly Daly"},"content":{"rendered":"<h2 style=\"text-align: center;\">Daly BMS:t\u00a0s\u00e4hk\u00f6skootterille \/\u00a0s\u00e4hk\u00f6py\u00f6r\u00e4lle<\/h2>\n<p>Li<a href=\"https:\/\/en.wikipedia.org\/wiki\/Battery_management_system\">-<\/a>Ion (litium-ioni) akku BMS,<strong> korkealaatuinen <\/strong>Daly-br\u00e4ndi <strong>(my\u00f6s ohjauskortti<\/strong>, ohjausmoduuli, akunhallintaj\u00e4rjestelm\u00e4 ). Valikoimassa on Li-Ion-akkujen BMS-j\u00e4rjestelmi\u00e4, joiden nimellisj\u00e4nnite on 60 V ja l\u00e4ht\u00f6virta 15 A-150 A. Suurin latausvirta on puolet kaikkien BMS:ien suurimmasta l\u00e4ht\u00f6virrasta. Daly-akkujen BMS-j\u00e4rjestelm\u00e4t perustuvat yhteiseen porttirakenteeseen - akkulaturi (ohjaimet) lataa ja kuluttaa s\u00e4hk\u00f6\u00e4 yhden johdon kautta. <strong>Daly B<\/strong>MS:t ovat<strong> p\u00f6ly- ja vedenpit\u00e4vi\u00e4<\/strong>. Akunohjain sopii my\u00f6s seuraaviin s\u00e4hk\u00f6liikkuviin laitteisiin: s\u00e4hk\u00f6polkupy\u00f6r\u00e4, s\u00e4hk\u00f6skootteri.<\/p>\n<h2 style=\"text-align: center;\">Saatavilla olevat Daly BMS -muunnokset<\/h2>\n<p>16S 15A 60V (67.2V)<br \/>\n16S 20A\u00a060V (67.2V)<br \/>\n16S 30A\u00a060V (67.2V)<br \/>\n16S 40A\u00a060V (67.2V)<br \/>\n16S 50A\u00a060V (67.2V)<br \/>\n16S 60A\u00a060V (67.2V)<br \/>\n16S 80A\u00a060V (67.2V)<br \/>\n16S 100A\u00a060V (67.2V)<br \/>\n16S 120A\u00a060V (67.2V)<br \/>\n16S 150A 60V (67.2V)<\/p>\n<p>Jos s\u00e4hk\u00f6skootterin akussa on ongelma, se johtuu 90 prosentissa tapauksista (laadukkaiden akkujen osalta) akun BMS-j\u00e4rjestelm\u00e4n viasta. Akun BMS-vika on erityisen todenn\u00e4k\u00f6inen silloin, kun s\u00e4hk\u00f6skootteri on mykk\u00e4 - ei linkity tai lataa. Ohjauskortin vaihtaminen, jopa ty\u00f6ll\u00e4 (korjaamolla), on yleens\u00e4 2-3 kertaa halvempaa kuin uuden akun hinta. Jos s\u00e4hk\u00f6skootterisi tarvitsee akun korjausta tai vaihtoa, s\u00e4hk\u00f6skoottereihin erikoistunut <a href=\"http:\/\/www.xn--tuksimaailm-ffb.ee\/elektrilise-toukeratta-remont\/\">korjaamomme voi auttaa<\/a>.<\/p>\n","protected":false},"excerpt":{"rendered":"<p>Daly BMS:t\u00a0s\u00e4hk\u00f6skootterille \/\u00a0s\u00e4hk\u00f6py\u00f6r\u00e4lle Li-Ion (litium-ioni) akku BMS, korkealaatuinen Daly-br\u00e4ndi (my\u00f6s ohjauskortti, ohjausmoduuli, akunhallintaj\u00e4rjestelm\u00e4 ). Valikoimassa on Li-Ion-akkujen BMS-j\u00e4rjestelmi\u00e4, joiden nimellisj\u00e4nnite on 60 V ja l\u00e4ht\u00f6virta 15 A-150 A. Suurin latausvirta on puolet kaikkien BMS:ien suurimmasta l\u00e4ht\u00f6virrasta. Daly-akkujen BMS-j\u00e4rjestelm\u00e4t perustuvat yhteiseen porttirakenteeseen - akkulaturi (ohjaimet) lataa ja kuluttaa s\u00e4hk\u00f6\u00e4 yhden johdon &hellip;<\/p>\n","protected":false},"featured_media":28258,"template":"","meta":[],"product_brand":[],"product_cat":[1698],"product_tag":[1700],"filter_elektritoukeratas":[],"class_list":{"0":"post-57353","1":"product","2":"type-product","3":"status-publish","4":"has-post-thumbnail","6":"product_cat-varaosat","7":"product_tag-universal-sahkoskootterin-varaosat","8":"pa_tootetuup-bmsid-fi","10":"first","11":"instock","12":"taxable","13":"shipping-taxable","14":"purchasable","15":"product-type-variable"},"yoast_head":"<!-- This site is optimized with the Yoast SEO Premium plugin v26.8 (Yoast SEO v27.5) - https:\/\/yoast.com\/product\/yoast-seo-premium-wordpress\/ -->\n<title>Li-Ion akku BMS 60V, 15A - 150A Daly Daly | T\u00f5uksimaailm<\/title>\n<meta name=\"description\" content=\"Li-Ion (liitium-ioon) aku BMSid, kvaliteetne Daly br\u00e4nd (ka kontrollplaat, kontrollmoodul, battery management system). Nimipinge 60V, 15A - 150A.\" \/>\n<meta name=\"robots\" content=\"index, follow, max-snippet:-1, max-image-preview:large, max-video-preview:-1\" \/>\n<link rel=\"canonical\" href=\"https:\/\/www.xn--tuksimaailm-ffb.ee\/fi\/shop\/li-ion-akku-bms-60v-15a-150a-daly-daly\/\" \/>\n<meta property=\"og:locale\" content=\"fi_FI\" \/>\n<meta property=\"og:type\" content=\"article\" \/>\n<meta property=\"og:title\" content=\"Li-Ion akku BMS 60V, 15A - 150A Daly Daly\" \/>\n<meta property=\"og:description\" content=\"Li-Ion (liitium-ioon) aku BMSid, kvaliteetne Daly br\u00e4nd (ka kontrollplaat, kontrollmoodul, battery management system). Nimipinge 60V, 15A - 150A.\" \/>\n<meta property=\"og:url\" content=\"https:\/\/www.xn--tuksimaailm-ffb.ee\/fi\/shop\/li-ion-akku-bms-60v-15a-150a-daly-daly\/\" \/>\n<meta property=\"og:site_name\" content=\"T\u00f5uksimaailm\" \/>\n<meta property=\"article:publisher\" content=\"https:\/\/www.facebook.com\/touksimaailm\/\" \/>\n<meta property=\"og:image\" content=\"https:\/\/www.xn--tuksimaailm-ffb.ee\/wp-content\/uploads\/2023\/01\/Daly-BMSid-1.jpg\" \/>\n\t<meta property=\"og:image:width\" content=\"539\" \/>\n\t<meta property=\"og:image:height\" content=\"547\" \/>\n\t<meta property=\"og:image:type\" content=\"image\/jpeg\" \/>\n<meta name=\"twitter:card\" content=\"summary_large_image\" \/>\n<meta name=\"twitter:label1\" content=\"Saatavuus\" \/>\n\t<meta name=\"twitter:data1\" content=\"Varastossa\" \/>\n<meta property=\"og:availability\" content=\"instock\" \/>\n<meta property=\"product:availability\" content=\"instock\" \/>\n<meta property=\"product:condition\" content=\"new\" \/>\n<!-- \/ Yoast SEO Premium plugin. -->","yoast_head_json":{"title":"Li-Ion akku BMS 60V, 15A - 150A Daly Daly | T\u00f5uksimaailm","description":"Li-Ion (liitium-ioon) aku BMSid, kvaliteetne Daly br\u00e4nd (ka kontrollplaat, kontrollmoodul, battery management system). Nimipinge 60V, 15A - 150A.","robots":{"index":"index","follow":"follow","max-snippet":"max-snippet:-1","max-image-preview":"max-image-preview:large","max-video-preview":"max-video-preview:-1"},"canonical":"https:\/\/www.xn--tuksimaailm-ffb.ee\/fi\/shop\/li-ion-akku-bms-60v-15a-150a-daly-daly\/","og_locale":"fi_FI","og_type":"article","og_title":"Li-Ion akku BMS 60V, 15A - 150A Daly Daly","og_description":"Li-Ion (liitium-ioon) aku BMSid, kvaliteetne Daly br\u00e4nd (ka kontrollplaat, kontrollmoodul, battery management system). Nimipinge 60V, 15A - 150A.","og_url":"https:\/\/www.xn--tuksimaailm-ffb.ee\/fi\/shop\/li-ion-akku-bms-60v-15a-150a-daly-daly\/","og_site_name":"T\u00f5uksimaailm","article_publisher":"https:\/\/www.facebook.com\/touksimaailm\/","og_image":[{"width":539,"height":547,"url":"https:\/\/www.xn--tuksimaailm-ffb.ee\/wp-content\/uploads\/2023\/01\/Daly-BMSid-1.jpg","type":"image\/jpeg"}],"twitter_card":"summary_large_image","twitter_misc":{"Saatavuus":"Varastossa"},"schema":{"@context":"https:\/\/schema.org","@graph":[{"@type":"WebPage","@id":"https:\/\/www.xn--tuksimaailm-ffb.ee\/fi\/shop\/li-ion-akku-bms-60v-15a-150a-daly-daly\/","url":"https:\/\/www.xn--tuksimaailm-ffb.ee\/fi\/shop\/li-ion-akku-bms-60v-15a-150a-daly-daly\/","name":"Li-Ion akku BMS 60V, 15A - 150A Daly Daly | T\u00f5uksimaailm","isPartOf":{"@id":"https:\/\/www.xn--tuksimaailm-ffb.ee\/fi\/#website"},"primaryImageOfPage":{"@id":"https:\/\/www.xn--tuksimaailm-ffb.ee\/fi\/shop\/li-ion-akku-bms-60v-15a-150a-daly-daly\/#primaryimage"},"image":{"@id":"https:\/\/www.xn--tuksimaailm-ffb.ee\/fi\/shop\/li-ion-akku-bms-60v-15a-150a-daly-daly\/#primaryimage"},"thumbnailUrl":"https:\/\/www.xn--tuksimaailm-ffb.ee\/wp-content\/uploads\/2023\/01\/Daly-BMSid-1.jpg","datePublished":"2023-01-17T14:51:30+00:00","description":"Li-Ion (liitium-ioon) aku BMSid, kvaliteetne Daly br\u00e4nd (ka kontrollplaat, kontrollmoodul, battery management system). Nimipinge 60V, 15A - 150A.","breadcrumb":{"@id":"https:\/\/www.xn--tuksimaailm-ffb.ee\/fi\/shop\/li-ion-akku-bms-60v-15a-150a-daly-daly\/#breadcrumb"},"inLanguage":"fi","potentialAction":[{"@type":"ReadAction","target":["https:\/\/www.xn--tuksimaailm-ffb.ee\/fi\/shop\/li-ion-akku-bms-60v-15a-150a-daly-daly\/"]}]},{"@type":"ImageObject","inLanguage":"fi","@id":"https:\/\/www.xn--tuksimaailm-ffb.ee\/fi\/shop\/li-ion-akku-bms-60v-15a-150a-daly-daly\/#primaryimage","url":"https:\/\/www.xn--tuksimaailm-ffb.ee\/wp-content\/uploads\/2023\/01\/Daly-BMSid-1.jpg","contentUrl":"https:\/\/www.xn--tuksimaailm-ffb.ee\/wp-content\/uploads\/2023\/01\/Daly-BMSid-1.jpg","width":539,"height":547,"caption":"Elektrit\u00f5ukeratta Li-Ion (liitium-ioon) aku BMSid, kvaliteetne Daly br\u00e4nd (ka kontrollplaat, kontrollmoodul, battery management system) valikus on Li-Ion aku BMSid pinge vahemikus 24V - 72V ning v\u00e4ljundvoolu vahemikus 15A - 150A elektrit\u00f5ukerattad"},{"@type":"BreadcrumbList","@id":"https:\/\/www.xn--tuksimaailm-ffb.ee\/fi\/shop\/li-ion-akku-bms-60v-15a-150a-daly-daly\/#breadcrumb","itemListElement":[{"@type":"ListItem","position":1,"name":"Home","item":"https:\/\/www.xn--tuksimaailm-ffb.ee\/fi\/kotisivu\/"},{"@type":"ListItem","position":2,"name":"Kauppa","item":"https:\/\/www.xn--tuksimaailm-ffb.ee\/elektritoukerataste-pood\/"},{"@type":"ListItem","position":3,"name":"Li-Ion akku BMS 60V, 15A - 150A Daly Daly"}]},{"@type":"WebSite","@id":"https:\/\/www.xn--tuksimaailm-ffb.ee\/fi\/#website","url":"https:\/\/www.xn--tuksimaailm-ffb.ee\/fi\/","name":"T\u00f5uksimaailm","description":"Elektrit\u00f5ukerataste m\u00fc\u00fck, remont ja rent","publisher":{"@id":"https:\/\/www.xn--tuksimaailm-ffb.ee\/fi\/#organization"},"potentialAction":[{"@type":"SearchAction","target":{"@type":"EntryPoint","urlTemplate":"https:\/\/www.xn--tuksimaailm-ffb.ee\/fi\/?s={search_term_string}"},"query-input":{"@type":"PropertyValueSpecification","valueRequired":true,"valueName":"search_term_string"}}],"inLanguage":"fi"},{"@type":"Organization","@id":"https:\/\/www.xn--tuksimaailm-ffb.ee\/fi\/#organization","name":"T\u00f5uksimaailm","url":"https:\/\/www.xn--tuksimaailm-ffb.ee\/fi\/","logo":{"@type":"ImageObject","inLanguage":"fi","@id":"https:\/\/www.xn--tuksimaailm-ffb.ee\/fi\/#\/schema\/logo\/image\/","url":"https:\/\/www.xn--tuksimaailm-ffb.ee\/wp-content\/uploads\/2020\/01\/logoz-e1579792875517.png","contentUrl":"https:\/\/www.xn--tuksimaailm-ffb.ee\/wp-content\/uploads\/2020\/01\/logoz-e1579792875517.png","width":250,"height":250,"caption":"T\u00f5uksimaailm"},"image":{"@id":"https:\/\/www.xn--tuksimaailm-ffb.ee\/fi\/#\/schema\/logo\/image\/"},"sameAs":["https:\/\/www.facebook.com\/touksimaailm\/","https:\/\/www.instagram.com\/touksimaailm_\/","https:\/\/www.youtube.com\/channel\/UC18ml0EKIDLP1xGuQjFzcXQ"]}]},"og_availability":"instock","product_availability":"instock","product_condition":"new"},"jetpack_sharing_enabled":true,"_links":{"self":[{"href":"https:\/\/www.xn--tuksimaailm-ffb.ee\/fi\/wp-json\/wp\/v2\/product\/57353","targetHints":{"allow":["GET"]}}],"collection":[{"href":"https:\/\/www.xn--tuksimaailm-ffb.ee\/fi\/wp-json\/wp\/v2\/product"}],"about":[{"href":"https:\/\/www.xn--tuksimaailm-ffb.ee\/fi\/wp-json\/wp\/v2\/types\/product"}],"wp:featuredmedia":[{"embeddable":true,"href":"https:\/\/www.xn--tuksimaailm-ffb.ee\/fi\/wp-json\/wp\/v2\/media\/28258"}],"wp:attachment":[{"href":"https:\/\/www.xn--tuksimaailm-ffb.ee\/fi\/wp-json\/wp\/v2\/media?parent=57353"}],"wp:term":[{"taxonomy":"product_brand","embeddable":true,"href":"https:\/\/www.xn--tuksimaailm-ffb.ee\/fi\/wp-json\/wp\/v2\/product_brand?post=57353"},{"taxonomy":"product_cat","embeddable":true,"href":"https:\/\/www.xn--tuksimaailm-ffb.ee\/fi\/wp-json\/wp\/v2\/product_cat?post=57353"},{"taxonomy":"product_tag","embeddable":true,"href":"https:\/\/www.xn--tuksimaailm-ffb.ee\/fi\/wp-json\/wp\/v2\/product_tag?post=57353"},{"taxonomy":"filter_elektritoukeratas","embeddable":true,"href":"https:\/\/www.xn--tuksimaailm-ffb.ee\/fi\/wp-json\/wp\/v2\/filter_elektritoukeratas?post=57353"}],"curies":[{"name":"wp","href":"https:\/\/api.w.org\/{rel}","templated":true}]}}