{"id":57481,"date":"2023-01-10T15:35:50","date_gmt":"2023-01-10T13:35:50","guid":{"rendered":"http:\/\/www.xn--tuksimaailm-ffb.ee\/shop\/jarrupalat-shimano-xtr-xt-zee-saint-hartsi\/"},"modified":"2023-01-10T15:35:50","modified_gmt":"2023-01-10T12:35:50","slug":"jarrupalat-shimano-xtr-xt-zee-saint-hartsi","status":"publish","type":"product","link":"https:\/\/www.xn--tuksimaailm-ffb.ee\/fi\/shop\/jarrupalat-shimano-xtr-xt-zee-saint-hartsi\/","title":{"rendered":"Jarrupalat Shimano XTR XT ZEE SAINT hartsi"},"content":{"rendered":"<p>Jarrupalat \/ levyjarrupalat, sopivat Shimano XTR, XT, ZEE, SAINT jarruihin. Sopii my\u00f6s Logan 4 m\u00e4nt\u00e4jarruihin. Sopii Sur-Ron light Bee ja Talaria sting s\u00e4hk\u00f6moottoripy\u00f6riin. Materiaali hartsi.<\/p>\n","protected":false},"excerpt":{"rendered":"<p>Jarrupalat \/ levyjarrupalat, sopivat Shimano XTR, XT, ZEE, SAINT jarruihin. Sopii my\u00f6s Logan 4 m\u00e4nt\u00e4jarruihin. Sopii Sur-Ron light Bee ja Talaria sting s\u00e4hk\u00f6moottoripy\u00f6riin. Materiaali hartsi.<\/p>\n","protected":false},"featured_media":65260,"template":"","meta":[],"product_brand":[],"product_cat":[1698],"product_tag":[],"filter_elektritoukeratas":[],"class_list":{"0":"post-57481","1":"product","2":"type-product","3":"status-publish","4":"has-post-thumbnail","6":"product_cat-varaosat","7":"pa_tootetuup-piduriklotsid-fi","9":"first","10":"instock","11":"taxable","12":"shipping-taxable","13":"purchasable","14":"product-type-variable"},"yoast_head":"<!-- This site is optimized with the Yoast SEO Premium plugin v26.8 (Yoast SEO v27.3) - https:\/\/yoast.com\/product\/yoast-seo-premium-wordpress\/ -->\n<title>Jarrupalat Shimano XTR XT ZEE SAINT hartsi &#8212; T\u00f5uksimaailm<\/title>\n<meta name=\"description\" content=\"Piduriklotsid \/ ketaspiduriklotsid, sobivad piduritele Shimano XTR, XT, ZEE, SAINT. Samuti sobivad Logan 4 kolbiga piduritele. Materjal vaik.\" \/>\n<meta name=\"robots\" content=\"index, follow, max-snippet:-1, max-image-preview:large, max-video-preview:-1\" \/>\n<link rel=\"canonical\" href=\"https:\/\/www.xn--tuksimaailm-ffb.ee\/fi\/shop\/jarrupalat-shimano-xtr-xt-zee-saint-hartsi\/\" \/>\n<meta property=\"og:locale\" content=\"fi_FI\" \/>\n<meta property=\"og:type\" content=\"article\" \/>\n<meta property=\"og:title\" content=\"Jarrupalat Shimano XTR XT ZEE SAINT hartsi\" \/>\n<meta property=\"og:description\" content=\"Piduriklotsid \/ ketaspiduriklotsid, sobivad piduritele Shimano XTR, XT, ZEE, SAINT. Samuti sobivad Logan 4 kolbiga piduritele. Materjal vaik.\" \/>\n<meta property=\"og:url\" content=\"https:\/\/www.xn--tuksimaailm-ffb.ee\/fi\/shop\/jarrupalat-shimano-xtr-xt-zee-saint-hartsi\/\" \/>\n<meta property=\"og:site_name\" content=\"T\u00f5uksimaailm\" \/>\n<meta property=\"article:publisher\" content=\"https:\/\/www.facebook.com\/touksimaailm\/\" \/>\n<meta property=\"og:image\" content=\"https:\/\/www.xn--tuksimaailm-ffb.ee\/wp-content\/uploads\/2023\/01\/Piduriklotsid-Shimano-XTR-XT-ZEE-SAINT-vaik.png\" \/>\n\t<meta property=\"og:image:width\" content=\"980\" \/>\n\t<meta property=\"og:image:height\" content=\"996\" \/>\n\t<meta property=\"og:image:type\" content=\"image\/png\" \/>\n<meta name=\"twitter:card\" content=\"summary_large_image\" \/>\n<meta name=\"twitter:label1\" content=\"Saatavuus\" \/>\n\t<meta name=\"twitter:data1\" content=\"Varastossa\" \/>\n<meta property=\"og:availability\" content=\"instock\" \/>\n<meta property=\"product:availability\" content=\"instock\" \/>\n<meta property=\"product:condition\" content=\"new\" \/>\n<!-- \/ Yoast SEO Premium plugin. -->","yoast_head_json":{"title":"Jarrupalat Shimano XTR XT ZEE SAINT hartsi &#8212; T\u00f5uksimaailm","description":"Piduriklotsid \/ ketaspiduriklotsid, sobivad piduritele Shimano XTR, XT, ZEE, SAINT. Samuti sobivad Logan 4 kolbiga piduritele. Materjal vaik.","robots":{"index":"index","follow":"follow","max-snippet":"max-snippet:-1","max-image-preview":"max-image-preview:large","max-video-preview":"max-video-preview:-1"},"canonical":"https:\/\/www.xn--tuksimaailm-ffb.ee\/fi\/shop\/jarrupalat-shimano-xtr-xt-zee-saint-hartsi\/","og_locale":"fi_FI","og_type":"article","og_title":"Jarrupalat Shimano XTR XT ZEE SAINT hartsi","og_description":"Piduriklotsid \/ ketaspiduriklotsid, sobivad piduritele Shimano XTR, XT, ZEE, SAINT. Samuti sobivad Logan 4 kolbiga piduritele. Materjal vaik.","og_url":"https:\/\/www.xn--tuksimaailm-ffb.ee\/fi\/shop\/jarrupalat-shimano-xtr-xt-zee-saint-hartsi\/","og_site_name":"T\u00f5uksimaailm","article_publisher":"https:\/\/www.facebook.com\/touksimaailm\/","og_image":[{"width":980,"height":996,"url":"https:\/\/www.xn--tuksimaailm-ffb.ee\/wp-content\/uploads\/2023\/01\/Piduriklotsid-Shimano-XTR-XT-ZEE-SAINT-vaik.png","type":"image\/png"}],"twitter_card":"summary_large_image","twitter_misc":{"Saatavuus":"Varastossa"},"schema":{"@context":"https:\/\/schema.org","@graph":[{"@type":"WebPage","@id":"https:\/\/www.xn--tuksimaailm-ffb.ee\/fi\/shop\/jarrupalat-shimano-xtr-xt-zee-saint-hartsi\/","url":"https:\/\/www.xn--tuksimaailm-ffb.ee\/fi\/shop\/jarrupalat-shimano-xtr-xt-zee-saint-hartsi\/","name":"Jarrupalat Shimano XTR XT ZEE SAINT hartsi &#8212; T\u00f5uksimaailm","isPartOf":{"@id":"https:\/\/www.xn--tuksimaailm-ffb.ee\/fi\/#website"},"primaryImageOfPage":{"@id":"https:\/\/www.xn--tuksimaailm-ffb.ee\/fi\/shop\/jarrupalat-shimano-xtr-xt-zee-saint-hartsi\/#primaryimage"},"image":{"@id":"https:\/\/www.xn--tuksimaailm-ffb.ee\/fi\/shop\/jarrupalat-shimano-xtr-xt-zee-saint-hartsi\/#primaryimage"},"thumbnailUrl":"https:\/\/www.xn--tuksimaailm-ffb.ee\/wp-content\/uploads\/2023\/01\/Screenshot-2025-07-02-160010.webp","datePublished":"2023-01-10T13:35:50+00:00","description":"Piduriklotsid \/ ketaspiduriklotsid, sobivad piduritele Shimano XTR, XT, ZEE, SAINT. Samuti sobivad Logan 4 kolbiga piduritele. Materjal vaik.","breadcrumb":{"@id":"https:\/\/www.xn--tuksimaailm-ffb.ee\/fi\/shop\/jarrupalat-shimano-xtr-xt-zee-saint-hartsi\/#breadcrumb"},"inLanguage":"fi","potentialAction":[{"@type":"ReadAction","target":["https:\/\/www.xn--tuksimaailm-ffb.ee\/fi\/shop\/jarrupalat-shimano-xtr-xt-zee-saint-hartsi\/"]}]},{"@type":"ImageObject","inLanguage":"fi","@id":"https:\/\/www.xn--tuksimaailm-ffb.ee\/fi\/shop\/jarrupalat-shimano-xtr-xt-zee-saint-hartsi\/#primaryimage","url":"https:\/\/www.xn--tuksimaailm-ffb.ee\/wp-content\/uploads\/2023\/01\/Screenshot-2025-07-02-160010.webp","contentUrl":"https:\/\/www.xn--tuksimaailm-ffb.ee\/wp-content\/uploads\/2023\/01\/Screenshot-2025-07-02-160010.webp","width":635,"height":519,"caption":"Piduriklotsid Shimano XTR XT ZEE SAINT"},{"@type":"BreadcrumbList","@id":"https:\/\/www.xn--tuksimaailm-ffb.ee\/fi\/shop\/jarrupalat-shimano-xtr-xt-zee-saint-hartsi\/#breadcrumb","itemListElement":[{"@type":"ListItem","position":1,"name":"Home","item":"https:\/\/www.xn--tuksimaailm-ffb.ee\/fi\/kotisivu\/"},{"@type":"ListItem","position":2,"name":"Kauppa","item":"https:\/\/www.xn--tuksimaailm-ffb.ee\/elektritoukerataste-pood\/"},{"@type":"ListItem","position":3,"name":"Jarrupalat Shimano XTR XT ZEE SAINT hartsi"}]},{"@type":"WebSite","@id":"https:\/\/www.xn--tuksimaailm-ffb.ee\/fi\/#website","url":"https:\/\/www.xn--tuksimaailm-ffb.ee\/fi\/","name":"T\u00f5uksimaailm","description":"Elektrit\u00f5ukerataste m\u00fc\u00fck, remont ja rent","publisher":{"@id":"https:\/\/www.xn--tuksimaailm-ffb.ee\/fi\/#organization"},"potentialAction":[{"@type":"SearchAction","target":{"@type":"EntryPoint","urlTemplate":"https:\/\/www.xn--tuksimaailm-ffb.ee\/fi\/?s={search_term_string}"},"query-input":{"@type":"PropertyValueSpecification","valueRequired":true,"valueName":"search_term_string"}}],"inLanguage":"fi"},{"@type":"Organization","@id":"https:\/\/www.xn--tuksimaailm-ffb.ee\/fi\/#organization","name":"T\u00f5uksimaailm","url":"https:\/\/www.xn--tuksimaailm-ffb.ee\/fi\/","logo":{"@type":"ImageObject","inLanguage":"fi","@id":"https:\/\/www.xn--tuksimaailm-ffb.ee\/fi\/#\/schema\/logo\/image\/","url":"https:\/\/www.xn--tuksimaailm-ffb.ee\/wp-content\/uploads\/2020\/01\/logoz-e1579792875517.png","contentUrl":"https:\/\/www.xn--tuksimaailm-ffb.ee\/wp-content\/uploads\/2020\/01\/logoz-e1579792875517.png","width":250,"height":250,"caption":"T\u00f5uksimaailm"},"image":{"@id":"https:\/\/www.xn--tuksimaailm-ffb.ee\/fi\/#\/schema\/logo\/image\/"},"sameAs":["https:\/\/www.facebook.com\/touksimaailm\/","https:\/\/www.instagram.com\/touksimaailm_\/","https:\/\/www.youtube.com\/channel\/UC18ml0EKIDLP1xGuQjFzcXQ"]}]},"og_availability":"instock","product_availability":"instock","product_condition":"new"},"jetpack_sharing_enabled":true,"_links":{"self":[{"href":"https:\/\/www.xn--tuksimaailm-ffb.ee\/fi\/wp-json\/wp\/v2\/product\/57481","targetHints":{"allow":["GET"]}}],"collection":[{"href":"https:\/\/www.xn--tuksimaailm-ffb.ee\/fi\/wp-json\/wp\/v2\/product"}],"about":[{"href":"https:\/\/www.xn--tuksimaailm-ffb.ee\/fi\/wp-json\/wp\/v2\/types\/product"}],"wp:featuredmedia":[{"embeddable":true,"href":"https:\/\/www.xn--tuksimaailm-ffb.ee\/fi\/wp-json\/wp\/v2\/media\/65260"}],"wp:attachment":[{"href":"https:\/\/www.xn--tuksimaailm-ffb.ee\/fi\/wp-json\/wp\/v2\/media?parent=57481"}],"wp:term":[{"taxonomy":"product_brand","embeddable":true,"href":"https:\/\/www.xn--tuksimaailm-ffb.ee\/fi\/wp-json\/wp\/v2\/product_brand?post=57481"},{"taxonomy":"product_cat","embeddable":true,"href":"https:\/\/www.xn--tuksimaailm-ffb.ee\/fi\/wp-json\/wp\/v2\/product_cat?post=57481"},{"taxonomy":"product_tag","embeddable":true,"href":"https:\/\/www.xn--tuksimaailm-ffb.ee\/fi\/wp-json\/wp\/v2\/product_tag?post=57481"},{"taxonomy":"filter_elektritoukeratas","embeddable":true,"href":"https:\/\/www.xn--tuksimaailm-ffb.ee\/fi\/wp-json\/wp\/v2\/filter_elektritoukeratas?post=57481"}],"curies":[{"name":"wp","href":"https:\/\/api.w.org\/{rel}","templated":true}]}}