{"id":57531,"date":"2023-01-10T14:14:10","date_gmt":"2023-01-10T11:14:10","guid":{"rendered":"http:\/\/www.xn--tuksimaailm-ffb.ee\/shop\/piikit-naulat-sahkoskootteriin-polkupyoraan\/"},"modified":"2023-01-10T14:14:10","modified_gmt":"2023-01-10T11:14:10","slug":"piikit-naulat-sahkoskootteriin-polkupyoraan","status":"publish","type":"product","link":"https:\/\/www.xn--tuksimaailm-ffb.ee\/fi\/shop\/piikit-naulat-sahkoskootteriin-polkupyoraan\/","title":{"rendered":"Piikit \/ naulat s\u00e4hk\u00f6skootteriin \/ polkupy\u00f6r\u00e4\u00e4n"},"content":{"rendered":"<p>Piikit \/ naulat s\u00e4hk\u00f6skootteriin \/ polkupy\u00f6r\u00e4\u00e4n. Nastat sopivat my\u00f6s autoihin, atv:iin, crossipy\u00f6riin ja muihin ajoneuvoihin. Nastat voidaan asentaa l\u00e4hes kaikkiin maasto- ja hybridirenkaisiin, joissa on riitt\u00e4v\u00e4 kulutuspinnan syvyys.<\/p>\n<p>&nbsp;<\/p>\n<p><strong>HUOMAUT<\/strong> <strong>US: Jos s\u00e4hk\u00f6mopossasi<\/strong> on jo nastattomat t\u00e4ysrenkaat, korjaamomme <a href=\"http:\/\/www.xn--tuksimaailm-ffb.ee\/elektrilise-toukeratta-remont\/\"><strong>tarjoaa my\u00f6s<\/strong><\/a> nastojen asennuspalvelua olemassa oleviin renkaisiin hintaan 5 \u20ac\/rengas. Jos s\u00e4hk\u00f6skootterisi on korjauksen tarpeessa tai jos nastojen asentaminen itse on sinulle liikaa, s\u00e4hk\u00f6skoottereihin <a href=\"http:\/\/www.xn--tuksimaailm-ffb.ee\/elektrilise-toukeratta-remont\/\">erikoistunut korjaamomme<\/a> voi auttaa. Tarjoamme my\u00f6s p\u00e4ivystysasennuksen.<\/p>\n","protected":false},"excerpt":{"rendered":"<p>Piikit \/ naulat s\u00e4hk\u00f6skootteriin \/ polkupy\u00f6r\u00e4\u00e4n. Nastat sopivat my\u00f6s autoihin, atv:iin, crossipy\u00f6riin ja muihin ajoneuvoihin. Nastat voidaan asentaa l\u00e4hes kaikkiin maasto- ja hybridirenkaisiin, joissa on riitt\u00e4v\u00e4 kulutuspinnan syvyys. &nbsp; HUOMAUT US: Jos s\u00e4hk\u00f6mopossasi on jo nastattomat t\u00e4ysrenkaat, korjaamomme tarjoaa my\u00f6s nastojen asennuspalvelua olemassa oleviin renkaisiin hintaan 5 \u20ac\/rengas. Jos s\u00e4hk\u00f6skootterisi &hellip;<\/p>\n","protected":false},"featured_media":55213,"template":"","meta":[],"product_brand":[],"product_cat":[1697,2949,1698],"product_tag":[],"filter_elektritoukeratas":[2689,2688,2686,2687,2730,2733,2732,2736,2734,2735,2610,2737,2707,2705,2704,2701,2703,2706,2702,2697,2698,2699,2711,2709,2714,2715,2712,2713,2719,2718,2721,2720,2717,2722,2726,2725,2727,2724,2728,2681,2678,2679,2680,2671,2672,2670,2669,2673,2674,2675,2676,3238,2668,2677,2649,2650,2651,2682,2683,2684,2731,2729,2740,2741,2739,2743,2742,2744,3290,3291,2639,2636,2635,2640,2641,2644,2638,2637,2643,2642,2753,2754,2755,2756,3239,2694,2695,2693,2691,2692,2646,2602,2645,2648,2647,2613,2619,2622,2612,2748,2750,2751,2746,2749,2747],"class_list":{"0":"post-57531","1":"product","2":"type-product","3":"status-publish","4":"has-post-thumbnail","6":"product_cat-lisavarusteet","7":"product_cat-tyokalut-ja-tarvikkeet","8":"product_cat-varaosat","9":"pa_tootetuup-naastud-naelad-fi","10":"filter_elektritoukeratas-ft_blaupunkt_erl814","11":"filter_elektritoukeratas-ft_blaupunkt_esc608","12":"filter_elektritoukeratas-ft_blaupunkt_esc808","13":"filter_elektritoukeratas-ft_blaupunkt_esc910","14":"filter_elektritoukeratas-ft_dualtron_eagle","15":"filter_elektritoukeratas-ft_dualtron_mini","16":"filter_elektritoukeratas-ft_dualtron_spider","17":"filter_elektritoukeratas-ft_dualtron_storm","18":"filter_elektritoukeratas-ft_dualtron_thunder","19":"filter_elektritoukeratas-ft_dualtron_ultra","20":"filter_elektritoukeratas-ft_dualtron_victor","21":"filter_elektritoukeratas-ft_dualtron_x_x2","22":"filter_elektritoukeratas-ft_gpad_f3_max","23":"filter_elektritoukeratas-ft_gpad_foxen","24":"filter_elektritoukeratas-ft_gpad_joyride","25":"filter_elektritoukeratas-ft_gpad_lite_lite_max","26":"filter_elektritoukeratas-ft_gpad_retro","27":"filter_elektritoukeratas-ft_gpad_storm","28":"filter_elektritoukeratas-ft_gpad_svan","29":"filter_elektritoukeratas-ft_hx_x7","30":"filter_elektritoukeratas-ft_hx_x8","31":"filter_elektritoukeratas-ft_hx_x9_max_x9_plus","32":"filter_elektritoukeratas-ft_inokim_light_2_max_super","33":"filter_elektritoukeratas-ft_inokim_light_hero_2_hero","34":"filter_elektritoukeratas-ft_inokim_ox_eco_hero_super","35":"filter_elektritoukeratas-ft_inokim_oxo","36":"filter_elektritoukeratas-ft_inokim_quick_3_hero_super","37":"filter_elektritoukeratas-ft_inokim_quick_4_hero_super","38":"filter_elektritoukeratas-ft_joyor_a1_a3_a5","39":"filter_elektritoukeratas-ft_joyor_f1_f3_f5s","40":"filter_elektritoukeratas-ft_joyor_g5_g5s","41":"filter_elektritoukeratas-ft_joyor_s5_s10-s_s_pro","42":"filter_elektritoukeratas-ft_joyor_x1_x5s","43":"filter_elektritoukeratas-ft_joyor_y10_y6_s_y5s","44":"filter_elektritoukeratas-ft_kaabo_mantis_10","45":"filter_elektritoukeratas-ft_kaabo_mantis_8","46":"filter_elektritoukeratas-ft_kaabo_mantis_king_gt","47":"filter_elektritoukeratas-ft_kaabo_skywalker","48":"filter_elektritoukeratas-ft_kaabo_wolf","49":"filter_elektritoukeratas-ft_kugoo_c1_c1_pro","50":"filter_elektritoukeratas-ft_kugoo_g_booster","51":"filter_elektritoukeratas-ft_kugoo_g1","52":"filter_elektritoukeratas-ft_kugoo_g1_pro","53":"filter_elektritoukeratas-ft_kugoo_g2","54":"filter_elektritoukeratas-ft_kugoo_g2_master","55":"filter_elektritoukeratas-ft_kugoo_g2_max","56":"filter_elektritoukeratas-ft_kugoo_g2_pro","57":"filter_elektritoukeratas-ft_kugoo_g3","58":"filter_elektritoukeratas-ft_kugoo_g3_pro","59":"filter_elektritoukeratas-ft_kugoo_g4","60":"filter_elektritoukeratas-ft_kugoo_g4_max","61":"filter_elektritoukeratas-ft_kugoo_m2","62":"filter_elektritoukeratas-ft_kugoo_m4_m4_pro","63":"filter_elektritoukeratas-ft_kugoo_m5_pro","64":"filter_elektritoukeratas-ft_kugoo_s1_s1_plus_s1_pro_s1_max","65":"filter_elektritoukeratas-ft_kugoo_s2_s2_pro","66":"filter_elektritoukeratas-ft_kugoo_s3_s3_plus_s3_pro","67":"filter_elektritoukeratas-ft_kugoo_v1_v1_pro","68":"filter_elektritoukeratas-ft_kugoo_v2","69":"filter_elektritoukeratas-ft_kugoo_v3","70":"filter_elektritoukeratas-ft_minimotors_speedway_4_5","71":"filter_elektritoukeratas-ft_minimotors_speedway_leger","72":"filter_elektritoukeratas-ft_nanrobot_d4_plus","73":"filter_elektritoukeratas-ft_nanrobot_d6_plus","74":"filter_elektritoukeratas-ft_nanrobot_lightning","75":"filter_elektritoukeratas-ft_nanrobot_ls7plus","76":"filter_elektritoukeratas-ft_nanrobot_n6","77":"filter_elektritoukeratas-ft_nanrobot_x_spark","78":"filter_elektritoukeratas-ft_niu_kqi2_pro","79":"filter_elektritoukeratas-ft_niu_kqi3_pro_sport_max","80":"filter_elektritoukeratas-ft_segway_ninebot_d18e_d28e_d38e","81":"filter_elektritoukeratas-ft_segway_ninebot_e22e_e35e_e45e","82":"filter_elektritoukeratas-ft_segway_ninebot_es1_es2_es4","83":"filter_elektritoukeratas-ft_segway_ninebot_f20d_f25e_ii_f30d_f40d_f40d_ii","84":"filter_elektritoukeratas-ft_segway_ninebot_f65_f65i","85":"filter_elektritoukeratas-ft_segway_ninebot_gt1e_gt1d_gt2p","86":"filter_elektritoukeratas-ft_segway_ninebot_max_g2e_g65","87":"filter_elektritoukeratas-ft_segway_ninebot_max_g30p_g30le_g30e_ii_g30lp_ii","88":"filter_elektritoukeratas-ft_segway_ninebot_p100s_p100se","89":"filter_elektritoukeratas-ft_segway_ninebot_p65e_p65i","90":"filter_elektritoukeratas-ft_techlife_x5_x5s","91":"filter_elektritoukeratas-ft_techlife_x6","92":"filter_elektritoukeratas-ft_techlife_x7_x7_lite_x7s","93":"filter_elektritoukeratas-ft_techlife_x8_x8s","94":"filter_elektritoukeratas-ft_techlife_x9","95":"filter_elektritoukeratas-ft_velt_smart_eco","96":"filter_elektritoukeratas-ft_velt_smart_pro","97":"filter_elektritoukeratas-ft_velt_smart_x7","98":"filter_elektritoukeratas-ft_velt_smart_x8","99":"filter_elektritoukeratas-ft_velt_smart_x8_pro","100":"filter_elektritoukeratas-ft_vsett_10_plus","101":"filter_elektritoukeratas-ft_vsett_11_plus","102":"filter_elektritoukeratas-ft_vsett_11_plus_super","103":"filter_elektritoukeratas-ft_vsett_8_8_plus","104":"filter_elektritoukeratas-ft_vsett_9_9_plus","105":"filter_elektritoukeratas-ft_xiaomi_1s_mi3_pro_2_3_lite","106":"filter_elektritoukeratas-ft_xiaomi_4_4_lite_4_pro","107":"filter_elektritoukeratas-ft_xiaomi_4_ultra","108":"filter_elektritoukeratas-ft_xiaomi_m365_m365_pro_essential","109":"filter_elektritoukeratas-ft_zero_10","110":"filter_elektritoukeratas-ft_zero_10x","111":"filter_elektritoukeratas-ft_zero_11x","112":"filter_elektritoukeratas-ft_zero_8","113":"filter_elektritoukeratas-ft_zero_8x_compact","114":"filter_elektritoukeratas-ft_zero_9","116":"first","117":"instock","118":"taxable","119":"shipping-taxable","120":"purchasable","121":"product-type-variable"},"yoast_head":"<!-- This site is optimized with the Yoast SEO Premium plugin v26.8 (Yoast SEO v27.5) - https:\/\/yoast.com\/product\/yoast-seo-premium-wordpress\/ -->\n<title>Piikit \/ naulat s\u00e4hk\u00f6skootteriin \/ polkupy\u00f6r\u00e4\u00e4n | T\u00f5uksimaailm<\/title>\n<meta name=\"description\" content=\"Naastud \/ naelad elektrit\u00f5ukerattale \/ jalgrattale. Naastud sobivad ka autole, atvle, krossikale ja teistele s\u00f5idukitele.\" \/>\n<meta name=\"robots\" content=\"index, follow, max-snippet:-1, max-image-preview:large, max-video-preview:-1\" \/>\n<link rel=\"canonical\" href=\"https:\/\/www.xn--tuksimaailm-ffb.ee\/fi\/shop\/piikit-naulat-sahkoskootteriin-polkupyoraan\/\" \/>\n<meta property=\"og:locale\" content=\"fi_FI\" \/>\n<meta property=\"og:type\" content=\"article\" \/>\n<meta property=\"og:title\" content=\"Piikit \/ naulat s\u00e4hk\u00f6skootteriin \/ polkupy\u00f6r\u00e4\u00e4n\" \/>\n<meta property=\"og:description\" content=\"Naastud \/ naelad elektrit\u00f5ukerattale \/ jalgrattale. Naastud sobivad ka autole, atvle, krossikale ja teistele s\u00f5idukitele.\" \/>\n<meta property=\"og:url\" content=\"https:\/\/www.xn--tuksimaailm-ffb.ee\/fi\/shop\/piikit-naulat-sahkoskootteriin-polkupyoraan\/\" \/>\n<meta property=\"og:site_name\" content=\"T\u00f5uksimaailm\" \/>\n<meta property=\"article:publisher\" content=\"https:\/\/www.facebook.com\/touksimaailm\/\" \/>\n<meta property=\"og:image\" content=\"https:\/\/www.xn--tuksimaailm-ffb.ee\/wp-content\/uploads\/2023\/01\/Screenshot-2025-01-18-163412.webp\" \/>\n\t<meta property=\"og:image:width\" content=\"1345\" \/>\n\t<meta property=\"og:image:height\" content=\"1022\" \/>\n\t<meta property=\"og:image:type\" content=\"image\/webp\" \/>\n<meta name=\"twitter:card\" content=\"summary_large_image\" \/>\n<meta name=\"twitter:label1\" content=\"Saatavuus\" \/>\n\t<meta name=\"twitter:data1\" content=\"Varastossa\" \/>\n<meta property=\"og:availability\" content=\"instock\" \/>\n<meta property=\"product:availability\" content=\"instock\" \/>\n<meta property=\"product:condition\" content=\"new\" \/>\n<!-- \/ Yoast SEO Premium plugin. -->","yoast_head_json":{"title":"Piikit \/ naulat s\u00e4hk\u00f6skootteriin \/ polkupy\u00f6r\u00e4\u00e4n | T\u00f5uksimaailm","description":"Naastud \/ naelad elektrit\u00f5ukerattale \/ jalgrattale. Naastud sobivad ka autole, atvle, krossikale ja teistele s\u00f5idukitele.","robots":{"index":"index","follow":"follow","max-snippet":"max-snippet:-1","max-image-preview":"max-image-preview:large","max-video-preview":"max-video-preview:-1"},"canonical":"https:\/\/www.xn--tuksimaailm-ffb.ee\/fi\/shop\/piikit-naulat-sahkoskootteriin-polkupyoraan\/","og_locale":"fi_FI","og_type":"article","og_title":"Piikit \/ naulat s\u00e4hk\u00f6skootteriin \/ polkupy\u00f6r\u00e4\u00e4n","og_description":"Naastud \/ naelad elektrit\u00f5ukerattale \/ jalgrattale. Naastud sobivad ka autole, atvle, krossikale ja teistele s\u00f5idukitele.","og_url":"https:\/\/www.xn--tuksimaailm-ffb.ee\/fi\/shop\/piikit-naulat-sahkoskootteriin-polkupyoraan\/","og_site_name":"T\u00f5uksimaailm","article_publisher":"https:\/\/www.facebook.com\/touksimaailm\/","og_image":[{"width":1345,"height":1022,"url":"https:\/\/www.xn--tuksimaailm-ffb.ee\/wp-content\/uploads\/2023\/01\/Screenshot-2025-01-18-163412.webp","type":"image\/webp"}],"twitter_card":"summary_large_image","twitter_misc":{"Saatavuus":"Varastossa"},"schema":{"@context":"https:\/\/schema.org","@graph":[{"@type":"WebPage","@id":"https:\/\/www.xn--tuksimaailm-ffb.ee\/fi\/shop\/piikit-naulat-sahkoskootteriin-polkupyoraan\/","url":"https:\/\/www.xn--tuksimaailm-ffb.ee\/fi\/shop\/piikit-naulat-sahkoskootteriin-polkupyoraan\/","name":"Piikit \/ naulat s\u00e4hk\u00f6skootteriin \/ polkupy\u00f6r\u00e4\u00e4n | T\u00f5uksimaailm","isPartOf":{"@id":"https:\/\/www.xn--tuksimaailm-ffb.ee\/fi\/#website"},"primaryImageOfPage":{"@id":"https:\/\/www.xn--tuksimaailm-ffb.ee\/fi\/shop\/piikit-naulat-sahkoskootteriin-polkupyoraan\/#primaryimage"},"image":{"@id":"https:\/\/www.xn--tuksimaailm-ffb.ee\/fi\/shop\/piikit-naulat-sahkoskootteriin-polkupyoraan\/#primaryimage"},"thumbnailUrl":"https:\/\/www.xn--tuksimaailm-ffb.ee\/wp-content\/uploads\/2023\/01\/Screenshot-2025-01-18-163412.webp","datePublished":"2023-01-10T11:14:10+00:00","description":"Naastud \/ naelad elektrit\u00f5ukerattale \/ jalgrattale. Naastud sobivad ka autole, atvle, krossikale ja teistele s\u00f5idukitele.","breadcrumb":{"@id":"https:\/\/www.xn--tuksimaailm-ffb.ee\/fi\/shop\/piikit-naulat-sahkoskootteriin-polkupyoraan\/#breadcrumb"},"inLanguage":"fi","potentialAction":[{"@type":"ReadAction","target":["https:\/\/www.xn--tuksimaailm-ffb.ee\/fi\/shop\/piikit-naulat-sahkoskootteriin-polkupyoraan\/"]}]},{"@type":"ImageObject","inLanguage":"fi","@id":"https:\/\/www.xn--tuksimaailm-ffb.ee\/fi\/shop\/piikit-naulat-sahkoskootteriin-polkupyoraan\/#primaryimage","url":"https:\/\/www.xn--tuksimaailm-ffb.ee\/wp-content\/uploads\/2023\/01\/Screenshot-2025-01-18-163412.webp","contentUrl":"https:\/\/www.xn--tuksimaailm-ffb.ee\/wp-content\/uploads\/2023\/01\/Screenshot-2025-01-18-163412.webp","width":1345,"height":1022,"caption":"Naastud \/ naelad elektrit\u00f5ukerattale \/ jalgrattale"},{"@type":"BreadcrumbList","@id":"https:\/\/www.xn--tuksimaailm-ffb.ee\/fi\/shop\/piikit-naulat-sahkoskootteriin-polkupyoraan\/#breadcrumb","itemListElement":[{"@type":"ListItem","position":1,"name":"Home","item":"https:\/\/www.xn--tuksimaailm-ffb.ee\/fi\/kotisivu\/"},{"@type":"ListItem","position":2,"name":"Kauppa","item":"https:\/\/www.xn--tuksimaailm-ffb.ee\/elektritoukerataste-pood\/"},{"@type":"ListItem","position":3,"name":"Piikit \/ naulat s\u00e4hk\u00f6skootteriin \/ polkupy\u00f6r\u00e4\u00e4n"}]},{"@type":"WebSite","@id":"https:\/\/www.xn--tuksimaailm-ffb.ee\/fi\/#website","url":"https:\/\/www.xn--tuksimaailm-ffb.ee\/fi\/","name":"T\u00f5uksimaailm","description":"Elektrit\u00f5ukerataste m\u00fc\u00fck, remont ja rent","publisher":{"@id":"https:\/\/www.xn--tuksimaailm-ffb.ee\/fi\/#organization"},"potentialAction":[{"@type":"SearchAction","target":{"@type":"EntryPoint","urlTemplate":"https:\/\/www.xn--tuksimaailm-ffb.ee\/fi\/?s={search_term_string}"},"query-input":{"@type":"PropertyValueSpecification","valueRequired":true,"valueName":"search_term_string"}}],"inLanguage":"fi"},{"@type":"Organization","@id":"https:\/\/www.xn--tuksimaailm-ffb.ee\/fi\/#organization","name":"T\u00f5uksimaailm","url":"https:\/\/www.xn--tuksimaailm-ffb.ee\/fi\/","logo":{"@type":"ImageObject","inLanguage":"fi","@id":"https:\/\/www.xn--tuksimaailm-ffb.ee\/fi\/#\/schema\/logo\/image\/","url":"https:\/\/www.xn--tuksimaailm-ffb.ee\/wp-content\/uploads\/2020\/01\/logoz-e1579792875517.png","contentUrl":"https:\/\/www.xn--tuksimaailm-ffb.ee\/wp-content\/uploads\/2020\/01\/logoz-e1579792875517.png","width":250,"height":250,"caption":"T\u00f5uksimaailm"},"image":{"@id":"https:\/\/www.xn--tuksimaailm-ffb.ee\/fi\/#\/schema\/logo\/image\/"},"sameAs":["https:\/\/www.facebook.com\/touksimaailm\/","https:\/\/www.instagram.com\/touksimaailm_\/","https:\/\/www.youtube.com\/channel\/UC18ml0EKIDLP1xGuQjFzcXQ"]}]},"og_availability":"instock","product_availability":"instock","product_condition":"new"},"jetpack_sharing_enabled":true,"_links":{"self":[{"href":"https:\/\/www.xn--tuksimaailm-ffb.ee\/fi\/wp-json\/wp\/v2\/product\/57531","targetHints":{"allow":["GET"]}}],"collection":[{"href":"https:\/\/www.xn--tuksimaailm-ffb.ee\/fi\/wp-json\/wp\/v2\/product"}],"about":[{"href":"https:\/\/www.xn--tuksimaailm-ffb.ee\/fi\/wp-json\/wp\/v2\/types\/product"}],"wp:featuredmedia":[{"embeddable":true,"href":"https:\/\/www.xn--tuksimaailm-ffb.ee\/fi\/wp-json\/wp\/v2\/media\/55213"}],"wp:attachment":[{"href":"https:\/\/www.xn--tuksimaailm-ffb.ee\/fi\/wp-json\/wp\/v2\/media?parent=57531"}],"wp:term":[{"taxonomy":"product_brand","embeddable":true,"href":"https:\/\/www.xn--tuksimaailm-ffb.ee\/fi\/wp-json\/wp\/v2\/product_brand?post=57531"},{"taxonomy":"product_cat","embeddable":true,"href":"https:\/\/www.xn--tuksimaailm-ffb.ee\/fi\/wp-json\/wp\/v2\/product_cat?post=57531"},{"taxonomy":"product_tag","embeddable":true,"href":"https:\/\/www.xn--tuksimaailm-ffb.ee\/fi\/wp-json\/wp\/v2\/product_tag?post=57531"},{"taxonomy":"filter_elektritoukeratas","embeddable":true,"href":"https:\/\/www.xn--tuksimaailm-ffb.ee\/fi\/wp-json\/wp\/v2\/filter_elektritoukeratas?post=57531"}],"curies":[{"name":"wp","href":"https:\/\/api.w.org\/{rel}","templated":true}]}}