{"id":57866,"date":"2023-01-10T13:27:39","date_gmt":"2023-01-10T10:27:39","guid":{"rendered":"http:\/\/www.xn--tuksimaailm-ffb.ee\/shop\/2-uritettua-kaapelilankaa-musta-punainen-12-22awg\/"},"modified":"2023-01-10T13:27:39","modified_gmt":"2023-01-10T10:27:39","slug":"2-uritettua-kaapelilankaa-musta-punainen-12-22awg","status":"publish","type":"product","link":"https:\/\/www.xn--tuksimaailm-ffb.ee\/fi\/shop\/2-uritettua-kaapelilankaa-musta-punainen-12-22awg\/","title":{"rendered":"2 uritettua kaapelilankaa musta-punainen 12-22AWG"},"content":{"rendered":"<p style=\"text-align: left;\">kaksis\u00e4ikeinen kaapeli \/ lanka musta-punainen 12AWG, 14AWG, 16AWG, 18AWG, 20AWG ja 22AWG 1 metri.<\/p>\n","protected":false},"excerpt":{"rendered":"<p>Myynti 1 metrill\u00e4.<\/p>\n","protected":false},"featured_media":27489,"template":"","meta":[],"product_brand":[],"product_cat":[1698],"product_tag":[2950,1700],"filter_elektritoukeratas":[2685,2689,2688,2686,2687,2730,2733,2732,2736,2734,2735,2610,2737,2700,2707,2705,2704,2701,2703,2706,2702,2696,2697,2698,2699,2708,2711,2709,2714,2715,2712,2713,2716,2719,2718,2721,2720,2717,2722,2723,2726,2725,2727,2724,2728,2605,2681,2678,2679,2680,2671,2672,2670,2669,2673,2674,2675,2676,2668,2677,2649,2650,2651,2682,2683,2684,2609,2731,2729,2738,2740,2741,2739,2743,2742,2744,2626,2639,2636,2635,2640,2641,2644,2638,2637,2643,2642,2752,2753,2754,2755,2756,2690,2694,2695,2693,2691,2692,2601,2646,2602,2645,2648,2647,2607,2613,2619,2622,2612,2745,2748,2750,2751,2746,2749,2747],"class_list":{"0":"post-57866","1":"product","2":"type-product","3":"status-publish","4":"has-post-thumbnail","6":"product_cat-varaosat","7":"product_tag-tyokalut-ja-tarvikkeet","8":"product_tag-universal-sahkoskootterin-varaosat","9":"pa_size-12awg-fi","10":"pa_size-14awg-fi","11":"pa_size-16awg-fi","12":"pa_size-18awg-fi","13":"pa_size-20awg-fi","14":"pa_size-22awg-fi","15":"pa_tootetuup-universal-sahkoskootterin-varaosat","16":"filter_elektritoukeratas-ft_blaupunkt","17":"filter_elektritoukeratas-ft_blaupunkt_erl814","18":"filter_elektritoukeratas-ft_blaupunkt_esc608","19":"filter_elektritoukeratas-ft_blaupunkt_esc808","20":"filter_elektritoukeratas-ft_blaupunkt_esc910","21":"filter_elektritoukeratas-ft_dualtron_eagle","22":"filter_elektritoukeratas-ft_dualtron_mini","23":"filter_elektritoukeratas-ft_dualtron_spider","24":"filter_elektritoukeratas-ft_dualtron_storm","25":"filter_elektritoukeratas-ft_dualtron_thunder","26":"filter_elektritoukeratas-ft_dualtron_ultra","27":"filter_elektritoukeratas-ft_dualtron_victor","28":"filter_elektritoukeratas-ft_dualtron_x_x2","29":"filter_elektritoukeratas-ft_gpad","30":"filter_elektritoukeratas-ft_gpad_f3_max","31":"filter_elektritoukeratas-ft_gpad_foxen","32":"filter_elektritoukeratas-ft_gpad_joyride","33":"filter_elektritoukeratas-ft_gpad_lite_lite_max","34":"filter_elektritoukeratas-ft_gpad_retro","35":"filter_elektritoukeratas-ft_gpad_storm","36":"filter_elektritoukeratas-ft_gpad_svan","37":"filter_elektritoukeratas-ft_hx","38":"filter_elektritoukeratas-ft_hx_x7","39":"filter_elektritoukeratas-ft_hx_x8","40":"filter_elektritoukeratas-ft_hx_x9_max_x9_plus","41":"filter_elektritoukeratas-ft_inokim","42":"filter_elektritoukeratas-ft_inokim_light_2_max_super","43":"filter_elektritoukeratas-ft_inokim_light_hero_2_hero","44":"filter_elektritoukeratas-ft_inokim_ox_eco_hero_super","45":"filter_elektritoukeratas-ft_inokim_oxo","46":"filter_elektritoukeratas-ft_inokim_quick_3_hero_super","47":"filter_elektritoukeratas-ft_inokim_quick_4_hero_super","48":"filter_elektritoukeratas-ft_joyor","49":"filter_elektritoukeratas-ft_joyor_a1_a3_a5","50":"filter_elektritoukeratas-ft_joyor_f1_f3_f5s","51":"filter_elektritoukeratas-ft_joyor_g5_g5s","52":"filter_elektritoukeratas-ft_joyor_s5_s10-s_s_pro","53":"filter_elektritoukeratas-ft_joyor_x1_x5s","54":"filter_elektritoukeratas-ft_joyor_y10_y6_s_y5s","55":"filter_elektritoukeratas-ft_kaabo","56":"filter_elektritoukeratas-ft_kaabo_mantis_10","57":"filter_elektritoukeratas-ft_kaabo_mantis_8","58":"filter_elektritoukeratas-ft_kaabo_mantis_king_gt","59":"filter_elektritoukeratas-ft_kaabo_skywalker","60":"filter_elektritoukeratas-ft_kaabo_wolf","61":"filter_elektritoukeratas-ft_kugoo_kukirin","62":"filter_elektritoukeratas-ft_kugoo_c1_c1_pro","63":"filter_elektritoukeratas-ft_kugoo_g_booster","64":"filter_elektritoukeratas-ft_kugoo_g1","65":"filter_elektritoukeratas-ft_kugoo_g1_pro","66":"filter_elektritoukeratas-ft_kugoo_g2","67":"filter_elektritoukeratas-ft_kugoo_g2_master","68":"filter_elektritoukeratas-ft_kugoo_g2_max","69":"filter_elektritoukeratas-ft_kugoo_g2_pro","70":"filter_elektritoukeratas-ft_kugoo_g3","71":"filter_elektritoukeratas-ft_kugoo_g3_pro","72":"filter_elektritoukeratas-ft_kugoo_g4","73":"filter_elektritoukeratas-ft_kugoo_g4_max","74":"filter_elektritoukeratas-ft_kugoo_m4_m4_pro","75":"filter_elektritoukeratas-ft_kugoo_m5_pro","76":"filter_elektritoukeratas-ft_kugoo_s1_s1_plus_s1_pro_s1_max","77":"filter_elektritoukeratas-ft_kugoo_s2_s2_pro","78":"filter_elektritoukeratas-ft_kugoo_s3_s3_plus_s3_pro","79":"filter_elektritoukeratas-ft_kugoo_v1_v1_pro","80":"filter_elektritoukeratas-ft_kugoo_v2","81":"filter_elektritoukeratas-ft_kugoo_v3","82":"filter_elektritoukeratas-ft_-minimotors_dualtron","83":"filter_elektritoukeratas-ft_minimotors_speedway_4_5","84":"filter_elektritoukeratas-ft_minimotors_speedway_leger","85":"filter_elektritoukeratas-ft_nanrobot","86":"filter_elektritoukeratas-ft_nanrobot_d4_plus","87":"filter_elektritoukeratas-ft_nanrobot_d6_plus","88":"filter_elektritoukeratas-ft_nanrobot_lightning","89":"filter_elektritoukeratas-ft_nanrobot_ls7plus","90":"filter_elektritoukeratas-ft_nanrobot_n6","91":"filter_elektritoukeratas-ft_nanrobot_x_spark","92":"filter_elektritoukeratas-ft_segway","93":"filter_elektritoukeratas-ft_segway_ninebot_d18e_d28e_d38e","94":"filter_elektritoukeratas-ft_segway_ninebot_e22e_e35e_e45e","95":"filter_elektritoukeratas-ft_segway_ninebot_es1_es2_es4","96":"filter_elektritoukeratas-ft_segway_ninebot_f20d_f25e_ii_f30d_f40d_f40d_ii","97":"filter_elektritoukeratas-ft_segway_ninebot_f65_f65i","98":"filter_elektritoukeratas-ft_segway_ninebot_gt1e_gt1d_gt2p","99":"filter_elektritoukeratas-ft_segway_ninebot_max_g2e_g65","100":"filter_elektritoukeratas-ft_segway_ninebot_max_g30p_g30le_g30e_ii_g30lp_ii","101":"filter_elektritoukeratas-ft_segway_ninebot_p100s_p100se","102":"filter_elektritoukeratas-ft_segway_ninebot_p65e_p65i","103":"filter_elektritoukeratas-ft_techlife","104":"filter_elektritoukeratas-ft_techlife_x5_x5s","105":"filter_elektritoukeratas-ft_techlife_x6","106":"filter_elektritoukeratas-ft_techlife_x7_x7_lite_x7s","107":"filter_elektritoukeratas-ft_techlife_x8_x8s","108":"filter_elektritoukeratas-ft_velt","109":"filter_elektritoukeratas-ft_velt_smart_eco","110":"filter_elektritoukeratas-ft_velt_smart_pro","111":"filter_elektritoukeratas-ft_velt_smart_x7","112":"filter_elektritoukeratas-ft_velt_smart_x8","113":"filter_elektritoukeratas-ft_velt_smart_x8_pro","114":"filter_elektritoukeratas-ft_vsett","115":"filter_elektritoukeratas-ft_vsett_10_plus","116":"filter_elektritoukeratas-ft_vsett_11_plus","117":"filter_elektritoukeratas-ft_vsett_11_plus_super","118":"filter_elektritoukeratas-ft_vsett_8_8_plus","119":"filter_elektritoukeratas-ft_vsett_9_9_plus","120":"filter_elektritoukeratas-ft_xiaomi","121":"filter_elektritoukeratas-ft_xiaomi_1s_mi3_pro_2_3_lite","122":"filter_elektritoukeratas-ft_xiaomi_4_4_lite_4_pro","123":"filter_elektritoukeratas-ft_xiaomi_4_ultra","124":"filter_elektritoukeratas-ft_xiaomi_m365_m365_pro_essential","125":"filter_elektritoukeratas-ft_zero","126":"filter_elektritoukeratas-ft_zero_10","127":"filter_elektritoukeratas-ft_zero_10x","128":"filter_elektritoukeratas-ft_zero_11x","129":"filter_elektritoukeratas-ft_zero_8","130":"filter_elektritoukeratas-ft_zero_8x_compact","131":"filter_elektritoukeratas-ft_zero_9","133":"first","134":"instock","135":"taxable","136":"shipping-taxable","137":"purchasable","138":"product-type-variable"},"yoast_head":"<!-- This site is optimized with the Yoast SEO Premium plugin v26.8 (Yoast SEO v27.5) - https:\/\/yoast.com\/product\/yoast-seo-premium-wordpress\/ -->\n<title>2 uritettua kaapelilankaa musta-punainen 12-22AWG | T\u00f5uksimaailm<\/title>\n<meta name=\"description\" content=\"2 sooneline kaabel \/ juhe must-punane 12AWG, 14AWG, 16AWG, 18AWG v\u00f5i 20AWG, 1 meetri kaupa.\" \/>\n<meta name=\"robots\" content=\"index, follow, max-snippet:-1, max-image-preview:large, max-video-preview:-1\" \/>\n<link rel=\"canonical\" href=\"https:\/\/www.xn--tuksimaailm-ffb.ee\/fi\/shop\/2-uritettua-kaapelilankaa-musta-punainen-12-22awg\/\" \/>\n<meta property=\"og:locale\" content=\"fi_FI\" \/>\n<meta property=\"og:type\" content=\"article\" \/>\n<meta property=\"og:title\" content=\"2 uritettua kaapelilankaa musta-punainen 12-22AWG\" \/>\n<meta property=\"og:description\" content=\"2 sooneline kaabel \/ juhe must-punane 12AWG, 14AWG, 16AWG, 18AWG v\u00f5i 20AWG, 1 meetri kaupa.\" \/>\n<meta property=\"og:url\" content=\"https:\/\/www.xn--tuksimaailm-ffb.ee\/fi\/shop\/2-uritettua-kaapelilankaa-musta-punainen-12-22awg\/\" \/>\n<meta property=\"og:site_name\" content=\"T\u00f5uksimaailm\" \/>\n<meta property=\"article:publisher\" content=\"https:\/\/www.facebook.com\/touksimaailm\/\" \/>\n<meta property=\"og:image\" content=\"https:\/\/www.XN--TUKSIMAAILM-FFB.EE\/wp-content\/uploads\/2023\/01\/2-sooneline-kaabel-juhe-must-punane-12-14-16-AWG.jpg\" \/>\n\t<meta property=\"og:image:width\" content=\"1070\" \/>\n\t<meta property=\"og:image:height\" content=\"1008\" \/>\n\t<meta property=\"og:image:type\" content=\"image\/jpeg\" \/>\n<meta name=\"twitter:card\" content=\"summary_large_image\" \/>\n<meta name=\"twitter:label1\" content=\"Saatavuus\" \/>\n\t<meta name=\"twitter:data1\" content=\"Varastossa\" \/>\n<meta property=\"og:availability\" content=\"instock\" \/>\n<meta property=\"product:availability\" content=\"instock\" \/>\n<meta property=\"product:condition\" content=\"new\" \/>\n<!-- \/ Yoast SEO Premium plugin. -->","yoast_head_json":{"title":"2 uritettua kaapelilankaa musta-punainen 12-22AWG | T\u00f5uksimaailm","description":"2 sooneline kaabel \/ juhe must-punane 12AWG, 14AWG, 16AWG, 18AWG v\u00f5i 20AWG, 1 meetri kaupa.","robots":{"index":"index","follow":"follow","max-snippet":"max-snippet:-1","max-image-preview":"max-image-preview:large","max-video-preview":"max-video-preview:-1"},"canonical":"https:\/\/www.xn--tuksimaailm-ffb.ee\/fi\/shop\/2-uritettua-kaapelilankaa-musta-punainen-12-22awg\/","og_locale":"fi_FI","og_type":"article","og_title":"2 uritettua kaapelilankaa musta-punainen 12-22AWG","og_description":"2 sooneline kaabel \/ juhe must-punane 12AWG, 14AWG, 16AWG, 18AWG v\u00f5i 20AWG, 1 meetri kaupa.","og_url":"https:\/\/www.xn--tuksimaailm-ffb.ee\/fi\/shop\/2-uritettua-kaapelilankaa-musta-punainen-12-22awg\/","og_site_name":"T\u00f5uksimaailm","article_publisher":"https:\/\/www.facebook.com\/touksimaailm\/","og_image":[{"width":1070,"height":1008,"url":"https:\/\/www.XN--TUKSIMAAILM-FFB.EE\/wp-content\/uploads\/2023\/01\/2-sooneline-kaabel-juhe-must-punane-12-14-16-AWG.jpg","type":"image\/jpeg"}],"twitter_card":"summary_large_image","twitter_misc":{"Saatavuus":"Varastossa"},"schema":{"@context":"https:\/\/schema.org","@graph":[{"@type":"WebPage","@id":"https:\/\/www.xn--tuksimaailm-ffb.ee\/fi\/shop\/2-uritettua-kaapelilankaa-musta-punainen-12-22awg\/","url":"https:\/\/www.xn--tuksimaailm-ffb.ee\/fi\/shop\/2-uritettua-kaapelilankaa-musta-punainen-12-22awg\/","name":"2 uritettua kaapelilankaa musta-punainen 12-22AWG | T\u00f5uksimaailm","isPartOf":{"@id":"https:\/\/www.xn--tuksimaailm-ffb.ee\/fi\/#website"},"primaryImageOfPage":{"@id":"https:\/\/www.xn--tuksimaailm-ffb.ee\/fi\/shop\/2-uritettua-kaapelilankaa-musta-punainen-12-22awg\/#primaryimage"},"image":{"@id":"https:\/\/www.xn--tuksimaailm-ffb.ee\/fi\/shop\/2-uritettua-kaapelilankaa-musta-punainen-12-22awg\/#primaryimage"},"thumbnailUrl":"https:\/\/www.xn--tuksimaailm-ffb.ee\/wp-content\/uploads\/2023\/01\/2-sooneline-kaabel-juhe-must-punane-12-14-16-AWG.jpg","datePublished":"2023-01-10T10:27:39+00:00","description":"2 sooneline kaabel \/ juhe must-punane 12AWG, 14AWG, 16AWG, 18AWG v\u00f5i 20AWG, 1 meetri kaupa.","breadcrumb":{"@id":"https:\/\/www.xn--tuksimaailm-ffb.ee\/fi\/shop\/2-uritettua-kaapelilankaa-musta-punainen-12-22awg\/#breadcrumb"},"inLanguage":"fi","potentialAction":[{"@type":"ReadAction","target":["https:\/\/www.xn--tuksimaailm-ffb.ee\/fi\/shop\/2-uritettua-kaapelilankaa-musta-punainen-12-22awg\/"]}]},{"@type":"ImageObject","inLanguage":"fi","@id":"https:\/\/www.xn--tuksimaailm-ffb.ee\/fi\/shop\/2-uritettua-kaapelilankaa-musta-punainen-12-22awg\/#primaryimage","url":"https:\/\/www.xn--tuksimaailm-ffb.ee\/wp-content\/uploads\/2023\/01\/2-sooneline-kaabel-juhe-must-punane-12-14-16-AWG.jpg","contentUrl":"https:\/\/www.xn--tuksimaailm-ffb.ee\/wp-content\/uploads\/2023\/01\/2-sooneline-kaabel-juhe-must-punane-12-14-16-AWG.jpg","width":1070,"height":1008,"caption":"2 sooneline kaabel juhe must-punane 12 14 16 AWG 1"},{"@type":"BreadcrumbList","@id":"https:\/\/www.xn--tuksimaailm-ffb.ee\/fi\/shop\/2-uritettua-kaapelilankaa-musta-punainen-12-22awg\/#breadcrumb","itemListElement":[{"@type":"ListItem","position":1,"name":"Home","item":"https:\/\/www.xn--tuksimaailm-ffb.ee\/fi\/kotisivu\/"},{"@type":"ListItem","position":2,"name":"Kauppa","item":"https:\/\/www.xn--tuksimaailm-ffb.ee\/elektritoukerataste-pood\/"},{"@type":"ListItem","position":3,"name":"2 uritettua kaapelilankaa musta-punainen 12-22AWG"}]},{"@type":"WebSite","@id":"https:\/\/www.xn--tuksimaailm-ffb.ee\/fi\/#website","url":"https:\/\/www.xn--tuksimaailm-ffb.ee\/fi\/","name":"T\u00f5uksimaailm","description":"Elektrit\u00f5ukerataste m\u00fc\u00fck, remont ja rent","publisher":{"@id":"https:\/\/www.xn--tuksimaailm-ffb.ee\/fi\/#organization"},"potentialAction":[{"@type":"SearchAction","target":{"@type":"EntryPoint","urlTemplate":"https:\/\/www.xn--tuksimaailm-ffb.ee\/fi\/?s={search_term_string}"},"query-input":{"@type":"PropertyValueSpecification","valueRequired":true,"valueName":"search_term_string"}}],"inLanguage":"fi"},{"@type":"Organization","@id":"https:\/\/www.xn--tuksimaailm-ffb.ee\/fi\/#organization","name":"T\u00f5uksimaailm","url":"https:\/\/www.xn--tuksimaailm-ffb.ee\/fi\/","logo":{"@type":"ImageObject","inLanguage":"fi","@id":"https:\/\/www.xn--tuksimaailm-ffb.ee\/fi\/#\/schema\/logo\/image\/","url":"https:\/\/www.xn--tuksimaailm-ffb.ee\/wp-content\/uploads\/2020\/01\/logoz-e1579792875517.png","contentUrl":"https:\/\/www.xn--tuksimaailm-ffb.ee\/wp-content\/uploads\/2020\/01\/logoz-e1579792875517.png","width":250,"height":250,"caption":"T\u00f5uksimaailm"},"image":{"@id":"https:\/\/www.xn--tuksimaailm-ffb.ee\/fi\/#\/schema\/logo\/image\/"},"sameAs":["https:\/\/www.facebook.com\/touksimaailm\/","https:\/\/www.instagram.com\/touksimaailm_\/","https:\/\/www.youtube.com\/channel\/UC18ml0EKIDLP1xGuQjFzcXQ"]}]},"og_availability":"instock","product_availability":"instock","product_condition":"new"},"jetpack_sharing_enabled":true,"_links":{"self":[{"href":"https:\/\/www.xn--tuksimaailm-ffb.ee\/fi\/wp-json\/wp\/v2\/product\/57866","targetHints":{"allow":["GET"]}}],"collection":[{"href":"https:\/\/www.xn--tuksimaailm-ffb.ee\/fi\/wp-json\/wp\/v2\/product"}],"about":[{"href":"https:\/\/www.xn--tuksimaailm-ffb.ee\/fi\/wp-json\/wp\/v2\/types\/product"}],"wp:featuredmedia":[{"embeddable":true,"href":"https:\/\/www.xn--tuksimaailm-ffb.ee\/fi\/wp-json\/wp\/v2\/media\/27489"}],"wp:attachment":[{"href":"https:\/\/www.xn--tuksimaailm-ffb.ee\/fi\/wp-json\/wp\/v2\/media?parent=57866"}],"wp:term":[{"taxonomy":"product_brand","embeddable":true,"href":"https:\/\/www.xn--tuksimaailm-ffb.ee\/fi\/wp-json\/wp\/v2\/product_brand?post=57866"},{"taxonomy":"product_cat","embeddable":true,"href":"https:\/\/www.xn--tuksimaailm-ffb.ee\/fi\/wp-json\/wp\/v2\/product_cat?post=57866"},{"taxonomy":"product_tag","embeddable":true,"href":"https:\/\/www.xn--tuksimaailm-ffb.ee\/fi\/wp-json\/wp\/v2\/product_tag?post=57866"},{"taxonomy":"filter_elektritoukeratas","embeddable":true,"href":"https:\/\/www.xn--tuksimaailm-ffb.ee\/fi\/wp-json\/wp\/v2\/filter_elektritoukeratas?post=57866"}],"curies":[{"name":"wp","href":"https:\/\/api.w.org\/{rel}","templated":true}]}}