{"id":57913,"date":"2023-01-10T13:11:35","date_gmt":"2023-01-10T11:11:35","guid":{"rendered":"http:\/\/www.xn--tuksimaailm-ffb.ee\/shop\/latausportin-kannen-suojakumi-gx12-gx16\/"},"modified":"2023-01-10T13:11:35","modified_gmt":"2023-01-10T10:11:35","slug":"latausportin-kannen-suojakumi-gx12-gx16","status":"publish","type":"product","link":"https:\/\/www.xn--tuksimaailm-ffb.ee\/fi\/shop\/latausportin-kannen-suojakumi-gx12-gx16\/","title":{"rendered":"Latausportin kannen suojakumi GX12 GX16"},"content":{"rendered":"<p>Latausportin suojus\/korkki kumia, sopii pistokkeeseen\/pistorasiaan GX12, GX16 tai GX20.<\/p>\n","protected":false},"excerpt":{"rendered":"<p>Latausportin suojus\/korkki kumia, sopii pistokkeeseen\/pistorasiaan GX12, GX16 tai GX20.<\/p>\n","protected":false},"featured_media":27463,"template":"","meta":[],"product_brand":[],"product_cat":[1698],"product_tag":[1700],"filter_elektritoukeratas":[2730,2733,2732,2736,2734,2735,2610,2737,2707,2705,2703,2706,2699,2714,2715,2720,2722,2723,2726,2725,2727,2724,2728,2678,2679,2680,2668,2609,2731,2729,2738,2740,2741,2739,2743,2742,2744,2752,2753,2754,2755,2756,2695,2646,2648,2647,2745,2748,2750,2751,2746,2749,2747],"class_list":{"0":"post-57913","1":"product","2":"type-product","3":"status-publish","4":"has-post-thumbnail","6":"product_cat-varaosat","7":"product_tag-universal-sahkoskootterin-varaosat","8":"pa_size-gx12-fi","9":"pa_size-gx16-fi","10":"pa_size-gx20-fi","11":"pa_tootetuup-universal-sahkoskootterin-varaosat","12":"filter_elektritoukeratas-ft_dualtron_eagle","13":"filter_elektritoukeratas-ft_dualtron_mini","14":"filter_elektritoukeratas-ft_dualtron_spider","15":"filter_elektritoukeratas-ft_dualtron_storm","16":"filter_elektritoukeratas-ft_dualtron_thunder","17":"filter_elektritoukeratas-ft_dualtron_ultra","18":"filter_elektritoukeratas-ft_dualtron_victor","19":"filter_elektritoukeratas-ft_dualtron_x_x2","20":"filter_elektritoukeratas-ft_gpad_f3_max","21":"filter_elektritoukeratas-ft_gpad_foxen","22":"filter_elektritoukeratas-ft_gpad_retro","23":"filter_elektritoukeratas-ft_gpad_storm","24":"filter_elektritoukeratas-ft_hx_x9_max_x9_plus","25":"filter_elektritoukeratas-ft_inokim_ox_eco_hero_super","26":"filter_elektritoukeratas-ft_inokim_oxo","27":"filter_elektritoukeratas-ft_joyor_s5_s10-s_s_pro","28":"filter_elektritoukeratas-ft_joyor_y10_y6_s_y5s","29":"filter_elektritoukeratas-ft_kaabo","30":"filter_elektritoukeratas-ft_kaabo_mantis_10","31":"filter_elektritoukeratas-ft_kaabo_mantis_8","32":"filter_elektritoukeratas-ft_kaabo_mantis_king_gt","33":"filter_elektritoukeratas-ft_kaabo_skywalker","34":"filter_elektritoukeratas-ft_kaabo_wolf","35":"filter_elektritoukeratas-ft_kugoo_g_booster","36":"filter_elektritoukeratas-ft_kugoo_g1","37":"filter_elektritoukeratas-ft_kugoo_g1_pro","38":"filter_elektritoukeratas-ft_kugoo_m4_m4_pro","39":"filter_elektritoukeratas-ft_-minimotors_dualtron","40":"filter_elektritoukeratas-ft_minimotors_speedway_4_5","41":"filter_elektritoukeratas-ft_minimotors_speedway_leger","42":"filter_elektritoukeratas-ft_nanrobot","43":"filter_elektritoukeratas-ft_nanrobot_d4_plus","44":"filter_elektritoukeratas-ft_nanrobot_d6_plus","45":"filter_elektritoukeratas-ft_nanrobot_lightning","46":"filter_elektritoukeratas-ft_nanrobot_ls7plus","47":"filter_elektritoukeratas-ft_nanrobot_n6","48":"filter_elektritoukeratas-ft_nanrobot_x_spark","49":"filter_elektritoukeratas-ft_techlife","50":"filter_elektritoukeratas-ft_techlife_x5_x5s","51":"filter_elektritoukeratas-ft_techlife_x6","52":"filter_elektritoukeratas-ft_techlife_x7_x7_lite_x7s","53":"filter_elektritoukeratas-ft_techlife_x8_x8s","54":"filter_elektritoukeratas-ft_velt_smart_pro","55":"filter_elektritoukeratas-ft_vsett_10_plus","56":"filter_elektritoukeratas-ft_vsett_8_8_plus","57":"filter_elektritoukeratas-ft_vsett_9_9_plus","58":"filter_elektritoukeratas-ft_zero","59":"filter_elektritoukeratas-ft_zero_10","60":"filter_elektritoukeratas-ft_zero_10x","61":"filter_elektritoukeratas-ft_zero_11x","62":"filter_elektritoukeratas-ft_zero_8","63":"filter_elektritoukeratas-ft_zero_8x_compact","64":"filter_elektritoukeratas-ft_zero_9","66":"first","67":"instock","68":"taxable","69":"shipping-taxable","70":"purchasable","71":"product-type-variable"},"yoast_head":"<!-- This site is optimized with the Yoast SEO Premium plugin v26.8 (Yoast SEO v27.5) - https:\/\/yoast.com\/product\/yoast-seo-premium-wordpress\/ -->\n<title>Latausportin kannen suojakumi GX12 GX16 | T\u00f5uksimaailm<\/title>\n<meta name=\"description\" content=\"Laadimispordi kate \/ kork kummist, sobib pistikule \/ pesale GX12, GX16 v\u00f5i GX20.\" \/>\n<meta name=\"robots\" content=\"index, follow, max-snippet:-1, max-image-preview:large, max-video-preview:-1\" \/>\n<link rel=\"canonical\" href=\"https:\/\/www.xn--tuksimaailm-ffb.ee\/fi\/shop\/latausportin-kannen-suojakumi-gx12-gx16\/\" \/>\n<meta property=\"og:locale\" content=\"fi_FI\" \/>\n<meta property=\"og:type\" content=\"article\" \/>\n<meta property=\"og:title\" content=\"Latausportin kannen suojakumi GX12 GX16\" \/>\n<meta property=\"og:description\" content=\"Laadimispordi kate \/ kork kummist, sobib pistikule \/ pesale GX12, GX16 v\u00f5i GX20.\" \/>\n<meta property=\"og:url\" content=\"https:\/\/www.xn--tuksimaailm-ffb.ee\/fi\/shop\/latausportin-kannen-suojakumi-gx12-gx16\/\" \/>\n<meta property=\"og:site_name\" content=\"T\u00f5uksimaailm\" \/>\n<meta property=\"article:publisher\" content=\"https:\/\/www.facebook.com\/touksimaailm\/\" \/>\n<meta property=\"og:image\" content=\"https:\/\/www.xn--tuksimaailm-ffb.ee\/wp-content\/uploads\/2023\/01\/Laadimispordi-kate-kork-kummist-GX12-GX16-GX20.png\" \/>\n\t<meta property=\"og:image:width\" content=\"1070\" \/>\n\t<meta property=\"og:image:height\" content=\"1008\" \/>\n\t<meta property=\"og:image:type\" content=\"image\/png\" \/>\n<meta name=\"twitter:card\" content=\"summary_large_image\" \/>\n<meta name=\"twitter:label1\" content=\"Saatavuus\" \/>\n\t<meta name=\"twitter:data1\" content=\"Varastossa\" \/>\n<meta property=\"og:availability\" content=\"instock\" \/>\n<meta property=\"product:availability\" content=\"instock\" \/>\n<meta property=\"product:condition\" content=\"new\" \/>\n<!-- \/ Yoast SEO Premium plugin. -->","yoast_head_json":{"title":"Latausportin kannen suojakumi GX12 GX16 | T\u00f5uksimaailm","description":"Laadimispordi kate \/ kork kummist, sobib pistikule \/ pesale GX12, GX16 v\u00f5i GX20.","robots":{"index":"index","follow":"follow","max-snippet":"max-snippet:-1","max-image-preview":"max-image-preview:large","max-video-preview":"max-video-preview:-1"},"canonical":"https:\/\/www.xn--tuksimaailm-ffb.ee\/fi\/shop\/latausportin-kannen-suojakumi-gx12-gx16\/","og_locale":"fi_FI","og_type":"article","og_title":"Latausportin kannen suojakumi GX12 GX16","og_description":"Laadimispordi kate \/ kork kummist, sobib pistikule \/ pesale GX12, GX16 v\u00f5i GX20.","og_url":"https:\/\/www.xn--tuksimaailm-ffb.ee\/fi\/shop\/latausportin-kannen-suojakumi-gx12-gx16\/","og_site_name":"T\u00f5uksimaailm","article_publisher":"https:\/\/www.facebook.com\/touksimaailm\/","og_image":[{"width":1070,"height":1008,"url":"https:\/\/www.xn--tuksimaailm-ffb.ee\/wp-content\/uploads\/2023\/01\/Laadimispordi-kate-kork-kummist-GX12-GX16-GX20.png","type":"image\/png"}],"twitter_card":"summary_large_image","twitter_misc":{"Saatavuus":"Varastossa"},"schema":{"@context":"https:\/\/schema.org","@graph":[{"@type":"WebPage","@id":"https:\/\/www.xn--tuksimaailm-ffb.ee\/fi\/shop\/latausportin-kannen-suojakumi-gx12-gx16\/","url":"https:\/\/www.xn--tuksimaailm-ffb.ee\/fi\/shop\/latausportin-kannen-suojakumi-gx12-gx16\/","name":"Latausportin kannen suojakumi GX12 GX16 | T\u00f5uksimaailm","isPartOf":{"@id":"https:\/\/www.xn--tuksimaailm-ffb.ee\/fi\/#website"},"primaryImageOfPage":{"@id":"https:\/\/www.xn--tuksimaailm-ffb.ee\/fi\/shop\/latausportin-kannen-suojakumi-gx12-gx16\/#primaryimage"},"image":{"@id":"https:\/\/www.xn--tuksimaailm-ffb.ee\/fi\/shop\/latausportin-kannen-suojakumi-gx12-gx16\/#primaryimage"},"thumbnailUrl":"https:\/\/www.xn--tuksimaailm-ffb.ee\/wp-content\/uploads\/2023\/01\/Laadimispordi-kate-kork-kummist-GX12-GX16-GX20.png","datePublished":"2023-01-10T11:11:35+00:00","description":"Laadimispordi kate \/ kork kummist, sobib pistikule \/ pesale GX12, GX16 v\u00f5i GX20.","breadcrumb":{"@id":"https:\/\/www.xn--tuksimaailm-ffb.ee\/fi\/shop\/latausportin-kannen-suojakumi-gx12-gx16\/#breadcrumb"},"inLanguage":"fi","potentialAction":[{"@type":"ReadAction","target":["https:\/\/www.xn--tuksimaailm-ffb.ee\/fi\/shop\/latausportin-kannen-suojakumi-gx12-gx16\/"]}]},{"@type":"ImageObject","inLanguage":"fi","@id":"https:\/\/www.xn--tuksimaailm-ffb.ee\/fi\/shop\/latausportin-kannen-suojakumi-gx12-gx16\/#primaryimage","url":"https:\/\/www.xn--tuksimaailm-ffb.ee\/wp-content\/uploads\/2023\/01\/Laadimispordi-kate-kork-kummist-GX12-GX16-GX20.png","contentUrl":"https:\/\/www.xn--tuksimaailm-ffb.ee\/wp-content\/uploads\/2023\/01\/Laadimispordi-kate-kork-kummist-GX12-GX16-GX20.png","width":1070,"height":1008,"caption":"Laadimispordi kate kork kummist GX12 GX16 GX20"},{"@type":"BreadcrumbList","@id":"https:\/\/www.xn--tuksimaailm-ffb.ee\/fi\/shop\/latausportin-kannen-suojakumi-gx12-gx16\/#breadcrumb","itemListElement":[{"@type":"ListItem","position":1,"name":"Home","item":"https:\/\/www.xn--tuksimaailm-ffb.ee\/fi\/kotisivu\/"},{"@type":"ListItem","position":2,"name":"Kauppa","item":"https:\/\/www.xn--tuksimaailm-ffb.ee\/elektritoukerataste-pood\/"},{"@type":"ListItem","position":3,"name":"Latausportin kannen suojakumi GX12 GX16"}]},{"@type":"WebSite","@id":"https:\/\/www.xn--tuksimaailm-ffb.ee\/fi\/#website","url":"https:\/\/www.xn--tuksimaailm-ffb.ee\/fi\/","name":"T\u00f5uksimaailm","description":"Elektrit\u00f5ukerataste m\u00fc\u00fck, remont ja rent","publisher":{"@id":"https:\/\/www.xn--tuksimaailm-ffb.ee\/fi\/#organization"},"potentialAction":[{"@type":"SearchAction","target":{"@type":"EntryPoint","urlTemplate":"https:\/\/www.xn--tuksimaailm-ffb.ee\/fi\/?s={search_term_string}"},"query-input":{"@type":"PropertyValueSpecification","valueRequired":true,"valueName":"search_term_string"}}],"inLanguage":"fi"},{"@type":"Organization","@id":"https:\/\/www.xn--tuksimaailm-ffb.ee\/fi\/#organization","name":"T\u00f5uksimaailm","url":"https:\/\/www.xn--tuksimaailm-ffb.ee\/fi\/","logo":{"@type":"ImageObject","inLanguage":"fi","@id":"https:\/\/www.xn--tuksimaailm-ffb.ee\/fi\/#\/schema\/logo\/image\/","url":"https:\/\/www.xn--tuksimaailm-ffb.ee\/wp-content\/uploads\/2020\/01\/logoz-e1579792875517.png","contentUrl":"https:\/\/www.xn--tuksimaailm-ffb.ee\/wp-content\/uploads\/2020\/01\/logoz-e1579792875517.png","width":250,"height":250,"caption":"T\u00f5uksimaailm"},"image":{"@id":"https:\/\/www.xn--tuksimaailm-ffb.ee\/fi\/#\/schema\/logo\/image\/"},"sameAs":["https:\/\/www.facebook.com\/touksimaailm\/","https:\/\/www.instagram.com\/touksimaailm_\/","https:\/\/www.youtube.com\/channel\/UC18ml0EKIDLP1xGuQjFzcXQ"]}]},"og_availability":"instock","product_availability":"instock","product_condition":"new"},"jetpack_sharing_enabled":true,"_links":{"self":[{"href":"https:\/\/www.xn--tuksimaailm-ffb.ee\/fi\/wp-json\/wp\/v2\/product\/57913","targetHints":{"allow":["GET"]}}],"collection":[{"href":"https:\/\/www.xn--tuksimaailm-ffb.ee\/fi\/wp-json\/wp\/v2\/product"}],"about":[{"href":"https:\/\/www.xn--tuksimaailm-ffb.ee\/fi\/wp-json\/wp\/v2\/types\/product"}],"wp:featuredmedia":[{"embeddable":true,"href":"https:\/\/www.xn--tuksimaailm-ffb.ee\/fi\/wp-json\/wp\/v2\/media\/27463"}],"wp:attachment":[{"href":"https:\/\/www.xn--tuksimaailm-ffb.ee\/fi\/wp-json\/wp\/v2\/media?parent=57913"}],"wp:term":[{"taxonomy":"product_brand","embeddable":true,"href":"https:\/\/www.xn--tuksimaailm-ffb.ee\/fi\/wp-json\/wp\/v2\/product_brand?post=57913"},{"taxonomy":"product_cat","embeddable":true,"href":"https:\/\/www.xn--tuksimaailm-ffb.ee\/fi\/wp-json\/wp\/v2\/product_cat?post=57913"},{"taxonomy":"product_tag","embeddable":true,"href":"https:\/\/www.xn--tuksimaailm-ffb.ee\/fi\/wp-json\/wp\/v2\/product_tag?post=57913"},{"taxonomy":"filter_elektritoukeratas","embeddable":true,"href":"https:\/\/www.xn--tuksimaailm-ffb.ee\/fi\/wp-json\/wp\/v2\/filter_elektritoukeratas?post=57913"}],"curies":[{"name":"wp","href":"https:\/\/api.w.org\/{rel}","templated":true}]}}