{"id":58448,"date":"2023-01-07T15:10:09","date_gmt":"2023-01-07T12:10:09","guid":{"rendered":"http:\/\/www.xn--tuksimaailm-ffb.ee\/shop\/ohjaustangon-suunta-merkkikytkin-vsett-sahkoskootteri\/"},"modified":"2023-01-07T15:10:09","modified_gmt":"2023-01-07T12:10:09","slug":"ohjaustangon-suunta-merkkikytkin-vsett-sahkoskootteri","status":"publish","type":"product","link":"https:\/\/www.xn--tuksimaailm-ffb.ee\/fi\/shop\/ohjaustangon-suunta-merkkikytkin-vsett-sahkoskootteri\/","title":{"rendered":"Ohjaustangon suunta-merkkikytkin Vsett s\u00e4hk\u00f6skootteri"},"content":{"rendered":"<p>Suuntavilkkupainike\/linkki integroitu kahvaan, sopii Vsett 8, 9, 9+, 10+ ja 11+ (my\u00f6s Super) s\u00e4hk\u00f6k\u00e4ytt\u00f6isiin lastenrattaisiin.<\/p>\n","protected":false},"excerpt":{"rendered":"<p>Suuntavilkkupainike\/linkki integroitu kahvaan, sopii Vsett 8, 9, 9+, 10+ ja 11+ (my\u00f6s Super) s\u00e4hk\u00f6k\u00e4ytt\u00f6isiin lastenrattaisiin.<\/p>\n","protected":false},"featured_media":26800,"template":"","meta":[],"product_brand":[],"product_cat":[1698],"product_tag":[3263],"filter_elektritoukeratas":[2601,2646,2602,2645,2648,2647],"class_list":{"0":"post-58448","1":"product","2":"type-product","3":"status-publish","4":"has-post-thumbnail","6":"product_cat-varaosat","7":"product_tag-vsett-varuosad-fi","8":"filter_elektritoukeratas-ft_vsett","9":"filter_elektritoukeratas-ft_vsett_10_plus","10":"filter_elektritoukeratas-ft_vsett_11_plus","11":"filter_elektritoukeratas-ft_vsett_11_plus_super","12":"filter_elektritoukeratas-ft_vsett_8_8_plus","13":"filter_elektritoukeratas-ft_vsett_9_9_plus","15":"first","16":"instock","17":"taxable","18":"shipping-taxable","19":"purchasable","20":"product-type-simple"},"yoast_head":"<!-- This site is optimized with the Yoast SEO Premium plugin v26.8 (Yoast SEO v27.5) - https:\/\/yoast.com\/product\/yoast-seo-premium-wordpress\/ -->\n<title>Ohjaustangon suunta-merkkikytkin Vsett s\u00e4hk\u00f6skootteri | T\u00f5uksimaailm<\/title>\n<meta name=\"description\" content=\"K\u00e4epideme sisse integreeritud suunatulede nupp \/ l\u00fcliti, sobib Vsett 8, 9, 9+, 10+ ja 11+ (ka Super) elektrit\u00f5ukeratas.\" \/>\n<meta name=\"robots\" content=\"index, follow, max-snippet:-1, max-image-preview:large, max-video-preview:-1\" \/>\n<link rel=\"canonical\" href=\"https:\/\/www.xn--tuksimaailm-ffb.ee\/fi\/shop\/ohjaustangon-suunta-merkkikytkin-vsett-sahkoskootteri\/\" \/>\n<meta property=\"og:locale\" content=\"fi_FI\" \/>\n<meta property=\"og:type\" content=\"article\" \/>\n<meta property=\"og:title\" content=\"Ohjaustangon suunta-merkkikytkin Vsett s\u00e4hk\u00f6skootteri\" \/>\n<meta property=\"og:description\" content=\"K\u00e4epideme sisse integreeritud suunatulede nupp \/ l\u00fcliti, sobib Vsett 8, 9, 9+, 10+ ja 11+ (ka Super) elektrit\u00f5ukeratas.\" \/>\n<meta property=\"og:url\" content=\"https:\/\/www.xn--tuksimaailm-ffb.ee\/fi\/shop\/ohjaustangon-suunta-merkkikytkin-vsett-sahkoskootteri\/\" \/>\n<meta property=\"og:site_name\" content=\"T\u00f5uksimaailm\" \/>\n<meta property=\"article:publisher\" content=\"https:\/\/www.facebook.com\/touksimaailm\/\" \/>\n<meta property=\"og:image\" content=\"https:\/\/www.xn--tuksimaailm-ffb.ee\/wp-content\/uploads\/2023\/01\/Kaepideme-suunatulede-nupp-luliti-Vsett-elektritoukeratas.png\" \/>\n\t<meta property=\"og:image:width\" content=\"433\" \/>\n\t<meta property=\"og:image:height\" content=\"577\" \/>\n\t<meta property=\"og:image:type\" content=\"image\/png\" \/>\n<meta name=\"twitter:card\" content=\"summary_large_image\" \/>\n<meta name=\"twitter:label1\" content=\"Hinta\" \/>\n\t<meta name=\"twitter:data1\" content=\"&euro;29.50\" \/>\n\t<meta name=\"twitter:label2\" content=\"Saatavuus\" \/>\n\t<meta name=\"twitter:data2\" content=\"Varastossa\" \/>\n<meta property=\"product:price:amount\" content=\"29.50\" \/>\n<meta property=\"product:price:currency\" content=\"EUR\" \/>\n<meta property=\"og:availability\" content=\"instock\" \/>\n<meta property=\"product:availability\" content=\"instock\" \/>\n<meta property=\"product:condition\" content=\"new\" \/>\n<!-- \/ Yoast SEO Premium plugin. -->","yoast_head_json":{"title":"Ohjaustangon suunta-merkkikytkin Vsett s\u00e4hk\u00f6skootteri | T\u00f5uksimaailm","description":"K\u00e4epideme sisse integreeritud suunatulede nupp \/ l\u00fcliti, sobib Vsett 8, 9, 9+, 10+ ja 11+ (ka Super) elektrit\u00f5ukeratas.","robots":{"index":"index","follow":"follow","max-snippet":"max-snippet:-1","max-image-preview":"max-image-preview:large","max-video-preview":"max-video-preview:-1"},"canonical":"https:\/\/www.xn--tuksimaailm-ffb.ee\/fi\/shop\/ohjaustangon-suunta-merkkikytkin-vsett-sahkoskootteri\/","og_locale":"fi_FI","og_type":"article","og_title":"Ohjaustangon suunta-merkkikytkin Vsett s\u00e4hk\u00f6skootteri","og_description":"K\u00e4epideme sisse integreeritud suunatulede nupp \/ l\u00fcliti, sobib Vsett 8, 9, 9+, 10+ ja 11+ (ka Super) elektrit\u00f5ukeratas.","og_url":"https:\/\/www.xn--tuksimaailm-ffb.ee\/fi\/shop\/ohjaustangon-suunta-merkkikytkin-vsett-sahkoskootteri\/","og_site_name":"T\u00f5uksimaailm","article_publisher":"https:\/\/www.facebook.com\/touksimaailm\/","og_image":[{"width":433,"height":577,"url":"https:\/\/www.xn--tuksimaailm-ffb.ee\/wp-content\/uploads\/2023\/01\/Kaepideme-suunatulede-nupp-luliti-Vsett-elektritoukeratas.png","type":"image\/png"}],"twitter_card":"summary_large_image","twitter_misc":{"Hinta":"&euro;29.50","Saatavuus":"Varastossa"},"schema":{"@context":"https:\/\/schema.org","@graph":[{"@type":"WebPage","@id":"https:\/\/www.xn--tuksimaailm-ffb.ee\/fi\/shop\/ohjaustangon-suunta-merkkikytkin-vsett-sahkoskootteri\/","url":"https:\/\/www.xn--tuksimaailm-ffb.ee\/fi\/shop\/ohjaustangon-suunta-merkkikytkin-vsett-sahkoskootteri\/","name":"Ohjaustangon suunta-merkkikytkin Vsett s\u00e4hk\u00f6skootteri | T\u00f5uksimaailm","isPartOf":{"@id":"https:\/\/www.xn--tuksimaailm-ffb.ee\/fi\/#website"},"primaryImageOfPage":{"@id":"https:\/\/www.xn--tuksimaailm-ffb.ee\/fi\/shop\/ohjaustangon-suunta-merkkikytkin-vsett-sahkoskootteri\/#primaryimage"},"image":{"@id":"https:\/\/www.xn--tuksimaailm-ffb.ee\/fi\/shop\/ohjaustangon-suunta-merkkikytkin-vsett-sahkoskootteri\/#primaryimage"},"thumbnailUrl":"https:\/\/www.xn--tuksimaailm-ffb.ee\/wp-content\/uploads\/2023\/01\/Kaepideme-suunatulede-nupp-luliti-Vsett-elektritoukeratas.png","datePublished":"2023-01-07T12:10:09+00:00","description":"K\u00e4epideme sisse integreeritud suunatulede nupp \/ l\u00fcliti, sobib Vsett 8, 9, 9+, 10+ ja 11+ (ka Super) elektrit\u00f5ukeratas.","breadcrumb":{"@id":"https:\/\/www.xn--tuksimaailm-ffb.ee\/fi\/shop\/ohjaustangon-suunta-merkkikytkin-vsett-sahkoskootteri\/#breadcrumb"},"inLanguage":"fi","potentialAction":[{"@type":"ReadAction","target":["https:\/\/www.xn--tuksimaailm-ffb.ee\/fi\/shop\/ohjaustangon-suunta-merkkikytkin-vsett-sahkoskootteri\/"]}]},{"@type":"ImageObject","inLanguage":"fi","@id":"https:\/\/www.xn--tuksimaailm-ffb.ee\/fi\/shop\/ohjaustangon-suunta-merkkikytkin-vsett-sahkoskootteri\/#primaryimage","url":"https:\/\/www.xn--tuksimaailm-ffb.ee\/wp-content\/uploads\/2023\/01\/Kaepideme-suunatulede-nupp-luliti-Vsett-elektritoukeratas.png","contentUrl":"https:\/\/www.xn--tuksimaailm-ffb.ee\/wp-content\/uploads\/2023\/01\/Kaepideme-suunatulede-nupp-luliti-Vsett-elektritoukeratas.png","width":433,"height":577,"caption":"K\u00e4epideme suunatulede nupp l\u00fcliti Vsett elektrit\u00f5ukeratas"},{"@type":"BreadcrumbList","@id":"https:\/\/www.xn--tuksimaailm-ffb.ee\/fi\/shop\/ohjaustangon-suunta-merkkikytkin-vsett-sahkoskootteri\/#breadcrumb","itemListElement":[{"@type":"ListItem","position":1,"name":"Home","item":"https:\/\/www.xn--tuksimaailm-ffb.ee\/fi\/kotisivu\/"},{"@type":"ListItem","position":2,"name":"Kauppa","item":"https:\/\/www.xn--tuksimaailm-ffb.ee\/elektritoukerataste-pood\/"},{"@type":"ListItem","position":3,"name":"Ohjaustangon suunta-merkkikytkin Vsett s\u00e4hk\u00f6skootteri"}]},{"@type":"WebSite","@id":"https:\/\/www.xn--tuksimaailm-ffb.ee\/fi\/#website","url":"https:\/\/www.xn--tuksimaailm-ffb.ee\/fi\/","name":"T\u00f5uksimaailm","description":"Elektrit\u00f5ukerataste m\u00fc\u00fck, remont ja rent","publisher":{"@id":"https:\/\/www.xn--tuksimaailm-ffb.ee\/fi\/#organization"},"potentialAction":[{"@type":"SearchAction","target":{"@type":"EntryPoint","urlTemplate":"https:\/\/www.xn--tuksimaailm-ffb.ee\/fi\/?s={search_term_string}"},"query-input":{"@type":"PropertyValueSpecification","valueRequired":true,"valueName":"search_term_string"}}],"inLanguage":"fi"},{"@type":"Organization","@id":"https:\/\/www.xn--tuksimaailm-ffb.ee\/fi\/#organization","name":"T\u00f5uksimaailm","url":"https:\/\/www.xn--tuksimaailm-ffb.ee\/fi\/","logo":{"@type":"ImageObject","inLanguage":"fi","@id":"https:\/\/www.xn--tuksimaailm-ffb.ee\/fi\/#\/schema\/logo\/image\/","url":"https:\/\/www.xn--tuksimaailm-ffb.ee\/wp-content\/uploads\/2020\/01\/logoz-e1579792875517.png","contentUrl":"https:\/\/www.xn--tuksimaailm-ffb.ee\/wp-content\/uploads\/2020\/01\/logoz-e1579792875517.png","width":250,"height":250,"caption":"T\u00f5uksimaailm"},"image":{"@id":"https:\/\/www.xn--tuksimaailm-ffb.ee\/fi\/#\/schema\/logo\/image\/"},"sameAs":["https:\/\/www.facebook.com\/touksimaailm\/","https:\/\/www.instagram.com\/touksimaailm_\/","https:\/\/www.youtube.com\/channel\/UC18ml0EKIDLP1xGuQjFzcXQ"]}]},"product_price_amount":"29.50","product_price_currency":"EUR","og_availability":"instock","product_availability":"instock","product_condition":"new"},"jetpack_sharing_enabled":true,"_links":{"self":[{"href":"https:\/\/www.xn--tuksimaailm-ffb.ee\/fi\/wp-json\/wp\/v2\/product\/58448","targetHints":{"allow":["GET"]}}],"collection":[{"href":"https:\/\/www.xn--tuksimaailm-ffb.ee\/fi\/wp-json\/wp\/v2\/product"}],"about":[{"href":"https:\/\/www.xn--tuksimaailm-ffb.ee\/fi\/wp-json\/wp\/v2\/types\/product"}],"wp:featuredmedia":[{"embeddable":true,"href":"https:\/\/www.xn--tuksimaailm-ffb.ee\/fi\/wp-json\/wp\/v2\/media\/26800"}],"wp:attachment":[{"href":"https:\/\/www.xn--tuksimaailm-ffb.ee\/fi\/wp-json\/wp\/v2\/media?parent=58448"}],"wp:term":[{"taxonomy":"product_brand","embeddable":true,"href":"https:\/\/www.xn--tuksimaailm-ffb.ee\/fi\/wp-json\/wp\/v2\/product_brand?post=58448"},{"taxonomy":"product_cat","embeddable":true,"href":"https:\/\/www.xn--tuksimaailm-ffb.ee\/fi\/wp-json\/wp\/v2\/product_cat?post=58448"},{"taxonomy":"product_tag","embeddable":true,"href":"https:\/\/www.xn--tuksimaailm-ffb.ee\/fi\/wp-json\/wp\/v2\/product_tag?post=58448"},{"taxonomy":"filter_elektritoukeratas","embeddable":true,"href":"https:\/\/www.xn--tuksimaailm-ffb.ee\/fi\/wp-json\/wp\/v2\/filter_elektritoukeratas?post=58448"}],"curies":[{"name":"wp","href":"https:\/\/api.w.org\/{rel}","templated":true}]}}