{"id":58574,"date":"2023-01-07T14:33:13","date_gmt":"2023-01-07T11:33:13","guid":{"rendered":"http:\/\/www.xn--tuksimaailm-ffb.ee\/shop\/pyoran-kiinnityshaarukka-keppi-heiluri-blaupunkt-erl814\/"},"modified":"2023-01-07T14:33:13","modified_gmt":"2023-01-07T11:33:13","slug":"pyoran-kiinnityshaarukka-keppi-heiluri-blaupunkt-erl814","status":"publish","type":"product","link":"https:\/\/www.xn--tuksimaailm-ffb.ee\/fi\/shop\/pyoran-kiinnityshaarukka-keppi-heiluri-blaupunkt-erl814\/","title":{"rendered":"Py\u00f6r\u00e4n kiinnityshaarukka keppi heiluri Blaupunkt ERL814"},"content":{"rendered":"<p>Py\u00f6r\u00e4n kiinnityshaarukka \/ keppi \/ heiluri, sopii s\u00e4hk\u00f6potkulautaan \/ skootteriin Blaupunkt ERL814. Alkuper\u00e4inen Blaupunkt varaosa.<\/p>\n","protected":false},"excerpt":{"rendered":"<p>Py\u00f6r\u00e4n kiinnityshaarukka \/ keppi \/ heiluri, sopii s\u00e4hk\u00f6potkulautaan \/ skootteriin Blaupunkt ERL814. Alkuper\u00e4inen Blaupunkt varaosa.<\/p>\n","protected":false},"featured_media":26794,"template":"","meta":[],"product_brand":[],"product_cat":[1698],"product_tag":[3484],"filter_elektritoukeratas":[2689],"class_list":{"0":"post-58574","1":"product","2":"type-product","3":"status-publish","4":"has-post-thumbnail","6":"product_cat-varaosat","7":"product_tag-blaupunkt-varuosad-fi","8":"filter_elektritoukeratas-ft_blaupunkt_erl814","10":"first","11":"instock","12":"taxable","13":"shipping-taxable","14":"purchasable","15":"product-type-simple"},"yoast_head":"<!-- This site is optimized with the Yoast SEO Premium plugin v26.8 (Yoast SEO v27.3) - https:\/\/yoast.com\/product\/yoast-seo-premium-wordpress\/ -->\n<title>Py\u00f6r\u00e4n kiinnityshaarukka keppi heiluri Blaupunkt ERL814 &#8212; T\u00f5uksimaailm<\/title>\n<meta name=\"description\" content=\"Ratta kinnitus kahvel \/ pulk \/ \u00f5\u00f5ts, sobib elektrit\u00f5ukeratas \/ elektriroller Blaupunkt ERL814. Originaal Blaupunkt varuosa.\" \/>\n<meta name=\"robots\" content=\"index, follow, max-snippet:-1, max-image-preview:large, max-video-preview:-1\" \/>\n<link rel=\"canonical\" href=\"https:\/\/www.xn--tuksimaailm-ffb.ee\/fi\/shop\/pyoran-kiinnityshaarukka-keppi-heiluri-blaupunkt-erl814\/\" \/>\n<meta property=\"og:locale\" content=\"fi_FI\" \/>\n<meta property=\"og:type\" content=\"article\" \/>\n<meta property=\"og:title\" content=\"Py\u00f6r\u00e4n kiinnityshaarukka keppi heiluri Blaupunkt ERL814\" \/>\n<meta property=\"og:description\" content=\"Ratta kinnitus kahvel \/ pulk \/ \u00f5\u00f5ts, sobib elektrit\u00f5ukeratas \/ elektriroller Blaupunkt ERL814. Originaal Blaupunkt varuosa.\" \/>\n<meta property=\"og:url\" content=\"https:\/\/www.xn--tuksimaailm-ffb.ee\/fi\/shop\/pyoran-kiinnityshaarukka-keppi-heiluri-blaupunkt-erl814\/\" \/>\n<meta property=\"og:site_name\" content=\"T\u00f5uksimaailm\" \/>\n<meta property=\"article:publisher\" content=\"https:\/\/www.facebook.com\/touksimaailm\/\" \/>\n<meta property=\"og:image\" content=\"https:\/\/www.xn--tuksimaailm-ffb.ee\/wp-content\/uploads\/2023\/01\/Ratta-kinnitus-kahvel-pulk-oots-Blaupunkt-ERL814-2.png\" \/>\n\t<meta property=\"og:image:width\" content=\"433\" \/>\n\t<meta property=\"og:image:height\" content=\"577\" \/>\n\t<meta property=\"og:image:type\" content=\"image\/png\" \/>\n<meta name=\"twitter:card\" content=\"summary_large_image\" \/>\n<meta name=\"twitter:label1\" content=\"Hinta\" \/>\n\t<meta name=\"twitter:data1\" content=\"&euro;79.50\" \/>\n\t<meta name=\"twitter:label2\" content=\"Saatavuus\" \/>\n\t<meta name=\"twitter:data2\" content=\"Varastossa\" \/>\n<meta property=\"product:price:amount\" content=\"79.50\" \/>\n<meta property=\"product:price:currency\" content=\"EUR\" \/>\n<meta property=\"og:availability\" content=\"instock\" \/>\n<meta property=\"product:availability\" content=\"instock\" \/>\n<meta property=\"product:condition\" content=\"new\" \/>\n<!-- \/ Yoast SEO Premium plugin. -->","yoast_head_json":{"title":"Py\u00f6r\u00e4n kiinnityshaarukka keppi heiluri Blaupunkt ERL814 &#8212; T\u00f5uksimaailm","description":"Ratta kinnitus kahvel \/ pulk \/ \u00f5\u00f5ts, sobib elektrit\u00f5ukeratas \/ elektriroller Blaupunkt ERL814. Originaal Blaupunkt varuosa.","robots":{"index":"index","follow":"follow","max-snippet":"max-snippet:-1","max-image-preview":"max-image-preview:large","max-video-preview":"max-video-preview:-1"},"canonical":"https:\/\/www.xn--tuksimaailm-ffb.ee\/fi\/shop\/pyoran-kiinnityshaarukka-keppi-heiluri-blaupunkt-erl814\/","og_locale":"fi_FI","og_type":"article","og_title":"Py\u00f6r\u00e4n kiinnityshaarukka keppi heiluri Blaupunkt ERL814","og_description":"Ratta kinnitus kahvel \/ pulk \/ \u00f5\u00f5ts, sobib elektrit\u00f5ukeratas \/ elektriroller Blaupunkt ERL814. Originaal Blaupunkt varuosa.","og_url":"https:\/\/www.xn--tuksimaailm-ffb.ee\/fi\/shop\/pyoran-kiinnityshaarukka-keppi-heiluri-blaupunkt-erl814\/","og_site_name":"T\u00f5uksimaailm","article_publisher":"https:\/\/www.facebook.com\/touksimaailm\/","og_image":[{"width":433,"height":577,"url":"https:\/\/www.xn--tuksimaailm-ffb.ee\/wp-content\/uploads\/2023\/01\/Ratta-kinnitus-kahvel-pulk-oots-Blaupunkt-ERL814-2.png","type":"image\/png"}],"twitter_card":"summary_large_image","twitter_misc":{"Hinta":"&euro;79.50","Saatavuus":"Varastossa"},"schema":{"@context":"https:\/\/schema.org","@graph":[{"@type":"WebPage","@id":"https:\/\/www.xn--tuksimaailm-ffb.ee\/fi\/shop\/pyoran-kiinnityshaarukka-keppi-heiluri-blaupunkt-erl814\/","url":"https:\/\/www.xn--tuksimaailm-ffb.ee\/fi\/shop\/pyoran-kiinnityshaarukka-keppi-heiluri-blaupunkt-erl814\/","name":"Py\u00f6r\u00e4n kiinnityshaarukka keppi heiluri Blaupunkt ERL814 &#8212; T\u00f5uksimaailm","isPartOf":{"@id":"https:\/\/www.xn--tuksimaailm-ffb.ee\/fi\/#website"},"primaryImageOfPage":{"@id":"https:\/\/www.xn--tuksimaailm-ffb.ee\/fi\/shop\/pyoran-kiinnityshaarukka-keppi-heiluri-blaupunkt-erl814\/#primaryimage"},"image":{"@id":"https:\/\/www.xn--tuksimaailm-ffb.ee\/fi\/shop\/pyoran-kiinnityshaarukka-keppi-heiluri-blaupunkt-erl814\/#primaryimage"},"thumbnailUrl":"https:\/\/www.xn--tuksimaailm-ffb.ee\/wp-content\/uploads\/2023\/01\/Ratta-kinnitus-kahvel-pulk-oots-Blaupunkt-ERL814-2.png","datePublished":"2023-01-07T11:33:13+00:00","description":"Ratta kinnitus kahvel \/ pulk \/ \u00f5\u00f5ts, sobib elektrit\u00f5ukeratas \/ elektriroller Blaupunkt ERL814. Originaal Blaupunkt varuosa.","breadcrumb":{"@id":"https:\/\/www.xn--tuksimaailm-ffb.ee\/fi\/shop\/pyoran-kiinnityshaarukka-keppi-heiluri-blaupunkt-erl814\/#breadcrumb"},"inLanguage":"fi","potentialAction":[{"@type":"ReadAction","target":["https:\/\/www.xn--tuksimaailm-ffb.ee\/fi\/shop\/pyoran-kiinnityshaarukka-keppi-heiluri-blaupunkt-erl814\/"]}]},{"@type":"ImageObject","inLanguage":"fi","@id":"https:\/\/www.xn--tuksimaailm-ffb.ee\/fi\/shop\/pyoran-kiinnityshaarukka-keppi-heiluri-blaupunkt-erl814\/#primaryimage","url":"https:\/\/www.xn--tuksimaailm-ffb.ee\/wp-content\/uploads\/2023\/01\/Ratta-kinnitus-kahvel-pulk-oots-Blaupunkt-ERL814-2.png","contentUrl":"https:\/\/www.xn--tuksimaailm-ffb.ee\/wp-content\/uploads\/2023\/01\/Ratta-kinnitus-kahvel-pulk-oots-Blaupunkt-ERL814-2.png","width":433,"height":577,"caption":"Ratta kinnitus kahvel pulk \u00f5\u00f5ts Blaupunkt ERL814 2"},{"@type":"BreadcrumbList","@id":"https:\/\/www.xn--tuksimaailm-ffb.ee\/fi\/shop\/pyoran-kiinnityshaarukka-keppi-heiluri-blaupunkt-erl814\/#breadcrumb","itemListElement":[{"@type":"ListItem","position":1,"name":"Home","item":"https:\/\/www.xn--tuksimaailm-ffb.ee\/fi\/kotisivu\/"},{"@type":"ListItem","position":2,"name":"Kauppa","item":"https:\/\/www.xn--tuksimaailm-ffb.ee\/elektritoukerataste-pood\/"},{"@type":"ListItem","position":3,"name":"Py\u00f6r\u00e4n kiinnityshaarukka keppi heiluri Blaupunkt ERL814"}]},{"@type":"WebSite","@id":"https:\/\/www.xn--tuksimaailm-ffb.ee\/fi\/#website","url":"https:\/\/www.xn--tuksimaailm-ffb.ee\/fi\/","name":"T\u00f5uksimaailm","description":"Elektrit\u00f5ukerataste m\u00fc\u00fck, remont ja rent","publisher":{"@id":"https:\/\/www.xn--tuksimaailm-ffb.ee\/fi\/#organization"},"potentialAction":[{"@type":"SearchAction","target":{"@type":"EntryPoint","urlTemplate":"https:\/\/www.xn--tuksimaailm-ffb.ee\/fi\/?s={search_term_string}"},"query-input":{"@type":"PropertyValueSpecification","valueRequired":true,"valueName":"search_term_string"}}],"inLanguage":"fi"},{"@type":"Organization","@id":"https:\/\/www.xn--tuksimaailm-ffb.ee\/fi\/#organization","name":"T\u00f5uksimaailm","url":"https:\/\/www.xn--tuksimaailm-ffb.ee\/fi\/","logo":{"@type":"ImageObject","inLanguage":"fi","@id":"https:\/\/www.xn--tuksimaailm-ffb.ee\/fi\/#\/schema\/logo\/image\/","url":"https:\/\/www.xn--tuksimaailm-ffb.ee\/wp-content\/uploads\/2020\/01\/logoz-e1579792875517.png","contentUrl":"https:\/\/www.xn--tuksimaailm-ffb.ee\/wp-content\/uploads\/2020\/01\/logoz-e1579792875517.png","width":250,"height":250,"caption":"T\u00f5uksimaailm"},"image":{"@id":"https:\/\/www.xn--tuksimaailm-ffb.ee\/fi\/#\/schema\/logo\/image\/"},"sameAs":["https:\/\/www.facebook.com\/touksimaailm\/","https:\/\/www.instagram.com\/touksimaailm_\/","https:\/\/www.youtube.com\/channel\/UC18ml0EKIDLP1xGuQjFzcXQ"]}]},"product_price_amount":"79.50","product_price_currency":"EUR","og_availability":"instock","product_availability":"instock","product_condition":"new"},"jetpack_sharing_enabled":true,"_links":{"self":[{"href":"https:\/\/www.xn--tuksimaailm-ffb.ee\/fi\/wp-json\/wp\/v2\/product\/58574","targetHints":{"allow":["GET"]}}],"collection":[{"href":"https:\/\/www.xn--tuksimaailm-ffb.ee\/fi\/wp-json\/wp\/v2\/product"}],"about":[{"href":"https:\/\/www.xn--tuksimaailm-ffb.ee\/fi\/wp-json\/wp\/v2\/types\/product"}],"wp:featuredmedia":[{"embeddable":true,"href":"https:\/\/www.xn--tuksimaailm-ffb.ee\/fi\/wp-json\/wp\/v2\/media\/26794"}],"wp:attachment":[{"href":"https:\/\/www.xn--tuksimaailm-ffb.ee\/fi\/wp-json\/wp\/v2\/media?parent=58574"}],"wp:term":[{"taxonomy":"product_brand","embeddable":true,"href":"https:\/\/www.xn--tuksimaailm-ffb.ee\/fi\/wp-json\/wp\/v2\/product_brand?post=58574"},{"taxonomy":"product_cat","embeddable":true,"href":"https:\/\/www.xn--tuksimaailm-ffb.ee\/fi\/wp-json\/wp\/v2\/product_cat?post=58574"},{"taxonomy":"product_tag","embeddable":true,"href":"https:\/\/www.xn--tuksimaailm-ffb.ee\/fi\/wp-json\/wp\/v2\/product_tag?post=58574"},{"taxonomy":"filter_elektritoukeratas","embeddable":true,"href":"https:\/\/www.xn--tuksimaailm-ffb.ee\/fi\/wp-json\/wp\/v2\/filter_elektritoukeratas?post=58574"}],"curies":[{"name":"wp","href":"https:\/\/api.w.org\/{rel}","templated":true}]}}