{"id":58642,"date":"2023-01-06T19:28:30","date_gmt":"2023-01-06T16:28:30","guid":{"rendered":"http:\/\/www.xn--tuksimaailm-ffb.ee\/shop\/ohjaimen-emolevyn-ohjausmoduuli-blaupunkt-erl814\/"},"modified":"2023-01-06T19:28:30","modified_gmt":"2023-01-06T16:28:30","slug":"ohjaimen-emolevyn-ohjausmoduuli-blaupunkt-erl814","status":"publish","type":"product","link":"https:\/\/www.xn--tuksimaailm-ffb.ee\/fi\/shop\/ohjaimen-emolevyn-ohjausmoduuli-blaupunkt-erl814\/","title":{"rendered":"Ohjaimen emolevyn ohjausmoduuli Blaupunkt ERL814"},"content":{"rendered":"<p>Ohjaimen \/ emolevyn \/ ohjausmoduuli, sovitu s\u00e4hk\u00f6skooterille \/ s\u00e4hk\u00f6potkulaudan Blaupunkt ERL814<\/p>\n","protected":false},"excerpt":{"rendered":"<p>Ohjaimen \/ emolevyn \/ ohjausmoduuli, sovitu s\u00e4hk\u00f6skooterille \/ s\u00e4hk\u00f6potkulaudan Blaupunkt ERL814<\/p>\n","protected":false},"featured_media":26705,"template":"","meta":[],"product_brand":[],"product_cat":[1698],"product_tag":[3484],"filter_elektritoukeratas":[2689],"class_list":{"0":"post-58642","1":"product","2":"type-product","3":"status-publish","4":"has-post-thumbnail","6":"product_cat-varaosat","7":"product_tag-blaupunkt-varuosad-fi","8":"pa_tootetuup-kontrollerid-emaplaadid","9":"filter_elektritoukeratas-ft_blaupunkt_erl814","11":"first","12":"instock","13":"taxable","14":"shipping-taxable","15":"purchasable","16":"product-type-simple"},"yoast_head":"<!-- This site is optimized with the Yoast SEO Premium plugin v26.8 (Yoast SEO v27.3) - https:\/\/yoast.com\/product\/yoast-seo-premium-wordpress\/ -->\n<title>Ohjaimen emolevyn ohjausmoduuli Blaupunkt ERL814 | T\u00f5uksimaailm<\/title>\n<meta name=\"description\" content=\"Kontroller \/ emaplaat \/ juhtmoodul, sobib elektriroller \/ elektrit\u00f5ukeratas Blaupunkt ERL814.\" \/>\n<meta name=\"robots\" content=\"index, follow, max-snippet:-1, max-image-preview:large, max-video-preview:-1\" \/>\n<link rel=\"canonical\" href=\"https:\/\/www.xn--tuksimaailm-ffb.ee\/fi\/shop\/ohjaimen-emolevyn-ohjausmoduuli-blaupunkt-erl814\/\" \/>\n<meta property=\"og:locale\" content=\"fi_FI\" \/>\n<meta property=\"og:type\" content=\"article\" \/>\n<meta property=\"og:title\" content=\"Ohjaimen emolevyn ohjausmoduuli Blaupunkt ERL814\" \/>\n<meta property=\"og:description\" content=\"Kontroller \/ emaplaat \/ juhtmoodul, sobib elektriroller \/ elektrit\u00f5ukeratas Blaupunkt ERL814.\" \/>\n<meta property=\"og:url\" content=\"https:\/\/www.xn--tuksimaailm-ffb.ee\/fi\/shop\/ohjaimen-emolevyn-ohjausmoduuli-blaupunkt-erl814\/\" \/>\n<meta property=\"og:site_name\" content=\"T\u00f5uksimaailm\" \/>\n<meta property=\"article:publisher\" content=\"https:\/\/www.facebook.com\/touksimaailm\/\" \/>\n<meta property=\"og:image\" content=\"https:\/\/www.xn--tuksimaailm-ffb.ee\/wp-content\/uploads\/2023\/01\/Kontroller-emaplaat-juhtmoodul-Blaupunkt-ERL814.png\" \/>\n\t<meta property=\"og:image:width\" content=\"433\" \/>\n\t<meta property=\"og:image:height\" content=\"577\" \/>\n\t<meta property=\"og:image:type\" content=\"image\/png\" \/>\n<meta name=\"twitter:card\" content=\"summary_large_image\" \/>\n<meta name=\"twitter:label1\" content=\"Hinta\" \/>\n\t<meta name=\"twitter:data1\" content=\"&euro;129.50\" \/>\n\t<meta name=\"twitter:label2\" content=\"Saatavuus\" \/>\n\t<meta name=\"twitter:data2\" content=\"Varastossa\" \/>\n<meta property=\"product:price:amount\" content=\"129.50\" \/>\n<meta property=\"product:price:currency\" content=\"EUR\" \/>\n<meta property=\"og:availability\" content=\"instock\" \/>\n<meta property=\"product:availability\" content=\"instock\" \/>\n<meta property=\"product:condition\" content=\"new\" \/>\n<!-- \/ Yoast SEO Premium plugin. -->","yoast_head_json":{"title":"Ohjaimen emolevyn ohjausmoduuli Blaupunkt ERL814 | T\u00f5uksimaailm","description":"Kontroller \/ emaplaat \/ juhtmoodul, sobib elektriroller \/ elektrit\u00f5ukeratas Blaupunkt ERL814.","robots":{"index":"index","follow":"follow","max-snippet":"max-snippet:-1","max-image-preview":"max-image-preview:large","max-video-preview":"max-video-preview:-1"},"canonical":"https:\/\/www.xn--tuksimaailm-ffb.ee\/fi\/shop\/ohjaimen-emolevyn-ohjausmoduuli-blaupunkt-erl814\/","og_locale":"fi_FI","og_type":"article","og_title":"Ohjaimen emolevyn ohjausmoduuli Blaupunkt ERL814","og_description":"Kontroller \/ emaplaat \/ juhtmoodul, sobib elektriroller \/ elektrit\u00f5ukeratas Blaupunkt ERL814.","og_url":"https:\/\/www.xn--tuksimaailm-ffb.ee\/fi\/shop\/ohjaimen-emolevyn-ohjausmoduuli-blaupunkt-erl814\/","og_site_name":"T\u00f5uksimaailm","article_publisher":"https:\/\/www.facebook.com\/touksimaailm\/","og_image":[{"width":433,"height":577,"url":"https:\/\/www.xn--tuksimaailm-ffb.ee\/wp-content\/uploads\/2023\/01\/Kontroller-emaplaat-juhtmoodul-Blaupunkt-ERL814.png","type":"image\/png"}],"twitter_card":"summary_large_image","twitter_misc":{"Hinta":"&euro;129.50","Saatavuus":"Varastossa"},"schema":{"@context":"https:\/\/schema.org","@graph":[{"@type":"WebPage","@id":"https:\/\/www.xn--tuksimaailm-ffb.ee\/fi\/shop\/ohjaimen-emolevyn-ohjausmoduuli-blaupunkt-erl814\/","url":"https:\/\/www.xn--tuksimaailm-ffb.ee\/fi\/shop\/ohjaimen-emolevyn-ohjausmoduuli-blaupunkt-erl814\/","name":"Ohjaimen emolevyn ohjausmoduuli Blaupunkt ERL814 | T\u00f5uksimaailm","isPartOf":{"@id":"https:\/\/www.xn--tuksimaailm-ffb.ee\/fi\/#website"},"primaryImageOfPage":{"@id":"https:\/\/www.xn--tuksimaailm-ffb.ee\/fi\/shop\/ohjaimen-emolevyn-ohjausmoduuli-blaupunkt-erl814\/#primaryimage"},"image":{"@id":"https:\/\/www.xn--tuksimaailm-ffb.ee\/fi\/shop\/ohjaimen-emolevyn-ohjausmoduuli-blaupunkt-erl814\/#primaryimage"},"thumbnailUrl":"https:\/\/www.xn--tuksimaailm-ffb.ee\/wp-content\/uploads\/2023\/01\/Kontroller-emaplaat-juhtmoodul-Blaupunkt-ERL814.png","datePublished":"2023-01-06T16:28:30+00:00","description":"Kontroller \/ emaplaat \/ juhtmoodul, sobib elektriroller \/ elektrit\u00f5ukeratas Blaupunkt ERL814.","breadcrumb":{"@id":"https:\/\/www.xn--tuksimaailm-ffb.ee\/fi\/shop\/ohjaimen-emolevyn-ohjausmoduuli-blaupunkt-erl814\/#breadcrumb"},"inLanguage":"fi","potentialAction":[{"@type":"ReadAction","target":["https:\/\/www.xn--tuksimaailm-ffb.ee\/fi\/shop\/ohjaimen-emolevyn-ohjausmoduuli-blaupunkt-erl814\/"]}]},{"@type":"ImageObject","inLanguage":"fi","@id":"https:\/\/www.xn--tuksimaailm-ffb.ee\/fi\/shop\/ohjaimen-emolevyn-ohjausmoduuli-blaupunkt-erl814\/#primaryimage","url":"https:\/\/www.xn--tuksimaailm-ffb.ee\/wp-content\/uploads\/2023\/01\/Kontroller-emaplaat-juhtmoodul-Blaupunkt-ERL814.png","contentUrl":"https:\/\/www.xn--tuksimaailm-ffb.ee\/wp-content\/uploads\/2023\/01\/Kontroller-emaplaat-juhtmoodul-Blaupunkt-ERL814.png","width":433,"height":577,"caption":"Kontroller emaplaat juhtmoodul Blaupunkt ERL814"},{"@type":"BreadcrumbList","@id":"https:\/\/www.xn--tuksimaailm-ffb.ee\/fi\/shop\/ohjaimen-emolevyn-ohjausmoduuli-blaupunkt-erl814\/#breadcrumb","itemListElement":[{"@type":"ListItem","position":1,"name":"Home","item":"https:\/\/www.xn--tuksimaailm-ffb.ee\/fi\/kotisivu\/"},{"@type":"ListItem","position":2,"name":"Kauppa","item":"https:\/\/www.xn--tuksimaailm-ffb.ee\/elektritoukerataste-pood\/"},{"@type":"ListItem","position":3,"name":"Ohjaimen emolevyn ohjausmoduuli Blaupunkt ERL814"}]},{"@type":"WebSite","@id":"https:\/\/www.xn--tuksimaailm-ffb.ee\/fi\/#website","url":"https:\/\/www.xn--tuksimaailm-ffb.ee\/fi\/","name":"T\u00f5uksimaailm","description":"Elektrit\u00f5ukerataste m\u00fc\u00fck, remont ja rent","publisher":{"@id":"https:\/\/www.xn--tuksimaailm-ffb.ee\/fi\/#organization"},"potentialAction":[{"@type":"SearchAction","target":{"@type":"EntryPoint","urlTemplate":"https:\/\/www.xn--tuksimaailm-ffb.ee\/fi\/?s={search_term_string}"},"query-input":{"@type":"PropertyValueSpecification","valueRequired":true,"valueName":"search_term_string"}}],"inLanguage":"fi"},{"@type":"Organization","@id":"https:\/\/www.xn--tuksimaailm-ffb.ee\/fi\/#organization","name":"T\u00f5uksimaailm","url":"https:\/\/www.xn--tuksimaailm-ffb.ee\/fi\/","logo":{"@type":"ImageObject","inLanguage":"fi","@id":"https:\/\/www.xn--tuksimaailm-ffb.ee\/fi\/#\/schema\/logo\/image\/","url":"https:\/\/www.xn--tuksimaailm-ffb.ee\/wp-content\/uploads\/2020\/01\/logoz-e1579792875517.png","contentUrl":"https:\/\/www.xn--tuksimaailm-ffb.ee\/wp-content\/uploads\/2020\/01\/logoz-e1579792875517.png","width":250,"height":250,"caption":"T\u00f5uksimaailm"},"image":{"@id":"https:\/\/www.xn--tuksimaailm-ffb.ee\/fi\/#\/schema\/logo\/image\/"},"sameAs":["https:\/\/www.facebook.com\/touksimaailm\/","https:\/\/www.instagram.com\/touksimaailm_\/","https:\/\/www.youtube.com\/channel\/UC18ml0EKIDLP1xGuQjFzcXQ"]}]},"product_price_amount":"129.50","product_price_currency":"EUR","og_availability":"instock","product_availability":"instock","product_condition":"new"},"jetpack_sharing_enabled":true,"_links":{"self":[{"href":"https:\/\/www.xn--tuksimaailm-ffb.ee\/fi\/wp-json\/wp\/v2\/product\/58642","targetHints":{"allow":["GET"]}}],"collection":[{"href":"https:\/\/www.xn--tuksimaailm-ffb.ee\/fi\/wp-json\/wp\/v2\/product"}],"about":[{"href":"https:\/\/www.xn--tuksimaailm-ffb.ee\/fi\/wp-json\/wp\/v2\/types\/product"}],"wp:featuredmedia":[{"embeddable":true,"href":"https:\/\/www.xn--tuksimaailm-ffb.ee\/fi\/wp-json\/wp\/v2\/media\/26705"}],"wp:attachment":[{"href":"https:\/\/www.xn--tuksimaailm-ffb.ee\/fi\/wp-json\/wp\/v2\/media?parent=58642"}],"wp:term":[{"taxonomy":"product_brand","embeddable":true,"href":"https:\/\/www.xn--tuksimaailm-ffb.ee\/fi\/wp-json\/wp\/v2\/product_brand?post=58642"},{"taxonomy":"product_cat","embeddable":true,"href":"https:\/\/www.xn--tuksimaailm-ffb.ee\/fi\/wp-json\/wp\/v2\/product_cat?post=58642"},{"taxonomy":"product_tag","embeddable":true,"href":"https:\/\/www.xn--tuksimaailm-ffb.ee\/fi\/wp-json\/wp\/v2\/product_tag?post=58642"},{"taxonomy":"filter_elektritoukeratas","embeddable":true,"href":"https:\/\/www.xn--tuksimaailm-ffb.ee\/fi\/wp-json\/wp\/v2\/filter_elektritoukeratas?post=58642"}],"curies":[{"name":"wp","href":"https:\/\/api.w.org\/{rel}","templated":true}]}}