{"id":59620,"date":"2023-01-04T15:03:58","date_gmt":"2023-01-04T13:03:58","guid":{"rendered":"http:\/\/www.xn--tuksimaailm-ffb.ee\/shop\/minimotors-dualtron-ey3-nayton-kaapeli-johto\/"},"modified":"2023-01-04T15:03:58","modified_gmt":"2023-01-04T13:03:58","slug":"minimotors-dualtron-ey3-nayton-kaapeli-johto","status":"publish","type":"product","link":"https:\/\/www.xn--tuksimaailm-ffb.ee\/fi\/shop\/minimotors-dualtron-ey3-nayton-kaapeli-johto\/","title":{"rendered":"Minimotors Dualtron EY3 n\u00e4yt\u00f6n kaapeli johto"},"content":{"rendered":"<p>Minimotors Dualtron EY3 n\u00e4yt\u00f6n kaapeli \/ johto. Sopii Minimotors Dualtron s\u00e4hk\u00f6skootteriin, alkuper\u00e4inen varaosa.<\/p>\n","protected":false},"excerpt":{"rendered":"<p>Minimotors Dualtron EY3 n\u00e4yt\u00f6n kaapeli \/ johto. Sopii Minimotors Dualtron s\u00e4hk\u00f6skootteriin, alkuper\u00e4inen varaosa.<\/p>\n","protected":false},"featured_media":32029,"template":"","meta":[],"product_brand":[],"product_cat":[1698],"product_tag":[3265],"filter_elektritoukeratas":[2730,2733,2732,2736,2734,2735,2610,2737,2609,2731,2729],"class_list":{"0":"post-59620","1":"product","2":"type-product","3":"status-publish","4":"has-post-thumbnail","6":"product_cat-varaosat","7":"product_tag-minimotors-dualtron-varuosad-fi","8":"pa_tootetuup-juhtmed-kaablid-pikendused","9":"filter_elektritoukeratas-ft_dualtron_eagle","10":"filter_elektritoukeratas-ft_dualtron_mini","11":"filter_elektritoukeratas-ft_dualtron_spider","12":"filter_elektritoukeratas-ft_dualtron_storm","13":"filter_elektritoukeratas-ft_dualtron_thunder","14":"filter_elektritoukeratas-ft_dualtron_ultra","15":"filter_elektritoukeratas-ft_dualtron_victor","16":"filter_elektritoukeratas-ft_dualtron_x_x2","17":"filter_elektritoukeratas-ft_-minimotors_dualtron","18":"filter_elektritoukeratas-ft_minimotors_speedway_4_5","19":"filter_elektritoukeratas-ft_minimotors_speedway_leger","21":"first","22":"instock","23":"taxable","24":"shipping-taxable","25":"purchasable","26":"product-type-simple"},"yoast_head":"<!-- This site is optimized with the Yoast SEO Premium plugin v26.8 (Yoast SEO v27.5) - https:\/\/yoast.com\/product\/yoast-seo-premium-wordpress\/ -->\n<title>Minimotors Dualtron EY3 n\u00e4yt\u00f6n kaapeli johto | T\u00f5uksimaailm<\/title>\n<meta name=\"description\" content=\"Minimotors Dualtron EY3 ekraani kaabel \/ juhe. Sobib Minimotors Dualtron elektrit\u00f5ukeratas, originaal varuosa.\" \/>\n<meta name=\"robots\" content=\"index, follow, max-snippet:-1, max-image-preview:large, max-video-preview:-1\" \/>\n<link rel=\"canonical\" href=\"https:\/\/www.xn--tuksimaailm-ffb.ee\/fi\/shop\/minimotors-dualtron-ey3-nayton-kaapeli-johto\/\" \/>\n<meta property=\"og:locale\" content=\"fi_FI\" \/>\n<meta property=\"og:type\" content=\"article\" \/>\n<meta property=\"og:title\" content=\"Minimotors Dualtron EY3 n\u00e4yt\u00f6n kaapeli johto\" \/>\n<meta property=\"og:description\" content=\"Minimotors Dualtron EY3 ekraani kaabel \/ juhe. Sobib Minimotors Dualtron elektrit\u00f5ukeratas, originaal varuosa.\" \/>\n<meta property=\"og:url\" content=\"https:\/\/www.xn--tuksimaailm-ffb.ee\/fi\/shop\/minimotors-dualtron-ey3-nayton-kaapeli-johto\/\" \/>\n<meta property=\"og:site_name\" content=\"T\u00f5uksimaailm\" \/>\n<meta property=\"article:publisher\" content=\"https:\/\/www.facebook.com\/touksimaailm\/\" \/>\n<meta property=\"og:image\" content=\"https:\/\/www.xn--tuksimaailm-ffb.ee\/wp-content\/uploads\/2023\/01\/ekraani-kaabel.jpg\" \/>\n\t<meta property=\"og:image:width\" content=\"725\" \/>\n\t<meta property=\"og:image:height\" content=\"529\" \/>\n\t<meta property=\"og:image:type\" content=\"image\/jpeg\" \/>\n<meta name=\"twitter:card\" content=\"summary_large_image\" \/>\n<meta name=\"twitter:label1\" content=\"Hinta\" \/>\n\t<meta name=\"twitter:data1\" content=\"&euro;19.50\" \/>\n\t<meta name=\"twitter:label2\" content=\"Saatavuus\" \/>\n\t<meta name=\"twitter:data2\" content=\"Varastossa\" \/>\n<meta property=\"product:price:amount\" content=\"19.50\" \/>\n<meta property=\"product:price:currency\" content=\"EUR\" \/>\n<meta property=\"og:availability\" content=\"instock\" \/>\n<meta property=\"product:availability\" content=\"instock\" \/>\n<meta property=\"product:condition\" content=\"new\" \/>\n<!-- \/ Yoast SEO Premium plugin. -->","yoast_head_json":{"title":"Minimotors Dualtron EY3 n\u00e4yt\u00f6n kaapeli johto | T\u00f5uksimaailm","description":"Minimotors Dualtron EY3 ekraani kaabel \/ juhe. Sobib Minimotors Dualtron elektrit\u00f5ukeratas, originaal varuosa.","robots":{"index":"index","follow":"follow","max-snippet":"max-snippet:-1","max-image-preview":"max-image-preview:large","max-video-preview":"max-video-preview:-1"},"canonical":"https:\/\/www.xn--tuksimaailm-ffb.ee\/fi\/shop\/minimotors-dualtron-ey3-nayton-kaapeli-johto\/","og_locale":"fi_FI","og_type":"article","og_title":"Minimotors Dualtron EY3 n\u00e4yt\u00f6n kaapeli johto","og_description":"Minimotors Dualtron EY3 ekraani kaabel \/ juhe. Sobib Minimotors Dualtron elektrit\u00f5ukeratas, originaal varuosa.","og_url":"https:\/\/www.xn--tuksimaailm-ffb.ee\/fi\/shop\/minimotors-dualtron-ey3-nayton-kaapeli-johto\/","og_site_name":"T\u00f5uksimaailm","article_publisher":"https:\/\/www.facebook.com\/touksimaailm\/","og_image":[{"width":725,"height":529,"url":"https:\/\/www.xn--tuksimaailm-ffb.ee\/wp-content\/uploads\/2023\/01\/ekraani-kaabel.jpg","type":"image\/jpeg"}],"twitter_card":"summary_large_image","twitter_misc":{"Hinta":"&euro;19.50","Saatavuus":"Varastossa"},"schema":{"@context":"https:\/\/schema.org","@graph":[{"@type":"WebPage","@id":"https:\/\/www.xn--tuksimaailm-ffb.ee\/fi\/shop\/minimotors-dualtron-ey3-nayton-kaapeli-johto\/","url":"https:\/\/www.xn--tuksimaailm-ffb.ee\/fi\/shop\/minimotors-dualtron-ey3-nayton-kaapeli-johto\/","name":"Minimotors Dualtron EY3 n\u00e4yt\u00f6n kaapeli johto | T\u00f5uksimaailm","isPartOf":{"@id":"https:\/\/www.xn--tuksimaailm-ffb.ee\/fi\/#website"},"primaryImageOfPage":{"@id":"https:\/\/www.xn--tuksimaailm-ffb.ee\/fi\/shop\/minimotors-dualtron-ey3-nayton-kaapeli-johto\/#primaryimage"},"image":{"@id":"https:\/\/www.xn--tuksimaailm-ffb.ee\/fi\/shop\/minimotors-dualtron-ey3-nayton-kaapeli-johto\/#primaryimage"},"thumbnailUrl":"https:\/\/www.xn--tuksimaailm-ffb.ee\/wp-content\/uploads\/2023\/01\/ekraani-kaabel.jpg","datePublished":"2023-01-04T13:03:58+00:00","description":"Minimotors Dualtron EY3 ekraani kaabel \/ juhe. Sobib Minimotors Dualtron elektrit\u00f5ukeratas, originaal varuosa.","breadcrumb":{"@id":"https:\/\/www.xn--tuksimaailm-ffb.ee\/fi\/shop\/minimotors-dualtron-ey3-nayton-kaapeli-johto\/#breadcrumb"},"inLanguage":"fi","potentialAction":[{"@type":"ReadAction","target":["https:\/\/www.xn--tuksimaailm-ffb.ee\/fi\/shop\/minimotors-dualtron-ey3-nayton-kaapeli-johto\/"]}]},{"@type":"ImageObject","inLanguage":"fi","@id":"https:\/\/www.xn--tuksimaailm-ffb.ee\/fi\/shop\/minimotors-dualtron-ey3-nayton-kaapeli-johto\/#primaryimage","url":"https:\/\/www.xn--tuksimaailm-ffb.ee\/wp-content\/uploads\/2023\/01\/ekraani-kaabel.jpg","contentUrl":"https:\/\/www.xn--tuksimaailm-ffb.ee\/wp-content\/uploads\/2023\/01\/ekraani-kaabel.jpg","width":725,"height":529,"caption":"Minimotors Dualtron EY3 ekraani kaabel juhe"},{"@type":"BreadcrumbList","@id":"https:\/\/www.xn--tuksimaailm-ffb.ee\/fi\/shop\/minimotors-dualtron-ey3-nayton-kaapeli-johto\/#breadcrumb","itemListElement":[{"@type":"ListItem","position":1,"name":"Home","item":"https:\/\/www.xn--tuksimaailm-ffb.ee\/fi\/kotisivu\/"},{"@type":"ListItem","position":2,"name":"Kauppa","item":"https:\/\/www.xn--tuksimaailm-ffb.ee\/elektritoukerataste-pood\/"},{"@type":"ListItem","position":3,"name":"Minimotors Dualtron EY3 n\u00e4yt\u00f6n kaapeli johto"}]},{"@type":"WebSite","@id":"https:\/\/www.xn--tuksimaailm-ffb.ee\/fi\/#website","url":"https:\/\/www.xn--tuksimaailm-ffb.ee\/fi\/","name":"T\u00f5uksimaailm","description":"Elektrit\u00f5ukerataste m\u00fc\u00fck, remont ja rent","publisher":{"@id":"https:\/\/www.xn--tuksimaailm-ffb.ee\/fi\/#organization"},"potentialAction":[{"@type":"SearchAction","target":{"@type":"EntryPoint","urlTemplate":"https:\/\/www.xn--tuksimaailm-ffb.ee\/fi\/?s={search_term_string}"},"query-input":{"@type":"PropertyValueSpecification","valueRequired":true,"valueName":"search_term_string"}}],"inLanguage":"fi"},{"@type":"Organization","@id":"https:\/\/www.xn--tuksimaailm-ffb.ee\/fi\/#organization","name":"T\u00f5uksimaailm","url":"https:\/\/www.xn--tuksimaailm-ffb.ee\/fi\/","logo":{"@type":"ImageObject","inLanguage":"fi","@id":"https:\/\/www.xn--tuksimaailm-ffb.ee\/fi\/#\/schema\/logo\/image\/","url":"https:\/\/www.xn--tuksimaailm-ffb.ee\/wp-content\/uploads\/2020\/01\/logoz-e1579792875517.png","contentUrl":"https:\/\/www.xn--tuksimaailm-ffb.ee\/wp-content\/uploads\/2020\/01\/logoz-e1579792875517.png","width":250,"height":250,"caption":"T\u00f5uksimaailm"},"image":{"@id":"https:\/\/www.xn--tuksimaailm-ffb.ee\/fi\/#\/schema\/logo\/image\/"},"sameAs":["https:\/\/www.facebook.com\/touksimaailm\/","https:\/\/www.instagram.com\/touksimaailm_\/","https:\/\/www.youtube.com\/channel\/UC18ml0EKIDLP1xGuQjFzcXQ"]}]},"product_price_amount":"19.50","product_price_currency":"EUR","og_availability":"instock","product_availability":"instock","product_condition":"new"},"jetpack_sharing_enabled":true,"_links":{"self":[{"href":"https:\/\/www.xn--tuksimaailm-ffb.ee\/fi\/wp-json\/wp\/v2\/product\/59620","targetHints":{"allow":["GET"]}}],"collection":[{"href":"https:\/\/www.xn--tuksimaailm-ffb.ee\/fi\/wp-json\/wp\/v2\/product"}],"about":[{"href":"https:\/\/www.xn--tuksimaailm-ffb.ee\/fi\/wp-json\/wp\/v2\/types\/product"}],"wp:featuredmedia":[{"embeddable":true,"href":"https:\/\/www.xn--tuksimaailm-ffb.ee\/fi\/wp-json\/wp\/v2\/media\/32029"}],"wp:attachment":[{"href":"https:\/\/www.xn--tuksimaailm-ffb.ee\/fi\/wp-json\/wp\/v2\/media?parent=59620"}],"wp:term":[{"taxonomy":"product_brand","embeddable":true,"href":"https:\/\/www.xn--tuksimaailm-ffb.ee\/fi\/wp-json\/wp\/v2\/product_brand?post=59620"},{"taxonomy":"product_cat","embeddable":true,"href":"https:\/\/www.xn--tuksimaailm-ffb.ee\/fi\/wp-json\/wp\/v2\/product_cat?post=59620"},{"taxonomy":"product_tag","embeddable":true,"href":"https:\/\/www.xn--tuksimaailm-ffb.ee\/fi\/wp-json\/wp\/v2\/product_tag?post=59620"},{"taxonomy":"filter_elektritoukeratas","embeddable":true,"href":"https:\/\/www.xn--tuksimaailm-ffb.ee\/fi\/wp-json\/wp\/v2\/filter_elektritoukeratas?post=59620"}],"curies":[{"name":"wp","href":"https:\/\/api.w.org\/{rel}","templated":true}]}}