{"id":59622,"date":"2023-01-04T14:57:22","date_gmt":"2023-01-04T12:57:22","guid":{"rendered":"http:\/\/www.xn--tuksimaailm-ffb.ee\/shop\/m12-mutteri-aluslevy-sahkoskootteriin-polkupyoraan\/"},"modified":"2023-01-04T14:57:22","modified_gmt":"2023-01-04T12:57:22","slug":"m12-mutteri-aluslevy-sahkoskootteriin-polkupyoraan","status":"publish","type":"product","link":"https:\/\/www.xn--tuksimaailm-ffb.ee\/fi\/shop\/m12-mutteri-aluslevy-sahkoskootteriin-polkupyoraan\/","title":{"rendered":"M12 mutteri + aluslevy s\u00e4hk\u00f6skootteriin polkupy\u00f6r\u00e4\u00e4n"},"content":{"rendered":"<p>M12-mutteri + aluslevy s\u00e4hk\u00f6skootteriin tai polkupy\u00f6r\u00e4\u00e4n.<\/p>\n","protected":false},"excerpt":{"rendered":"<p>M12-mutteri + aluslevy s\u00e4hk\u00f6skootteriin tai polkupy\u00f6r\u00e4\u00e4n.<\/p>\n","protected":false},"featured_media":26131,"template":"","meta":[],"product_brand":[],"product_cat":[1698],"product_tag":[3266,1700],"filter_elektritoukeratas":[],"class_list":{"0":"post-59622","1":"product","2":"type-product","3":"status-publish","4":"has-post-thumbnail","6":"product_cat-varaosat","7":"product_tag-elektrijalgratta-varuosad-fi","8":"product_tag-universal-sahkoskootterin-varaosat","9":"pa_tootetuup-elektrijalgratta-varuosad-fi","10":"pa_tootetuup-universal-sahkoskootterin-varaosat","12":"first","13":"instock","14":"taxable","15":"shipping-taxable","16":"purchasable","17":"product-type-simple"},"yoast_head":"<!-- This site is optimized with the Yoast SEO Premium plugin v26.8 (Yoast SEO v27.5) - https:\/\/yoast.com\/product\/yoast-seo-premium-wordpress\/ -->\n<title>M12 mutteri + aluslevy s\u00e4hk\u00f6skootteriin polkupy\u00f6r\u00e4\u00e4n | T\u00f5uksimaailm<\/title>\n<meta name=\"description\" content=\"M12 mutter + lukkseib elektrit\u00f5ukerattale v\u00f5i jalgrattale.\" \/>\n<meta name=\"robots\" content=\"index, follow, max-snippet:-1, max-image-preview:large, max-video-preview:-1\" \/>\n<link rel=\"canonical\" href=\"https:\/\/www.xn--tuksimaailm-ffb.ee\/fi\/shop\/m12-mutteri-aluslevy-sahkoskootteriin-polkupyoraan\/\" \/>\n<meta property=\"og:locale\" content=\"fi_FI\" \/>\n<meta property=\"og:type\" content=\"article\" \/>\n<meta property=\"og:title\" content=\"M12 mutteri + aluslevy s\u00e4hk\u00f6skootteriin polkupy\u00f6r\u00e4\u00e4n\" \/>\n<meta property=\"og:description\" content=\"M12 mutter + lukkseib elektrit\u00f5ukerattale v\u00f5i jalgrattale.\" \/>\n<meta property=\"og:url\" content=\"https:\/\/www.xn--tuksimaailm-ffb.ee\/fi\/shop\/m12-mutteri-aluslevy-sahkoskootteriin-polkupyoraan\/\" \/>\n<meta property=\"og:site_name\" content=\"T\u00f5uksimaailm\" \/>\n<meta property=\"article:publisher\" content=\"https:\/\/www.facebook.com\/touksimaailm\/\" \/>\n<meta property=\"og:image\" content=\"https:\/\/www.xn--tuksimaailm-ffb.ee\/wp-content\/uploads\/2023\/01\/M12-mutter-lukkseib-elektritoukerattale-jalgrattale.jpeg\" \/>\n\t<meta property=\"og:image:width\" content=\"1000\" \/>\n\t<meta property=\"og:image:height\" content=\"1000\" \/>\n\t<meta property=\"og:image:type\" content=\"image\/jpeg\" \/>\n<meta name=\"twitter:card\" content=\"summary_large_image\" \/>\n<meta name=\"twitter:label1\" content=\"Hinta\" \/>\n\t<meta name=\"twitter:data1\" content=\"&euro;5.00\" \/>\n\t<meta name=\"twitter:label2\" content=\"Saatavuus\" \/>\n\t<meta name=\"twitter:data2\" content=\"Varastossa\" \/>\n<meta property=\"product:price:amount\" content=\"5.00\" \/>\n<meta property=\"product:price:currency\" content=\"EUR\" \/>\n<meta property=\"og:availability\" content=\"instock\" \/>\n<meta property=\"product:availability\" content=\"instock\" \/>\n<meta property=\"product:condition\" content=\"new\" \/>\n<!-- \/ Yoast SEO Premium plugin. -->","yoast_head_json":{"title":"M12 mutteri + aluslevy s\u00e4hk\u00f6skootteriin polkupy\u00f6r\u00e4\u00e4n | T\u00f5uksimaailm","description":"M12 mutter + lukkseib elektrit\u00f5ukerattale v\u00f5i jalgrattale.","robots":{"index":"index","follow":"follow","max-snippet":"max-snippet:-1","max-image-preview":"max-image-preview:large","max-video-preview":"max-video-preview:-1"},"canonical":"https:\/\/www.xn--tuksimaailm-ffb.ee\/fi\/shop\/m12-mutteri-aluslevy-sahkoskootteriin-polkupyoraan\/","og_locale":"fi_FI","og_type":"article","og_title":"M12 mutteri + aluslevy s\u00e4hk\u00f6skootteriin polkupy\u00f6r\u00e4\u00e4n","og_description":"M12 mutter + lukkseib elektrit\u00f5ukerattale v\u00f5i jalgrattale.","og_url":"https:\/\/www.xn--tuksimaailm-ffb.ee\/fi\/shop\/m12-mutteri-aluslevy-sahkoskootteriin-polkupyoraan\/","og_site_name":"T\u00f5uksimaailm","article_publisher":"https:\/\/www.facebook.com\/touksimaailm\/","og_image":[{"width":1000,"height":1000,"url":"https:\/\/www.xn--tuksimaailm-ffb.ee\/wp-content\/uploads\/2023\/01\/M12-mutter-lukkseib-elektritoukerattale-jalgrattale.jpeg","type":"image\/jpeg"}],"twitter_card":"summary_large_image","twitter_misc":{"Hinta":"&euro;5.00","Saatavuus":"Varastossa"},"schema":{"@context":"https:\/\/schema.org","@graph":[{"@type":"WebPage","@id":"https:\/\/www.xn--tuksimaailm-ffb.ee\/fi\/shop\/m12-mutteri-aluslevy-sahkoskootteriin-polkupyoraan\/","url":"https:\/\/www.xn--tuksimaailm-ffb.ee\/fi\/shop\/m12-mutteri-aluslevy-sahkoskootteriin-polkupyoraan\/","name":"M12 mutteri + aluslevy s\u00e4hk\u00f6skootteriin polkupy\u00f6r\u00e4\u00e4n | T\u00f5uksimaailm","isPartOf":{"@id":"https:\/\/www.xn--tuksimaailm-ffb.ee\/fi\/#website"},"primaryImageOfPage":{"@id":"https:\/\/www.xn--tuksimaailm-ffb.ee\/fi\/shop\/m12-mutteri-aluslevy-sahkoskootteriin-polkupyoraan\/#primaryimage"},"image":{"@id":"https:\/\/www.xn--tuksimaailm-ffb.ee\/fi\/shop\/m12-mutteri-aluslevy-sahkoskootteriin-polkupyoraan\/#primaryimage"},"thumbnailUrl":"https:\/\/www.xn--tuksimaailm-ffb.ee\/wp-content\/uploads\/2023\/01\/M12-mutter-lukkseib-elektritoukerattale-jalgrattale.jpeg","datePublished":"2023-01-04T12:57:22+00:00","description":"M12 mutter + lukkseib elektrit\u00f5ukerattale v\u00f5i jalgrattale.","breadcrumb":{"@id":"https:\/\/www.xn--tuksimaailm-ffb.ee\/fi\/shop\/m12-mutteri-aluslevy-sahkoskootteriin-polkupyoraan\/#breadcrumb"},"inLanguage":"fi","potentialAction":[{"@type":"ReadAction","target":["https:\/\/www.xn--tuksimaailm-ffb.ee\/fi\/shop\/m12-mutteri-aluslevy-sahkoskootteriin-polkupyoraan\/"]}]},{"@type":"ImageObject","inLanguage":"fi","@id":"https:\/\/www.xn--tuksimaailm-ffb.ee\/fi\/shop\/m12-mutteri-aluslevy-sahkoskootteriin-polkupyoraan\/#primaryimage","url":"https:\/\/www.xn--tuksimaailm-ffb.ee\/wp-content\/uploads\/2023\/01\/M12-mutter-lukkseib-elektritoukerattale-jalgrattale.jpeg","contentUrl":"https:\/\/www.xn--tuksimaailm-ffb.ee\/wp-content\/uploads\/2023\/01\/M12-mutter-lukkseib-elektritoukerattale-jalgrattale.jpeg","width":1000,"height":1000,"caption":"M12 mutter + lukkseib elektrit\u00f5ukerattale jalgrattale"},{"@type":"BreadcrumbList","@id":"https:\/\/www.xn--tuksimaailm-ffb.ee\/fi\/shop\/m12-mutteri-aluslevy-sahkoskootteriin-polkupyoraan\/#breadcrumb","itemListElement":[{"@type":"ListItem","position":1,"name":"Home","item":"https:\/\/www.xn--tuksimaailm-ffb.ee\/fi\/kotisivu\/"},{"@type":"ListItem","position":2,"name":"Kauppa","item":"https:\/\/www.xn--tuksimaailm-ffb.ee\/elektritoukerataste-pood\/"},{"@type":"ListItem","position":3,"name":"M12 mutteri + aluslevy s\u00e4hk\u00f6skootteriin polkupy\u00f6r\u00e4\u00e4n"}]},{"@type":"WebSite","@id":"https:\/\/www.xn--tuksimaailm-ffb.ee\/fi\/#website","url":"https:\/\/www.xn--tuksimaailm-ffb.ee\/fi\/","name":"T\u00f5uksimaailm","description":"Elektrit\u00f5ukerataste m\u00fc\u00fck, remont ja rent","publisher":{"@id":"https:\/\/www.xn--tuksimaailm-ffb.ee\/fi\/#organization"},"potentialAction":[{"@type":"SearchAction","target":{"@type":"EntryPoint","urlTemplate":"https:\/\/www.xn--tuksimaailm-ffb.ee\/fi\/?s={search_term_string}"},"query-input":{"@type":"PropertyValueSpecification","valueRequired":true,"valueName":"search_term_string"}}],"inLanguage":"fi"},{"@type":"Organization","@id":"https:\/\/www.xn--tuksimaailm-ffb.ee\/fi\/#organization","name":"T\u00f5uksimaailm","url":"https:\/\/www.xn--tuksimaailm-ffb.ee\/fi\/","logo":{"@type":"ImageObject","inLanguage":"fi","@id":"https:\/\/www.xn--tuksimaailm-ffb.ee\/fi\/#\/schema\/logo\/image\/","url":"https:\/\/www.xn--tuksimaailm-ffb.ee\/wp-content\/uploads\/2020\/01\/logoz-e1579792875517.png","contentUrl":"https:\/\/www.xn--tuksimaailm-ffb.ee\/wp-content\/uploads\/2020\/01\/logoz-e1579792875517.png","width":250,"height":250,"caption":"T\u00f5uksimaailm"},"image":{"@id":"https:\/\/www.xn--tuksimaailm-ffb.ee\/fi\/#\/schema\/logo\/image\/"},"sameAs":["https:\/\/www.facebook.com\/touksimaailm\/","https:\/\/www.instagram.com\/touksimaailm_\/","https:\/\/www.youtube.com\/channel\/UC18ml0EKIDLP1xGuQjFzcXQ"]}]},"product_price_amount":"5.00","product_price_currency":"EUR","og_availability":"instock","product_availability":"instock","product_condition":"new"},"jetpack_sharing_enabled":true,"_links":{"self":[{"href":"https:\/\/www.xn--tuksimaailm-ffb.ee\/fi\/wp-json\/wp\/v2\/product\/59622","targetHints":{"allow":["GET"]}}],"collection":[{"href":"https:\/\/www.xn--tuksimaailm-ffb.ee\/fi\/wp-json\/wp\/v2\/product"}],"about":[{"href":"https:\/\/www.xn--tuksimaailm-ffb.ee\/fi\/wp-json\/wp\/v2\/types\/product"}],"wp:featuredmedia":[{"embeddable":true,"href":"https:\/\/www.xn--tuksimaailm-ffb.ee\/fi\/wp-json\/wp\/v2\/media\/26131"}],"wp:attachment":[{"href":"https:\/\/www.xn--tuksimaailm-ffb.ee\/fi\/wp-json\/wp\/v2\/media?parent=59622"}],"wp:term":[{"taxonomy":"product_brand","embeddable":true,"href":"https:\/\/www.xn--tuksimaailm-ffb.ee\/fi\/wp-json\/wp\/v2\/product_brand?post=59622"},{"taxonomy":"product_cat","embeddable":true,"href":"https:\/\/www.xn--tuksimaailm-ffb.ee\/fi\/wp-json\/wp\/v2\/product_cat?post=59622"},{"taxonomy":"product_tag","embeddable":true,"href":"https:\/\/www.xn--tuksimaailm-ffb.ee\/fi\/wp-json\/wp\/v2\/product_tag?post=59622"},{"taxonomy":"filter_elektritoukeratas","embeddable":true,"href":"https:\/\/www.xn--tuksimaailm-ffb.ee\/fi\/wp-json\/wp\/v2\/filter_elektritoukeratas?post=59622"}],"curies":[{"name":"wp","href":"https:\/\/api.w.org\/{rel}","templated":true}]}}