{"id":59646,"date":"2023-01-02T20:07:04","date_gmt":"2023-01-02T18:07:04","guid":{"rendered":"http:\/\/www.xn--tuksimaailm-ffb.ee\/shop\/display-naytto-kugoo-g-booster-v1\/"},"modified":"2023-01-02T20:07:04","modified_gmt":"2023-01-02T18:07:04","slug":"display-naytto-kugoo-g-booster-v1","status":"publish","type":"product","link":"https:\/\/www.xn--tuksimaailm-ffb.ee\/fi\/shop\/display-naytto-kugoo-g-booster-v1\/","title":{"rendered":"Display n\u00e4ytt\u00f6 Kugoo G-Booster V1"},"content":{"rendered":"<p>Display \/ n\u00e4ytt\u00f6, sopii s\u00e4hk\u00f6skootteriin Kugoo G-Booster. T\u00e4t\u00e4 ohjauspaneelia k\u00e4ytet\u00e4\u00e4n Kugoo G-Boosterin vanhemmassa \/ ensimm\u00e4isess\u00e4 versiossa (V1).<\/p>\n","protected":false},"excerpt":{"rendered":"<p>Display \/ n\u00e4ytt\u00f6, sopii s\u00e4hk\u00f6skootteriin Kugoo G-Booster. T\u00e4t\u00e4 ohjauspaneelia k\u00e4ytet\u00e4\u00e4n Kugoo G-Boosterin vanhemmassa \/ ensimm\u00e4isess\u00e4 versiossa (V1).<\/p>\n","protected":false},"featured_media":25963,"template":"","meta":[],"product_brand":[],"product_cat":[1698],"product_tag":[3264],"filter_elektritoukeratas":[2678],"class_list":{"0":"post-59646","1":"product","2":"type-product","3":"status-publish","4":"has-post-thumbnail","6":"product_cat-varaosat","7":"product_tag-kugoo-varuosad-fi","8":"pa_tootetuup-gaasid-ekraanid-display-d","9":"filter_elektritoukeratas-ft_kugoo_g_booster","11":"first","12":"outofstock","13":"taxable","14":"shipping-taxable","15":"purchasable","16":"product-type-simple"},"yoast_head":"<!-- This site is optimized with the Yoast SEO Premium plugin v26.8 (Yoast SEO v27.3) - https:\/\/yoast.com\/product\/yoast-seo-premium-wordpress\/ -->\n<title>Display n\u00e4ytt\u00f6 Kugoo G-Booster V1 | T\u00f5uksimaailm<\/title>\n<meta name=\"description\" content=\"Display \/ ekraan, sobib elektrit\u00f5ukeratas Kugoo G-Booster. See juhtpaneel on kasutusel vanemal \/ esimesel Kugoo G-Boosteri versioonil (V1).\" \/>\n<meta name=\"robots\" content=\"index, follow, max-snippet:-1, max-image-preview:large, max-video-preview:-1\" \/>\n<link rel=\"canonical\" href=\"https:\/\/www.xn--tuksimaailm-ffb.ee\/fi\/shop\/display-naytto-kugoo-g-booster-v1\/\" \/>\n<meta property=\"og:locale\" content=\"fi_FI\" \/>\n<meta property=\"og:type\" content=\"article\" \/>\n<meta property=\"og:title\" content=\"Display n\u00e4ytt\u00f6 Kugoo G-Booster V1\" \/>\n<meta property=\"og:description\" content=\"Display \/ ekraan, sobib elektrit\u00f5ukeratas Kugoo G-Booster. See juhtpaneel on kasutusel vanemal \/ esimesel Kugoo G-Boosteri versioonil (V1).\" \/>\n<meta property=\"og:url\" content=\"https:\/\/www.xn--tuksimaailm-ffb.ee\/fi\/shop\/display-naytto-kugoo-g-booster-v1\/\" \/>\n<meta property=\"og:site_name\" content=\"T\u00f5uksimaailm\" \/>\n<meta property=\"article:publisher\" content=\"https:\/\/www.facebook.com\/touksimaailm\/\" \/>\n<meta property=\"og:image\" content=\"https:\/\/www.xn--tuksimaailm-ffb.ee\/wp-content\/uploads\/2023\/01\/Display-ekraan-Kugoo-G-Booster-V1.webp\" \/>\n\t<meta property=\"og:image:width\" content=\"640\" \/>\n\t<meta property=\"og:image:height\" content=\"480\" \/>\n\t<meta property=\"og:image:type\" content=\"image\/webp\" \/>\n<meta name=\"twitter:card\" content=\"summary_large_image\" \/>\n<meta name=\"twitter:label1\" content=\"Hinta\" \/>\n\t<meta name=\"twitter:data1\" content=\"&euro;79.50\" \/>\n\t<meta name=\"twitter:label2\" content=\"Saatavuus\" \/>\n\t<meta name=\"twitter:data2\" content=\"Loppu varastosta\" \/>\n<meta property=\"product:price:amount\" content=\"79.50\" \/>\n<meta property=\"product:price:currency\" content=\"EUR\" \/>\n<meta property=\"og:availability\" content=\"out of stock\" \/>\n<meta property=\"product:availability\" content=\"out of stock\" \/>\n<meta property=\"product:condition\" content=\"new\" \/>\n<!-- \/ Yoast SEO Premium plugin. -->","yoast_head_json":{"title":"Display n\u00e4ytt\u00f6 Kugoo G-Booster V1 | T\u00f5uksimaailm","description":"Display \/ ekraan, sobib elektrit\u00f5ukeratas Kugoo G-Booster. See juhtpaneel on kasutusel vanemal \/ esimesel Kugoo G-Boosteri versioonil (V1).","robots":{"index":"index","follow":"follow","max-snippet":"max-snippet:-1","max-image-preview":"max-image-preview:large","max-video-preview":"max-video-preview:-1"},"canonical":"https:\/\/www.xn--tuksimaailm-ffb.ee\/fi\/shop\/display-naytto-kugoo-g-booster-v1\/","og_locale":"fi_FI","og_type":"article","og_title":"Display n\u00e4ytt\u00f6 Kugoo G-Booster V1","og_description":"Display \/ ekraan, sobib elektrit\u00f5ukeratas Kugoo G-Booster. See juhtpaneel on kasutusel vanemal \/ esimesel Kugoo G-Boosteri versioonil (V1).","og_url":"https:\/\/www.xn--tuksimaailm-ffb.ee\/fi\/shop\/display-naytto-kugoo-g-booster-v1\/","og_site_name":"T\u00f5uksimaailm","article_publisher":"https:\/\/www.facebook.com\/touksimaailm\/","og_image":[{"width":640,"height":480,"url":"https:\/\/www.xn--tuksimaailm-ffb.ee\/wp-content\/uploads\/2023\/01\/Display-ekraan-Kugoo-G-Booster-V1.webp","type":"image\/webp"}],"twitter_card":"summary_large_image","twitter_misc":{"Hinta":"&euro;79.50","Saatavuus":"Loppu varastosta"},"schema":{"@context":"https:\/\/schema.org","@graph":[{"@type":"WebPage","@id":"https:\/\/www.xn--tuksimaailm-ffb.ee\/fi\/shop\/display-naytto-kugoo-g-booster-v1\/","url":"https:\/\/www.xn--tuksimaailm-ffb.ee\/fi\/shop\/display-naytto-kugoo-g-booster-v1\/","name":"Display n\u00e4ytt\u00f6 Kugoo G-Booster V1 | T\u00f5uksimaailm","isPartOf":{"@id":"https:\/\/www.xn--tuksimaailm-ffb.ee\/fi\/#website"},"primaryImageOfPage":{"@id":"https:\/\/www.xn--tuksimaailm-ffb.ee\/fi\/shop\/display-naytto-kugoo-g-booster-v1\/#primaryimage"},"image":{"@id":"https:\/\/www.xn--tuksimaailm-ffb.ee\/fi\/shop\/display-naytto-kugoo-g-booster-v1\/#primaryimage"},"thumbnailUrl":"https:\/\/www.xn--tuksimaailm-ffb.ee\/wp-content\/uploads\/2023\/01\/Display-ekraan-Kugoo-G-Booster-V1.webp","datePublished":"2023-01-02T18:07:04+00:00","description":"Display \/ ekraan, sobib elektrit\u00f5ukeratas Kugoo G-Booster. See juhtpaneel on kasutusel vanemal \/ esimesel Kugoo G-Boosteri versioonil (V1).","breadcrumb":{"@id":"https:\/\/www.xn--tuksimaailm-ffb.ee\/fi\/shop\/display-naytto-kugoo-g-booster-v1\/#breadcrumb"},"inLanguage":"fi","potentialAction":[{"@type":"ReadAction","target":["https:\/\/www.xn--tuksimaailm-ffb.ee\/fi\/shop\/display-naytto-kugoo-g-booster-v1\/"]}]},{"@type":"ImageObject","inLanguage":"fi","@id":"https:\/\/www.xn--tuksimaailm-ffb.ee\/fi\/shop\/display-naytto-kugoo-g-booster-v1\/#primaryimage","url":"https:\/\/www.xn--tuksimaailm-ffb.ee\/wp-content\/uploads\/2023\/01\/Display-ekraan-Kugoo-G-Booster-V1.webp","contentUrl":"https:\/\/www.xn--tuksimaailm-ffb.ee\/wp-content\/uploads\/2023\/01\/Display-ekraan-Kugoo-G-Booster-V1.webp","width":640,"height":480,"caption":"Display ekraan Kugoo G-Booster V1"},{"@type":"BreadcrumbList","@id":"https:\/\/www.xn--tuksimaailm-ffb.ee\/fi\/shop\/display-naytto-kugoo-g-booster-v1\/#breadcrumb","itemListElement":[{"@type":"ListItem","position":1,"name":"Home","item":"https:\/\/www.xn--tuksimaailm-ffb.ee\/fi\/kotisivu\/"},{"@type":"ListItem","position":2,"name":"Kauppa","item":"https:\/\/www.xn--tuksimaailm-ffb.ee\/elektritoukerataste-pood\/"},{"@type":"ListItem","position":3,"name":"Display n\u00e4ytt\u00f6 Kugoo G-Booster V1"}]},{"@type":"WebSite","@id":"https:\/\/www.xn--tuksimaailm-ffb.ee\/fi\/#website","url":"https:\/\/www.xn--tuksimaailm-ffb.ee\/fi\/","name":"T\u00f5uksimaailm","description":"Elektrit\u00f5ukerataste m\u00fc\u00fck, remont ja rent","publisher":{"@id":"https:\/\/www.xn--tuksimaailm-ffb.ee\/fi\/#organization"},"potentialAction":[{"@type":"SearchAction","target":{"@type":"EntryPoint","urlTemplate":"https:\/\/www.xn--tuksimaailm-ffb.ee\/fi\/?s={search_term_string}"},"query-input":{"@type":"PropertyValueSpecification","valueRequired":true,"valueName":"search_term_string"}}],"inLanguage":"fi"},{"@type":"Organization","@id":"https:\/\/www.xn--tuksimaailm-ffb.ee\/fi\/#organization","name":"T\u00f5uksimaailm","url":"https:\/\/www.xn--tuksimaailm-ffb.ee\/fi\/","logo":{"@type":"ImageObject","inLanguage":"fi","@id":"https:\/\/www.xn--tuksimaailm-ffb.ee\/fi\/#\/schema\/logo\/image\/","url":"https:\/\/www.xn--tuksimaailm-ffb.ee\/wp-content\/uploads\/2020\/01\/logoz-e1579792875517.png","contentUrl":"https:\/\/www.xn--tuksimaailm-ffb.ee\/wp-content\/uploads\/2020\/01\/logoz-e1579792875517.png","width":250,"height":250,"caption":"T\u00f5uksimaailm"},"image":{"@id":"https:\/\/www.xn--tuksimaailm-ffb.ee\/fi\/#\/schema\/logo\/image\/"},"sameAs":["https:\/\/www.facebook.com\/touksimaailm\/","https:\/\/www.instagram.com\/touksimaailm_\/","https:\/\/www.youtube.com\/channel\/UC18ml0EKIDLP1xGuQjFzcXQ"]}]},"product_price_amount":"79.50","product_price_currency":"EUR","og_availability":"out of stock","product_availability":"out of stock","product_condition":"new"},"jetpack_sharing_enabled":true,"_links":{"self":[{"href":"https:\/\/www.xn--tuksimaailm-ffb.ee\/fi\/wp-json\/wp\/v2\/product\/59646","targetHints":{"allow":["GET"]}}],"collection":[{"href":"https:\/\/www.xn--tuksimaailm-ffb.ee\/fi\/wp-json\/wp\/v2\/product"}],"about":[{"href":"https:\/\/www.xn--tuksimaailm-ffb.ee\/fi\/wp-json\/wp\/v2\/types\/product"}],"wp:featuredmedia":[{"embeddable":true,"href":"https:\/\/www.xn--tuksimaailm-ffb.ee\/fi\/wp-json\/wp\/v2\/media\/25963"}],"wp:attachment":[{"href":"https:\/\/www.xn--tuksimaailm-ffb.ee\/fi\/wp-json\/wp\/v2\/media?parent=59646"}],"wp:term":[{"taxonomy":"product_brand","embeddable":true,"href":"https:\/\/www.xn--tuksimaailm-ffb.ee\/fi\/wp-json\/wp\/v2\/product_brand?post=59646"},{"taxonomy":"product_cat","embeddable":true,"href":"https:\/\/www.xn--tuksimaailm-ffb.ee\/fi\/wp-json\/wp\/v2\/product_cat?post=59646"},{"taxonomy":"product_tag","embeddable":true,"href":"https:\/\/www.xn--tuksimaailm-ffb.ee\/fi\/wp-json\/wp\/v2\/product_tag?post=59646"},{"taxonomy":"filter_elektritoukeratas","embeddable":true,"href":"https:\/\/www.xn--tuksimaailm-ffb.ee\/fi\/wp-json\/wp\/v2\/filter_elektritoukeratas?post=59646"}],"curies":[{"name":"wp","href":"https:\/\/api.w.org\/{rel}","templated":true}]}}