{"id":60005,"date":"2023-01-02T18:18:23","date_gmt":"2023-01-02T16:18:23","guid":{"rendered":"http:\/\/www.xn--tuksimaailm-ffb.ee\/shop\/jalkatuki-ninebot-f20e-f25e-f30e-f40e\/"},"modified":"2023-01-02T18:18:23","modified_gmt":"2023-01-02T16:18:23","slug":"jalkatuki-ninebot-f20e-f25e-f30e-f40e","status":"publish","type":"product","link":"https:\/\/www.xn--tuksimaailm-ffb.ee\/fi\/shop\/jalkatuki-ninebot-f20e-f25e-f30e-f40e\/","title":{"rendered":"Jalkatuki Ninebot F20E F25E F30E F40E"},"content":{"rendered":"<p>Jalusta tai tukijalka, alkuper\u00e4inen Segway varaosa. Sopii Segway Ninebot F20E, F25E, F30E tai F40E s\u00e4hk\u00f6skootterimalleihin.<\/p>\n","protected":false},"excerpt":{"rendered":"<p>Jalusta tai tukijalka, alkuper\u00e4inen Segway varaosa. Sopii Segway Ninebot F20E, F25E, F30E tai F40E s\u00e4hk\u00f6skootterimalleihin.<\/p>\n","protected":false},"featured_media":79780,"template":"","meta":[],"product_brand":[],"product_cat":[1698],"product_tag":[3268],"filter_elektritoukeratas":[2640],"class_list":{"0":"post-60005","1":"product","2":"type-product","3":"status-publish","4":"has-post-thumbnail","6":"product_cat-varaosat","7":"product_tag-segway-ninebot-varuosad-fi","8":"filter_elektritoukeratas-ft_segway_ninebot_f20d_f25e_ii_f30d_f40d_f40d_ii","10":"first","11":"instock","12":"taxable","13":"shipping-taxable","14":"purchasable","15":"product-type-simple"},"yoast_head":"<!-- This site is optimized with the Yoast SEO Premium plugin v26.8 (Yoast SEO v27.3) - https:\/\/yoast.com\/product\/yoast-seo-premium-wordpress\/ -->\n<title>Jalkatuki Ninebot F20E F25E F30E F40E | T\u00f5uksimaailm<\/title>\n<meta name=\"description\" content=\"Seisujalg v\u00f5i tugijalg, originaal Segway varuosa. Sobib elektrit\u00f5ukeratas Segway Ninebot F20E, F25E, F30E v\u00f5i F40E mudelitele.\" \/>\n<meta name=\"robots\" content=\"index, follow, max-snippet:-1, max-image-preview:large, max-video-preview:-1\" \/>\n<link rel=\"canonical\" href=\"https:\/\/www.xn--tuksimaailm-ffb.ee\/fi\/shop\/jalkatuki-ninebot-f20e-f25e-f30e-f40e\/\" \/>\n<meta property=\"og:locale\" content=\"fi_FI\" \/>\n<meta property=\"og:type\" content=\"article\" \/>\n<meta property=\"og:title\" content=\"Jalkatuki Ninebot F20E F25E F30E F40E\" \/>\n<meta property=\"og:description\" content=\"Seisujalg v\u00f5i tugijalg, originaal Segway varuosa. Sobib elektrit\u00f5ukeratas Segway Ninebot F20E, F25E, F30E v\u00f5i F40E mudelitele.\" \/>\n<meta property=\"og:url\" content=\"https:\/\/www.xn--tuksimaailm-ffb.ee\/fi\/shop\/jalkatuki-ninebot-f20e-f25e-f30e-f40e\/\" \/>\n<meta property=\"og:site_name\" content=\"T\u00f5uksimaailm\" \/>\n<meta property=\"article:publisher\" content=\"https:\/\/www.facebook.com\/touksimaailm\/\" \/>\n<meta property=\"og:image\" content=\"https:\/\/www.xn--tuksimaailm-ffb.ee\/wp-content\/uploads\/2023\/01\/jalg-f-jpg.webp\" \/>\n\t<meta property=\"og:image:width\" content=\"643\" \/>\n\t<meta property=\"og:image:height\" content=\"520\" \/>\n\t<meta property=\"og:image:type\" content=\"image\/jpeg\" \/>\n<meta name=\"twitter:card\" content=\"summary_large_image\" \/>\n<meta name=\"twitter:label1\" content=\"Hinta\" \/>\n\t<meta name=\"twitter:data1\" content=\"&euro;15.00\" \/>\n\t<meta name=\"twitter:label2\" content=\"Saatavuus\" \/>\n\t<meta name=\"twitter:data2\" content=\"Varastossa\" \/>\n<meta property=\"product:price:amount\" content=\"15.00\" \/>\n<meta property=\"product:price:currency\" content=\"EUR\" \/>\n<meta property=\"og:availability\" content=\"instock\" \/>\n<meta property=\"product:availability\" content=\"instock\" \/>\n<meta property=\"product:condition\" content=\"new\" \/>\n<!-- \/ Yoast SEO Premium plugin. -->","yoast_head_json":{"title":"Jalkatuki Ninebot F20E F25E F30E F40E | T\u00f5uksimaailm","description":"Seisujalg v\u00f5i tugijalg, originaal Segway varuosa. Sobib elektrit\u00f5ukeratas Segway Ninebot F20E, F25E, F30E v\u00f5i F40E mudelitele.","robots":{"index":"index","follow":"follow","max-snippet":"max-snippet:-1","max-image-preview":"max-image-preview:large","max-video-preview":"max-video-preview:-1"},"canonical":"https:\/\/www.xn--tuksimaailm-ffb.ee\/fi\/shop\/jalkatuki-ninebot-f20e-f25e-f30e-f40e\/","og_locale":"fi_FI","og_type":"article","og_title":"Jalkatuki Ninebot F20E F25E F30E F40E","og_description":"Seisujalg v\u00f5i tugijalg, originaal Segway varuosa. Sobib elektrit\u00f5ukeratas Segway Ninebot F20E, F25E, F30E v\u00f5i F40E mudelitele.","og_url":"https:\/\/www.xn--tuksimaailm-ffb.ee\/fi\/shop\/jalkatuki-ninebot-f20e-f25e-f30e-f40e\/","og_site_name":"T\u00f5uksimaailm","article_publisher":"https:\/\/www.facebook.com\/touksimaailm\/","og_image":[{"width":643,"height":520,"url":"https:\/\/www.xn--tuksimaailm-ffb.ee\/wp-content\/uploads\/2023\/01\/jalg-f-jpg.webp","type":"image\/jpeg"}],"twitter_card":"summary_large_image","twitter_misc":{"Hinta":"&euro;15.00","Saatavuus":"Varastossa"},"schema":{"@context":"https:\/\/schema.org","@graph":[{"@type":"WebPage","@id":"https:\/\/www.xn--tuksimaailm-ffb.ee\/fi\/shop\/jalkatuki-ninebot-f20e-f25e-f30e-f40e\/","url":"https:\/\/www.xn--tuksimaailm-ffb.ee\/fi\/shop\/jalkatuki-ninebot-f20e-f25e-f30e-f40e\/","name":"Jalkatuki Ninebot F20E F25E F30E F40E | T\u00f5uksimaailm","isPartOf":{"@id":"https:\/\/www.xn--tuksimaailm-ffb.ee\/fi\/#website"},"primaryImageOfPage":{"@id":"https:\/\/www.xn--tuksimaailm-ffb.ee\/fi\/shop\/jalkatuki-ninebot-f20e-f25e-f30e-f40e\/#primaryimage"},"image":{"@id":"https:\/\/www.xn--tuksimaailm-ffb.ee\/fi\/shop\/jalkatuki-ninebot-f20e-f25e-f30e-f40e\/#primaryimage"},"thumbnailUrl":"https:\/\/www.xn--tuksimaailm-ffb.ee\/wp-content\/uploads\/2023\/01\/Screenshot-2026-02-21-203458.webp","datePublished":"2023-01-02T16:18:23+00:00","description":"Seisujalg v\u00f5i tugijalg, originaal Segway varuosa. Sobib elektrit\u00f5ukeratas Segway Ninebot F20E, F25E, F30E v\u00f5i F40E mudelitele.","breadcrumb":{"@id":"https:\/\/www.xn--tuksimaailm-ffb.ee\/fi\/shop\/jalkatuki-ninebot-f20e-f25e-f30e-f40e\/#breadcrumb"},"inLanguage":"fi","potentialAction":[{"@type":"ReadAction","target":["https:\/\/www.xn--tuksimaailm-ffb.ee\/fi\/shop\/jalkatuki-ninebot-f20e-f25e-f30e-f40e\/"]}]},{"@type":"ImageObject","inLanguage":"fi","@id":"https:\/\/www.xn--tuksimaailm-ffb.ee\/fi\/shop\/jalkatuki-ninebot-f20e-f25e-f30e-f40e\/#primaryimage","url":"https:\/\/www.xn--tuksimaailm-ffb.ee\/wp-content\/uploads\/2023\/01\/Screenshot-2026-02-21-203458.webp","contentUrl":"https:\/\/www.xn--tuksimaailm-ffb.ee\/wp-content\/uploads\/2023\/01\/Screenshot-2026-02-21-203458.webp","width":1080,"height":1039,"caption":"Seisujalg tugijalg Ninebot F\/D seeria \/ Xiaomi"},{"@type":"BreadcrumbList","@id":"https:\/\/www.xn--tuksimaailm-ffb.ee\/fi\/shop\/jalkatuki-ninebot-f20e-f25e-f30e-f40e\/#breadcrumb","itemListElement":[{"@type":"ListItem","position":1,"name":"Home","item":"https:\/\/www.xn--tuksimaailm-ffb.ee\/fi\/kotisivu\/"},{"@type":"ListItem","position":2,"name":"Kauppa","item":"https:\/\/www.xn--tuksimaailm-ffb.ee\/elektritoukerataste-pood\/"},{"@type":"ListItem","position":3,"name":"Jalkatuki Ninebot F20E F25E F30E F40E"}]},{"@type":"WebSite","@id":"https:\/\/www.xn--tuksimaailm-ffb.ee\/fi\/#website","url":"https:\/\/www.xn--tuksimaailm-ffb.ee\/fi\/","name":"T\u00f5uksimaailm","description":"Elektrit\u00f5ukerataste m\u00fc\u00fck, remont ja rent","publisher":{"@id":"https:\/\/www.xn--tuksimaailm-ffb.ee\/fi\/#organization"},"potentialAction":[{"@type":"SearchAction","target":{"@type":"EntryPoint","urlTemplate":"https:\/\/www.xn--tuksimaailm-ffb.ee\/fi\/?s={search_term_string}"},"query-input":{"@type":"PropertyValueSpecification","valueRequired":true,"valueName":"search_term_string"}}],"inLanguage":"fi"},{"@type":"Organization","@id":"https:\/\/www.xn--tuksimaailm-ffb.ee\/fi\/#organization","name":"T\u00f5uksimaailm","url":"https:\/\/www.xn--tuksimaailm-ffb.ee\/fi\/","logo":{"@type":"ImageObject","inLanguage":"fi","@id":"https:\/\/www.xn--tuksimaailm-ffb.ee\/fi\/#\/schema\/logo\/image\/","url":"https:\/\/www.xn--tuksimaailm-ffb.ee\/wp-content\/uploads\/2020\/01\/logoz-e1579792875517.png","contentUrl":"https:\/\/www.xn--tuksimaailm-ffb.ee\/wp-content\/uploads\/2020\/01\/logoz-e1579792875517.png","width":250,"height":250,"caption":"T\u00f5uksimaailm"},"image":{"@id":"https:\/\/www.xn--tuksimaailm-ffb.ee\/fi\/#\/schema\/logo\/image\/"},"sameAs":["https:\/\/www.facebook.com\/touksimaailm\/","https:\/\/www.instagram.com\/touksimaailm_\/","https:\/\/www.youtube.com\/channel\/UC18ml0EKIDLP1xGuQjFzcXQ"]}]},"product_price_amount":"15.00","product_price_currency":"EUR","og_availability":"instock","product_availability":"instock","product_condition":"new"},"jetpack_sharing_enabled":true,"_links":{"self":[{"href":"https:\/\/www.xn--tuksimaailm-ffb.ee\/fi\/wp-json\/wp\/v2\/product\/60005","targetHints":{"allow":["GET"]}}],"collection":[{"href":"https:\/\/www.xn--tuksimaailm-ffb.ee\/fi\/wp-json\/wp\/v2\/product"}],"about":[{"href":"https:\/\/www.xn--tuksimaailm-ffb.ee\/fi\/wp-json\/wp\/v2\/types\/product"}],"wp:featuredmedia":[{"embeddable":true,"href":"https:\/\/www.xn--tuksimaailm-ffb.ee\/fi\/wp-json\/wp\/v2\/media\/79780"}],"wp:attachment":[{"href":"https:\/\/www.xn--tuksimaailm-ffb.ee\/fi\/wp-json\/wp\/v2\/media?parent=60005"}],"wp:term":[{"taxonomy":"product_brand","embeddable":true,"href":"https:\/\/www.xn--tuksimaailm-ffb.ee\/fi\/wp-json\/wp\/v2\/product_brand?post=60005"},{"taxonomy":"product_cat","embeddable":true,"href":"https:\/\/www.xn--tuksimaailm-ffb.ee\/fi\/wp-json\/wp\/v2\/product_cat?post=60005"},{"taxonomy":"product_tag","embeddable":true,"href":"https:\/\/www.xn--tuksimaailm-ffb.ee\/fi\/wp-json\/wp\/v2\/product_tag?post=60005"},{"taxonomy":"filter_elektritoukeratas","embeddable":true,"href":"https:\/\/www.xn--tuksimaailm-ffb.ee\/fi\/wp-json\/wp\/v2\/filter_elektritoukeratas?post=60005"}],"curies":[{"name":"wp","href":"https:\/\/api.w.org\/{rel}","templated":true}]}}