{"id":60017,"date":"2023-01-02T15:28:09","date_gmt":"2023-01-02T13:28:09","guid":{"rendered":"http:\/\/www.xn--tuksimaailm-ffb.ee\/shop\/katkaisuvivun-turvarengas-f40e-f30e\/"},"modified":"2023-01-02T15:28:09","modified_gmt":"2023-01-02T13:28:09","slug":"katkaisuvivun-turvarengas-f40e-f30e","status":"publish","type":"product","link":"https:\/\/www.xn--tuksimaailm-ffb.ee\/fi\/shop\/katkaisuvivun-turvarengas-f40e-f30e\/","title":{"rendered":"Katkaisuvivun turvarengas F40E F30E"},"content":{"rendered":"<p>Vahva muovinen turvarengas vivun katkaisemista varten. Sopii Segway Ninebot Kickscooter F40E, F30E, F25E ja F20E -malleihin. Alkuper\u00e4inen varaosa.<\/p>\n","protected":false},"excerpt":{"rendered":"<p>Vahva muovinen turvarengas vivun katkaisemista varten. Sopii Segway Ninebot Kickscooter F40E, F30E, F25E ja F20E -malleihin. Alkuper\u00e4inen varaosa.<\/p>\n","protected":false},"featured_media":39871,"template":"","meta":[],"product_brand":[],"product_cat":[1698],"product_tag":[3268],"filter_elektritoukeratas":[2639,2640],"class_list":{"0":"post-60017","1":"product","2":"type-product","3":"status-publish","4":"has-post-thumbnail","6":"product_cat-varaosat","7":"product_tag-segway-ninebot-varuosad-fi","8":"filter_elektritoukeratas-ft_segway_ninebot_d18e_d28e_d38e","9":"filter_elektritoukeratas-ft_segway_ninebot_f20d_f25e_ii_f30d_f40d_f40d_ii","11":"first","12":"instock","13":"taxable","14":"shipping-taxable","15":"purchasable","16":"product-type-simple"},"yoast_head":"<!-- This site is optimized with the Yoast SEO Premium plugin v26.8 (Yoast SEO v27.5) - https:\/\/yoast.com\/product\/yoast-seo-premium-wordpress\/ -->\n<title>Katkaisuvivun turvarengas F40E F30E | T\u00f5uksimaailm<\/title>\n<meta name=\"description\" content=\"Kokku murdmise heebli tugevast plastikust turvar\u00f5ngas originaal. Sobib elektrit\u00f5ukeratas Segway Ninebot Kickscooter F40E, F30E, F25E ja F20E mudelitele.\" \/>\n<meta name=\"robots\" content=\"index, follow, max-snippet:-1, max-image-preview:large, max-video-preview:-1\" \/>\n<link rel=\"canonical\" href=\"https:\/\/www.xn--tuksimaailm-ffb.ee\/fi\/shop\/katkaisuvivun-turvarengas-f40e-f30e\/\" \/>\n<meta property=\"og:locale\" content=\"fi_FI\" \/>\n<meta property=\"og:type\" content=\"article\" \/>\n<meta property=\"og:title\" content=\"Katkaisuvivun turvarengas F40E F30E\" \/>\n<meta property=\"og:description\" content=\"Kokku murdmise heebli tugevast plastikust turvar\u00f5ngas originaal. Sobib elektrit\u00f5ukeratas Segway Ninebot Kickscooter F40E, F30E, F25E ja F20E mudelitele.\" \/>\n<meta property=\"og:url\" content=\"https:\/\/www.xn--tuksimaailm-ffb.ee\/fi\/shop\/katkaisuvivun-turvarengas-f40e-f30e\/\" \/>\n<meta property=\"og:site_name\" content=\"T\u00f5uksimaailm\" \/>\n<meta property=\"article:publisher\" content=\"https:\/\/www.facebook.com\/touksimaailm\/\" \/>\n<meta property=\"og:image\" content=\"https:\/\/www.xn--tuksimaailm-ffb.ee\/wp-content\/uploads\/2023\/01\/Ninebot-plastik-klamber-jpg.webp\" \/>\n\t<meta property=\"og:image:width\" content=\"556\" \/>\n\t<meta property=\"og:image:height\" content=\"565\" \/>\n\t<meta property=\"og:image:type\" content=\"image\/jpeg\" \/>\n<meta name=\"twitter:card\" content=\"summary_large_image\" \/>\n<meta name=\"twitter:label1\" content=\"Hinta\" \/>\n\t<meta name=\"twitter:data1\" content=\"&euro;17.50\" \/>\n\t<meta name=\"twitter:label2\" content=\"Saatavuus\" \/>\n\t<meta name=\"twitter:data2\" content=\"Varastossa\" \/>\n<meta property=\"product:price:amount\" content=\"17.50\" \/>\n<meta property=\"product:price:currency\" content=\"EUR\" \/>\n<meta property=\"og:availability\" content=\"instock\" \/>\n<meta property=\"product:availability\" content=\"instock\" \/>\n<meta property=\"product:condition\" content=\"new\" \/>\n<!-- \/ Yoast SEO Premium plugin. -->","yoast_head_json":{"title":"Katkaisuvivun turvarengas F40E F30E | T\u00f5uksimaailm","description":"Kokku murdmise heebli tugevast plastikust turvar\u00f5ngas originaal. Sobib elektrit\u00f5ukeratas Segway Ninebot Kickscooter F40E, F30E, F25E ja F20E mudelitele.","robots":{"index":"index","follow":"follow","max-snippet":"max-snippet:-1","max-image-preview":"max-image-preview:large","max-video-preview":"max-video-preview:-1"},"canonical":"https:\/\/www.xn--tuksimaailm-ffb.ee\/fi\/shop\/katkaisuvivun-turvarengas-f40e-f30e\/","og_locale":"fi_FI","og_type":"article","og_title":"Katkaisuvivun turvarengas F40E F30E","og_description":"Kokku murdmise heebli tugevast plastikust turvar\u00f5ngas originaal. Sobib elektrit\u00f5ukeratas Segway Ninebot Kickscooter F40E, F30E, F25E ja F20E mudelitele.","og_url":"https:\/\/www.xn--tuksimaailm-ffb.ee\/fi\/shop\/katkaisuvivun-turvarengas-f40e-f30e\/","og_site_name":"T\u00f5uksimaailm","article_publisher":"https:\/\/www.facebook.com\/touksimaailm\/","og_image":[{"width":556,"height":565,"url":"https:\/\/www.xn--tuksimaailm-ffb.ee\/wp-content\/uploads\/2023\/01\/Ninebot-plastik-klamber-jpg.webp","type":"image\/jpeg"}],"twitter_card":"summary_large_image","twitter_misc":{"Hinta":"&euro;17.50","Saatavuus":"Varastossa"},"schema":{"@context":"https:\/\/schema.org","@graph":[{"@type":"WebPage","@id":"https:\/\/www.xn--tuksimaailm-ffb.ee\/fi\/shop\/katkaisuvivun-turvarengas-f40e-f30e\/","url":"https:\/\/www.xn--tuksimaailm-ffb.ee\/fi\/shop\/katkaisuvivun-turvarengas-f40e-f30e\/","name":"Katkaisuvivun turvarengas F40E F30E | T\u00f5uksimaailm","isPartOf":{"@id":"https:\/\/www.xn--tuksimaailm-ffb.ee\/fi\/#website"},"primaryImageOfPage":{"@id":"https:\/\/www.xn--tuksimaailm-ffb.ee\/fi\/shop\/katkaisuvivun-turvarengas-f40e-f30e\/#primaryimage"},"image":{"@id":"https:\/\/www.xn--tuksimaailm-ffb.ee\/fi\/shop\/katkaisuvivun-turvarengas-f40e-f30e\/#primaryimage"},"thumbnailUrl":"https:\/\/www.xn--tuksimaailm-ffb.ee\/wp-content\/uploads\/2023\/01\/Ninebot-plastik-klamber-jpg.webp","datePublished":"2023-01-02T13:28:09+00:00","description":"Kokku murdmise heebli tugevast plastikust turvar\u00f5ngas originaal. Sobib elektrit\u00f5ukeratas Segway Ninebot Kickscooter F40E, F30E, F25E ja F20E mudelitele.","breadcrumb":{"@id":"https:\/\/www.xn--tuksimaailm-ffb.ee\/fi\/shop\/katkaisuvivun-turvarengas-f40e-f30e\/#breadcrumb"},"inLanguage":"fi","potentialAction":[{"@type":"ReadAction","target":["https:\/\/www.xn--tuksimaailm-ffb.ee\/fi\/shop\/katkaisuvivun-turvarengas-f40e-f30e\/"]}]},{"@type":"ImageObject","inLanguage":"fi","@id":"https:\/\/www.xn--tuksimaailm-ffb.ee\/fi\/shop\/katkaisuvivun-turvarengas-f40e-f30e\/#primaryimage","url":"https:\/\/www.xn--tuksimaailm-ffb.ee\/wp-content\/uploads\/2023\/01\/Ninebot-plastik-klamber-jpg.webp","contentUrl":"https:\/\/www.xn--tuksimaailm-ffb.ee\/wp-content\/uploads\/2023\/01\/Ninebot-plastik-klamber-jpg.webp","width":556,"height":565,"caption":"Ninebot plastik klamber"},{"@type":"BreadcrumbList","@id":"https:\/\/www.xn--tuksimaailm-ffb.ee\/fi\/shop\/katkaisuvivun-turvarengas-f40e-f30e\/#breadcrumb","itemListElement":[{"@type":"ListItem","position":1,"name":"Home","item":"https:\/\/www.xn--tuksimaailm-ffb.ee\/fi\/kotisivu\/"},{"@type":"ListItem","position":2,"name":"Kauppa","item":"https:\/\/www.xn--tuksimaailm-ffb.ee\/elektritoukerataste-pood\/"},{"@type":"ListItem","position":3,"name":"Katkaisuvivun turvarengas F40E F30E"}]},{"@type":"WebSite","@id":"https:\/\/www.xn--tuksimaailm-ffb.ee\/fi\/#website","url":"https:\/\/www.xn--tuksimaailm-ffb.ee\/fi\/","name":"T\u00f5uksimaailm","description":"Elektrit\u00f5ukerataste m\u00fc\u00fck, remont ja rent","publisher":{"@id":"https:\/\/www.xn--tuksimaailm-ffb.ee\/fi\/#organization"},"potentialAction":[{"@type":"SearchAction","target":{"@type":"EntryPoint","urlTemplate":"https:\/\/www.xn--tuksimaailm-ffb.ee\/fi\/?s={search_term_string}"},"query-input":{"@type":"PropertyValueSpecification","valueRequired":true,"valueName":"search_term_string"}}],"inLanguage":"fi"},{"@type":"Organization","@id":"https:\/\/www.xn--tuksimaailm-ffb.ee\/fi\/#organization","name":"T\u00f5uksimaailm","url":"https:\/\/www.xn--tuksimaailm-ffb.ee\/fi\/","logo":{"@type":"ImageObject","inLanguage":"fi","@id":"https:\/\/www.xn--tuksimaailm-ffb.ee\/fi\/#\/schema\/logo\/image\/","url":"https:\/\/www.xn--tuksimaailm-ffb.ee\/wp-content\/uploads\/2020\/01\/logoz-e1579792875517.png","contentUrl":"https:\/\/www.xn--tuksimaailm-ffb.ee\/wp-content\/uploads\/2020\/01\/logoz-e1579792875517.png","width":250,"height":250,"caption":"T\u00f5uksimaailm"},"image":{"@id":"https:\/\/www.xn--tuksimaailm-ffb.ee\/fi\/#\/schema\/logo\/image\/"},"sameAs":["https:\/\/www.facebook.com\/touksimaailm\/","https:\/\/www.instagram.com\/touksimaailm_\/","https:\/\/www.youtube.com\/channel\/UC18ml0EKIDLP1xGuQjFzcXQ"]}]},"product_price_amount":"17.50","product_price_currency":"EUR","og_availability":"instock","product_availability":"instock","product_condition":"new"},"jetpack_sharing_enabled":true,"_links":{"self":[{"href":"https:\/\/www.xn--tuksimaailm-ffb.ee\/fi\/wp-json\/wp\/v2\/product\/60017","targetHints":{"allow":["GET"]}}],"collection":[{"href":"https:\/\/www.xn--tuksimaailm-ffb.ee\/fi\/wp-json\/wp\/v2\/product"}],"about":[{"href":"https:\/\/www.xn--tuksimaailm-ffb.ee\/fi\/wp-json\/wp\/v2\/types\/product"}],"wp:featuredmedia":[{"embeddable":true,"href":"https:\/\/www.xn--tuksimaailm-ffb.ee\/fi\/wp-json\/wp\/v2\/media\/39871"}],"wp:attachment":[{"href":"https:\/\/www.xn--tuksimaailm-ffb.ee\/fi\/wp-json\/wp\/v2\/media?parent=60017"}],"wp:term":[{"taxonomy":"product_brand","embeddable":true,"href":"https:\/\/www.xn--tuksimaailm-ffb.ee\/fi\/wp-json\/wp\/v2\/product_brand?post=60017"},{"taxonomy":"product_cat","embeddable":true,"href":"https:\/\/www.xn--tuksimaailm-ffb.ee\/fi\/wp-json\/wp\/v2\/product_cat?post=60017"},{"taxonomy":"product_tag","embeddable":true,"href":"https:\/\/www.xn--tuksimaailm-ffb.ee\/fi\/wp-json\/wp\/v2\/product_tag?post=60017"},{"taxonomy":"filter_elektritoukeratas","embeddable":true,"href":"https:\/\/www.xn--tuksimaailm-ffb.ee\/fi\/wp-json\/wp\/v2\/filter_elektritoukeratas?post=60017"}],"curies":[{"name":"wp","href":"https:\/\/api.w.org\/{rel}","templated":true}]}}