{"id":60119,"date":"2023-01-02T13:03:19","date_gmt":"2023-01-02T11:03:19","guid":{"rendered":"http:\/\/www.xn--tuksimaailm-ffb.ee\/shop\/naytto-display-alkuperainen-ninebot-f20e-f30e-f40e\/"},"modified":"2023-01-02T13:03:19","modified_gmt":"2023-01-02T11:03:19","slug":"naytto-display-alkuperainen-ninebot-f20e-f30e-f40e","status":"publish","type":"product","link":"https:\/\/www.xn--tuksimaailm-ffb.ee\/fi\/shop\/naytto-display-alkuperainen-ninebot-f20e-f30e-f40e\/","title":{"rendered":"N\u00e4ytt\u00f6 display alkuper\u00e4inen Ninebot F20E F30E F40E"},"content":{"rendered":"<p>N\u00e4ytt\u00f6 \/ display \/ ohjauspaneeli, s\u00e4hk\u00f6skootteri Segway Ninebot F20E, F25E, F30E, F40E alkuper\u00e4inen varaosa.<\/p>\n<p>Alternatiivina pakume ka soodsamat Segway F seeria elektrit\u00f5ukeratastega <a href=\"http:\/\/www.xn--tuksimaailm-ffb.ee\/shop\/ekraan-display-ninebot-f20e-f25e-f30e-f40e\/\"><strong>\u00fchilduvat ekraani.<\/strong><\/a><\/p>\n","protected":false},"excerpt":{"rendered":"<p>N\u00e4ytt\u00f6 \/ display \/ ohjauspaneeli, s\u00e4hk\u00f6skootteri Segway Ninebot F20E, F25E, F30E, F40E alkuper\u00e4inen varaosa. Alternatiivina pakume ka soodsamat Segway F seeria elektrit\u00f5ukeratastega \u00fchilduvat ekraani.<\/p>\n","protected":false},"featured_media":25828,"template":"","meta":[],"product_brand":[],"product_cat":[1698],"product_tag":[3268],"filter_elektritoukeratas":[2639,2640],"class_list":{"0":"post-60119","1":"product","2":"type-product","3":"status-publish","4":"has-post-thumbnail","6":"product_cat-varaosat","7":"product_tag-segway-ninebot-varuosad-fi","8":"pa_tootetuup-gaasid-ekraanid-display-d","9":"filter_elektritoukeratas-ft_segway_ninebot_d18e_d28e_d38e","10":"filter_elektritoukeratas-ft_segway_ninebot_f20d_f25e_ii_f30d_f40d_f40d_ii","12":"first","13":"instock","14":"taxable","15":"shipping-taxable","16":"purchasable","17":"product-type-simple"},"yoast_head":"<!-- This site is optimized with the Yoast SEO Premium plugin v26.8 (Yoast SEO v27.5) - https:\/\/yoast.com\/product\/yoast-seo-premium-wordpress\/ -->\n<title>N\u00e4ytt\u00f6 display alkuper\u00e4inen Ninebot F20E F30E F40E | T\u00f5uksimaailm<\/title>\n<meta name=\"description\" content=\"Ekraan \/ display \/ juhtpaneel, elektrit\u00f5ukeratas Segway Ninebot F20E, F25E, F30E, F40E originaal varuosa.\" \/>\n<meta name=\"robots\" content=\"index, follow, max-snippet:-1, max-image-preview:large, max-video-preview:-1\" \/>\n<link rel=\"canonical\" href=\"https:\/\/www.xn--tuksimaailm-ffb.ee\/fi\/shop\/naytto-display-alkuperainen-ninebot-f20e-f30e-f40e\/\" \/>\n<meta property=\"og:locale\" content=\"fi_FI\" \/>\n<meta property=\"og:type\" content=\"article\" \/>\n<meta property=\"og:title\" content=\"N\u00e4ytt\u00f6 display alkuper\u00e4inen Ninebot F20E F30E F40E\" \/>\n<meta property=\"og:description\" content=\"Ekraan \/ display \/ juhtpaneel, elektrit\u00f5ukeratas Segway Ninebot F20E, F25E, F30E, F40E originaal varuosa.\" \/>\n<meta property=\"og:url\" content=\"https:\/\/www.xn--tuksimaailm-ffb.ee\/fi\/shop\/naytto-display-alkuperainen-ninebot-f20e-f30e-f40e\/\" \/>\n<meta property=\"og:site_name\" content=\"T\u00f5uksimaailm\" \/>\n<meta property=\"article:publisher\" content=\"https:\/\/www.facebook.com\/touksimaailm\/\" \/>\n<meta property=\"og:image\" content=\"https:\/\/www.xn--tuksimaailm-ffb.ee\/wp-content\/uploads\/2023\/01\/Ekraan-display-originaal-Ninebot-F20E-F30E-F40E.jpeg\" \/>\n\t<meta property=\"og:image:width\" content=\"800\" \/>\n\t<meta property=\"og:image:height\" content=\"800\" \/>\n\t<meta property=\"og:image:type\" content=\"image\/jpeg\" \/>\n<meta name=\"twitter:card\" content=\"summary_large_image\" \/>\n<meta name=\"twitter:label1\" content=\"Hinta\" \/>\n\t<meta name=\"twitter:data1\" content=\"&euro;89.50\" \/>\n\t<meta name=\"twitter:label2\" content=\"Saatavuus\" \/>\n\t<meta name=\"twitter:data2\" content=\"Varastossa\" \/>\n<meta property=\"product:price:amount\" content=\"89.50\" \/>\n<meta property=\"product:price:currency\" content=\"EUR\" \/>\n<meta property=\"og:availability\" content=\"instock\" \/>\n<meta property=\"product:availability\" content=\"instock\" \/>\n<meta property=\"product:condition\" content=\"new\" \/>\n<!-- \/ Yoast SEO Premium plugin. -->","yoast_head_json":{"title":"N\u00e4ytt\u00f6 display alkuper\u00e4inen Ninebot F20E F30E F40E | T\u00f5uksimaailm","description":"Ekraan \/ display \/ juhtpaneel, elektrit\u00f5ukeratas Segway Ninebot F20E, F25E, F30E, F40E originaal varuosa.","robots":{"index":"index","follow":"follow","max-snippet":"max-snippet:-1","max-image-preview":"max-image-preview:large","max-video-preview":"max-video-preview:-1"},"canonical":"https:\/\/www.xn--tuksimaailm-ffb.ee\/fi\/shop\/naytto-display-alkuperainen-ninebot-f20e-f30e-f40e\/","og_locale":"fi_FI","og_type":"article","og_title":"N\u00e4ytt\u00f6 display alkuper\u00e4inen Ninebot F20E F30E F40E","og_description":"Ekraan \/ display \/ juhtpaneel, elektrit\u00f5ukeratas Segway Ninebot F20E, F25E, F30E, F40E originaal varuosa.","og_url":"https:\/\/www.xn--tuksimaailm-ffb.ee\/fi\/shop\/naytto-display-alkuperainen-ninebot-f20e-f30e-f40e\/","og_site_name":"T\u00f5uksimaailm","article_publisher":"https:\/\/www.facebook.com\/touksimaailm\/","og_image":[{"width":800,"height":800,"url":"https:\/\/www.xn--tuksimaailm-ffb.ee\/wp-content\/uploads\/2023\/01\/Ekraan-display-originaal-Ninebot-F20E-F30E-F40E.jpeg","type":"image\/jpeg"}],"twitter_card":"summary_large_image","twitter_misc":{"Hinta":"&euro;89.50","Saatavuus":"Varastossa"},"schema":{"@context":"https:\/\/schema.org","@graph":[{"@type":"WebPage","@id":"https:\/\/www.xn--tuksimaailm-ffb.ee\/fi\/shop\/naytto-display-alkuperainen-ninebot-f20e-f30e-f40e\/","url":"https:\/\/www.xn--tuksimaailm-ffb.ee\/fi\/shop\/naytto-display-alkuperainen-ninebot-f20e-f30e-f40e\/","name":"N\u00e4ytt\u00f6 display alkuper\u00e4inen Ninebot F20E F30E F40E | T\u00f5uksimaailm","isPartOf":{"@id":"https:\/\/www.xn--tuksimaailm-ffb.ee\/fi\/#website"},"primaryImageOfPage":{"@id":"https:\/\/www.xn--tuksimaailm-ffb.ee\/fi\/shop\/naytto-display-alkuperainen-ninebot-f20e-f30e-f40e\/#primaryimage"},"image":{"@id":"https:\/\/www.xn--tuksimaailm-ffb.ee\/fi\/shop\/naytto-display-alkuperainen-ninebot-f20e-f30e-f40e\/#primaryimage"},"thumbnailUrl":"https:\/\/www.xn--tuksimaailm-ffb.ee\/wp-content\/uploads\/2023\/01\/Ekraan-display-originaal-Ninebot-F20E-F30E-F40E.jpeg","datePublished":"2023-01-02T11:03:19+00:00","description":"Ekraan \/ display \/ juhtpaneel, elektrit\u00f5ukeratas Segway Ninebot F20E, F25E, F30E, F40E originaal varuosa.","breadcrumb":{"@id":"https:\/\/www.xn--tuksimaailm-ffb.ee\/fi\/shop\/naytto-display-alkuperainen-ninebot-f20e-f30e-f40e\/#breadcrumb"},"inLanguage":"fi","potentialAction":[{"@type":"ReadAction","target":["https:\/\/www.xn--tuksimaailm-ffb.ee\/fi\/shop\/naytto-display-alkuperainen-ninebot-f20e-f30e-f40e\/"]}]},{"@type":"ImageObject","inLanguage":"fi","@id":"https:\/\/www.xn--tuksimaailm-ffb.ee\/fi\/shop\/naytto-display-alkuperainen-ninebot-f20e-f30e-f40e\/#primaryimage","url":"https:\/\/www.xn--tuksimaailm-ffb.ee\/wp-content\/uploads\/2023\/01\/Ekraan-display-originaal-Ninebot-F20E-F30E-F40E.jpeg","contentUrl":"https:\/\/www.xn--tuksimaailm-ffb.ee\/wp-content\/uploads\/2023\/01\/Ekraan-display-originaal-Ninebot-F20E-F30E-F40E.jpeg","width":800,"height":800,"caption":"Ekraan \/ display \/ juhtpaneel, elektrit\u00f5ukeratas Segway Ninebot F20E, F25E, F30E, F40E originaal varuosa"},{"@type":"BreadcrumbList","@id":"https:\/\/www.xn--tuksimaailm-ffb.ee\/fi\/shop\/naytto-display-alkuperainen-ninebot-f20e-f30e-f40e\/#breadcrumb","itemListElement":[{"@type":"ListItem","position":1,"name":"Home","item":"https:\/\/www.xn--tuksimaailm-ffb.ee\/fi\/kotisivu\/"},{"@type":"ListItem","position":2,"name":"Kauppa","item":"https:\/\/www.xn--tuksimaailm-ffb.ee\/elektritoukerataste-pood\/"},{"@type":"ListItem","position":3,"name":"N\u00e4ytt\u00f6 display alkuper\u00e4inen Ninebot F20E F30E F40E"}]},{"@type":"WebSite","@id":"https:\/\/www.xn--tuksimaailm-ffb.ee\/fi\/#website","url":"https:\/\/www.xn--tuksimaailm-ffb.ee\/fi\/","name":"T\u00f5uksimaailm","description":"Elektrit\u00f5ukerataste m\u00fc\u00fck, remont ja rent","publisher":{"@id":"https:\/\/www.xn--tuksimaailm-ffb.ee\/fi\/#organization"},"potentialAction":[{"@type":"SearchAction","target":{"@type":"EntryPoint","urlTemplate":"https:\/\/www.xn--tuksimaailm-ffb.ee\/fi\/?s={search_term_string}"},"query-input":{"@type":"PropertyValueSpecification","valueRequired":true,"valueName":"search_term_string"}}],"inLanguage":"fi"},{"@type":"Organization","@id":"https:\/\/www.xn--tuksimaailm-ffb.ee\/fi\/#organization","name":"T\u00f5uksimaailm","url":"https:\/\/www.xn--tuksimaailm-ffb.ee\/fi\/","logo":{"@type":"ImageObject","inLanguage":"fi","@id":"https:\/\/www.xn--tuksimaailm-ffb.ee\/fi\/#\/schema\/logo\/image\/","url":"https:\/\/www.xn--tuksimaailm-ffb.ee\/wp-content\/uploads\/2020\/01\/logoz-e1579792875517.png","contentUrl":"https:\/\/www.xn--tuksimaailm-ffb.ee\/wp-content\/uploads\/2020\/01\/logoz-e1579792875517.png","width":250,"height":250,"caption":"T\u00f5uksimaailm"},"image":{"@id":"https:\/\/www.xn--tuksimaailm-ffb.ee\/fi\/#\/schema\/logo\/image\/"},"sameAs":["https:\/\/www.facebook.com\/touksimaailm\/","https:\/\/www.instagram.com\/touksimaailm_\/","https:\/\/www.youtube.com\/channel\/UC18ml0EKIDLP1xGuQjFzcXQ"]}]},"product_price_amount":"89.50","product_price_currency":"EUR","og_availability":"instock","product_availability":"instock","product_condition":"new"},"jetpack_sharing_enabled":true,"_links":{"self":[{"href":"https:\/\/www.xn--tuksimaailm-ffb.ee\/fi\/wp-json\/wp\/v2\/product\/60119","targetHints":{"allow":["GET"]}}],"collection":[{"href":"https:\/\/www.xn--tuksimaailm-ffb.ee\/fi\/wp-json\/wp\/v2\/product"}],"about":[{"href":"https:\/\/www.xn--tuksimaailm-ffb.ee\/fi\/wp-json\/wp\/v2\/types\/product"}],"wp:featuredmedia":[{"embeddable":true,"href":"https:\/\/www.xn--tuksimaailm-ffb.ee\/fi\/wp-json\/wp\/v2\/media\/25828"}],"wp:attachment":[{"href":"https:\/\/www.xn--tuksimaailm-ffb.ee\/fi\/wp-json\/wp\/v2\/media?parent=60119"}],"wp:term":[{"taxonomy":"product_brand","embeddable":true,"href":"https:\/\/www.xn--tuksimaailm-ffb.ee\/fi\/wp-json\/wp\/v2\/product_brand?post=60119"},{"taxonomy":"product_cat","embeddable":true,"href":"https:\/\/www.xn--tuksimaailm-ffb.ee\/fi\/wp-json\/wp\/v2\/product_cat?post=60119"},{"taxonomy":"product_tag","embeddable":true,"href":"https:\/\/www.xn--tuksimaailm-ffb.ee\/fi\/wp-json\/wp\/v2\/product_tag?post=60119"},{"taxonomy":"filter_elektritoukeratas","embeddable":true,"href":"https:\/\/www.xn--tuksimaailm-ffb.ee\/fi\/wp-json\/wp\/v2\/filter_elektritoukeratas?post=60119"}],"curies":[{"name":"wp","href":"https:\/\/api.w.org\/{rel}","templated":true}]}}