{"id":60763,"date":"2022-12-31T17:56:55","date_gmt":"2022-12-31T15:56:55","guid":{"rendered":"http:\/\/www.xn--tuksimaailm-ffb.ee\/shop\/xiaomi-kopio-cityway-500w-takalokasuoja-4-pulttia\/"},"modified":"2022-12-31T17:56:55","modified_gmt":"2022-12-31T15:56:55","slug":"xiaomi-kopio-cityway-500w-takalokasuoja-4-pulttia","status":"publish","type":"product","link":"https:\/\/www.xn--tuksimaailm-ffb.ee\/fi\/shop\/xiaomi-kopio-cityway-500w-takalokasuoja-4-pulttia\/","title":{"rendered":"Xiaomi kopio Cityway 500W takalokasuoja 4 pulttia"},"content":{"rendered":"<p>Xiaomi-kopio Cityway 500W:n takalokasuoja, jossa on 4 pultinreik\u00e4\u00e4 \/ rungon kiinnitysreik\u00e4. HUOMAUTUS: T\u00e4m\u00e4 lokasuoja ei sovellu k\u00e4ytett\u00e4v\u00e4ksi Xiaomi M365, Pro 2 ja 1S -malleissa tai muissa alkuper\u00e4isiss\u00e4 Xiaomi-malleissa.<\/p>\n","protected":false},"excerpt":{"rendered":"<p>Xiaomi-kopio Cityway 500W:n takalokasuoja, jossa on 4 pultinreik\u00e4\u00e4 \/ rungon kiinnitysreik\u00e4. HUOMAUTUS: T\u00e4m\u00e4 lokasuoja ei sovellu k\u00e4ytett\u00e4v\u00e4ksi Xiaomi M365, Pro 2 ja 1S -malleissa tai muissa alkuper\u00e4isiss\u00e4 Xiaomi-malleissa.<\/p>\n","protected":false},"featured_media":25807,"template":"","meta":[],"product_brand":[],"product_cat":[1698],"product_tag":[1700],"filter_elektritoukeratas":[],"class_list":{"0":"post-60763","1":"product","2":"type-product","3":"status-publish","4":"has-post-thumbnail","6":"product_cat-varaosat","7":"product_tag-universal-sahkoskootterin-varaosat","8":"pa_colour-musta","9":"pa_colour-vaalea","10":"pa_tootetuup-universal-sahkoskootterin-varaosat","12":"first","13":"instock","14":"taxable","15":"shipping-taxable","16":"purchasable","17":"product-type-variable"},"yoast_head":"<!-- This site is optimized with the Yoast SEO Premium plugin v26.8 (Yoast SEO v27.5) - https:\/\/yoast.com\/product\/yoast-seo-premium-wordpress\/ -->\n<title>Xiaomi kopio Cityway 500W takalokasuoja 4 pulttia | T\u00f5uksimaailm<\/title>\n<meta name=\"description\" content=\"Xiaomi koopia Cityway 500W tagaporilaud 4 poldiauguga \/ raami k\u00fclge kinnitamise auguga.\" \/>\n<meta name=\"robots\" content=\"index, follow, max-snippet:-1, max-image-preview:large, max-video-preview:-1\" \/>\n<link rel=\"canonical\" href=\"https:\/\/www.xn--tuksimaailm-ffb.ee\/fi\/shop\/xiaomi-kopio-cityway-500w-takalokasuoja-4-pulttia\/\" \/>\n<meta property=\"og:locale\" content=\"fi_FI\" \/>\n<meta property=\"og:type\" content=\"article\" \/>\n<meta property=\"og:title\" content=\"Xiaomi kopio Cityway 500W takalokasuoja 4 pulttia\" \/>\n<meta property=\"og:description\" content=\"Xiaomi koopia Cityway 500W tagaporilaud 4 poldiauguga \/ raami k\u00fclge kinnitamise auguga.\" \/>\n<meta property=\"og:url\" content=\"https:\/\/www.xn--tuksimaailm-ffb.ee\/fi\/shop\/xiaomi-kopio-cityway-500w-takalokasuoja-4-pulttia\/\" \/>\n<meta property=\"og:site_name\" content=\"T\u00f5uksimaailm\" \/>\n<meta property=\"article:publisher\" content=\"https:\/\/www.facebook.com\/touksimaailm\/\" \/>\n<meta property=\"og:image\" content=\"https:\/\/www.xn--tuksimaailm-ffb.ee\/wp-content\/uploads\/2022\/12\/Xiaomi-koopia-Cityway-500W-tagaporilaud-4-auguga.webp\" \/>\n\t<meta property=\"og:image:width\" content=\"1736\" \/>\n\t<meta property=\"og:image:height\" content=\"1164\" \/>\n\t<meta property=\"og:image:type\" content=\"image\/webp\" \/>\n<meta name=\"twitter:card\" content=\"summary_large_image\" \/>\n<meta name=\"twitter:label1\" content=\"Saatavuus\" \/>\n\t<meta name=\"twitter:data1\" content=\"Varastossa\" \/>\n<meta property=\"og:availability\" content=\"instock\" \/>\n<meta property=\"product:availability\" content=\"instock\" \/>\n<meta property=\"product:condition\" content=\"new\" \/>\n<!-- \/ Yoast SEO Premium plugin. -->","yoast_head_json":{"title":"Xiaomi kopio Cityway 500W takalokasuoja 4 pulttia | T\u00f5uksimaailm","description":"Xiaomi koopia Cityway 500W tagaporilaud 4 poldiauguga \/ raami k\u00fclge kinnitamise auguga.","robots":{"index":"index","follow":"follow","max-snippet":"max-snippet:-1","max-image-preview":"max-image-preview:large","max-video-preview":"max-video-preview:-1"},"canonical":"https:\/\/www.xn--tuksimaailm-ffb.ee\/fi\/shop\/xiaomi-kopio-cityway-500w-takalokasuoja-4-pulttia\/","og_locale":"fi_FI","og_type":"article","og_title":"Xiaomi kopio Cityway 500W takalokasuoja 4 pulttia","og_description":"Xiaomi koopia Cityway 500W tagaporilaud 4 poldiauguga \/ raami k\u00fclge kinnitamise auguga.","og_url":"https:\/\/www.xn--tuksimaailm-ffb.ee\/fi\/shop\/xiaomi-kopio-cityway-500w-takalokasuoja-4-pulttia\/","og_site_name":"T\u00f5uksimaailm","article_publisher":"https:\/\/www.facebook.com\/touksimaailm\/","og_image":[{"width":1736,"height":1164,"url":"https:\/\/www.xn--tuksimaailm-ffb.ee\/wp-content\/uploads\/2022\/12\/Xiaomi-koopia-Cityway-500W-tagaporilaud-4-auguga.webp","type":"image\/webp"}],"twitter_card":"summary_large_image","twitter_misc":{"Saatavuus":"Varastossa"},"schema":{"@context":"https:\/\/schema.org","@graph":[{"@type":"WebPage","@id":"https:\/\/www.xn--tuksimaailm-ffb.ee\/fi\/shop\/xiaomi-kopio-cityway-500w-takalokasuoja-4-pulttia\/","url":"https:\/\/www.xn--tuksimaailm-ffb.ee\/fi\/shop\/xiaomi-kopio-cityway-500w-takalokasuoja-4-pulttia\/","name":"Xiaomi kopio Cityway 500W takalokasuoja 4 pulttia | T\u00f5uksimaailm","isPartOf":{"@id":"https:\/\/www.xn--tuksimaailm-ffb.ee\/fi\/#website"},"primaryImageOfPage":{"@id":"https:\/\/www.xn--tuksimaailm-ffb.ee\/fi\/shop\/xiaomi-kopio-cityway-500w-takalokasuoja-4-pulttia\/#primaryimage"},"image":{"@id":"https:\/\/www.xn--tuksimaailm-ffb.ee\/fi\/shop\/xiaomi-kopio-cityway-500w-takalokasuoja-4-pulttia\/#primaryimage"},"thumbnailUrl":"https:\/\/www.xn--tuksimaailm-ffb.ee\/wp-content\/uploads\/2022\/12\/Xiaomi-koopia-Cityway-500W-tagaporilaud-4-auguga.webp","datePublished":"2022-12-31T15:56:55+00:00","description":"Xiaomi koopia Cityway 500W tagaporilaud 4 poldiauguga \/ raami k\u00fclge kinnitamise auguga.","breadcrumb":{"@id":"https:\/\/www.xn--tuksimaailm-ffb.ee\/fi\/shop\/xiaomi-kopio-cityway-500w-takalokasuoja-4-pulttia\/#breadcrumb"},"inLanguage":"fi","potentialAction":[{"@type":"ReadAction","target":["https:\/\/www.xn--tuksimaailm-ffb.ee\/fi\/shop\/xiaomi-kopio-cityway-500w-takalokasuoja-4-pulttia\/"]}]},{"@type":"ImageObject","inLanguage":"fi","@id":"https:\/\/www.xn--tuksimaailm-ffb.ee\/fi\/shop\/xiaomi-kopio-cityway-500w-takalokasuoja-4-pulttia\/#primaryimage","url":"https:\/\/www.xn--tuksimaailm-ffb.ee\/wp-content\/uploads\/2022\/12\/Xiaomi-koopia-Cityway-500W-tagaporilaud-4-auguga.webp","contentUrl":"https:\/\/www.xn--tuksimaailm-ffb.ee\/wp-content\/uploads\/2022\/12\/Xiaomi-koopia-Cityway-500W-tagaporilaud-4-auguga.webp","width":1736,"height":1164,"caption":"Xiaomi koopia Cityway 500W tagaporilaud 4 poldiauguga \/ raami k\u00fclge kinnitamise auguga. NB! Porilaud ei sobi kasutamiseks Xiaomi elektrit\u00f5ukeratas M365, Pro 2 ja 1S mudelitel ega ka teistel originaal Xiaomi mudelitel"},{"@type":"BreadcrumbList","@id":"https:\/\/www.xn--tuksimaailm-ffb.ee\/fi\/shop\/xiaomi-kopio-cityway-500w-takalokasuoja-4-pulttia\/#breadcrumb","itemListElement":[{"@type":"ListItem","position":1,"name":"Home","item":"https:\/\/www.xn--tuksimaailm-ffb.ee\/fi\/kotisivu\/"},{"@type":"ListItem","position":2,"name":"Kauppa","item":"https:\/\/www.xn--tuksimaailm-ffb.ee\/elektritoukerataste-pood\/"},{"@type":"ListItem","position":3,"name":"Xiaomi kopio Cityway 500W takalokasuoja 4 pulttia"}]},{"@type":"WebSite","@id":"https:\/\/www.xn--tuksimaailm-ffb.ee\/fi\/#website","url":"https:\/\/www.xn--tuksimaailm-ffb.ee\/fi\/","name":"T\u00f5uksimaailm","description":"Elektrit\u00f5ukerataste m\u00fc\u00fck, remont ja rent","publisher":{"@id":"https:\/\/www.xn--tuksimaailm-ffb.ee\/fi\/#organization"},"potentialAction":[{"@type":"SearchAction","target":{"@type":"EntryPoint","urlTemplate":"https:\/\/www.xn--tuksimaailm-ffb.ee\/fi\/?s={search_term_string}"},"query-input":{"@type":"PropertyValueSpecification","valueRequired":true,"valueName":"search_term_string"}}],"inLanguage":"fi"},{"@type":"Organization","@id":"https:\/\/www.xn--tuksimaailm-ffb.ee\/fi\/#organization","name":"T\u00f5uksimaailm","url":"https:\/\/www.xn--tuksimaailm-ffb.ee\/fi\/","logo":{"@type":"ImageObject","inLanguage":"fi","@id":"https:\/\/www.xn--tuksimaailm-ffb.ee\/fi\/#\/schema\/logo\/image\/","url":"https:\/\/www.xn--tuksimaailm-ffb.ee\/wp-content\/uploads\/2020\/01\/logoz-e1579792875517.png","contentUrl":"https:\/\/www.xn--tuksimaailm-ffb.ee\/wp-content\/uploads\/2020\/01\/logoz-e1579792875517.png","width":250,"height":250,"caption":"T\u00f5uksimaailm"},"image":{"@id":"https:\/\/www.xn--tuksimaailm-ffb.ee\/fi\/#\/schema\/logo\/image\/"},"sameAs":["https:\/\/www.facebook.com\/touksimaailm\/","https:\/\/www.instagram.com\/touksimaailm_\/","https:\/\/www.youtube.com\/channel\/UC18ml0EKIDLP1xGuQjFzcXQ"]}]},"og_availability":"instock","product_availability":"instock","product_condition":"new"},"jetpack_sharing_enabled":true,"_links":{"self":[{"href":"https:\/\/www.xn--tuksimaailm-ffb.ee\/fi\/wp-json\/wp\/v2\/product\/60763","targetHints":{"allow":["GET"]}}],"collection":[{"href":"https:\/\/www.xn--tuksimaailm-ffb.ee\/fi\/wp-json\/wp\/v2\/product"}],"about":[{"href":"https:\/\/www.xn--tuksimaailm-ffb.ee\/fi\/wp-json\/wp\/v2\/types\/product"}],"wp:featuredmedia":[{"embeddable":true,"href":"https:\/\/www.xn--tuksimaailm-ffb.ee\/fi\/wp-json\/wp\/v2\/media\/25807"}],"wp:attachment":[{"href":"https:\/\/www.xn--tuksimaailm-ffb.ee\/fi\/wp-json\/wp\/v2\/media?parent=60763"}],"wp:term":[{"taxonomy":"product_brand","embeddable":true,"href":"https:\/\/www.xn--tuksimaailm-ffb.ee\/fi\/wp-json\/wp\/v2\/product_brand?post=60763"},{"taxonomy":"product_cat","embeddable":true,"href":"https:\/\/www.xn--tuksimaailm-ffb.ee\/fi\/wp-json\/wp\/v2\/product_cat?post=60763"},{"taxonomy":"product_tag","embeddable":true,"href":"https:\/\/www.xn--tuksimaailm-ffb.ee\/fi\/wp-json\/wp\/v2\/product_tag?post=60763"},{"taxonomy":"filter_elektritoukeratas","embeddable":true,"href":"https:\/\/www.xn--tuksimaailm-ffb.ee\/fi\/wp-json\/wp\/v2\/filter_elektritoukeratas?post=60763"}],"curies":[{"name":"wp","href":"https:\/\/api.w.org\/{rel}","templated":true}]}}