{"id":60780,"date":"2022-12-31T16:25:16","date_gmt":"2022-12-31T14:25:16","guid":{"rendered":"http:\/\/www.xn--tuksimaailm-ffb.ee\/shop\/xiaomi-sahkoskootterin-puomin-kiinnityspuristin\/"},"modified":"2022-12-31T16:25:16","modified_gmt":"2022-12-31T14:25:16","slug":"xiaomi-sahkoskootterin-puomin-kiinnityspuristin","status":"publish","type":"product","link":"https:\/\/www.xn--tuksimaailm-ffb.ee\/fi\/shop\/xiaomi-sahkoskootterin-puomin-kiinnityspuristin\/","title":{"rendered":"Xiaomi s\u00e4hk\u00f6skootterin puomin kiinnityspuristin"},"content":{"rendered":"<p>Xiaomi s\u00e4hk\u00f6skootterin puomin kiinnityspuristin. Kiinnittimen avulla on mahdollista poistaa romahtava kiinnitin ja sen rakenne ja p\u00e4\u00e4st\u00e4 kokonaan eroon mekanismin v\u00e4symisen aiheuttamista l\u00f6ysist\u00e4 ja napsahteluista. Kiinnike sopii s\u00e4hk\u00f6skootteriin Xiaomi 1S, Pro 2, M365, Mi Electric Scooter 3, Mi Essential ja 3 Lite.<\/p>\n","protected":false},"excerpt":{"rendered":"<p>Xiaomi s\u00e4hk\u00f6skootterin puomin kiinnityspuristin. Kiinnittimen avulla on mahdollista poistaa romahtava kiinnitin ja sen rakenne ja p\u00e4\u00e4st\u00e4 kokonaan eroon mekanismin v\u00e4symisen aiheuttamista l\u00f6ysist\u00e4 ja napsahteluista. Kiinnike sopii s\u00e4hk\u00f6skootteriin Xiaomi 1S, Pro 2, M365, Mi Electric Scooter 3, Mi Essential ja 3 Lite.<\/p>\n","protected":false},"featured_media":25792,"template":"","meta":[],"product_brand":[],"product_cat":[1698],"product_tag":[1706],"filter_elektritoukeratas":[],"class_list":{"0":"post-60780","1":"product","2":"type-product","3":"status-publish","4":"has-post-thumbnail","6":"product_cat-varaosat","7":"product_tag-xiaomi-varaosat","8":"pa_size-musta","9":"pa_size-punainen","11":"first","12":"onbackorder","13":"taxable","14":"shipping-taxable","15":"purchasable","16":"product-type-variable"},"yoast_head":"<!-- This site is optimized with the Yoast SEO Premium plugin v26.8 (Yoast SEO v27.5) - https:\/\/yoast.com\/product\/yoast-seo-premium-wordpress\/ -->\n<title>Xiaomi s\u00e4hk\u00f6skootterin puomin kiinnityspuristin | T\u00f5uksimaailm<\/title>\n<meta name=\"description\" content=\"Xiaomi elektrit\u00f5ukeratta poomi fikseerimise klamber. Sobib elektrit\u00f5ukeratas Xiaomi 1S, Pro 2, M365, Mi Electric Scooter 3, Mi Essential ja 3 Lite.\" \/>\n<meta name=\"robots\" content=\"index, follow, max-snippet:-1, max-image-preview:large, max-video-preview:-1\" \/>\n<link rel=\"canonical\" href=\"https:\/\/www.xn--tuksimaailm-ffb.ee\/fi\/shop\/xiaomi-sahkoskootterin-puomin-kiinnityspuristin\/\" \/>\n<meta property=\"og:locale\" content=\"fi_FI\" \/>\n<meta property=\"og:type\" content=\"article\" \/>\n<meta property=\"og:title\" content=\"Xiaomi s\u00e4hk\u00f6skootterin puomin kiinnityspuristin\" \/>\n<meta property=\"og:description\" content=\"Xiaomi elektrit\u00f5ukeratta poomi fikseerimise klamber. Sobib elektrit\u00f5ukeratas Xiaomi 1S, Pro 2, M365, Mi Electric Scooter 3, Mi Essential ja 3 Lite.\" \/>\n<meta property=\"og:url\" content=\"https:\/\/www.xn--tuksimaailm-ffb.ee\/fi\/shop\/xiaomi-sahkoskootterin-puomin-kiinnityspuristin\/\" \/>\n<meta property=\"og:site_name\" content=\"T\u00f5uksimaailm\" \/>\n<meta property=\"article:publisher\" content=\"https:\/\/www.facebook.com\/touksimaailm\/\" \/>\n<meta property=\"og:image\" content=\"https:\/\/www.xn--tuksimaailm-ffb.ee\/wp-content\/uploads\/2022\/12\/Xiaomi-elektritoukeratta-poomi-fikseerimise-klamber-1.png\" \/>\n\t<meta property=\"og:image:width\" content=\"980\" \/>\n\t<meta property=\"og:image:height\" content=\"556\" \/>\n\t<meta property=\"og:image:type\" content=\"image\/png\" \/>\n<meta name=\"twitter:card\" content=\"summary_large_image\" \/>\n<meta name=\"twitter:label1\" content=\"Saatavuus\" \/>\n\t<meta name=\"twitter:data1\" content=\"J\u00e4lkitoimituksessa\" \/>\n<meta property=\"og:availability\" content=\"backorder\" \/>\n<meta property=\"product:availability\" content=\"available for order\" \/>\n<meta property=\"product:condition\" content=\"new\" \/>\n<!-- \/ Yoast SEO Premium plugin. -->","yoast_head_json":{"title":"Xiaomi s\u00e4hk\u00f6skootterin puomin kiinnityspuristin | T\u00f5uksimaailm","description":"Xiaomi elektrit\u00f5ukeratta poomi fikseerimise klamber. Sobib elektrit\u00f5ukeratas Xiaomi 1S, Pro 2, M365, Mi Electric Scooter 3, Mi Essential ja 3 Lite.","robots":{"index":"index","follow":"follow","max-snippet":"max-snippet:-1","max-image-preview":"max-image-preview:large","max-video-preview":"max-video-preview:-1"},"canonical":"https:\/\/www.xn--tuksimaailm-ffb.ee\/fi\/shop\/xiaomi-sahkoskootterin-puomin-kiinnityspuristin\/","og_locale":"fi_FI","og_type":"article","og_title":"Xiaomi s\u00e4hk\u00f6skootterin puomin kiinnityspuristin","og_description":"Xiaomi elektrit\u00f5ukeratta poomi fikseerimise klamber. Sobib elektrit\u00f5ukeratas Xiaomi 1S, Pro 2, M365, Mi Electric Scooter 3, Mi Essential ja 3 Lite.","og_url":"https:\/\/www.xn--tuksimaailm-ffb.ee\/fi\/shop\/xiaomi-sahkoskootterin-puomin-kiinnityspuristin\/","og_site_name":"T\u00f5uksimaailm","article_publisher":"https:\/\/www.facebook.com\/touksimaailm\/","og_image":[{"width":980,"height":556,"url":"https:\/\/www.xn--tuksimaailm-ffb.ee\/wp-content\/uploads\/2022\/12\/Xiaomi-elektritoukeratta-poomi-fikseerimise-klamber-1.png","type":"image\/png"}],"twitter_card":"summary_large_image","twitter_misc":{"Saatavuus":"J\u00e4lkitoimituksessa"},"schema":{"@context":"https:\/\/schema.org","@graph":[{"@type":"WebPage","@id":"https:\/\/www.xn--tuksimaailm-ffb.ee\/fi\/shop\/xiaomi-sahkoskootterin-puomin-kiinnityspuristin\/","url":"https:\/\/www.xn--tuksimaailm-ffb.ee\/fi\/shop\/xiaomi-sahkoskootterin-puomin-kiinnityspuristin\/","name":"Xiaomi s\u00e4hk\u00f6skootterin puomin kiinnityspuristin | T\u00f5uksimaailm","isPartOf":{"@id":"https:\/\/www.xn--tuksimaailm-ffb.ee\/fi\/#website"},"primaryImageOfPage":{"@id":"https:\/\/www.xn--tuksimaailm-ffb.ee\/fi\/shop\/xiaomi-sahkoskootterin-puomin-kiinnityspuristin\/#primaryimage"},"image":{"@id":"https:\/\/www.xn--tuksimaailm-ffb.ee\/fi\/shop\/xiaomi-sahkoskootterin-puomin-kiinnityspuristin\/#primaryimage"},"thumbnailUrl":"https:\/\/www.xn--tuksimaailm-ffb.ee\/wp-content\/uploads\/2022\/12\/Xiaomi-elektritoukeratta-poomi-fikseerimise-klamber-1.png","datePublished":"2022-12-31T14:25:16+00:00","description":"Xiaomi elektrit\u00f5ukeratta poomi fikseerimise klamber. Sobib elektrit\u00f5ukeratas Xiaomi 1S, Pro 2, M365, Mi Electric Scooter 3, Mi Essential ja 3 Lite.","breadcrumb":{"@id":"https:\/\/www.xn--tuksimaailm-ffb.ee\/fi\/shop\/xiaomi-sahkoskootterin-puomin-kiinnityspuristin\/#breadcrumb"},"inLanguage":"fi","potentialAction":[{"@type":"ReadAction","target":["https:\/\/www.xn--tuksimaailm-ffb.ee\/fi\/shop\/xiaomi-sahkoskootterin-puomin-kiinnityspuristin\/"]}]},{"@type":"ImageObject","inLanguage":"fi","@id":"https:\/\/www.xn--tuksimaailm-ffb.ee\/fi\/shop\/xiaomi-sahkoskootterin-puomin-kiinnityspuristin\/#primaryimage","url":"https:\/\/www.xn--tuksimaailm-ffb.ee\/wp-content\/uploads\/2022\/12\/Xiaomi-elektritoukeratta-poomi-fikseerimise-klamber-1.png","contentUrl":"https:\/\/www.xn--tuksimaailm-ffb.ee\/wp-content\/uploads\/2022\/12\/Xiaomi-elektritoukeratta-poomi-fikseerimise-klamber-1.png","width":980,"height":556,"caption":"Xiaomi elektrit\u00f5ukeratta poomi fikseerimise klamber elektrit\u00f5ukeratas Xiaomi 1S, Pro 2, M365, Mi Electric Scooter 3, Mi Essential ja 3 Lite."},{"@type":"BreadcrumbList","@id":"https:\/\/www.xn--tuksimaailm-ffb.ee\/fi\/shop\/xiaomi-sahkoskootterin-puomin-kiinnityspuristin\/#breadcrumb","itemListElement":[{"@type":"ListItem","position":1,"name":"Home","item":"https:\/\/www.xn--tuksimaailm-ffb.ee\/fi\/kotisivu\/"},{"@type":"ListItem","position":2,"name":"Kauppa","item":"https:\/\/www.xn--tuksimaailm-ffb.ee\/elektritoukerataste-pood\/"},{"@type":"ListItem","position":3,"name":"Xiaomi s\u00e4hk\u00f6skootterin puomin kiinnityspuristin"}]},{"@type":"WebSite","@id":"https:\/\/www.xn--tuksimaailm-ffb.ee\/fi\/#website","url":"https:\/\/www.xn--tuksimaailm-ffb.ee\/fi\/","name":"T\u00f5uksimaailm","description":"Elektrit\u00f5ukerataste m\u00fc\u00fck, remont ja rent","publisher":{"@id":"https:\/\/www.xn--tuksimaailm-ffb.ee\/fi\/#organization"},"potentialAction":[{"@type":"SearchAction","target":{"@type":"EntryPoint","urlTemplate":"https:\/\/www.xn--tuksimaailm-ffb.ee\/fi\/?s={search_term_string}"},"query-input":{"@type":"PropertyValueSpecification","valueRequired":true,"valueName":"search_term_string"}}],"inLanguage":"fi"},{"@type":"Organization","@id":"https:\/\/www.xn--tuksimaailm-ffb.ee\/fi\/#organization","name":"T\u00f5uksimaailm","url":"https:\/\/www.xn--tuksimaailm-ffb.ee\/fi\/","logo":{"@type":"ImageObject","inLanguage":"fi","@id":"https:\/\/www.xn--tuksimaailm-ffb.ee\/fi\/#\/schema\/logo\/image\/","url":"https:\/\/www.xn--tuksimaailm-ffb.ee\/wp-content\/uploads\/2020\/01\/logoz-e1579792875517.png","contentUrl":"https:\/\/www.xn--tuksimaailm-ffb.ee\/wp-content\/uploads\/2020\/01\/logoz-e1579792875517.png","width":250,"height":250,"caption":"T\u00f5uksimaailm"},"image":{"@id":"https:\/\/www.xn--tuksimaailm-ffb.ee\/fi\/#\/schema\/logo\/image\/"},"sameAs":["https:\/\/www.facebook.com\/touksimaailm\/","https:\/\/www.instagram.com\/touksimaailm_\/","https:\/\/www.youtube.com\/channel\/UC18ml0EKIDLP1xGuQjFzcXQ"]}]},"og_availability":"backorder","product_availability":"available for order","product_condition":"new"},"jetpack_sharing_enabled":true,"_links":{"self":[{"href":"https:\/\/www.xn--tuksimaailm-ffb.ee\/fi\/wp-json\/wp\/v2\/product\/60780","targetHints":{"allow":["GET"]}}],"collection":[{"href":"https:\/\/www.xn--tuksimaailm-ffb.ee\/fi\/wp-json\/wp\/v2\/product"}],"about":[{"href":"https:\/\/www.xn--tuksimaailm-ffb.ee\/fi\/wp-json\/wp\/v2\/types\/product"}],"wp:featuredmedia":[{"embeddable":true,"href":"https:\/\/www.xn--tuksimaailm-ffb.ee\/fi\/wp-json\/wp\/v2\/media\/25792"}],"wp:attachment":[{"href":"https:\/\/www.xn--tuksimaailm-ffb.ee\/fi\/wp-json\/wp\/v2\/media?parent=60780"}],"wp:term":[{"taxonomy":"product_brand","embeddable":true,"href":"https:\/\/www.xn--tuksimaailm-ffb.ee\/fi\/wp-json\/wp\/v2\/product_brand?post=60780"},{"taxonomy":"product_cat","embeddable":true,"href":"https:\/\/www.xn--tuksimaailm-ffb.ee\/fi\/wp-json\/wp\/v2\/product_cat?post=60780"},{"taxonomy":"product_tag","embeddable":true,"href":"https:\/\/www.xn--tuksimaailm-ffb.ee\/fi\/wp-json\/wp\/v2\/product_tag?post=60780"},{"taxonomy":"filter_elektritoukeratas","embeddable":true,"href":"https:\/\/www.xn--tuksimaailm-ffb.ee\/fi\/wp-json\/wp\/v2\/filter_elektritoukeratas?post=60780"}],"curies":[{"name":"wp","href":"https:\/\/api.w.org\/{rel}","templated":true}]}}