{"id":60798,"date":"2022-12-30T20:54:55","date_gmt":"2022-12-30T18:54:55","guid":{"rendered":"http:\/\/www.xn--tuksimaailm-ffb.ee\/shop\/10x25-kiintea-rengas-varillisella-ympyralla\/"},"modified":"2022-12-30T20:54:55","modified_gmt":"2022-12-30T18:54:55","slug":"10x25-kiintea-rengas-varillisella-ympyralla","status":"publish","type":"product","link":"https:\/\/www.xn--tuksimaailm-ffb.ee\/fi\/shop\/10x25-kiintea-rengas-varillisella-ympyralla\/","title":{"rendered":"10x2,5 kiinte\u00e4 rengas v\u00e4rillisell\u00e4 ympyr\u00e4ll\u00e4"},"content":{"rendered":"<p>10x2,5 yksiv\u00e4rinen rengas, jossa on v\u00e4rillinen ympyr\u00e4\/raita.<\/p>\n","protected":false},"excerpt":{"rendered":"<p>10x2,5 yksiv\u00e4rinen rengas, jossa on v\u00e4rillinen ympyr\u00e4\/raita.<\/p>\n","protected":false},"featured_media":57512,"template":"","meta":[],"product_brand":[],"product_cat":[1698],"product_tag":[],"filter_elektritoukeratas":[2699,2640,2641,2638,2637],"class_list":{"0":"post-60798","1":"product","2":"type-product","3":"status-publish","4":"has-post-thumbnail","6":"product_cat-varaosat","7":"pa_size-kollane-ring-fi","8":"pa_size-punane-ring-fi","9":"pa_size-sinine-ring-fi","10":"pa_tootetuup-taisrehvid-kargrehvid-fi","11":"filter_elektritoukeratas-ft_hx_x9_max_x9_plus","12":"filter_elektritoukeratas-ft_segway_ninebot_f20d_f25e_ii_f30d_f40d_f40d_ii","13":"filter_elektritoukeratas-ft_segway_ninebot_f65_f65i","14":"filter_elektritoukeratas-ft_segway_ninebot_max_g2e_g65","15":"filter_elektritoukeratas-ft_segway_ninebot_max_g30p_g30le_g30e_ii_g30lp_ii","17":"first","18":"instock","19":"taxable","20":"shipping-taxable","21":"purchasable","22":"product-type-variable"},"yoast_head":"<!-- This site is optimized with the Yoast SEO Premium plugin v26.8 (Yoast SEO v27.5) - https:\/\/yoast.com\/product\/yoast-seo-premium-wordpress\/ -->\n<title>10x2,5 kiinte\u00e4 rengas v\u00e4rillisell\u00e4 ympyr\u00e4ll\u00e4 | T\u00f5uksimaailm<\/title>\n<meta name=\"description\" content=\"10x2.5 t\u00e4isrehv v\u00e4rvilise ringiga \/ triibuga, sobib elektrilised t\u00f5ukerattad Kugoo Kirin M4 Pro, Inokim OXO, OX Hero. Samuti elektrit\u00f5ukeratas Vsett 10+.\" \/>\n<meta name=\"robots\" content=\"index, follow, max-snippet:-1, max-image-preview:large, max-video-preview:-1\" \/>\n<link rel=\"canonical\" href=\"https:\/\/www.xn--tuksimaailm-ffb.ee\/fi\/shop\/10x25-kiintea-rengas-varillisella-ympyralla\/\" \/>\n<meta property=\"og:locale\" content=\"fi_FI\" \/>\n<meta property=\"og:type\" content=\"article\" \/>\n<meta property=\"og:title\" content=\"10x2,5 kiinte\u00e4 rengas v\u00e4rillisell\u00e4 ympyr\u00e4ll\u00e4\" \/>\n<meta property=\"og:description\" content=\"10x2.5 t\u00e4isrehv v\u00e4rvilise ringiga \/ triibuga, sobib elektrilised t\u00f5ukerattad Kugoo Kirin M4 Pro, Inokim OXO, OX Hero. Samuti elektrit\u00f5ukeratas Vsett 10+.\" \/>\n<meta property=\"og:url\" content=\"https:\/\/www.xn--tuksimaailm-ffb.ee\/fi\/shop\/10x25-kiintea-rengas-varillisella-ympyralla\/\" \/>\n<meta property=\"og:site_name\" content=\"T\u00f5uksimaailm\" \/>\n<meta property=\"article:publisher\" content=\"https:\/\/www.facebook.com\/touksimaailm\/\" \/>\n<meta property=\"og:image\" content=\"https:\/\/www.xn--tuksimaailm-ffb.ee\/wp-content\/uploads\/2022\/12\/Screenshot-2025-02-01-183239-1.webp\" \/>\n\t<meta property=\"og:image:width\" content=\"1218\" \/>\n\t<meta property=\"og:image:height\" content=\"1079\" \/>\n\t<meta property=\"og:image:type\" content=\"image\/webp\" \/>\n<meta name=\"twitter:card\" content=\"summary_large_image\" \/>\n<meta name=\"twitter:label1\" content=\"Saatavuus\" \/>\n\t<meta name=\"twitter:data1\" content=\"Varastossa\" \/>\n<meta property=\"og:availability\" content=\"instock\" \/>\n<meta property=\"product:availability\" content=\"instock\" \/>\n<meta property=\"product:condition\" content=\"new\" \/>\n<!-- \/ Yoast SEO Premium plugin. -->","yoast_head_json":{"title":"10x2,5 kiinte\u00e4 rengas v\u00e4rillisell\u00e4 ympyr\u00e4ll\u00e4 | T\u00f5uksimaailm","description":"10x2.5 t\u00e4isrehv v\u00e4rvilise ringiga \/ triibuga, sobib elektrilised t\u00f5ukerattad Kugoo Kirin M4 Pro, Inokim OXO, OX Hero. Samuti elektrit\u00f5ukeratas Vsett 10+.","robots":{"index":"index","follow":"follow","max-snippet":"max-snippet:-1","max-image-preview":"max-image-preview:large","max-video-preview":"max-video-preview:-1"},"canonical":"https:\/\/www.xn--tuksimaailm-ffb.ee\/fi\/shop\/10x25-kiintea-rengas-varillisella-ympyralla\/","og_locale":"fi_FI","og_type":"article","og_title":"10x2,5 kiinte\u00e4 rengas v\u00e4rillisell\u00e4 ympyr\u00e4ll\u00e4","og_description":"10x2.5 t\u00e4isrehv v\u00e4rvilise ringiga \/ triibuga, sobib elektrilised t\u00f5ukerattad Kugoo Kirin M4 Pro, Inokim OXO, OX Hero. Samuti elektrit\u00f5ukeratas Vsett 10+.","og_url":"https:\/\/www.xn--tuksimaailm-ffb.ee\/fi\/shop\/10x25-kiintea-rengas-varillisella-ympyralla\/","og_site_name":"T\u00f5uksimaailm","article_publisher":"https:\/\/www.facebook.com\/touksimaailm\/","og_image":[{"width":1218,"height":1079,"url":"https:\/\/www.xn--tuksimaailm-ffb.ee\/wp-content\/uploads\/2022\/12\/Screenshot-2025-02-01-183239-1.webp","type":"image\/webp"}],"twitter_card":"summary_large_image","twitter_misc":{"Saatavuus":"Varastossa"},"schema":{"@context":"https:\/\/schema.org","@graph":[{"@type":"WebPage","@id":"https:\/\/www.xn--tuksimaailm-ffb.ee\/fi\/shop\/10x25-kiintea-rengas-varillisella-ympyralla\/","url":"https:\/\/www.xn--tuksimaailm-ffb.ee\/fi\/shop\/10x25-kiintea-rengas-varillisella-ympyralla\/","name":"10x2,5 kiinte\u00e4 rengas v\u00e4rillisell\u00e4 ympyr\u00e4ll\u00e4 | T\u00f5uksimaailm","isPartOf":{"@id":"https:\/\/www.xn--tuksimaailm-ffb.ee\/fi\/#website"},"primaryImageOfPage":{"@id":"https:\/\/www.xn--tuksimaailm-ffb.ee\/fi\/shop\/10x25-kiintea-rengas-varillisella-ympyralla\/#primaryimage"},"image":{"@id":"https:\/\/www.xn--tuksimaailm-ffb.ee\/fi\/shop\/10x25-kiintea-rengas-varillisella-ympyralla\/#primaryimage"},"thumbnailUrl":"https:\/\/www.xn--tuksimaailm-ffb.ee\/wp-content\/uploads\/2022\/12\/Screenshot-2025-02-01-183239-1.webp","datePublished":"2022-12-30T18:54:55+00:00","description":"10x2.5 t\u00e4isrehv v\u00e4rvilise ringiga \/ triibuga, sobib elektrilised t\u00f5ukerattad Kugoo Kirin M4 Pro, Inokim OXO, OX Hero. Samuti elektrit\u00f5ukeratas Vsett 10+.","breadcrumb":{"@id":"https:\/\/www.xn--tuksimaailm-ffb.ee\/fi\/shop\/10x25-kiintea-rengas-varillisella-ympyralla\/#breadcrumb"},"inLanguage":"fi","potentialAction":[{"@type":"ReadAction","target":["https:\/\/www.xn--tuksimaailm-ffb.ee\/fi\/shop\/10x25-kiintea-rengas-varillisella-ympyralla\/"]}]},{"@type":"ImageObject","inLanguage":"fi","@id":"https:\/\/www.xn--tuksimaailm-ffb.ee\/fi\/shop\/10x25-kiintea-rengas-varillisella-ympyralla\/#primaryimage","url":"https:\/\/www.xn--tuksimaailm-ffb.ee\/wp-content\/uploads\/2022\/12\/Screenshot-2025-02-01-183239-1.webp","contentUrl":"https:\/\/www.xn--tuksimaailm-ffb.ee\/wp-content\/uploads\/2022\/12\/Screenshot-2025-02-01-183239-1.webp","width":1218,"height":1079,"caption":"10x2.5 t\u00e4isrehv v\u00e4rvilise ringiga"},{"@type":"BreadcrumbList","@id":"https:\/\/www.xn--tuksimaailm-ffb.ee\/fi\/shop\/10x25-kiintea-rengas-varillisella-ympyralla\/#breadcrumb","itemListElement":[{"@type":"ListItem","position":1,"name":"Home","item":"https:\/\/www.xn--tuksimaailm-ffb.ee\/fi\/kotisivu\/"},{"@type":"ListItem","position":2,"name":"Kauppa","item":"https:\/\/www.xn--tuksimaailm-ffb.ee\/elektritoukerataste-pood\/"},{"@type":"ListItem","position":3,"name":"10x2,5 kiinte\u00e4 rengas v\u00e4rillisell\u00e4 ympyr\u00e4ll\u00e4"}]},{"@type":"WebSite","@id":"https:\/\/www.xn--tuksimaailm-ffb.ee\/fi\/#website","url":"https:\/\/www.xn--tuksimaailm-ffb.ee\/fi\/","name":"T\u00f5uksimaailm","description":"Elektrit\u00f5ukerataste m\u00fc\u00fck, remont ja rent","publisher":{"@id":"https:\/\/www.xn--tuksimaailm-ffb.ee\/fi\/#organization"},"potentialAction":[{"@type":"SearchAction","target":{"@type":"EntryPoint","urlTemplate":"https:\/\/www.xn--tuksimaailm-ffb.ee\/fi\/?s={search_term_string}"},"query-input":{"@type":"PropertyValueSpecification","valueRequired":true,"valueName":"search_term_string"}}],"inLanguage":"fi"},{"@type":"Organization","@id":"https:\/\/www.xn--tuksimaailm-ffb.ee\/fi\/#organization","name":"T\u00f5uksimaailm","url":"https:\/\/www.xn--tuksimaailm-ffb.ee\/fi\/","logo":{"@type":"ImageObject","inLanguage":"fi","@id":"https:\/\/www.xn--tuksimaailm-ffb.ee\/fi\/#\/schema\/logo\/image\/","url":"https:\/\/www.xn--tuksimaailm-ffb.ee\/wp-content\/uploads\/2020\/01\/logoz-e1579792875517.png","contentUrl":"https:\/\/www.xn--tuksimaailm-ffb.ee\/wp-content\/uploads\/2020\/01\/logoz-e1579792875517.png","width":250,"height":250,"caption":"T\u00f5uksimaailm"},"image":{"@id":"https:\/\/www.xn--tuksimaailm-ffb.ee\/fi\/#\/schema\/logo\/image\/"},"sameAs":["https:\/\/www.facebook.com\/touksimaailm\/","https:\/\/www.instagram.com\/touksimaailm_\/","https:\/\/www.youtube.com\/channel\/UC18ml0EKIDLP1xGuQjFzcXQ"]}]},"og_availability":"instock","product_availability":"instock","product_condition":"new"},"jetpack_sharing_enabled":true,"_links":{"self":[{"href":"https:\/\/www.xn--tuksimaailm-ffb.ee\/fi\/wp-json\/wp\/v2\/product\/60798","targetHints":{"allow":["GET"]}}],"collection":[{"href":"https:\/\/www.xn--tuksimaailm-ffb.ee\/fi\/wp-json\/wp\/v2\/product"}],"about":[{"href":"https:\/\/www.xn--tuksimaailm-ffb.ee\/fi\/wp-json\/wp\/v2\/types\/product"}],"wp:featuredmedia":[{"embeddable":true,"href":"https:\/\/www.xn--tuksimaailm-ffb.ee\/fi\/wp-json\/wp\/v2\/media\/57512"}],"wp:attachment":[{"href":"https:\/\/www.xn--tuksimaailm-ffb.ee\/fi\/wp-json\/wp\/v2\/media?parent=60798"}],"wp:term":[{"taxonomy":"product_brand","embeddable":true,"href":"https:\/\/www.xn--tuksimaailm-ffb.ee\/fi\/wp-json\/wp\/v2\/product_brand?post=60798"},{"taxonomy":"product_cat","embeddable":true,"href":"https:\/\/www.xn--tuksimaailm-ffb.ee\/fi\/wp-json\/wp\/v2\/product_cat?post=60798"},{"taxonomy":"product_tag","embeddable":true,"href":"https:\/\/www.xn--tuksimaailm-ffb.ee\/fi\/wp-json\/wp\/v2\/product_tag?post=60798"},{"taxonomy":"filter_elektritoukeratas","embeddable":true,"href":"https:\/\/www.xn--tuksimaailm-ffb.ee\/fi\/wp-json\/wp\/v2\/filter_elektritoukeratas?post=60798"}],"curies":[{"name":"wp","href":"https:\/\/api.w.org\/{rel}","templated":true}]}}