{"id":60806,"date":"2022-12-30T20:41:48","date_gmt":"2022-12-30T18:41:48","guid":{"rendered":"http:\/\/www.xn--tuksimaailm-ffb.ee\/shop\/xiaomi-mi-pro-2-1s-8-5x2-taysrengas-jossa-on-varillinen-rengas\/"},"modified":"2022-12-30T20:41:48","modified_gmt":"2022-12-30T18:41:48","slug":"xiaomi-mi-pro-2-1s-8-5x2-taysrengas-jossa-on-varillinen-rengas","status":"publish","type":"product","link":"https:\/\/www.xn--tuksimaailm-ffb.ee\/fi\/shop\/xiaomi-mi-pro-2-1s-8-5x2-taysrengas-jossa-on-varillinen-rengas\/","title":{"rendered":"Xiaomi Mi Pro 2 1S 8.5x2\u201d t\u00e4ysrengas, jossa on v\u00e4rillinen rengas"},"content":{"rendered":"<p>8,5x2\u201d kiinte\u00e4 rengas v\u00e4rillisell\u00e4 renkaalla, sopii asennettavaksi Xiaomi Pro 2, 1S, 4 Pro, Essential, Mi 3 (Lite) -puhelimiin ilmarenkaiden tilalle. Sopii my\u00f6s Gotrax GXL, Viron, Zeeclo ja kaikkiin Xiaomi-kloneihin\/kopioihin.<\/p>\n","protected":false},"excerpt":{"rendered":"<p>8,5x2\u201d kiinte\u00e4 rengas v\u00e4rillisell\u00e4 renkaalla, sopii asennettavaksi Xiaomi Pro 2, 1S, 4 Pro, Essential, Mi 3 (Lite) -puhelimiin ilmarenkaiden tilalle. Sopii my\u00f6s Gotrax GXL, Viron, Zeeclo ja kaikkiin Xiaomi-kloneihin\/kopioihin.<\/p>\n","protected":false},"featured_media":56259,"template":"","meta":[],"product_brand":[],"product_cat":[1698],"product_tag":[],"filter_elektritoukeratas":[2688,2686,2613,2612],"class_list":{"0":"post-60806","1":"product","2":"type-product","3":"status-publish","4":"has-post-thumbnail","6":"product_cat-varaosat","7":"pa_size-kollane-ring-fi","8":"pa_size-punane-ring-fi","9":"pa_size-sinine-ring-fi","10":"pa_tootetuup-taisrehvid-kargrehvid-fi","11":"filter_elektritoukeratas-ft_blaupunkt_esc608","12":"filter_elektritoukeratas-ft_blaupunkt_esc808","13":"filter_elektritoukeratas-ft_xiaomi_1s_mi3_pro_2_3_lite","14":"filter_elektritoukeratas-ft_xiaomi_m365_m365_pro_essential","16":"first","17":"instock","18":"taxable","19":"shipping-taxable","20":"purchasable","21":"product-type-variable"},"yoast_head":"<!-- This site is optimized with the Yoast SEO Premium plugin v26.8 (Yoast SEO v27.5) - https:\/\/yoast.com\/product\/yoast-seo-premium-wordpress\/ -->\n<title>Xiaomi Mi Pro 2 1S 8.5x2\u201d t\u00e4ysrengas, jossa on v\u00e4rillinen rengas | T\u00f5uksimaailm<\/title>\n<meta name=\"description\" content=\"8.5x2\u201d t\u00e4isrehv v\u00e4rvilise ringiga, sobib paigaldamiseks elektrit\u00f5ukeratas Xiaomi Pro 2, 1S, 4 Pro, Essential, Mi 3 (Lite) \u00f5hkrehvide asemele.\" \/>\n<meta name=\"robots\" content=\"index, follow, max-snippet:-1, max-image-preview:large, max-video-preview:-1\" \/>\n<link rel=\"canonical\" href=\"https:\/\/www.xn--tuksimaailm-ffb.ee\/fi\/shop\/xiaomi-mi-pro-2-1s-8-5x2-taysrengas-jossa-on-varillinen-rengas\/\" \/>\n<meta property=\"og:locale\" content=\"fi_FI\" \/>\n<meta property=\"og:type\" content=\"article\" \/>\n<meta property=\"og:title\" content=\"Xiaomi Mi Pro 2 1S 8.5x2\u201d t\u00e4ysrengas, jossa on v\u00e4rillinen rengas\" \/>\n<meta property=\"og:description\" content=\"8.5x2\u201d t\u00e4isrehv v\u00e4rvilise ringiga, sobib paigaldamiseks elektrit\u00f5ukeratas Xiaomi Pro 2, 1S, 4 Pro, Essential, Mi 3 (Lite) \u00f5hkrehvide asemele.\" \/>\n<meta property=\"og:url\" content=\"https:\/\/www.xn--tuksimaailm-ffb.ee\/fi\/shop\/xiaomi-mi-pro-2-1s-8-5x2-taysrengas-jossa-on-varillinen-rengas\/\" \/>\n<meta property=\"og:site_name\" content=\"T\u00f5uksimaailm\" \/>\n<meta property=\"article:publisher\" content=\"https:\/\/www.facebook.com\/touksimaailm\/\" \/>\n<meta property=\"og:image\" content=\"https:\/\/www.xn--tuksimaailm-ffb.ee\/wp-content\/uploads\/2022\/12\/Screenshot-2025-01-30-171113.webp\" \/>\n\t<meta property=\"og:image:width\" content=\"727\" \/>\n\t<meta property=\"og:image:height\" content=\"570\" \/>\n\t<meta property=\"og:image:type\" content=\"image\/webp\" \/>\n<meta name=\"twitter:card\" content=\"summary_large_image\" \/>\n<meta name=\"twitter:label1\" content=\"Saatavuus\" \/>\n\t<meta name=\"twitter:data1\" content=\"Varastossa\" \/>\n<meta property=\"og:availability\" content=\"instock\" \/>\n<meta property=\"product:availability\" content=\"instock\" \/>\n<meta property=\"product:condition\" content=\"new\" \/>\n<!-- \/ Yoast SEO Premium plugin. -->","yoast_head_json":{"title":"Xiaomi Mi Pro 2 1S 8.5x2\u201d t\u00e4ysrengas, jossa on v\u00e4rillinen rengas | T\u00f5uksimaailm","description":"8.5x2\u201d t\u00e4isrehv v\u00e4rvilise ringiga, sobib paigaldamiseks elektrit\u00f5ukeratas Xiaomi Pro 2, 1S, 4 Pro, Essential, Mi 3 (Lite) \u00f5hkrehvide asemele.","robots":{"index":"index","follow":"follow","max-snippet":"max-snippet:-1","max-image-preview":"max-image-preview:large","max-video-preview":"max-video-preview:-1"},"canonical":"https:\/\/www.xn--tuksimaailm-ffb.ee\/fi\/shop\/xiaomi-mi-pro-2-1s-8-5x2-taysrengas-jossa-on-varillinen-rengas\/","og_locale":"fi_FI","og_type":"article","og_title":"Xiaomi Mi Pro 2 1S 8.5x2\u201d t\u00e4ysrengas, jossa on v\u00e4rillinen rengas","og_description":"8.5x2\u201d t\u00e4isrehv v\u00e4rvilise ringiga, sobib paigaldamiseks elektrit\u00f5ukeratas Xiaomi Pro 2, 1S, 4 Pro, Essential, Mi 3 (Lite) \u00f5hkrehvide asemele.","og_url":"https:\/\/www.xn--tuksimaailm-ffb.ee\/fi\/shop\/xiaomi-mi-pro-2-1s-8-5x2-taysrengas-jossa-on-varillinen-rengas\/","og_site_name":"T\u00f5uksimaailm","article_publisher":"https:\/\/www.facebook.com\/touksimaailm\/","og_image":[{"width":727,"height":570,"url":"https:\/\/www.xn--tuksimaailm-ffb.ee\/wp-content\/uploads\/2022\/12\/Screenshot-2025-01-30-171113.webp","type":"image\/webp"}],"twitter_card":"summary_large_image","twitter_misc":{"Saatavuus":"Varastossa"},"schema":{"@context":"https:\/\/schema.org","@graph":[{"@type":"WebPage","@id":"https:\/\/www.xn--tuksimaailm-ffb.ee\/fi\/shop\/xiaomi-mi-pro-2-1s-8-5x2-taysrengas-jossa-on-varillinen-rengas\/","url":"https:\/\/www.xn--tuksimaailm-ffb.ee\/fi\/shop\/xiaomi-mi-pro-2-1s-8-5x2-taysrengas-jossa-on-varillinen-rengas\/","name":"Xiaomi Mi Pro 2 1S 8.5x2\u201d t\u00e4ysrengas, jossa on v\u00e4rillinen rengas | T\u00f5uksimaailm","isPartOf":{"@id":"https:\/\/www.xn--tuksimaailm-ffb.ee\/fi\/#website"},"primaryImageOfPage":{"@id":"https:\/\/www.xn--tuksimaailm-ffb.ee\/fi\/shop\/xiaomi-mi-pro-2-1s-8-5x2-taysrengas-jossa-on-varillinen-rengas\/#primaryimage"},"image":{"@id":"https:\/\/www.xn--tuksimaailm-ffb.ee\/fi\/shop\/xiaomi-mi-pro-2-1s-8-5x2-taysrengas-jossa-on-varillinen-rengas\/#primaryimage"},"thumbnailUrl":"https:\/\/www.xn--tuksimaailm-ffb.ee\/wp-content\/uploads\/2022\/12\/Screenshot-2025-01-30-171113.webp","datePublished":"2022-12-30T18:41:48+00:00","description":"8.5x2\u201d t\u00e4isrehv v\u00e4rvilise ringiga, sobib paigaldamiseks elektrit\u00f5ukeratas Xiaomi Pro 2, 1S, 4 Pro, Essential, Mi 3 (Lite) \u00f5hkrehvide asemele.","breadcrumb":{"@id":"https:\/\/www.xn--tuksimaailm-ffb.ee\/fi\/shop\/xiaomi-mi-pro-2-1s-8-5x2-taysrengas-jossa-on-varillinen-rengas\/#breadcrumb"},"inLanguage":"fi","potentialAction":[{"@type":"ReadAction","target":["https:\/\/www.xn--tuksimaailm-ffb.ee\/fi\/shop\/xiaomi-mi-pro-2-1s-8-5x2-taysrengas-jossa-on-varillinen-rengas\/"]}]},{"@type":"ImageObject","inLanguage":"fi","@id":"https:\/\/www.xn--tuksimaailm-ffb.ee\/fi\/shop\/xiaomi-mi-pro-2-1s-8-5x2-taysrengas-jossa-on-varillinen-rengas\/#primaryimage","url":"https:\/\/www.xn--tuksimaailm-ffb.ee\/wp-content\/uploads\/2022\/12\/Screenshot-2025-01-30-171113.webp","contentUrl":"https:\/\/www.xn--tuksimaailm-ffb.ee\/wp-content\/uploads\/2022\/12\/Screenshot-2025-01-30-171113.webp","width":727,"height":570,"caption":"8.5x2\u201d t\u00e4isrehv v\u00e4rvilise ringiga Xiaomi Mi Pro 2 1S"},{"@type":"BreadcrumbList","@id":"https:\/\/www.xn--tuksimaailm-ffb.ee\/fi\/shop\/xiaomi-mi-pro-2-1s-8-5x2-taysrengas-jossa-on-varillinen-rengas\/#breadcrumb","itemListElement":[{"@type":"ListItem","position":1,"name":"Home","item":"https:\/\/www.xn--tuksimaailm-ffb.ee\/fi\/kotisivu\/"},{"@type":"ListItem","position":2,"name":"Kauppa","item":"https:\/\/www.xn--tuksimaailm-ffb.ee\/elektritoukerataste-pood\/"},{"@type":"ListItem","position":3,"name":"Xiaomi Mi Pro 2 1S 8.5x2\u201d t\u00e4ysrengas, jossa on v\u00e4rillinen rengas"}]},{"@type":"WebSite","@id":"https:\/\/www.xn--tuksimaailm-ffb.ee\/fi\/#website","url":"https:\/\/www.xn--tuksimaailm-ffb.ee\/fi\/","name":"T\u00f5uksimaailm","description":"Elektrit\u00f5ukerataste m\u00fc\u00fck, remont ja rent","publisher":{"@id":"https:\/\/www.xn--tuksimaailm-ffb.ee\/fi\/#organization"},"potentialAction":[{"@type":"SearchAction","target":{"@type":"EntryPoint","urlTemplate":"https:\/\/www.xn--tuksimaailm-ffb.ee\/fi\/?s={search_term_string}"},"query-input":{"@type":"PropertyValueSpecification","valueRequired":true,"valueName":"search_term_string"}}],"inLanguage":"fi"},{"@type":"Organization","@id":"https:\/\/www.xn--tuksimaailm-ffb.ee\/fi\/#organization","name":"T\u00f5uksimaailm","url":"https:\/\/www.xn--tuksimaailm-ffb.ee\/fi\/","logo":{"@type":"ImageObject","inLanguage":"fi","@id":"https:\/\/www.xn--tuksimaailm-ffb.ee\/fi\/#\/schema\/logo\/image\/","url":"https:\/\/www.xn--tuksimaailm-ffb.ee\/wp-content\/uploads\/2020\/01\/logoz-e1579792875517.png","contentUrl":"https:\/\/www.xn--tuksimaailm-ffb.ee\/wp-content\/uploads\/2020\/01\/logoz-e1579792875517.png","width":250,"height":250,"caption":"T\u00f5uksimaailm"},"image":{"@id":"https:\/\/www.xn--tuksimaailm-ffb.ee\/fi\/#\/schema\/logo\/image\/"},"sameAs":["https:\/\/www.facebook.com\/touksimaailm\/","https:\/\/www.instagram.com\/touksimaailm_\/","https:\/\/www.youtube.com\/channel\/UC18ml0EKIDLP1xGuQjFzcXQ"]}]},"og_availability":"instock","product_availability":"instock","product_condition":"new"},"jetpack_sharing_enabled":true,"_links":{"self":[{"href":"https:\/\/www.xn--tuksimaailm-ffb.ee\/fi\/wp-json\/wp\/v2\/product\/60806","targetHints":{"allow":["GET"]}}],"collection":[{"href":"https:\/\/www.xn--tuksimaailm-ffb.ee\/fi\/wp-json\/wp\/v2\/product"}],"about":[{"href":"https:\/\/www.xn--tuksimaailm-ffb.ee\/fi\/wp-json\/wp\/v2\/types\/product"}],"wp:featuredmedia":[{"embeddable":true,"href":"https:\/\/www.xn--tuksimaailm-ffb.ee\/fi\/wp-json\/wp\/v2\/media\/56259"}],"wp:attachment":[{"href":"https:\/\/www.xn--tuksimaailm-ffb.ee\/fi\/wp-json\/wp\/v2\/media?parent=60806"}],"wp:term":[{"taxonomy":"product_brand","embeddable":true,"href":"https:\/\/www.xn--tuksimaailm-ffb.ee\/fi\/wp-json\/wp\/v2\/product_brand?post=60806"},{"taxonomy":"product_cat","embeddable":true,"href":"https:\/\/www.xn--tuksimaailm-ffb.ee\/fi\/wp-json\/wp\/v2\/product_cat?post=60806"},{"taxonomy":"product_tag","embeddable":true,"href":"https:\/\/www.xn--tuksimaailm-ffb.ee\/fi\/wp-json\/wp\/v2\/product_tag?post=60806"},{"taxonomy":"filter_elektritoukeratas","embeddable":true,"href":"https:\/\/www.xn--tuksimaailm-ffb.ee\/fi\/wp-json\/wp\/v2\/filter_elektritoukeratas?post=60806"}],"curies":[{"name":"wp","href":"https:\/\/api.w.org\/{rel}","templated":true}]}}