{"id":60830,"date":"2022-12-30T15:36:03","date_gmt":"2022-12-30T13:36:03","guid":{"rendered":"http:\/\/www.xn--tuksimaailm-ffb.ee\/shop\/xiaomi-kloonielektroniikan-ohjainsarja-v2-eol\/"},"modified":"2022-12-30T15:36:03","modified_gmt":"2022-12-30T13:36:03","slug":"xiaomi-kloonielektroniikan-ohjainsarja-v2-eol","status":"publish","type":"product","link":"https:\/\/www.xn--tuksimaailm-ffb.ee\/fi\/shop\/xiaomi-kloonielektroniikan-ohjainsarja-v2-eol\/","title":{"rendered":"Xiaomi kloonielektroniikan ohjainsarja V2 (EOL)"},"content":{"rendered":"<p>Xiaomi-klooni-s\u00e4hk\u00f6skootteri (Sermangreen, Cityway ja muut) elektroniikkaohjainsarja V2 - varaosat s\u00e4hk\u00f6skootterille, jotka auttavat varmistamaan toimivan piirin ja ohjauselektroniikan. Pakkauksessa on paljon olennaisia osia, jotka auttavat, kun skootteri hajoaa. Jos s\u00e4hk\u00f6potkulautasi on korjauskelvoton tai tarvitsee huoltoa, s\u00e4hk\u00f6potkulautojen ammattilaisemme voivat auttaa. Lis\u00e4tietoja ja hinnaston korjauspalveluista l\u00f6yd\u00e4t <a href=\"https:\/\/et.wikipedia.org\/wiki\/Programmeeritav_loogikakontroller\">korjaussivultamme<\/a>.<\/p>\n","protected":false},"excerpt":{"rendered":"<p>Xiaomi-klooni-s\u00e4hk\u00f6skootteri (Sermangreen, Cityway ja muut) elektroniikkaohjainsarja V2 - varaosat s\u00e4hk\u00f6skootterille, jotka auttavat varmistamaan toimivan piirin ja ohjauselektroniikan. Pakkauksessa on paljon olennaisia osia, jotka auttavat, kun skootteri hajoaa. Jos s\u00e4hk\u00f6potkulautasi on korjauskelvoton tai tarvitsee huoltoa, s\u00e4hk\u00f6potkulautojen ammattilaisemme voivat auttaa. Lis\u00e4tietoja ja hinnaston korjauspalveluista l\u00f6yd\u00e4t korjaussivultamme.<\/p>\n","protected":false},"featured_media":45279,"template":"","meta":[],"product_brand":[],"product_cat":[1698],"product_tag":[1700],"filter_elektritoukeratas":[],"class_list":{"0":"post-60830","1":"product","2":"type-product","3":"status-publish","4":"has-post-thumbnail","6":"product_cat-varaosat","7":"product_tag-universal-sahkoskootterin-varaosat","8":"pa_tootetuup-kontrollerid-emaplaadid","9":"pa_tootetuup-universal-sahkoskootterin-varaosat","11":"first","12":"outofstock","13":"taxable","14":"shipping-taxable","15":"purchasable","16":"product-type-simple"},"yoast_head":"<!-- This site is optimized with the Yoast SEO Premium plugin v26.8 (Yoast SEO v27.5) - https:\/\/yoast.com\/product\/yoast-seo-premium-wordpress\/ -->\n<title>Xiaomi kloonielektroniikan ohjainsarja V2 (EOL) | T\u00f5uksimaailm<\/title>\n<meta name=\"description\" content=\"Xiaomi kloon elektrit\u00f5ukeratas (Sermangreen, Cityway ja teised) elektroonika kontrolleri komplekt V2 - elektrit\u00f5ukeratta varuosad.\" \/>\n<meta name=\"robots\" content=\"index, follow, max-snippet:-1, max-image-preview:large, max-video-preview:-1\" \/>\n<link rel=\"canonical\" href=\"https:\/\/www.xn--tuksimaailm-ffb.ee\/fi\/shop\/xiaomi-kloonielektroniikan-ohjainsarja-v2-eol\/\" \/>\n<meta property=\"og:locale\" content=\"fi_FI\" \/>\n<meta property=\"og:type\" content=\"article\" \/>\n<meta property=\"og:title\" content=\"Xiaomi kloonielektroniikan ohjainsarja V2 (EOL)\" \/>\n<meta property=\"og:description\" content=\"Xiaomi kloon elektrit\u00f5ukeratas (Sermangreen, Cityway ja teised) elektroonika kontrolleri komplekt V2 - elektrit\u00f5ukeratta varuosad.\" \/>\n<meta property=\"og:url\" content=\"https:\/\/www.xn--tuksimaailm-ffb.ee\/fi\/shop\/xiaomi-kloonielektroniikan-ohjainsarja-v2-eol\/\" \/>\n<meta property=\"og:site_name\" content=\"T\u00f5uksimaailm\" \/>\n<meta property=\"article:publisher\" content=\"https:\/\/www.facebook.com\/touksimaailm\/\" \/>\n<meta property=\"og:image\" content=\"https:\/\/www.xn--tuksimaailm-ffb.ee\/wp-content\/uploads\/2022\/12\/Screenshot-2024-05-01-154203.png\" \/>\n\t<meta property=\"og:image:width\" content=\"1236\" \/>\n\t<meta property=\"og:image:height\" content=\"735\" \/>\n\t<meta property=\"og:image:type\" content=\"image\/png\" \/>\n<meta name=\"twitter:card\" content=\"summary_large_image\" \/>\n<meta name=\"twitter:label1\" content=\"Hinta\" \/>\n\t<meta name=\"twitter:data1\" content=\"&euro;89.50\" \/>\n\t<meta name=\"twitter:label2\" content=\"Saatavuus\" \/>\n\t<meta name=\"twitter:data2\" content=\"Loppu varastosta\" \/>\n<meta property=\"product:price:amount\" content=\"89.50\" \/>\n<meta property=\"product:price:currency\" content=\"EUR\" \/>\n<meta property=\"og:availability\" content=\"out of stock\" \/>\n<meta property=\"product:availability\" content=\"out of stock\" \/>\n<meta property=\"product:condition\" content=\"new\" \/>\n<!-- \/ Yoast SEO Premium plugin. -->","yoast_head_json":{"title":"Xiaomi kloonielektroniikan ohjainsarja V2 (EOL) | T\u00f5uksimaailm","description":"Xiaomi kloon elektrit\u00f5ukeratas (Sermangreen, Cityway ja teised) elektroonika kontrolleri komplekt V2 - elektrit\u00f5ukeratta varuosad.","robots":{"index":"index","follow":"follow","max-snippet":"max-snippet:-1","max-image-preview":"max-image-preview:large","max-video-preview":"max-video-preview:-1"},"canonical":"https:\/\/www.xn--tuksimaailm-ffb.ee\/fi\/shop\/xiaomi-kloonielektroniikan-ohjainsarja-v2-eol\/","og_locale":"fi_FI","og_type":"article","og_title":"Xiaomi kloonielektroniikan ohjainsarja V2 (EOL)","og_description":"Xiaomi kloon elektrit\u00f5ukeratas (Sermangreen, Cityway ja teised) elektroonika kontrolleri komplekt V2 - elektrit\u00f5ukeratta varuosad.","og_url":"https:\/\/www.xn--tuksimaailm-ffb.ee\/fi\/shop\/xiaomi-kloonielektroniikan-ohjainsarja-v2-eol\/","og_site_name":"T\u00f5uksimaailm","article_publisher":"https:\/\/www.facebook.com\/touksimaailm\/","og_image":[{"width":1236,"height":735,"url":"https:\/\/www.xn--tuksimaailm-ffb.ee\/wp-content\/uploads\/2022\/12\/Screenshot-2024-05-01-154203.png","type":"image\/png"}],"twitter_card":"summary_large_image","twitter_misc":{"Hinta":"&euro;89.50","Saatavuus":"Loppu varastosta"},"schema":{"@context":"https:\/\/schema.org","@graph":[{"@type":"WebPage","@id":"https:\/\/www.xn--tuksimaailm-ffb.ee\/fi\/shop\/xiaomi-kloonielektroniikan-ohjainsarja-v2-eol\/","url":"https:\/\/www.xn--tuksimaailm-ffb.ee\/fi\/shop\/xiaomi-kloonielektroniikan-ohjainsarja-v2-eol\/","name":"Xiaomi kloonielektroniikan ohjainsarja V2 (EOL) | T\u00f5uksimaailm","isPartOf":{"@id":"https:\/\/www.xn--tuksimaailm-ffb.ee\/fi\/#website"},"primaryImageOfPage":{"@id":"https:\/\/www.xn--tuksimaailm-ffb.ee\/fi\/shop\/xiaomi-kloonielektroniikan-ohjainsarja-v2-eol\/#primaryimage"},"image":{"@id":"https:\/\/www.xn--tuksimaailm-ffb.ee\/fi\/shop\/xiaomi-kloonielektroniikan-ohjainsarja-v2-eol\/#primaryimage"},"thumbnailUrl":"https:\/\/www.xn--tuksimaailm-ffb.ee\/wp-content\/uploads\/2022\/12\/Screenshot-2024-05-01-154203.png","datePublished":"2022-12-30T13:36:03+00:00","description":"Xiaomi kloon elektrit\u00f5ukeratas (Sermangreen, Cityway ja teised) elektroonika kontrolleri komplekt V2 - elektrit\u00f5ukeratta varuosad.","breadcrumb":{"@id":"https:\/\/www.xn--tuksimaailm-ffb.ee\/fi\/shop\/xiaomi-kloonielektroniikan-ohjainsarja-v2-eol\/#breadcrumb"},"inLanguage":"fi","potentialAction":[{"@type":"ReadAction","target":["https:\/\/www.xn--tuksimaailm-ffb.ee\/fi\/shop\/xiaomi-kloonielektroniikan-ohjainsarja-v2-eol\/"]}]},{"@type":"ImageObject","inLanguage":"fi","@id":"https:\/\/www.xn--tuksimaailm-ffb.ee\/fi\/shop\/xiaomi-kloonielektroniikan-ohjainsarja-v2-eol\/#primaryimage","url":"https:\/\/www.xn--tuksimaailm-ffb.ee\/wp-content\/uploads\/2022\/12\/Screenshot-2024-05-01-154203.png","contentUrl":"https:\/\/www.xn--tuksimaailm-ffb.ee\/wp-content\/uploads\/2022\/12\/Screenshot-2024-05-01-154203.png","width":1236,"height":735,"caption":"Xiaomi klooni elektroonika kontrolleri komplekt V2"},{"@type":"BreadcrumbList","@id":"https:\/\/www.xn--tuksimaailm-ffb.ee\/fi\/shop\/xiaomi-kloonielektroniikan-ohjainsarja-v2-eol\/#breadcrumb","itemListElement":[{"@type":"ListItem","position":1,"name":"Home","item":"https:\/\/www.xn--tuksimaailm-ffb.ee\/fi\/kotisivu\/"},{"@type":"ListItem","position":2,"name":"Kauppa","item":"https:\/\/www.xn--tuksimaailm-ffb.ee\/elektritoukerataste-pood\/"},{"@type":"ListItem","position":3,"name":"Xiaomi kloonielektroniikan ohjainsarja V2 (EOL)"}]},{"@type":"WebSite","@id":"https:\/\/www.xn--tuksimaailm-ffb.ee\/fi\/#website","url":"https:\/\/www.xn--tuksimaailm-ffb.ee\/fi\/","name":"T\u00f5uksimaailm","description":"Elektrit\u00f5ukerataste m\u00fc\u00fck, remont ja rent","publisher":{"@id":"https:\/\/www.xn--tuksimaailm-ffb.ee\/fi\/#organization"},"potentialAction":[{"@type":"SearchAction","target":{"@type":"EntryPoint","urlTemplate":"https:\/\/www.xn--tuksimaailm-ffb.ee\/fi\/?s={search_term_string}"},"query-input":{"@type":"PropertyValueSpecification","valueRequired":true,"valueName":"search_term_string"}}],"inLanguage":"fi"},{"@type":"Organization","@id":"https:\/\/www.xn--tuksimaailm-ffb.ee\/fi\/#organization","name":"T\u00f5uksimaailm","url":"https:\/\/www.xn--tuksimaailm-ffb.ee\/fi\/","logo":{"@type":"ImageObject","inLanguage":"fi","@id":"https:\/\/www.xn--tuksimaailm-ffb.ee\/fi\/#\/schema\/logo\/image\/","url":"https:\/\/www.xn--tuksimaailm-ffb.ee\/wp-content\/uploads\/2020\/01\/logoz-e1579792875517.png","contentUrl":"https:\/\/www.xn--tuksimaailm-ffb.ee\/wp-content\/uploads\/2020\/01\/logoz-e1579792875517.png","width":250,"height":250,"caption":"T\u00f5uksimaailm"},"image":{"@id":"https:\/\/www.xn--tuksimaailm-ffb.ee\/fi\/#\/schema\/logo\/image\/"},"sameAs":["https:\/\/www.facebook.com\/touksimaailm\/","https:\/\/www.instagram.com\/touksimaailm_\/","https:\/\/www.youtube.com\/channel\/UC18ml0EKIDLP1xGuQjFzcXQ"]}]},"product_price_amount":"89.50","product_price_currency":"EUR","og_availability":"out of stock","product_availability":"out of stock","product_condition":"new"},"jetpack_sharing_enabled":true,"_links":{"self":[{"href":"https:\/\/www.xn--tuksimaailm-ffb.ee\/fi\/wp-json\/wp\/v2\/product\/60830","targetHints":{"allow":["GET"]}}],"collection":[{"href":"https:\/\/www.xn--tuksimaailm-ffb.ee\/fi\/wp-json\/wp\/v2\/product"}],"about":[{"href":"https:\/\/www.xn--tuksimaailm-ffb.ee\/fi\/wp-json\/wp\/v2\/types\/product"}],"wp:featuredmedia":[{"embeddable":true,"href":"https:\/\/www.xn--tuksimaailm-ffb.ee\/fi\/wp-json\/wp\/v2\/media\/45279"}],"wp:attachment":[{"href":"https:\/\/www.xn--tuksimaailm-ffb.ee\/fi\/wp-json\/wp\/v2\/media?parent=60830"}],"wp:term":[{"taxonomy":"product_brand","embeddable":true,"href":"https:\/\/www.xn--tuksimaailm-ffb.ee\/fi\/wp-json\/wp\/v2\/product_brand?post=60830"},{"taxonomy":"product_cat","embeddable":true,"href":"https:\/\/www.xn--tuksimaailm-ffb.ee\/fi\/wp-json\/wp\/v2\/product_cat?post=60830"},{"taxonomy":"product_tag","embeddable":true,"href":"https:\/\/www.xn--tuksimaailm-ffb.ee\/fi\/wp-json\/wp\/v2\/product_tag?post=60830"},{"taxonomy":"filter_elektritoukeratas","embeddable":true,"href":"https:\/\/www.xn--tuksimaailm-ffb.ee\/fi\/wp-json\/wp\/v2\/filter_elektritoukeratas?post=60830"}],"curies":[{"name":"wp","href":"https:\/\/api.w.org\/{rel}","templated":true}]}}