{"id":60831,"date":"2022-12-30T14:41:33","date_gmt":"2022-12-30T12:41:33","guid":{"rendered":"http:\/\/www.xn--tuksimaailm-ffb.ee\/shop\/xiaomi-klooni-elektroniikka-ohjain-pakki-v1\/"},"modified":"2022-12-30T14:41:33","modified_gmt":"2022-12-30T12:41:33","slug":"xiaomi-klooni-elektroniikka-ohjain-pakki-v1","status":"publish","type":"product","link":"https:\/\/www.xn--tuksimaailm-ffb.ee\/fi\/shop\/xiaomi-klooni-elektroniikka-ohjain-pakki-v1\/","title":{"rendered":"Xiaomi klooni elektroniikka ohjain pakki V1"},"content":{"rendered":"<p>Xiaomi-klooni-s\u00e4hk\u00f6skootterin elektroniikkaohjainsarja V1. Pakkaus sis\u00e4lt\u00e4\u00e4 kaikki varaosat s\u00e4hk\u00f6skootterille, jotta varmistetaan toimiva piiri ja hallitaan s\u00e4hk\u00f6skootteria. Pakkaus sis\u00e4lt\u00e4\u00e4 monia v\u00e4ltt\u00e4m\u00e4tt\u00f6mi\u00e4 osia, jotka tulevat tarpeeseen, jos skootteri hajoaa.<\/p>\n<p>Jos skootterisi on korjauskelvoton tai tarvitsee huoltoa, skootteriammattilaisemme voivat auttaa. Lis\u00e4tietoja ja hinnaston korjauspalveluista l\u00f6yd\u00e4t <a href=\"https:\/\/et.wikipedia.org\/wiki\/Programmeeritav_loogikakontroller\">korjaussivultamme<\/a>.<\/p>\n","protected":false},"excerpt":{"rendered":"<p>Xiaomi-klooni-s\u00e4hk\u00f6skootterin elektroniikkaohjainsarja V1. Pakkaus sis\u00e4lt\u00e4\u00e4 kaikki varaosat s\u00e4hk\u00f6skootterille, jotta varmistetaan toimiva piiri ja hallitaan s\u00e4hk\u00f6skootteria. Pakkaus sis\u00e4lt\u00e4\u00e4 monia v\u00e4ltt\u00e4m\u00e4tt\u00f6mi\u00e4 osia, jotka tulevat tarpeeseen, jos skootteri hajoaa. Jos skootterisi on korjauskelvoton tai tarvitsee huoltoa, skootteriammattilaisemme voivat auttaa. Lis\u00e4tietoja ja hinnaston korjauspalveluista l\u00f6yd\u00e4t korjaussivultamme.<\/p>\n","protected":false},"featured_media":25751,"template":"","meta":[],"product_brand":[],"product_cat":[1698],"product_tag":[1700],"filter_elektritoukeratas":[],"class_list":{"0":"post-60831","1":"product","2":"type-product","3":"status-publish","4":"has-post-thumbnail","6":"product_cat-varaosat","7":"product_tag-universal-sahkoskootterin-varaosat","8":"pa_tootetuup-kontrollerid-emaplaadid","9":"pa_tootetuup-universal-sahkoskootterin-varaosat","11":"first","12":"instock","13":"taxable","14":"shipping-taxable","15":"purchasable","16":"product-type-simple"},"yoast_head":"<!-- This site is optimized with the Yoast SEO Premium plugin v26.8 (Yoast SEO v27.5) - https:\/\/yoast.com\/product\/yoast-seo-premium-wordpress\/ -->\n<title>Xiaomi klooni elektroniikka ohjain pakki V1 | T\u00f5uksimaailm<\/title>\n<meta name=\"description\" content=\"Xiaomi klooni elektroonika kontrolleri komplekt V1 - elektrit\u00f5ukeratta varuosad. Tagamaks, et elektrit\u00f5ukeratas \/ elektriline t\u00f5ukeratas oleks t\u00f6\u00f6korras.\" \/>\n<meta name=\"robots\" content=\"index, follow, max-snippet:-1, max-image-preview:large, max-video-preview:-1\" \/>\n<link rel=\"canonical\" href=\"https:\/\/www.xn--tuksimaailm-ffb.ee\/fi\/shop\/xiaomi-klooni-elektroniikka-ohjain-pakki-v1\/\" \/>\n<meta property=\"og:locale\" content=\"fi_FI\" \/>\n<meta property=\"og:type\" content=\"article\" \/>\n<meta property=\"og:title\" content=\"Xiaomi klooni elektroniikka ohjain pakki V1\" \/>\n<meta property=\"og:description\" content=\"Xiaomi klooni elektroonika kontrolleri komplekt V1 - elektrit\u00f5ukeratta varuosad. Tagamaks, et elektrit\u00f5ukeratas \/ elektriline t\u00f5ukeratas oleks t\u00f6\u00f6korras.\" \/>\n<meta property=\"og:url\" content=\"https:\/\/www.xn--tuksimaailm-ffb.ee\/fi\/shop\/xiaomi-klooni-elektroniikka-ohjain-pakki-v1\/\" \/>\n<meta property=\"og:site_name\" content=\"T\u00f5uksimaailm\" \/>\n<meta property=\"article:publisher\" content=\"https:\/\/www.facebook.com\/touksimaailm\/\" \/>\n<meta property=\"og:image\" content=\"https:\/\/www.xn--tuksimaailm-ffb.ee\/wp-content\/uploads\/2022\/12\/Xiaomi-klooni-elektroonika-kontrolleri-komplekt-V1-elektritoukeratas-elektriline-toukeratas-elektritoukeratta-varuosad-electric-scooter.png\" \/>\n\t<meta property=\"og:image:width\" content=\"950\" \/>\n\t<meta property=\"og:image:height\" content=\"983\" \/>\n\t<meta property=\"og:image:type\" content=\"image\/png\" \/>\n<meta name=\"twitter:card\" content=\"summary_large_image\" \/>\n<meta name=\"twitter:label1\" content=\"Hinta\" \/>\n\t<meta name=\"twitter:data1\" content=\"&euro;99.50\" \/>\n\t<meta name=\"twitter:label2\" content=\"Saatavuus\" \/>\n\t<meta name=\"twitter:data2\" content=\"Varastossa\" \/>\n<meta property=\"product:price:amount\" content=\"99.50\" \/>\n<meta property=\"product:price:currency\" content=\"EUR\" \/>\n<meta property=\"og:availability\" content=\"instock\" \/>\n<meta property=\"product:availability\" content=\"instock\" \/>\n<meta property=\"product:condition\" content=\"new\" \/>\n<!-- \/ Yoast SEO Premium plugin. -->","yoast_head_json":{"title":"Xiaomi klooni elektroniikka ohjain pakki V1 | T\u00f5uksimaailm","description":"Xiaomi klooni elektroonika kontrolleri komplekt V1 - elektrit\u00f5ukeratta varuosad. Tagamaks, et elektrit\u00f5ukeratas \/ elektriline t\u00f5ukeratas oleks t\u00f6\u00f6korras.","robots":{"index":"index","follow":"follow","max-snippet":"max-snippet:-1","max-image-preview":"max-image-preview:large","max-video-preview":"max-video-preview:-1"},"canonical":"https:\/\/www.xn--tuksimaailm-ffb.ee\/fi\/shop\/xiaomi-klooni-elektroniikka-ohjain-pakki-v1\/","og_locale":"fi_FI","og_type":"article","og_title":"Xiaomi klooni elektroniikka ohjain pakki V1","og_description":"Xiaomi klooni elektroonika kontrolleri komplekt V1 - elektrit\u00f5ukeratta varuosad. Tagamaks, et elektrit\u00f5ukeratas \/ elektriline t\u00f5ukeratas oleks t\u00f6\u00f6korras.","og_url":"https:\/\/www.xn--tuksimaailm-ffb.ee\/fi\/shop\/xiaomi-klooni-elektroniikka-ohjain-pakki-v1\/","og_site_name":"T\u00f5uksimaailm","article_publisher":"https:\/\/www.facebook.com\/touksimaailm\/","og_image":[{"width":950,"height":983,"url":"https:\/\/www.xn--tuksimaailm-ffb.ee\/wp-content\/uploads\/2022\/12\/Xiaomi-klooni-elektroonika-kontrolleri-komplekt-V1-elektritoukeratas-elektriline-toukeratas-elektritoukeratta-varuosad-electric-scooter.png","type":"image\/png"}],"twitter_card":"summary_large_image","twitter_misc":{"Hinta":"&euro;99.50","Saatavuus":"Varastossa"},"schema":{"@context":"https:\/\/schema.org","@graph":[{"@type":"WebPage","@id":"https:\/\/www.xn--tuksimaailm-ffb.ee\/fi\/shop\/xiaomi-klooni-elektroniikka-ohjain-pakki-v1\/","url":"https:\/\/www.xn--tuksimaailm-ffb.ee\/fi\/shop\/xiaomi-klooni-elektroniikka-ohjain-pakki-v1\/","name":"Xiaomi klooni elektroniikka ohjain pakki V1 | T\u00f5uksimaailm","isPartOf":{"@id":"https:\/\/www.xn--tuksimaailm-ffb.ee\/fi\/#website"},"primaryImageOfPage":{"@id":"https:\/\/www.xn--tuksimaailm-ffb.ee\/fi\/shop\/xiaomi-klooni-elektroniikka-ohjain-pakki-v1\/#primaryimage"},"image":{"@id":"https:\/\/www.xn--tuksimaailm-ffb.ee\/fi\/shop\/xiaomi-klooni-elektroniikka-ohjain-pakki-v1\/#primaryimage"},"thumbnailUrl":"https:\/\/www.xn--tuksimaailm-ffb.ee\/wp-content\/uploads\/2022\/12\/Xiaomi-klooni-elektroonika-kontrolleri-komplekt-V1-elektritoukeratas-elektriline-toukeratas-elektritoukeratta-varuosad-electric-scooter.png","datePublished":"2022-12-30T12:41:33+00:00","description":"Xiaomi klooni elektroonika kontrolleri komplekt V1 - elektrit\u00f5ukeratta varuosad. Tagamaks, et elektrit\u00f5ukeratas \/ elektriline t\u00f5ukeratas oleks t\u00f6\u00f6korras.","breadcrumb":{"@id":"https:\/\/www.xn--tuksimaailm-ffb.ee\/fi\/shop\/xiaomi-klooni-elektroniikka-ohjain-pakki-v1\/#breadcrumb"},"inLanguage":"fi","potentialAction":[{"@type":"ReadAction","target":["https:\/\/www.xn--tuksimaailm-ffb.ee\/fi\/shop\/xiaomi-klooni-elektroniikka-ohjain-pakki-v1\/"]}]},{"@type":"ImageObject","inLanguage":"fi","@id":"https:\/\/www.xn--tuksimaailm-ffb.ee\/fi\/shop\/xiaomi-klooni-elektroniikka-ohjain-pakki-v1\/#primaryimage","url":"https:\/\/www.xn--tuksimaailm-ffb.ee\/wp-content\/uploads\/2022\/12\/Xiaomi-klooni-elektroonika-kontrolleri-komplekt-V1-elektritoukeratas-elektriline-toukeratas-elektritoukeratta-varuosad-electric-scooter.png","contentUrl":"https:\/\/www.xn--tuksimaailm-ffb.ee\/wp-content\/uploads\/2022\/12\/Xiaomi-klooni-elektroonika-kontrolleri-komplekt-V1-elektritoukeratas-elektriline-toukeratas-elektritoukeratta-varuosad-electric-scooter.png","width":950,"height":983},{"@type":"BreadcrumbList","@id":"https:\/\/www.xn--tuksimaailm-ffb.ee\/fi\/shop\/xiaomi-klooni-elektroniikka-ohjain-pakki-v1\/#breadcrumb","itemListElement":[{"@type":"ListItem","position":1,"name":"Home","item":"https:\/\/www.xn--tuksimaailm-ffb.ee\/fi\/kotisivu\/"},{"@type":"ListItem","position":2,"name":"Kauppa","item":"https:\/\/www.xn--tuksimaailm-ffb.ee\/elektritoukerataste-pood\/"},{"@type":"ListItem","position":3,"name":"Xiaomi klooni elektroniikka ohjain pakki V1"}]},{"@type":"WebSite","@id":"https:\/\/www.xn--tuksimaailm-ffb.ee\/fi\/#website","url":"https:\/\/www.xn--tuksimaailm-ffb.ee\/fi\/","name":"T\u00f5uksimaailm","description":"Elektrit\u00f5ukerataste m\u00fc\u00fck, remont ja rent","publisher":{"@id":"https:\/\/www.xn--tuksimaailm-ffb.ee\/fi\/#organization"},"potentialAction":[{"@type":"SearchAction","target":{"@type":"EntryPoint","urlTemplate":"https:\/\/www.xn--tuksimaailm-ffb.ee\/fi\/?s={search_term_string}"},"query-input":{"@type":"PropertyValueSpecification","valueRequired":true,"valueName":"search_term_string"}}],"inLanguage":"fi"},{"@type":"Organization","@id":"https:\/\/www.xn--tuksimaailm-ffb.ee\/fi\/#organization","name":"T\u00f5uksimaailm","url":"https:\/\/www.xn--tuksimaailm-ffb.ee\/fi\/","logo":{"@type":"ImageObject","inLanguage":"fi","@id":"https:\/\/www.xn--tuksimaailm-ffb.ee\/fi\/#\/schema\/logo\/image\/","url":"https:\/\/www.xn--tuksimaailm-ffb.ee\/wp-content\/uploads\/2020\/01\/logoz-e1579792875517.png","contentUrl":"https:\/\/www.xn--tuksimaailm-ffb.ee\/wp-content\/uploads\/2020\/01\/logoz-e1579792875517.png","width":250,"height":250,"caption":"T\u00f5uksimaailm"},"image":{"@id":"https:\/\/www.xn--tuksimaailm-ffb.ee\/fi\/#\/schema\/logo\/image\/"},"sameAs":["https:\/\/www.facebook.com\/touksimaailm\/","https:\/\/www.instagram.com\/touksimaailm_\/","https:\/\/www.youtube.com\/channel\/UC18ml0EKIDLP1xGuQjFzcXQ"]}]},"product_price_amount":"99.50","product_price_currency":"EUR","og_availability":"instock","product_availability":"instock","product_condition":"new"},"jetpack_sharing_enabled":true,"_links":{"self":[{"href":"https:\/\/www.xn--tuksimaailm-ffb.ee\/fi\/wp-json\/wp\/v2\/product\/60831","targetHints":{"allow":["GET"]}}],"collection":[{"href":"https:\/\/www.xn--tuksimaailm-ffb.ee\/fi\/wp-json\/wp\/v2\/product"}],"about":[{"href":"https:\/\/www.xn--tuksimaailm-ffb.ee\/fi\/wp-json\/wp\/v2\/types\/product"}],"wp:featuredmedia":[{"embeddable":true,"href":"https:\/\/www.xn--tuksimaailm-ffb.ee\/fi\/wp-json\/wp\/v2\/media\/25751"}],"wp:attachment":[{"href":"https:\/\/www.xn--tuksimaailm-ffb.ee\/fi\/wp-json\/wp\/v2\/media?parent=60831"}],"wp:term":[{"taxonomy":"product_brand","embeddable":true,"href":"https:\/\/www.xn--tuksimaailm-ffb.ee\/fi\/wp-json\/wp\/v2\/product_brand?post=60831"},{"taxonomy":"product_cat","embeddable":true,"href":"https:\/\/www.xn--tuksimaailm-ffb.ee\/fi\/wp-json\/wp\/v2\/product_cat?post=60831"},{"taxonomy":"product_tag","embeddable":true,"href":"https:\/\/www.xn--tuksimaailm-ffb.ee\/fi\/wp-json\/wp\/v2\/product_tag?post=60831"},{"taxonomy":"filter_elektritoukeratas","embeddable":true,"href":"https:\/\/www.xn--tuksimaailm-ffb.ee\/fi\/wp-json\/wp\/v2\/filter_elektritoukeratas?post=60831"}],"curies":[{"name":"wp","href":"https:\/\/api.w.org\/{rel}","templated":true}]}}