{"id":60852,"date":"2022-12-29T18:57:31","date_gmt":"2022-12-29T16:57:31","guid":{"rendered":"http:\/\/www.xn--tuksimaailm-ffb.ee\/shop\/li-ion-akku-moduuli-molicel-inr21700-p42a-4ah-45a\/"},"modified":"2022-12-29T18:57:31","modified_gmt":"2022-12-29T16:57:31","slug":"li-ion-akku-moduuli-molicel-inr21700-p42a-4ah-45a","status":"publish","type":"product","link":"https:\/\/www.xn--tuksimaailm-ffb.ee\/fi\/shop\/li-ion-akku-moduuli-molicel-inr21700-p42a-4ah-45a\/","title":{"rendered":"Li-Ion akku moduuli Molicel INR21700-P42A 4Ah 45A"},"content":{"rendered":"<p>Li-Ion 21700 -muotoinen akkumoduuli <strong>Molicel INR21700-P42A<\/strong>. Litiumioniakkumoduulin kapasiteetti on <strong>4Ah(4000mAh<\/strong>),<strong>maksimi sy\u00f6tt\u00f6virta<\/strong> 45A <strong>purkautuneena<\/strong> ja nimellisj\u00e4nnite 3,6VDC <strong>(4,2V...2,5V<\/strong> ). Eritt\u00e4in korkea maksimipurkaus- ja latausvirta, keskikapasiteetti, eritt\u00e4in korkealaatuinen 21700-akkumoduuli.<\/p>\n<p>Muut tekniset tiedot:<\/p>\n<p>Paino: 66.5g<br \/>\nLadattava\/ei ladattava: ladattava.<br \/>\nLatausl\u00e4mp\u00f6tila: 0C jopa 60C<br \/>\nPurkul\u00e4mp\u00f6tila: -40C - 60C<br \/>\nVarastointil\u00e4mp\u00f6tila: -40C - 60C<br \/>\nAkkuversio: litte\u00e4 yl\u00e4osa<br \/>\nPiirin suojaus: ilman sulakesuojausta<br \/>\nPituus: 70mm<br \/>\nL\u00e4pimitta: 21.40mm<br \/>\nLatausj\u00e4nnite: 4.20V \u00b1 0.05V<br \/>\nSuurin latausvirta: 4.2A (1.05C)<\/p>\n<p><strong>HUOMAUTUS: \u00c4l\u00e4 koskaan<\/strong> lataa akkumoduulia alle 2,5 V:n j\u00e4nnitteeseen. Akkumoduuli, jonka j\u00e4nnite on laskenut alle t\u00e4m\u00e4n, on vaihdettava ja vanha moduuli on h\u00e4vitett\u00e4v\u00e4 - moduulin lataaminen \/ uudelleenlataaminen alle 2,5 V:n j\u00e4nnitteeseen on vaarallista. Litiumioniakut voivat olla vaarallisia, jos niit\u00e4 k\u00e4ytet\u00e4\u00e4n v\u00e4\u00e4rin. Virheellinen k\u00e4ytt\u00f6 voi aiheuttaa tulipalon tai r\u00e4j\u00e4hdyksen oikosulun vuoksi.<\/p>\n<p>\u00c4l\u00e4 lataa akkua v\u00e4\u00e4rill\u00e4 navoilla. \u00c4l\u00e4 koskaan oikosulje akkua, \u00e4l\u00e4 laita akkua taskuun avainten tai muiden metalliesineiden kanssa.<\/p>\n<p>\u00c4l\u00e4 pura akkua. Jos <a href=\"https:\/\/en.wikipedia.org\/wiki\/Lithium-ion_battery\">Li-Ion-akkumoduuli<\/a> on ep\u00e4muodostunut, se on h\u00e4vitett\u00e4v\u00e4. \u00c4l\u00e4 upota akkua veteen \u00e4l\u00e4k\u00e4 anna moduulin joutua kosketuksiin nesteiden kanssa.<\/p>\n<p>V\u00e4lt\u00e4 k\u00e4ytt\u00f6\u00e4 ymp\u00e4rist\u00f6iss\u00e4, joissa on eritt\u00e4in voimakasta fyysist\u00e4 t\u00e4rin\u00e4\u00e4 ja\/tai iskuja. \u00c4l\u00e4 heit\u00e4 akkumoduulia tuleen.<\/p>\n<p>Pid\u00e4 paristomoduuli lasten ulottumattomissa. \u00c4l\u00e4 k\u00e4yt\u00e4 muunneltua tai vaurioitunutta laturia latauksessa ja tarkista latausj\u00e4nnite ennen laturin k\u00e4ytt\u00f6\u00e4.<\/p>\n<p>\u00c4l\u00e4 j\u00e4t\u00e4 akkumoduulia laturiin yli 12 tunniksi. S\u00e4ilyt\u00e4 moduulia viile\u00e4ss\u00e4, kuivassa ja hyvin tuuletetussa ymp\u00e4rist\u00f6ss\u00e4. Noudata akkumoduulin h\u00e4vitt\u00e4misess\u00e4 paikallisia m\u00e4\u00e4r\u00e4yksi\u00e4.<\/p>\n<p>Kun kokoat akkua moduuleista, \u00e4l\u00e4 k\u00e4yt\u00e4 moduulien liitt\u00e4miseen juottamista vaan pistehitsausta - moduuliin juottaminen aiheuttaa moduuleihin l\u00e4mp\u00f6vaurioita.<\/p>\n<p>Voit lukea lis\u00e4\u00e4 Li-ion-akkujen turvallisuudesta <a href=\"http:\/\/www.xn--tuksimaailm-ffb.ee\/li-ion-akud-ja-elektritoukeratas-kuidas-valtida-tulekahjut\/\">blogistamme<\/a>.<\/p>\n","protected":false},"excerpt":{"rendered":"<p>Li-Ion 21700 -muotoinen akkumoduuli Molicel INR21700-P42A. Litiumioniakkumoduulin kapasiteetti on 4Ah(4000mAh),maksimi sy\u00f6tt\u00f6virta 45A purkautuneena ja nimellisj\u00e4nnite 3,6VDC (4,2V...2,5V ). Eritt\u00e4in korkea maksimipurkaus- ja latausvirta, keskikapasiteetti, eritt\u00e4in korkealaatuinen 21700-akkumoduuli. Muut tekniset tiedot: Paino: 66.5g Ladattava\/ei ladattava: ladattava. Latausl\u00e4mp\u00f6tila: 0C jopa 60C Purkul\u00e4mp\u00f6tila: -40C - 60C Varastointil\u00e4mp\u00f6tila: -40C - 60C Akkuversio: litte\u00e4 yl\u00e4osa &hellip;<\/p>\n","protected":false},"featured_media":25746,"template":"","meta":[],"product_brand":[],"product_cat":[1698],"product_tag":[],"filter_elektritoukeratas":[],"class_list":{"0":"post-60852","1":"product","2":"type-product","3":"status-publish","4":"has-post-thumbnail","6":"product_cat-varaosat","7":"pa_tootetuup-patistot","8":"pa_tootetuup-universal-sahkoskootterin-varaosat","10":"first","11":"outofstock","12":"taxable","13":"shipping-taxable","14":"purchasable","15":"product-type-simple"},"yoast_head":"<!-- This site is optimized with the Yoast SEO Premium plugin v26.8 (Yoast SEO v27.5) - https:\/\/yoast.com\/product\/yoast-seo-premium-wordpress\/ -->\n<title>Li-Ion akku moduuli Molicel INR21700-P42A 4Ah 45A | T\u00f5uksimaailm<\/title>\n<meta name=\"description\" content=\"Li-Ion 21700 formaadis aku moodul Molicel INR21700-P42A 3.6V. Liitium-ioon aku mooduli mahtuvus on 4Ah (4000mAh), maksimaalne vool t\u00fchjaks laadimisel 45A.\" \/>\n<meta name=\"robots\" content=\"index, follow, max-snippet:-1, max-image-preview:large, max-video-preview:-1\" \/>\n<link rel=\"canonical\" href=\"https:\/\/www.xn--tuksimaailm-ffb.ee\/fi\/shop\/li-ion-akku-moduuli-molicel-inr21700-p42a-4ah-45a\/\" \/>\n<meta property=\"og:locale\" content=\"fi_FI\" \/>\n<meta property=\"og:type\" content=\"article\" \/>\n<meta property=\"og:title\" content=\"Li-Ion akku moduuli Molicel INR21700-P42A 4Ah 45A\" \/>\n<meta property=\"og:description\" content=\"Li-Ion 21700 formaadis aku moodul Molicel INR21700-P42A 3.6V. Liitium-ioon aku mooduli mahtuvus on 4Ah (4000mAh), maksimaalne vool t\u00fchjaks laadimisel 45A.\" \/>\n<meta property=\"og:url\" content=\"https:\/\/www.xn--tuksimaailm-ffb.ee\/fi\/shop\/li-ion-akku-moduuli-molicel-inr21700-p42a-4ah-45a\/\" \/>\n<meta property=\"og:site_name\" content=\"T\u00f5uksimaailm\" \/>\n<meta property=\"article:publisher\" content=\"https:\/\/www.facebook.com\/touksimaailm\/\" \/>\n<meta property=\"og:image\" content=\"https:\/\/www.xn--tuksimaailm-ffb.ee\/wp-content\/uploads\/2022\/12\/Molicel-moodul.jpg\" \/>\n\t<meta property=\"og:image:width\" content=\"689\" \/>\n\t<meta property=\"og:image:height\" content=\"537\" \/>\n\t<meta property=\"og:image:type\" content=\"image\/jpeg\" \/>\n<meta name=\"twitter:card\" content=\"summary_large_image\" \/>\n<meta name=\"twitter:label1\" content=\"Hinta\" \/>\n\t<meta name=\"twitter:data1\" content=\"&euro;12.00\" \/>\n\t<meta name=\"twitter:label2\" content=\"Saatavuus\" \/>\n\t<meta name=\"twitter:data2\" content=\"Loppu varastosta\" \/>\n<meta property=\"product:price:amount\" content=\"12.00\" \/>\n<meta property=\"product:price:currency\" content=\"EUR\" \/>\n<meta property=\"og:availability\" content=\"out of stock\" \/>\n<meta property=\"product:availability\" content=\"out of stock\" \/>\n<meta property=\"product:condition\" content=\"new\" \/>\n<!-- \/ Yoast SEO Premium plugin. -->","yoast_head_json":{"title":"Li-Ion akku moduuli Molicel INR21700-P42A 4Ah 45A | T\u00f5uksimaailm","description":"Li-Ion 21700 formaadis aku moodul Molicel INR21700-P42A 3.6V. Liitium-ioon aku mooduli mahtuvus on 4Ah (4000mAh), maksimaalne vool t\u00fchjaks laadimisel 45A.","robots":{"index":"index","follow":"follow","max-snippet":"max-snippet:-1","max-image-preview":"max-image-preview:large","max-video-preview":"max-video-preview:-1"},"canonical":"https:\/\/www.xn--tuksimaailm-ffb.ee\/fi\/shop\/li-ion-akku-moduuli-molicel-inr21700-p42a-4ah-45a\/","og_locale":"fi_FI","og_type":"article","og_title":"Li-Ion akku moduuli Molicel INR21700-P42A 4Ah 45A","og_description":"Li-Ion 21700 formaadis aku moodul Molicel INR21700-P42A 3.6V. Liitium-ioon aku mooduli mahtuvus on 4Ah (4000mAh), maksimaalne vool t\u00fchjaks laadimisel 45A.","og_url":"https:\/\/www.xn--tuksimaailm-ffb.ee\/fi\/shop\/li-ion-akku-moduuli-molicel-inr21700-p42a-4ah-45a\/","og_site_name":"T\u00f5uksimaailm","article_publisher":"https:\/\/www.facebook.com\/touksimaailm\/","og_image":[{"width":689,"height":537,"url":"https:\/\/www.xn--tuksimaailm-ffb.ee\/wp-content\/uploads\/2022\/12\/Molicel-moodul.jpg","type":"image\/jpeg"}],"twitter_card":"summary_large_image","twitter_misc":{"Hinta":"&euro;12.00","Saatavuus":"Loppu varastosta"},"schema":{"@context":"https:\/\/schema.org","@graph":[{"@type":"WebPage","@id":"https:\/\/www.xn--tuksimaailm-ffb.ee\/fi\/shop\/li-ion-akku-moduuli-molicel-inr21700-p42a-4ah-45a\/","url":"https:\/\/www.xn--tuksimaailm-ffb.ee\/fi\/shop\/li-ion-akku-moduuli-molicel-inr21700-p42a-4ah-45a\/","name":"Li-Ion akku moduuli Molicel INR21700-P42A 4Ah 45A | T\u00f5uksimaailm","isPartOf":{"@id":"https:\/\/www.xn--tuksimaailm-ffb.ee\/fi\/#website"},"primaryImageOfPage":{"@id":"https:\/\/www.xn--tuksimaailm-ffb.ee\/fi\/shop\/li-ion-akku-moduuli-molicel-inr21700-p42a-4ah-45a\/#primaryimage"},"image":{"@id":"https:\/\/www.xn--tuksimaailm-ffb.ee\/fi\/shop\/li-ion-akku-moduuli-molicel-inr21700-p42a-4ah-45a\/#primaryimage"},"thumbnailUrl":"https:\/\/www.xn--tuksimaailm-ffb.ee\/wp-content\/uploads\/2022\/12\/Molicel-moodul.jpg","datePublished":"2022-12-29T16:57:31+00:00","description":"Li-Ion 21700 formaadis aku moodul Molicel INR21700-P42A 3.6V. Liitium-ioon aku mooduli mahtuvus on 4Ah (4000mAh), maksimaalne vool t\u00fchjaks laadimisel 45A.","breadcrumb":{"@id":"https:\/\/www.xn--tuksimaailm-ffb.ee\/fi\/shop\/li-ion-akku-moduuli-molicel-inr21700-p42a-4ah-45a\/#breadcrumb"},"inLanguage":"fi","potentialAction":[{"@type":"ReadAction","target":["https:\/\/www.xn--tuksimaailm-ffb.ee\/fi\/shop\/li-ion-akku-moduuli-molicel-inr21700-p42a-4ah-45a\/"]}]},{"@type":"ImageObject","inLanguage":"fi","@id":"https:\/\/www.xn--tuksimaailm-ffb.ee\/fi\/shop\/li-ion-akku-moduuli-molicel-inr21700-p42a-4ah-45a\/#primaryimage","url":"https:\/\/www.xn--tuksimaailm-ffb.ee\/wp-content\/uploads\/2022\/12\/Molicel-moodul.jpg","contentUrl":"https:\/\/www.xn--tuksimaailm-ffb.ee\/wp-content\/uploads\/2022\/12\/Molicel-moodul.jpg","width":689,"height":537},{"@type":"BreadcrumbList","@id":"https:\/\/www.xn--tuksimaailm-ffb.ee\/fi\/shop\/li-ion-akku-moduuli-molicel-inr21700-p42a-4ah-45a\/#breadcrumb","itemListElement":[{"@type":"ListItem","position":1,"name":"Home","item":"https:\/\/www.xn--tuksimaailm-ffb.ee\/fi\/kotisivu\/"},{"@type":"ListItem","position":2,"name":"Kauppa","item":"https:\/\/www.xn--tuksimaailm-ffb.ee\/elektritoukerataste-pood\/"},{"@type":"ListItem","position":3,"name":"Li-Ion akku moduuli Molicel INR21700-P42A 4Ah 45A"}]},{"@type":"WebSite","@id":"https:\/\/www.xn--tuksimaailm-ffb.ee\/fi\/#website","url":"https:\/\/www.xn--tuksimaailm-ffb.ee\/fi\/","name":"T\u00f5uksimaailm","description":"Elektrit\u00f5ukerataste m\u00fc\u00fck, remont ja rent","publisher":{"@id":"https:\/\/www.xn--tuksimaailm-ffb.ee\/fi\/#organization"},"potentialAction":[{"@type":"SearchAction","target":{"@type":"EntryPoint","urlTemplate":"https:\/\/www.xn--tuksimaailm-ffb.ee\/fi\/?s={search_term_string}"},"query-input":{"@type":"PropertyValueSpecification","valueRequired":true,"valueName":"search_term_string"}}],"inLanguage":"fi"},{"@type":"Organization","@id":"https:\/\/www.xn--tuksimaailm-ffb.ee\/fi\/#organization","name":"T\u00f5uksimaailm","url":"https:\/\/www.xn--tuksimaailm-ffb.ee\/fi\/","logo":{"@type":"ImageObject","inLanguage":"fi","@id":"https:\/\/www.xn--tuksimaailm-ffb.ee\/fi\/#\/schema\/logo\/image\/","url":"https:\/\/www.xn--tuksimaailm-ffb.ee\/wp-content\/uploads\/2020\/01\/logoz-e1579792875517.png","contentUrl":"https:\/\/www.xn--tuksimaailm-ffb.ee\/wp-content\/uploads\/2020\/01\/logoz-e1579792875517.png","width":250,"height":250,"caption":"T\u00f5uksimaailm"},"image":{"@id":"https:\/\/www.xn--tuksimaailm-ffb.ee\/fi\/#\/schema\/logo\/image\/"},"sameAs":["https:\/\/www.facebook.com\/touksimaailm\/","https:\/\/www.instagram.com\/touksimaailm_\/","https:\/\/www.youtube.com\/channel\/UC18ml0EKIDLP1xGuQjFzcXQ"]}]},"product_price_amount":"12.00","product_price_currency":"EUR","og_availability":"out of stock","product_availability":"out of stock","product_condition":"new"},"jetpack_sharing_enabled":true,"_links":{"self":[{"href":"https:\/\/www.xn--tuksimaailm-ffb.ee\/fi\/wp-json\/wp\/v2\/product\/60852","targetHints":{"allow":["GET"]}}],"collection":[{"href":"https:\/\/www.xn--tuksimaailm-ffb.ee\/fi\/wp-json\/wp\/v2\/product"}],"about":[{"href":"https:\/\/www.xn--tuksimaailm-ffb.ee\/fi\/wp-json\/wp\/v2\/types\/product"}],"wp:featuredmedia":[{"embeddable":true,"href":"https:\/\/www.xn--tuksimaailm-ffb.ee\/fi\/wp-json\/wp\/v2\/media\/25746"}],"wp:attachment":[{"href":"https:\/\/www.xn--tuksimaailm-ffb.ee\/fi\/wp-json\/wp\/v2\/media?parent=60852"}],"wp:term":[{"taxonomy":"product_brand","embeddable":true,"href":"https:\/\/www.xn--tuksimaailm-ffb.ee\/fi\/wp-json\/wp\/v2\/product_brand?post=60852"},{"taxonomy":"product_cat","embeddable":true,"href":"https:\/\/www.xn--tuksimaailm-ffb.ee\/fi\/wp-json\/wp\/v2\/product_cat?post=60852"},{"taxonomy":"product_tag","embeddable":true,"href":"https:\/\/www.xn--tuksimaailm-ffb.ee\/fi\/wp-json\/wp\/v2\/product_tag?post=60852"},{"taxonomy":"filter_elektritoukeratas","embeddable":true,"href":"https:\/\/www.xn--tuksimaailm-ffb.ee\/fi\/wp-json\/wp\/v2\/filter_elektritoukeratas?post=60852"}],"curies":[{"name":"wp","href":"https:\/\/api.w.org\/{rel}","templated":true}]}}