{"id":60854,"date":"2022-12-29T16:40:46","date_gmt":"2022-12-29T14:40:46","guid":{"rendered":"http:\/\/www.xn--tuksimaailm-ffb.ee\/shop\/li-ion-akku-moduuli-eve-icr18650-26v-2-5ah-7-65a\/"},"modified":"2022-12-29T16:40:46","modified_gmt":"2022-12-29T14:40:46","slug":"li-ion-akku-moduuli-eve-icr18650-26v-2-5ah-7-65a","status":"publish","type":"product","link":"https:\/\/www.xn--tuksimaailm-ffb.ee\/fi\/shop\/li-ion-akku-moduuli-eve-icr18650-26v-2-5ah-7-65a\/","title":{"rendered":"Li-Ion akku moduuli EVE ICR18650-26V 2.5Ah 7.65A"},"content":{"rendered":"<p>Li-Ion 18650-muotoinen akkumoduuli <strong>EVE ICR18650-26V<\/strong>. Litium-ioni-akkumoduulin kapasiteetti <strong>2,5Ah (2500mAh<\/strong>),<strong>suurin sy\u00f6tt\u00f6virta<\/strong> purkautuneena 7,65A , moduulin <strong>nimellisj\u00e4nnite<\/strong> 3,6VDC (4,2V...2,5V).<\/p>\n<p>Muut tekniset tiedot:<\/p>\n<p>Paino: 46g<br \/>\nLadattava\/ei ladattava: ladattava.<br \/>\nAkkuversio: Flat top<br \/>\nPiirin suojaus: ilman sulakesuojausta<br \/>\nPituus: 65.10mm<br \/>\nL\u00e4pimitta: 18.40mm<br \/>\nLatausj\u00e4nnite: 4.20V \u00b1 0.05V<br \/>\nSuurin latausvirta: 1.25A (0.5C)<\/p>\n<p><strong>HUOMAUTUS: \u00c4l\u00e4 koskaan<\/strong> lataa akkumoduulia alle 2,5 V:n j\u00e4nnitteeseen. Akkumoduuli, jonka j\u00e4nnite on laskenut alle t\u00e4m\u00e4n, on vaihdettava ja vanha moduuli on h\u00e4vitett\u00e4v\u00e4 - moduulin lataaminen \/ uudelleenlataaminen alle 2,5 V:n j\u00e4nnitteeseen on vaarallista. Litiumioniakut voivat olla vaarallisia, jos niit\u00e4 k\u00e4ytet\u00e4\u00e4n v\u00e4\u00e4rin. Virheellinen k\u00e4ytt\u00f6 voi aiheuttaa tulipalon tai r\u00e4j\u00e4hdyksen oikosulun vuoksi.<\/p>\n<p>\u00c4l\u00e4 lataa akkua v\u00e4\u00e4rill\u00e4 navoilla. \u00c4l\u00e4 koskaan oikosulje akkua, \u00e4l\u00e4 laita akkua taskuun avainten tai muiden metalliesineiden kanssa.<\/p>\n<p>\u00c4l\u00e4 pura akkua. Jos <a href=\"https:\/\/en.wikipedia.org\/wiki\/Lithium-ion_battery\">Li-Ion-akkumoduuli<\/a> on ep\u00e4muodostunut, se on h\u00e4vitett\u00e4v\u00e4. \u00c4l\u00e4 upota akkua veteen \u00e4l\u00e4k\u00e4 anna moduulin joutua kosketuksiin nesteiden kanssa.<\/p>\n<p>V\u00e4lt\u00e4 k\u00e4ytt\u00f6\u00e4 ymp\u00e4rist\u00f6iss\u00e4, joissa on eritt\u00e4in voimakasta fyysist\u00e4 t\u00e4rin\u00e4\u00e4 ja\/tai iskuja. \u00c4l\u00e4 heit\u00e4 akkumoduulia tuleen.<\/p>\n<p>Pid\u00e4 paristomoduuli lasten ulottumattomissa. \u00c4l\u00e4 k\u00e4yt\u00e4 muunneltua tai vaurioitunutta laturia latauksessa ja tarkista latausj\u00e4nnite ennen laturin k\u00e4ytt\u00f6\u00e4.<\/p>\n<p>\u00c4l\u00e4 j\u00e4t\u00e4 akkumoduulia laturiin yli 12 tunniksi. S\u00e4ilyt\u00e4 moduulia viile\u00e4ss\u00e4, kuivassa ja hyvin tuuletetussa ymp\u00e4rist\u00f6ss\u00e4. Noudata akkumoduulin h\u00e4vitt\u00e4misess\u00e4 paikallisia m\u00e4\u00e4r\u00e4yksi\u00e4.<\/p>\n<p>Kun kokoat akkua moduuleista, \u00e4l\u00e4 k\u00e4yt\u00e4 moduulien liitt\u00e4miseen juottamista vaan pistehitsausta - moduuliin juottaminen aiheuttaa moduuleihin l\u00e4mp\u00f6vaurioita.<\/p>\n<p>Voit lukea lis\u00e4\u00e4 Li-ion-akkujen turvallisuudesta <a href=\"http:\/\/www.xn--tuksimaailm-ffb.ee\/li-ion-akud-ja-elektritoukeratas-kuidas-valtida-tulekahjut\/\">blogistamme<\/a>.<\/p>\n","protected":false},"excerpt":{"rendered":"<p>Kuva on havainnollistava - 1 paristomoduuli sis\u00e4ltyy toimitukseen.<\/p>\n","protected":false},"featured_media":25744,"template":"","meta":[],"product_brand":[],"product_cat":[1698],"product_tag":[],"filter_elektritoukeratas":[],"class_list":{"0":"post-60854","1":"product","2":"type-product","3":"status-publish","4":"has-post-thumbnail","6":"product_cat-varaosat","7":"pa_tootetuup-patistot","8":"pa_tootetuup-universal-sahkoskootterin-varaosat","10":"first","11":"instock","12":"taxable","13":"shipping-taxable","14":"purchasable","15":"product-type-simple"},"yoast_head":"<!-- This site is optimized with the Yoast SEO Premium plugin v26.8 (Yoast SEO v27.5) - https:\/\/yoast.com\/product\/yoast-seo-premium-wordpress\/ -->\n<title>Li-Ion akku moduuli EVE ICR18650-26V 2.5Ah 7.65A | T\u00f5uksimaailm<\/title>\n<meta name=\"description\" content=\"Li-Ion 18650 formaadis aku moodul EVE ICR18650-26V 3.6V. Liitium-ioon aku mooduli mahtuvus 2.5Ah (2500mAh), maksimaalne toitevool t\u00fchjaks laadimisel 7.65A.\" \/>\n<meta name=\"robots\" content=\"index, follow, max-snippet:-1, max-image-preview:large, max-video-preview:-1\" \/>\n<link rel=\"canonical\" href=\"https:\/\/www.xn--tuksimaailm-ffb.ee\/fi\/shop\/li-ion-akku-moduuli-eve-icr18650-26v-2-5ah-7-65a\/\" \/>\n<meta property=\"og:locale\" content=\"fi_FI\" \/>\n<meta property=\"og:type\" content=\"article\" \/>\n<meta property=\"og:title\" content=\"Li-Ion akku moduuli EVE ICR18650-26V 2.5Ah 7.65A\" \/>\n<meta property=\"og:description\" content=\"Li-Ion 18650 formaadis aku moodul EVE ICR18650-26V 3.6V. Liitium-ioon aku mooduli mahtuvus 2.5Ah (2500mAh), maksimaalne toitevool t\u00fchjaks laadimisel 7.65A.\" \/>\n<meta property=\"og:url\" content=\"https:\/\/www.xn--tuksimaailm-ffb.ee\/fi\/shop\/li-ion-akku-moduuli-eve-icr18650-26v-2-5ah-7-65a\/\" \/>\n<meta property=\"og:site_name\" content=\"T\u00f5uksimaailm\" \/>\n<meta property=\"article:publisher\" content=\"https:\/\/www.facebook.com\/touksimaailm\/\" \/>\n<meta property=\"og:image\" content=\"https:\/\/www.xn--tuksimaailm-ffb.ee\/wp-content\/uploads\/2022\/12\/LG-moodul-1.jpg\" \/>\n\t<meta property=\"og:image:width\" content=\"549\" \/>\n\t<meta property=\"og:image:height\" content=\"542\" \/>\n\t<meta property=\"og:image:type\" content=\"image\/jpeg\" \/>\n<meta name=\"twitter:card\" content=\"summary_large_image\" \/>\n<meta name=\"twitter:label1\" content=\"Hinta\" \/>\n\t<meta name=\"twitter:data1\" content=\"&euro;9.50\" \/>\n\t<meta name=\"twitter:label2\" content=\"Saatavuus\" \/>\n\t<meta name=\"twitter:data2\" content=\"Varastossa\" \/>\n<meta property=\"product:price:amount\" content=\"9.50\" \/>\n<meta property=\"product:price:currency\" content=\"EUR\" \/>\n<meta property=\"og:availability\" content=\"instock\" \/>\n<meta property=\"product:availability\" content=\"instock\" \/>\n<meta property=\"product:condition\" content=\"new\" \/>\n<!-- \/ Yoast SEO Premium plugin. -->","yoast_head_json":{"title":"Li-Ion akku moduuli EVE ICR18650-26V 2.5Ah 7.65A | T\u00f5uksimaailm","description":"Li-Ion 18650 formaadis aku moodul EVE ICR18650-26V 3.6V. Liitium-ioon aku mooduli mahtuvus 2.5Ah (2500mAh), maksimaalne toitevool t\u00fchjaks laadimisel 7.65A.","robots":{"index":"index","follow":"follow","max-snippet":"max-snippet:-1","max-image-preview":"max-image-preview:large","max-video-preview":"max-video-preview:-1"},"canonical":"https:\/\/www.xn--tuksimaailm-ffb.ee\/fi\/shop\/li-ion-akku-moduuli-eve-icr18650-26v-2-5ah-7-65a\/","og_locale":"fi_FI","og_type":"article","og_title":"Li-Ion akku moduuli EVE ICR18650-26V 2.5Ah 7.65A","og_description":"Li-Ion 18650 formaadis aku moodul EVE ICR18650-26V 3.6V. Liitium-ioon aku mooduli mahtuvus 2.5Ah (2500mAh), maksimaalne toitevool t\u00fchjaks laadimisel 7.65A.","og_url":"https:\/\/www.xn--tuksimaailm-ffb.ee\/fi\/shop\/li-ion-akku-moduuli-eve-icr18650-26v-2-5ah-7-65a\/","og_site_name":"T\u00f5uksimaailm","article_publisher":"https:\/\/www.facebook.com\/touksimaailm\/","og_image":[{"width":549,"height":542,"url":"https:\/\/www.xn--tuksimaailm-ffb.ee\/wp-content\/uploads\/2022\/12\/LG-moodul-1.jpg","type":"image\/jpeg"}],"twitter_card":"summary_large_image","twitter_misc":{"Hinta":"&euro;9.50","Saatavuus":"Varastossa"},"schema":{"@context":"https:\/\/schema.org","@graph":[{"@type":"WebPage","@id":"https:\/\/www.xn--tuksimaailm-ffb.ee\/fi\/shop\/li-ion-akku-moduuli-eve-icr18650-26v-2-5ah-7-65a\/","url":"https:\/\/www.xn--tuksimaailm-ffb.ee\/fi\/shop\/li-ion-akku-moduuli-eve-icr18650-26v-2-5ah-7-65a\/","name":"Li-Ion akku moduuli EVE ICR18650-26V 2.5Ah 7.65A | T\u00f5uksimaailm","isPartOf":{"@id":"https:\/\/www.xn--tuksimaailm-ffb.ee\/fi\/#website"},"primaryImageOfPage":{"@id":"https:\/\/www.xn--tuksimaailm-ffb.ee\/fi\/shop\/li-ion-akku-moduuli-eve-icr18650-26v-2-5ah-7-65a\/#primaryimage"},"image":{"@id":"https:\/\/www.xn--tuksimaailm-ffb.ee\/fi\/shop\/li-ion-akku-moduuli-eve-icr18650-26v-2-5ah-7-65a\/#primaryimage"},"thumbnailUrl":"https:\/\/www.xn--tuksimaailm-ffb.ee\/wp-content\/uploads\/2022\/12\/LG-moodul-1.jpg","datePublished":"2022-12-29T14:40:46+00:00","description":"Li-Ion 18650 formaadis aku moodul EVE ICR18650-26V 3.6V. Liitium-ioon aku mooduli mahtuvus 2.5Ah (2500mAh), maksimaalne toitevool t\u00fchjaks laadimisel 7.65A.","breadcrumb":{"@id":"https:\/\/www.xn--tuksimaailm-ffb.ee\/fi\/shop\/li-ion-akku-moduuli-eve-icr18650-26v-2-5ah-7-65a\/#breadcrumb"},"inLanguage":"fi","potentialAction":[{"@type":"ReadAction","target":["https:\/\/www.xn--tuksimaailm-ffb.ee\/fi\/shop\/li-ion-akku-moduuli-eve-icr18650-26v-2-5ah-7-65a\/"]}]},{"@type":"ImageObject","inLanguage":"fi","@id":"https:\/\/www.xn--tuksimaailm-ffb.ee\/fi\/shop\/li-ion-akku-moduuli-eve-icr18650-26v-2-5ah-7-65a\/#primaryimage","url":"https:\/\/www.xn--tuksimaailm-ffb.ee\/wp-content\/uploads\/2022\/12\/LG-moodul-1.jpg","contentUrl":"https:\/\/www.xn--tuksimaailm-ffb.ee\/wp-content\/uploads\/2022\/12\/LG-moodul-1.jpg","width":549,"height":542},{"@type":"BreadcrumbList","@id":"https:\/\/www.xn--tuksimaailm-ffb.ee\/fi\/shop\/li-ion-akku-moduuli-eve-icr18650-26v-2-5ah-7-65a\/#breadcrumb","itemListElement":[{"@type":"ListItem","position":1,"name":"Home","item":"https:\/\/www.xn--tuksimaailm-ffb.ee\/fi\/kotisivu\/"},{"@type":"ListItem","position":2,"name":"Kauppa","item":"https:\/\/www.xn--tuksimaailm-ffb.ee\/elektritoukerataste-pood\/"},{"@type":"ListItem","position":3,"name":"Li-Ion akku moduuli EVE ICR18650-26V 2.5Ah 7.65A"}]},{"@type":"WebSite","@id":"https:\/\/www.xn--tuksimaailm-ffb.ee\/fi\/#website","url":"https:\/\/www.xn--tuksimaailm-ffb.ee\/fi\/","name":"T\u00f5uksimaailm","description":"Elektrit\u00f5ukerataste m\u00fc\u00fck, remont ja rent","publisher":{"@id":"https:\/\/www.xn--tuksimaailm-ffb.ee\/fi\/#organization"},"potentialAction":[{"@type":"SearchAction","target":{"@type":"EntryPoint","urlTemplate":"https:\/\/www.xn--tuksimaailm-ffb.ee\/fi\/?s={search_term_string}"},"query-input":{"@type":"PropertyValueSpecification","valueRequired":true,"valueName":"search_term_string"}}],"inLanguage":"fi"},{"@type":"Organization","@id":"https:\/\/www.xn--tuksimaailm-ffb.ee\/fi\/#organization","name":"T\u00f5uksimaailm","url":"https:\/\/www.xn--tuksimaailm-ffb.ee\/fi\/","logo":{"@type":"ImageObject","inLanguage":"fi","@id":"https:\/\/www.xn--tuksimaailm-ffb.ee\/fi\/#\/schema\/logo\/image\/","url":"https:\/\/www.xn--tuksimaailm-ffb.ee\/wp-content\/uploads\/2020\/01\/logoz-e1579792875517.png","contentUrl":"https:\/\/www.xn--tuksimaailm-ffb.ee\/wp-content\/uploads\/2020\/01\/logoz-e1579792875517.png","width":250,"height":250,"caption":"T\u00f5uksimaailm"},"image":{"@id":"https:\/\/www.xn--tuksimaailm-ffb.ee\/fi\/#\/schema\/logo\/image\/"},"sameAs":["https:\/\/www.facebook.com\/touksimaailm\/","https:\/\/www.instagram.com\/touksimaailm_\/","https:\/\/www.youtube.com\/channel\/UC18ml0EKIDLP1xGuQjFzcXQ"]}]},"product_price_amount":"9.50","product_price_currency":"EUR","og_availability":"instock","product_availability":"instock","product_condition":"new"},"jetpack_sharing_enabled":true,"_links":{"self":[{"href":"https:\/\/www.xn--tuksimaailm-ffb.ee\/fi\/wp-json\/wp\/v2\/product\/60854","targetHints":{"allow":["GET"]}}],"collection":[{"href":"https:\/\/www.xn--tuksimaailm-ffb.ee\/fi\/wp-json\/wp\/v2\/product"}],"about":[{"href":"https:\/\/www.xn--tuksimaailm-ffb.ee\/fi\/wp-json\/wp\/v2\/types\/product"}],"wp:featuredmedia":[{"embeddable":true,"href":"https:\/\/www.xn--tuksimaailm-ffb.ee\/fi\/wp-json\/wp\/v2\/media\/25744"}],"wp:attachment":[{"href":"https:\/\/www.xn--tuksimaailm-ffb.ee\/fi\/wp-json\/wp\/v2\/media?parent=60854"}],"wp:term":[{"taxonomy":"product_brand","embeddable":true,"href":"https:\/\/www.xn--tuksimaailm-ffb.ee\/fi\/wp-json\/wp\/v2\/product_brand?post=60854"},{"taxonomy":"product_cat","embeddable":true,"href":"https:\/\/www.xn--tuksimaailm-ffb.ee\/fi\/wp-json\/wp\/v2\/product_cat?post=60854"},{"taxonomy":"product_tag","embeddable":true,"href":"https:\/\/www.xn--tuksimaailm-ffb.ee\/fi\/wp-json\/wp\/v2\/product_tag?post=60854"},{"taxonomy":"filter_elektritoukeratas","embeddable":true,"href":"https:\/\/www.xn--tuksimaailm-ffb.ee\/fi\/wp-json\/wp\/v2\/filter_elektritoukeratas?post=60854"}],"curies":[{"name":"wp","href":"https:\/\/api.w.org\/{rel}","templated":true}]}}