{"id":60856,"date":"2022-12-29T12:57:04","date_gmt":"2022-12-29T10:57:04","guid":{"rendered":"http:\/\/www.xn--tuksimaailm-ffb.ee\/shop\/inokim-ox-oxo-takalokasuoja-kahdella-tuella\/"},"modified":"2022-12-29T12:57:04","modified_gmt":"2022-12-29T10:57:04","slug":"inokim-ox-oxo-takalokasuoja-kahdella-tuella","status":"publish","type":"product","link":"https:\/\/www.xn--tuksimaailm-ffb.ee\/fi\/shop\/inokim-ox-oxo-takalokasuoja-kahdella-tuella\/","title":{"rendered":"Inokim OX \/ OXO takalokasuoja kahdella tuella"},"content":{"rendered":"<p>Takalokasuoja (takalokasuoja \/ lokasuoja \/ lokasuoja \/ lokasuoja \/ lokasuoja) Inokim OX \/ OXO s\u00e4hk\u00f6potkulautaan, muovia, musta, vahvistettu kahdella tuella, uudempi versio. <strong>Alkuper\u00e4inen varaosa<\/strong>. Inokim OX \/ OXO -s\u00e4hk\u00f6potkulautan takalokasuoja sopii ehdottomasti seuraaviin suosittuihin malleihin - <a href=\"http:\/\/www.xn--tuksimaailm-ffb.ee\/shop\/elektriline-toukeratas-inokim-ox-eco\/\"><strong>Inokim OX Eco<\/strong><\/a>,<a href=\"http:\/\/www.xn--tuksimaailm-ffb.ee\/shop\/inokim-ox-hero-elektritoukeratas\/\"><strong>OX Hero<\/strong><\/a>,<a href=\"http:\/\/www.xn--tuksimaailm-ffb.ee\/shop\/inokim-ox-super-elektritoukeratas\/\"><strong>OX Super ja <\/strong><\/a><strong>OXO<\/strong>.<\/p>\n<p>Jos sinulla on vaikeuksia Inokim OX -s\u00e4hk\u00f6skootterin takatelineen asentamisessa yksin, s\u00e4hk\u00f6skoottereihin <a href=\"http:\/\/www.xn--tuksimaailm-ffb.ee\/elektrilise-toukeratta-remont\/\">erikoistunut korjaamomme<\/a> voi auttaa.<\/p>\n","protected":false},"excerpt":{"rendered":"<p>Takalokasuoja (takalokasuoja \/ lokasuoja \/ lokasuoja \/ lokasuoja \/ lokasuoja) Inokim OX \/ OXO s\u00e4hk\u00f6potkulautaan, muovia, musta, vahvistettu kahdella tuella, uudempi versio. Alkuper\u00e4inen varaosa. Inokim OX \/ OXO -s\u00e4hk\u00f6potkulautan takalokasuoja sopii ehdottomasti seuraaviin suosittuihin malleihin - Inokim OX Eco,OX Hero,OX Super ja OXO. Jos sinulla on vaikeuksia Inokim OX -s\u00e4hk\u00f6skootterin &hellip;<\/p>\n","protected":false},"featured_media":25742,"template":"","meta":[],"product_brand":[],"product_cat":[1698],"product_tag":[3330],"filter_elektritoukeratas":[2714,2715],"class_list":{"0":"post-60856","1":"product","2":"type-product","3":"status-publish","4":"has-post-thumbnail","6":"product_cat-varaosat","7":"product_tag-inokim-varuosad-fi","8":"filter_elektritoukeratas-ft_inokim_ox_eco_hero_super","9":"filter_elektritoukeratas-ft_inokim_oxo","11":"first","12":"instock","13":"taxable","14":"shipping-taxable","15":"purchasable","16":"product-type-simple"},"yoast_head":"<!-- This site is optimized with the Yoast SEO Premium plugin v26.8 (Yoast SEO v27.3) - https:\/\/yoast.com\/product\/yoast-seo-premium-wordpress\/ -->\n<title>Inokim OX \/ OXO takalokasuoja kahdella tuella | T\u00f5uksimaailm<\/title>\n<meta name=\"description\" content=\"Inokim OX \/ OXO tagumine porilaud \/ tagaporilaud \/ porikaitse \/ poritiib. Sobib elektrit\u00f5ukerattale Inokim OX Eco \/ Hero \/ Super \/ OXO. Kahe toega versioon.\" \/>\n<meta name=\"robots\" content=\"index, follow, max-snippet:-1, max-image-preview:large, max-video-preview:-1\" \/>\n<link rel=\"canonical\" href=\"https:\/\/www.xn--tuksimaailm-ffb.ee\/fi\/shop\/inokim-ox-oxo-takalokasuoja-kahdella-tuella\/\" \/>\n<meta property=\"og:locale\" content=\"fi_FI\" \/>\n<meta property=\"og:type\" content=\"article\" \/>\n<meta property=\"og:title\" content=\"Inokim OX \/ OXO takalokasuoja kahdella tuella\" \/>\n<meta property=\"og:description\" content=\"Inokim OX \/ OXO tagumine porilaud \/ tagaporilaud \/ porikaitse \/ poritiib. Sobib elektrit\u00f5ukerattale Inokim OX Eco \/ Hero \/ Super \/ OXO. Kahe toega versioon.\" \/>\n<meta property=\"og:url\" content=\"https:\/\/www.xn--tuksimaailm-ffb.ee\/fi\/shop\/inokim-ox-oxo-takalokasuoja-kahdella-tuella\/\" \/>\n<meta property=\"og:site_name\" content=\"T\u00f5uksimaailm\" \/>\n<meta property=\"article:publisher\" content=\"https:\/\/www.facebook.com\/touksimaailm\/\" \/>\n<meta property=\"og:image\" content=\"https:\/\/www.xn--tuksimaailm-ffb.ee\/wp-content\/uploads\/2022\/12\/inokim-porilaud-2ne.jpg\" \/>\n\t<meta property=\"og:image:width\" content=\"539\" \/>\n\t<meta property=\"og:image:height\" content=\"479\" \/>\n\t<meta property=\"og:image:type\" content=\"image\/jpeg\" \/>\n<meta name=\"twitter:card\" content=\"summary_large_image\" \/>\n<meta name=\"twitter:label1\" content=\"Hinta\" \/>\n\t<meta name=\"twitter:data1\" content=\"&euro;25.00\" \/>\n\t<meta name=\"twitter:label2\" content=\"Saatavuus\" \/>\n\t<meta name=\"twitter:data2\" content=\"Varastossa\" \/>\n<meta property=\"product:price:amount\" content=\"25.00\" \/>\n<meta property=\"product:price:currency\" content=\"EUR\" \/>\n<meta property=\"og:availability\" content=\"instock\" \/>\n<meta property=\"product:availability\" content=\"instock\" \/>\n<meta property=\"product:condition\" content=\"new\" \/>\n<!-- \/ Yoast SEO Premium plugin. -->","yoast_head_json":{"title":"Inokim OX \/ OXO takalokasuoja kahdella tuella | T\u00f5uksimaailm","description":"Inokim OX \/ OXO tagumine porilaud \/ tagaporilaud \/ porikaitse \/ poritiib. Sobib elektrit\u00f5ukerattale Inokim OX Eco \/ Hero \/ Super \/ OXO. Kahe toega versioon.","robots":{"index":"index","follow":"follow","max-snippet":"max-snippet:-1","max-image-preview":"max-image-preview:large","max-video-preview":"max-video-preview:-1"},"canonical":"https:\/\/www.xn--tuksimaailm-ffb.ee\/fi\/shop\/inokim-ox-oxo-takalokasuoja-kahdella-tuella\/","og_locale":"fi_FI","og_type":"article","og_title":"Inokim OX \/ OXO takalokasuoja kahdella tuella","og_description":"Inokim OX \/ OXO tagumine porilaud \/ tagaporilaud \/ porikaitse \/ poritiib. Sobib elektrit\u00f5ukerattale Inokim OX Eco \/ Hero \/ Super \/ OXO. Kahe toega versioon.","og_url":"https:\/\/www.xn--tuksimaailm-ffb.ee\/fi\/shop\/inokim-ox-oxo-takalokasuoja-kahdella-tuella\/","og_site_name":"T\u00f5uksimaailm","article_publisher":"https:\/\/www.facebook.com\/touksimaailm\/","og_image":[{"width":539,"height":479,"url":"https:\/\/www.xn--tuksimaailm-ffb.ee\/wp-content\/uploads\/2022\/12\/inokim-porilaud-2ne.jpg","type":"image\/jpeg"}],"twitter_card":"summary_large_image","twitter_misc":{"Hinta":"&euro;25.00","Saatavuus":"Varastossa"},"schema":{"@context":"https:\/\/schema.org","@graph":[{"@type":"WebPage","@id":"https:\/\/www.xn--tuksimaailm-ffb.ee\/fi\/shop\/inokim-ox-oxo-takalokasuoja-kahdella-tuella\/","url":"https:\/\/www.xn--tuksimaailm-ffb.ee\/fi\/shop\/inokim-ox-oxo-takalokasuoja-kahdella-tuella\/","name":"Inokim OX \/ OXO takalokasuoja kahdella tuella | T\u00f5uksimaailm","isPartOf":{"@id":"https:\/\/www.xn--tuksimaailm-ffb.ee\/fi\/#website"},"primaryImageOfPage":{"@id":"https:\/\/www.xn--tuksimaailm-ffb.ee\/fi\/shop\/inokim-ox-oxo-takalokasuoja-kahdella-tuella\/#primaryimage"},"image":{"@id":"https:\/\/www.xn--tuksimaailm-ffb.ee\/fi\/shop\/inokim-ox-oxo-takalokasuoja-kahdella-tuella\/#primaryimage"},"thumbnailUrl":"https:\/\/www.xn--tuksimaailm-ffb.ee\/wp-content\/uploads\/2022\/12\/inokim-porilaud-2ne.jpg","datePublished":"2022-12-29T10:57:04+00:00","description":"Inokim OX \/ OXO tagumine porilaud \/ tagaporilaud \/ porikaitse \/ poritiib. Sobib elektrit\u00f5ukerattale Inokim OX Eco \/ Hero \/ Super \/ OXO. Kahe toega versioon.","breadcrumb":{"@id":"https:\/\/www.xn--tuksimaailm-ffb.ee\/fi\/shop\/inokim-ox-oxo-takalokasuoja-kahdella-tuella\/#breadcrumb"},"inLanguage":"fi","potentialAction":[{"@type":"ReadAction","target":["https:\/\/www.xn--tuksimaailm-ffb.ee\/fi\/shop\/inokim-ox-oxo-takalokasuoja-kahdella-tuella\/"]}]},{"@type":"ImageObject","inLanguage":"fi","@id":"https:\/\/www.xn--tuksimaailm-ffb.ee\/fi\/shop\/inokim-ox-oxo-takalokasuoja-kahdella-tuella\/#primaryimage","url":"https:\/\/www.xn--tuksimaailm-ffb.ee\/wp-content\/uploads\/2022\/12\/inokim-porilaud-2ne.jpg","contentUrl":"https:\/\/www.xn--tuksimaailm-ffb.ee\/wp-content\/uploads\/2022\/12\/inokim-porilaud-2ne.jpg","width":539,"height":479},{"@type":"BreadcrumbList","@id":"https:\/\/www.xn--tuksimaailm-ffb.ee\/fi\/shop\/inokim-ox-oxo-takalokasuoja-kahdella-tuella\/#breadcrumb","itemListElement":[{"@type":"ListItem","position":1,"name":"Home","item":"https:\/\/www.xn--tuksimaailm-ffb.ee\/fi\/kotisivu\/"},{"@type":"ListItem","position":2,"name":"Kauppa","item":"https:\/\/www.xn--tuksimaailm-ffb.ee\/elektritoukerataste-pood\/"},{"@type":"ListItem","position":3,"name":"Inokim OX \/ OXO takalokasuoja kahdella tuella"}]},{"@type":"WebSite","@id":"https:\/\/www.xn--tuksimaailm-ffb.ee\/fi\/#website","url":"https:\/\/www.xn--tuksimaailm-ffb.ee\/fi\/","name":"T\u00f5uksimaailm","description":"Elektrit\u00f5ukerataste m\u00fc\u00fck, remont ja rent","publisher":{"@id":"https:\/\/www.xn--tuksimaailm-ffb.ee\/fi\/#organization"},"potentialAction":[{"@type":"SearchAction","target":{"@type":"EntryPoint","urlTemplate":"https:\/\/www.xn--tuksimaailm-ffb.ee\/fi\/?s={search_term_string}"},"query-input":{"@type":"PropertyValueSpecification","valueRequired":true,"valueName":"search_term_string"}}],"inLanguage":"fi"},{"@type":"Organization","@id":"https:\/\/www.xn--tuksimaailm-ffb.ee\/fi\/#organization","name":"T\u00f5uksimaailm","url":"https:\/\/www.xn--tuksimaailm-ffb.ee\/fi\/","logo":{"@type":"ImageObject","inLanguage":"fi","@id":"https:\/\/www.xn--tuksimaailm-ffb.ee\/fi\/#\/schema\/logo\/image\/","url":"https:\/\/www.xn--tuksimaailm-ffb.ee\/wp-content\/uploads\/2020\/01\/logoz-e1579792875517.png","contentUrl":"https:\/\/www.xn--tuksimaailm-ffb.ee\/wp-content\/uploads\/2020\/01\/logoz-e1579792875517.png","width":250,"height":250,"caption":"T\u00f5uksimaailm"},"image":{"@id":"https:\/\/www.xn--tuksimaailm-ffb.ee\/fi\/#\/schema\/logo\/image\/"},"sameAs":["https:\/\/www.facebook.com\/touksimaailm\/","https:\/\/www.instagram.com\/touksimaailm_\/","https:\/\/www.youtube.com\/channel\/UC18ml0EKIDLP1xGuQjFzcXQ"]}]},"product_price_amount":"25.00","product_price_currency":"EUR","og_availability":"instock","product_availability":"instock","product_condition":"new"},"jetpack_sharing_enabled":true,"_links":{"self":[{"href":"https:\/\/www.xn--tuksimaailm-ffb.ee\/fi\/wp-json\/wp\/v2\/product\/60856","targetHints":{"allow":["GET"]}}],"collection":[{"href":"https:\/\/www.xn--tuksimaailm-ffb.ee\/fi\/wp-json\/wp\/v2\/product"}],"about":[{"href":"https:\/\/www.xn--tuksimaailm-ffb.ee\/fi\/wp-json\/wp\/v2\/types\/product"}],"wp:featuredmedia":[{"embeddable":true,"href":"https:\/\/www.xn--tuksimaailm-ffb.ee\/fi\/wp-json\/wp\/v2\/media\/25742"}],"wp:attachment":[{"href":"https:\/\/www.xn--tuksimaailm-ffb.ee\/fi\/wp-json\/wp\/v2\/media?parent=60856"}],"wp:term":[{"taxonomy":"product_brand","embeddable":true,"href":"https:\/\/www.xn--tuksimaailm-ffb.ee\/fi\/wp-json\/wp\/v2\/product_brand?post=60856"},{"taxonomy":"product_cat","embeddable":true,"href":"https:\/\/www.xn--tuksimaailm-ffb.ee\/fi\/wp-json\/wp\/v2\/product_cat?post=60856"},{"taxonomy":"product_tag","embeddable":true,"href":"https:\/\/www.xn--tuksimaailm-ffb.ee\/fi\/wp-json\/wp\/v2\/product_tag?post=60856"},{"taxonomy":"filter_elektritoukeratas","embeddable":true,"href":"https:\/\/www.xn--tuksimaailm-ffb.ee\/fi\/wp-json\/wp\/v2\/filter_elektritoukeratas?post=60856"}],"curies":[{"name":"wp","href":"https:\/\/api.w.org\/{rel}","templated":true}]}}