{"id":60873,"date":"2022-03-13T12:09:40","date_gmt":"2022-03-13T10:09:40","guid":{"rendered":"http:\/\/www.xn--tuksimaailm-ffb.ee\/shop\/inokim-light-kiintea-rengas-8-5x2-00-5-5-kiintea-kumi\/"},"modified":"2022-03-13T12:09:40","modified_gmt":"2022-03-13T10:09:40","slug":"inokim-light-kiintea-rengas-8-5x2-00-5-5-kiintea-kumi","status":"publish","type":"product","link":"https:\/\/www.xn--tuksimaailm-ffb.ee\/fi\/shop\/inokim-light-kiintea-rengas-8-5x2-00-5-5-kiintea-kumi\/","title":{"rendered":"Inokim Light kiinte\u00e4 rengas 8.5x2.00-5.5\" kiinte\u00e4 kumi"},"content":{"rendered":"<p><a href=\"http:\/\/www.xn--tuksimaailm-ffb.ee\/shop\/inokim-light-2-super-elektritoukeratas\/\">Inokim Light kiinte\u00e4<\/a> rengas 8.5x2.00-5.5 (my\u00f6s puhkeamaton kiinte\u00e4 rengas). Rengas koostuu alkuper\u00e4isest\u00e4 Inokim Light -ulkorenkaasta, jossa on valettu umpikumirengas. Sopii s\u00e4hk\u00f6potkulautoihin Inokim Light 2 Hero ja Super. Jos s\u00e4hk\u00f6skootterin korjaaminen tai <a href=\"https:\/\/www.youtube.com\/watch?v=9c5oaCgBtVA\">renkaiden<\/a>vaihtaminen <a href=\"https:\/\/www.youtube.com\/watch?v=9c5oaCgBtVA\">on<\/a>liikaa, s\u00e4hk\u00f6skoottereihin <a href=\"http:\/\/www.xn--tuksimaailm-ffb.ee\/elektrilise-toukeratta-remont\/\">erikoistunut korjaamomme<\/a> voi auttaa. Suoritamme renkaiden vaihdot my\u00f6s valmiustilassa.<\/p>\n","protected":false},"excerpt":{"rendered":"<p>Inokim Light kiinte\u00e4 rengas 8.5x2.00-5.5 (my\u00f6s puhkeamaton kiinte\u00e4 rengas). Rengas koostuu alkuper\u00e4isest\u00e4 Inokim Light -ulkorenkaasta, jossa on valettu umpikumirengas. Sopii s\u00e4hk\u00f6potkulautoihin Inokim Light 2 Hero ja Super. Jos s\u00e4hk\u00f6skootterin korjaaminen tai renkaidenvaihtaminen onliikaa, s\u00e4hk\u00f6skoottereihin erikoistunut korjaamomme voi auttaa. Suoritamme renkaiden vaihdot my\u00f6s valmiustilassa.<\/p>\n","protected":false},"featured_media":34889,"template":"","meta":[],"product_brand":[],"product_cat":[1698],"product_tag":[3330],"filter_elektritoukeratas":[2711,2709],"class_list":{"0":"post-60873","1":"product","2":"type-product","3":"status-publish","4":"has-post-thumbnail","6":"product_cat-varaosat","7":"product_tag-inokim-varuosad-fi","8":"pa_tootetuup-taisrehvid-kargrehvid-fi","9":"filter_elektritoukeratas-ft_inokim_light_2_max_super","10":"filter_elektritoukeratas-ft_inokim_light_hero_2_hero","12":"first","13":"instock","14":"taxable","15":"shipping-taxable","16":"purchasable","17":"product-type-simple"},"yoast_head":"<!-- This site is optimized with the Yoast SEO Premium plugin v26.8 (Yoast SEO v27.5) - https:\/\/yoast.com\/product\/yoast-seo-premium-wordpress\/ -->\n<title>Inokim Light kiinte\u00e4 rengas 8.5x2.00-5.5&quot; kiinte\u00e4 kumi | T\u00f5uksimaailm<\/title>\n<meta name=\"description\" content=\"Inokim Light t\u00e4isrehv 8.5x2.00-5.5 (ka t\u00e4iskummist rehv). Sobib elektrit\u00f5ukeratas Inokim Light 2 Hero ja Super.\" \/>\n<meta name=\"robots\" content=\"index, follow, max-snippet:-1, max-image-preview:large, max-video-preview:-1\" \/>\n<link rel=\"canonical\" href=\"https:\/\/www.xn--tuksimaailm-ffb.ee\/fi\/shop\/inokim-light-kiintea-rengas-8-5x2-00-5-5-kiintea-kumi\/\" \/>\n<meta property=\"og:locale\" content=\"fi_FI\" \/>\n<meta property=\"og:type\" content=\"article\" \/>\n<meta property=\"og:title\" content=\"Inokim Light kiinte\u00e4 rengas 8.5x2.00-5.5&quot; kiinte\u00e4 kumi\" \/>\n<meta property=\"og:description\" content=\"Inokim Light t\u00e4isrehv 8.5x2.00-5.5 (ka t\u00e4iskummist rehv). Sobib elektrit\u00f5ukeratas Inokim Light 2 Hero ja Super.\" \/>\n<meta property=\"og:url\" content=\"https:\/\/www.xn--tuksimaailm-ffb.ee\/fi\/shop\/inokim-light-kiintea-rengas-8-5x2-00-5-5-kiintea-kumi\/\" \/>\n<meta property=\"og:site_name\" content=\"T\u00f5uksimaailm\" \/>\n<meta property=\"article:publisher\" content=\"https:\/\/www.facebook.com\/touksimaailm\/\" \/>\n<meta property=\"og:image\" content=\"https:\/\/www.xn--tuksimaailm-ffb.ee\/wp-content\/uploads\/2022\/03\/IMG_20230425_210758-removebg-preview.png\" \/>\n\t<meta property=\"og:image:width\" content=\"433\" \/>\n\t<meta property=\"og:image:height\" content=\"577\" \/>\n\t<meta property=\"og:image:type\" content=\"image\/png\" \/>\n<meta name=\"twitter:card\" content=\"summary_large_image\" \/>\n<meta name=\"twitter:label1\" content=\"Hinta\" \/>\n\t<meta name=\"twitter:data1\" content=\"&euro;35.00\" \/>\n\t<meta name=\"twitter:label2\" content=\"Saatavuus\" \/>\n\t<meta name=\"twitter:data2\" content=\"Varastossa\" \/>\n<meta property=\"product:price:amount\" content=\"35.00\" \/>\n<meta property=\"product:price:currency\" content=\"EUR\" \/>\n<meta property=\"og:availability\" content=\"instock\" \/>\n<meta property=\"product:availability\" content=\"instock\" \/>\n<meta property=\"product:condition\" content=\"new\" \/>\n<!-- \/ Yoast SEO Premium plugin. -->","yoast_head_json":{"title":"Inokim Light kiinte\u00e4 rengas 8.5x2.00-5.5\" kiinte\u00e4 kumi | T\u00f5uksimaailm","description":"Inokim Light t\u00e4isrehv 8.5x2.00-5.5 (ka t\u00e4iskummist rehv). Sobib elektrit\u00f5ukeratas Inokim Light 2 Hero ja Super.","robots":{"index":"index","follow":"follow","max-snippet":"max-snippet:-1","max-image-preview":"max-image-preview:large","max-video-preview":"max-video-preview:-1"},"canonical":"https:\/\/www.xn--tuksimaailm-ffb.ee\/fi\/shop\/inokim-light-kiintea-rengas-8-5x2-00-5-5-kiintea-kumi\/","og_locale":"fi_FI","og_type":"article","og_title":"Inokim Light kiinte\u00e4 rengas 8.5x2.00-5.5\" kiinte\u00e4 kumi","og_description":"Inokim Light t\u00e4isrehv 8.5x2.00-5.5 (ka t\u00e4iskummist rehv). Sobib elektrit\u00f5ukeratas Inokim Light 2 Hero ja Super.","og_url":"https:\/\/www.xn--tuksimaailm-ffb.ee\/fi\/shop\/inokim-light-kiintea-rengas-8-5x2-00-5-5-kiintea-kumi\/","og_site_name":"T\u00f5uksimaailm","article_publisher":"https:\/\/www.facebook.com\/touksimaailm\/","og_image":[{"width":433,"height":577,"url":"https:\/\/www.xn--tuksimaailm-ffb.ee\/wp-content\/uploads\/2022\/03\/IMG_20230425_210758-removebg-preview.png","type":"image\/png"}],"twitter_card":"summary_large_image","twitter_misc":{"Hinta":"&euro;35.00","Saatavuus":"Varastossa"},"schema":{"@context":"https:\/\/schema.org","@graph":[{"@type":"WebPage","@id":"https:\/\/www.xn--tuksimaailm-ffb.ee\/fi\/shop\/inokim-light-kiintea-rengas-8-5x2-00-5-5-kiintea-kumi\/","url":"https:\/\/www.xn--tuksimaailm-ffb.ee\/fi\/shop\/inokim-light-kiintea-rengas-8-5x2-00-5-5-kiintea-kumi\/","name":"Inokim Light kiinte\u00e4 rengas 8.5x2.00-5.5\" kiinte\u00e4 kumi | T\u00f5uksimaailm","isPartOf":{"@id":"https:\/\/www.xn--tuksimaailm-ffb.ee\/fi\/#website"},"primaryImageOfPage":{"@id":"https:\/\/www.xn--tuksimaailm-ffb.ee\/fi\/shop\/inokim-light-kiintea-rengas-8-5x2-00-5-5-kiintea-kumi\/#primaryimage"},"image":{"@id":"https:\/\/www.xn--tuksimaailm-ffb.ee\/fi\/shop\/inokim-light-kiintea-rengas-8-5x2-00-5-5-kiintea-kumi\/#primaryimage"},"thumbnailUrl":"https:\/\/www.xn--tuksimaailm-ffb.ee\/wp-content\/uploads\/2022\/03\/IMG_20230425_210758-removebg-preview.png","datePublished":"2022-03-13T10:09:40+00:00","description":"Inokim Light t\u00e4isrehv 8.5x2.00-5.5 (ka t\u00e4iskummist rehv). Sobib elektrit\u00f5ukeratas Inokim Light 2 Hero ja Super.","breadcrumb":{"@id":"https:\/\/www.xn--tuksimaailm-ffb.ee\/fi\/shop\/inokim-light-kiintea-rengas-8-5x2-00-5-5-kiintea-kumi\/#breadcrumb"},"inLanguage":"fi","potentialAction":[{"@type":"ReadAction","target":["https:\/\/www.xn--tuksimaailm-ffb.ee\/fi\/shop\/inokim-light-kiintea-rengas-8-5x2-00-5-5-kiintea-kumi\/"]}]},{"@type":"ImageObject","inLanguage":"fi","@id":"https:\/\/www.xn--tuksimaailm-ffb.ee\/fi\/shop\/inokim-light-kiintea-rengas-8-5x2-00-5-5-kiintea-kumi\/#primaryimage","url":"https:\/\/www.xn--tuksimaailm-ffb.ee\/wp-content\/uploads\/2022\/03\/IMG_20230425_210758-removebg-preview.png","contentUrl":"https:\/\/www.xn--tuksimaailm-ffb.ee\/wp-content\/uploads\/2022\/03\/IMG_20230425_210758-removebg-preview.png","width":433,"height":577,"caption":"inokim light purunemiskindel rehv t\u00e4iskumm t\u00e4isrehv torkekindel \u00f5huvaba"},{"@type":"BreadcrumbList","@id":"https:\/\/www.xn--tuksimaailm-ffb.ee\/fi\/shop\/inokim-light-kiintea-rengas-8-5x2-00-5-5-kiintea-kumi\/#breadcrumb","itemListElement":[{"@type":"ListItem","position":1,"name":"Home","item":"https:\/\/www.xn--tuksimaailm-ffb.ee\/fi\/kotisivu\/"},{"@type":"ListItem","position":2,"name":"Kauppa","item":"https:\/\/www.xn--tuksimaailm-ffb.ee\/elektritoukerataste-pood\/"},{"@type":"ListItem","position":3,"name":"Inokim Light kiinte\u00e4 rengas 8.5x2.00-5.5\" kiinte\u00e4 kumi"}]},{"@type":"WebSite","@id":"https:\/\/www.xn--tuksimaailm-ffb.ee\/fi\/#website","url":"https:\/\/www.xn--tuksimaailm-ffb.ee\/fi\/","name":"T\u00f5uksimaailm","description":"Elektrit\u00f5ukerataste m\u00fc\u00fck, remont ja rent","publisher":{"@id":"https:\/\/www.xn--tuksimaailm-ffb.ee\/fi\/#organization"},"potentialAction":[{"@type":"SearchAction","target":{"@type":"EntryPoint","urlTemplate":"https:\/\/www.xn--tuksimaailm-ffb.ee\/fi\/?s={search_term_string}"},"query-input":{"@type":"PropertyValueSpecification","valueRequired":true,"valueName":"search_term_string"}}],"inLanguage":"fi"},{"@type":"Organization","@id":"https:\/\/www.xn--tuksimaailm-ffb.ee\/fi\/#organization","name":"T\u00f5uksimaailm","url":"https:\/\/www.xn--tuksimaailm-ffb.ee\/fi\/","logo":{"@type":"ImageObject","inLanguage":"fi","@id":"https:\/\/www.xn--tuksimaailm-ffb.ee\/fi\/#\/schema\/logo\/image\/","url":"https:\/\/www.xn--tuksimaailm-ffb.ee\/wp-content\/uploads\/2020\/01\/logoz-e1579792875517.png","contentUrl":"https:\/\/www.xn--tuksimaailm-ffb.ee\/wp-content\/uploads\/2020\/01\/logoz-e1579792875517.png","width":250,"height":250,"caption":"T\u00f5uksimaailm"},"image":{"@id":"https:\/\/www.xn--tuksimaailm-ffb.ee\/fi\/#\/schema\/logo\/image\/"},"sameAs":["https:\/\/www.facebook.com\/touksimaailm\/","https:\/\/www.instagram.com\/touksimaailm_\/","https:\/\/www.youtube.com\/channel\/UC18ml0EKIDLP1xGuQjFzcXQ"]}]},"product_price_amount":"35.00","product_price_currency":"EUR","og_availability":"instock","product_availability":"instock","product_condition":"new"},"jetpack_sharing_enabled":true,"_links":{"self":[{"href":"https:\/\/www.xn--tuksimaailm-ffb.ee\/fi\/wp-json\/wp\/v2\/product\/60873","targetHints":{"allow":["GET"]}}],"collection":[{"href":"https:\/\/www.xn--tuksimaailm-ffb.ee\/fi\/wp-json\/wp\/v2\/product"}],"about":[{"href":"https:\/\/www.xn--tuksimaailm-ffb.ee\/fi\/wp-json\/wp\/v2\/types\/product"}],"wp:featuredmedia":[{"embeddable":true,"href":"https:\/\/www.xn--tuksimaailm-ffb.ee\/fi\/wp-json\/wp\/v2\/media\/34889"}],"wp:attachment":[{"href":"https:\/\/www.xn--tuksimaailm-ffb.ee\/fi\/wp-json\/wp\/v2\/media?parent=60873"}],"wp:term":[{"taxonomy":"product_brand","embeddable":true,"href":"https:\/\/www.xn--tuksimaailm-ffb.ee\/fi\/wp-json\/wp\/v2\/product_brand?post=60873"},{"taxonomy":"product_cat","embeddable":true,"href":"https:\/\/www.xn--tuksimaailm-ffb.ee\/fi\/wp-json\/wp\/v2\/product_cat?post=60873"},{"taxonomy":"product_tag","embeddable":true,"href":"https:\/\/www.xn--tuksimaailm-ffb.ee\/fi\/wp-json\/wp\/v2\/product_tag?post=60873"},{"taxonomy":"filter_elektritoukeratas","embeddable":true,"href":"https:\/\/www.xn--tuksimaailm-ffb.ee\/fi\/wp-json\/wp\/v2\/filter_elektritoukeratas?post=60873"}],"curies":[{"name":"wp","href":"https:\/\/api.w.org\/{rel}","templated":true}]}}