{"id":61001,"date":"2022-01-29T13:52:37","date_gmt":"2022-01-29T11:52:37","guid":{"rendered":"http:\/\/www.xn--tuksimaailm-ffb.ee\/shop\/jousi-iskunvaimennin-165mm-vsett-10-takaiskunvaimennin-a\/"},"modified":"2022-01-29T13:52:37","modified_gmt":"2022-01-29T11:52:37","slug":"jousi-iskunvaimennin-165mm-vsett-10-takaiskunvaimennin-a","status":"publish","type":"product","link":"https:\/\/www.xn--tuksimaailm-ffb.ee\/fi\/shop\/jousi-iskunvaimennin-165mm-vsett-10-takaiskunvaimennin-a\/","title":{"rendered":"Jousi iskunvaimennin 165mm Vsett 10+ takaiskunvaimennin (A+)"},"content":{"rendered":"<p>Jousivaimennin \/ iskunvaimennin 165mm vakio, sopii s\u00e4hk\u00f6skootteriin Vsett 10+ (takaiskunvaimennin).<\/p>\n","protected":false},"excerpt":{"rendered":"<p>Jousivaimennin \/ iskunvaimennin 165mm vakio, sopii s\u00e4hk\u00f6skootteriin Vsett 10+ (takaiskunvaimennin).<\/p>\n","protected":false},"featured_media":40261,"template":"","meta":[],"product_brand":[],"product_cat":[1698],"product_tag":[],"filter_elektritoukeratas":[2646],"class_list":{"0":"post-61001","1":"product","2":"type-product","3":"status-publish","4":"has-post-thumbnail","6":"product_cat-varaosat","7":"pa_tootetuup-amordid-fi","8":"filter_elektritoukeratas-ft_vsett_10_plus","10":"first","11":"instock","12":"taxable","13":"shipping-taxable","14":"purchasable","15":"product-type-simple"},"yoast_head":"<!-- This site is optimized with the Yoast SEO Premium plugin v26.8 (Yoast SEO v27.5) - https:\/\/yoast.com\/product\/yoast-seo-premium-wordpress\/ -->\n<title>Jousi iskunvaimennin 165mm Vsett 10+ takaiskunvaimennin (A+) | T\u00f5uksimaailm<\/title>\n<meta name=\"description\" content=\"Vedruamort \/ amortisaator 165mm standard, sobib elektrit\u00f5ukeratas Vsett 10+ (tagaamort).\" \/>\n<meta name=\"robots\" content=\"index, follow, max-snippet:-1, max-image-preview:large, max-video-preview:-1\" \/>\n<link rel=\"canonical\" href=\"https:\/\/www.xn--tuksimaailm-ffb.ee\/fi\/shop\/jousi-iskunvaimennin-165mm-vsett-10-takaiskunvaimennin-a\/\" \/>\n<meta property=\"og:locale\" content=\"fi_FI\" \/>\n<meta property=\"og:type\" content=\"article\" \/>\n<meta property=\"og:title\" content=\"Jousi iskunvaimennin 165mm Vsett 10+ takaiskunvaimennin (A+)\" \/>\n<meta property=\"og:description\" content=\"Vedruamort \/ amortisaator 165mm standard, sobib elektrit\u00f5ukeratas Vsett 10+ (tagaamort).\" \/>\n<meta property=\"og:url\" content=\"https:\/\/www.xn--tuksimaailm-ffb.ee\/fi\/shop\/jousi-iskunvaimennin-165mm-vsett-10-takaiskunvaimennin-a\/\" \/>\n<meta property=\"og:site_name\" content=\"T\u00f5uksimaailm\" \/>\n<meta property=\"article:publisher\" content=\"https:\/\/www.facebook.com\/touksimaailm\/\" \/>\n<meta property=\"og:image\" content=\"https:\/\/www.xn--tuksimaailm-ffb.ee\/wp-content\/uploads\/2022\/01\/Vsett-10-tagaamort-jpg.webp\" \/>\n\t<meta property=\"og:image:width\" content=\"493\" \/>\n\t<meta property=\"og:image:height\" content=\"805\" \/>\n\t<meta property=\"og:image:type\" content=\"image\/jpeg\" \/>\n<meta name=\"twitter:card\" content=\"summary_large_image\" \/>\n<meta name=\"twitter:label1\" content=\"Hinta\" \/>\n\t<meta name=\"twitter:data1\" content=\"&euro;79.50\" \/>\n\t<meta name=\"twitter:label2\" content=\"Saatavuus\" \/>\n\t<meta name=\"twitter:data2\" content=\"Varastossa\" \/>\n<meta property=\"product:price:amount\" content=\"79.50\" \/>\n<meta property=\"product:price:currency\" content=\"EUR\" \/>\n<meta property=\"og:availability\" content=\"instock\" \/>\n<meta property=\"product:availability\" content=\"instock\" \/>\n<meta property=\"product:condition\" content=\"new\" \/>\n<!-- \/ Yoast SEO Premium plugin. -->","yoast_head_json":{"title":"Jousi iskunvaimennin 165mm Vsett 10+ takaiskunvaimennin (A+) | T\u00f5uksimaailm","description":"Vedruamort \/ amortisaator 165mm standard, sobib elektrit\u00f5ukeratas Vsett 10+ (tagaamort).","robots":{"index":"index","follow":"follow","max-snippet":"max-snippet:-1","max-image-preview":"max-image-preview:large","max-video-preview":"max-video-preview:-1"},"canonical":"https:\/\/www.xn--tuksimaailm-ffb.ee\/fi\/shop\/jousi-iskunvaimennin-165mm-vsett-10-takaiskunvaimennin-a\/","og_locale":"fi_FI","og_type":"article","og_title":"Jousi iskunvaimennin 165mm Vsett 10+ takaiskunvaimennin (A+)","og_description":"Vedruamort \/ amortisaator 165mm standard, sobib elektrit\u00f5ukeratas Vsett 10+ (tagaamort).","og_url":"https:\/\/www.xn--tuksimaailm-ffb.ee\/fi\/shop\/jousi-iskunvaimennin-165mm-vsett-10-takaiskunvaimennin-a\/","og_site_name":"T\u00f5uksimaailm","article_publisher":"https:\/\/www.facebook.com\/touksimaailm\/","og_image":[{"width":493,"height":805,"url":"https:\/\/www.xn--tuksimaailm-ffb.ee\/wp-content\/uploads\/2022\/01\/Vsett-10-tagaamort-jpg.webp","type":"image\/jpeg"}],"twitter_card":"summary_large_image","twitter_misc":{"Hinta":"&euro;79.50","Saatavuus":"Varastossa"},"schema":{"@context":"https:\/\/schema.org","@graph":[{"@type":"WebPage","@id":"https:\/\/www.xn--tuksimaailm-ffb.ee\/fi\/shop\/jousi-iskunvaimennin-165mm-vsett-10-takaiskunvaimennin-a\/","url":"https:\/\/www.xn--tuksimaailm-ffb.ee\/fi\/shop\/jousi-iskunvaimennin-165mm-vsett-10-takaiskunvaimennin-a\/","name":"Jousi iskunvaimennin 165mm Vsett 10+ takaiskunvaimennin (A+) | T\u00f5uksimaailm","isPartOf":{"@id":"https:\/\/www.xn--tuksimaailm-ffb.ee\/fi\/#website"},"primaryImageOfPage":{"@id":"https:\/\/www.xn--tuksimaailm-ffb.ee\/fi\/shop\/jousi-iskunvaimennin-165mm-vsett-10-takaiskunvaimennin-a\/#primaryimage"},"image":{"@id":"https:\/\/www.xn--tuksimaailm-ffb.ee\/fi\/shop\/jousi-iskunvaimennin-165mm-vsett-10-takaiskunvaimennin-a\/#primaryimage"},"thumbnailUrl":"https:\/\/www.xn--tuksimaailm-ffb.ee\/wp-content\/uploads\/2022\/01\/Vsett-10-tagaamort-jpg.webp","datePublished":"2022-01-29T11:52:37+00:00","description":"Vedruamort \/ amortisaator 165mm standard, sobib elektrit\u00f5ukeratas Vsett 10+ (tagaamort).","breadcrumb":{"@id":"https:\/\/www.xn--tuksimaailm-ffb.ee\/fi\/shop\/jousi-iskunvaimennin-165mm-vsett-10-takaiskunvaimennin-a\/#breadcrumb"},"inLanguage":"fi","potentialAction":[{"@type":"ReadAction","target":["https:\/\/www.xn--tuksimaailm-ffb.ee\/fi\/shop\/jousi-iskunvaimennin-165mm-vsett-10-takaiskunvaimennin-a\/"]}]},{"@type":"ImageObject","inLanguage":"fi","@id":"https:\/\/www.xn--tuksimaailm-ffb.ee\/fi\/shop\/jousi-iskunvaimennin-165mm-vsett-10-takaiskunvaimennin-a\/#primaryimage","url":"https:\/\/www.xn--tuksimaailm-ffb.ee\/wp-content\/uploads\/2022\/01\/Vsett-10-tagaamort-jpg.webp","contentUrl":"https:\/\/www.xn--tuksimaailm-ffb.ee\/wp-content\/uploads\/2022\/01\/Vsett-10-tagaamort-jpg.webp","width":493,"height":805,"caption":"Vsett 10+ tagaamort"},{"@type":"BreadcrumbList","@id":"https:\/\/www.xn--tuksimaailm-ffb.ee\/fi\/shop\/jousi-iskunvaimennin-165mm-vsett-10-takaiskunvaimennin-a\/#breadcrumb","itemListElement":[{"@type":"ListItem","position":1,"name":"Home","item":"https:\/\/www.xn--tuksimaailm-ffb.ee\/fi\/kotisivu\/"},{"@type":"ListItem","position":2,"name":"Kauppa","item":"https:\/\/www.xn--tuksimaailm-ffb.ee\/elektritoukerataste-pood\/"},{"@type":"ListItem","position":3,"name":"Jousi iskunvaimennin 165mm Vsett 10+ takaiskunvaimennin (A+)"}]},{"@type":"WebSite","@id":"https:\/\/www.xn--tuksimaailm-ffb.ee\/fi\/#website","url":"https:\/\/www.xn--tuksimaailm-ffb.ee\/fi\/","name":"T\u00f5uksimaailm","description":"Elektrit\u00f5ukerataste m\u00fc\u00fck, remont ja rent","publisher":{"@id":"https:\/\/www.xn--tuksimaailm-ffb.ee\/fi\/#organization"},"potentialAction":[{"@type":"SearchAction","target":{"@type":"EntryPoint","urlTemplate":"https:\/\/www.xn--tuksimaailm-ffb.ee\/fi\/?s={search_term_string}"},"query-input":{"@type":"PropertyValueSpecification","valueRequired":true,"valueName":"search_term_string"}}],"inLanguage":"fi"},{"@type":"Organization","@id":"https:\/\/www.xn--tuksimaailm-ffb.ee\/fi\/#organization","name":"T\u00f5uksimaailm","url":"https:\/\/www.xn--tuksimaailm-ffb.ee\/fi\/","logo":{"@type":"ImageObject","inLanguage":"fi","@id":"https:\/\/www.xn--tuksimaailm-ffb.ee\/fi\/#\/schema\/logo\/image\/","url":"https:\/\/www.xn--tuksimaailm-ffb.ee\/wp-content\/uploads\/2020\/01\/logoz-e1579792875517.png","contentUrl":"https:\/\/www.xn--tuksimaailm-ffb.ee\/wp-content\/uploads\/2020\/01\/logoz-e1579792875517.png","width":250,"height":250,"caption":"T\u00f5uksimaailm"},"image":{"@id":"https:\/\/www.xn--tuksimaailm-ffb.ee\/fi\/#\/schema\/logo\/image\/"},"sameAs":["https:\/\/www.facebook.com\/touksimaailm\/","https:\/\/www.instagram.com\/touksimaailm_\/","https:\/\/www.youtube.com\/channel\/UC18ml0EKIDLP1xGuQjFzcXQ"]}]},"product_price_amount":"79.50","product_price_currency":"EUR","og_availability":"instock","product_availability":"instock","product_condition":"new"},"jetpack_sharing_enabled":true,"_links":{"self":[{"href":"https:\/\/www.xn--tuksimaailm-ffb.ee\/fi\/wp-json\/wp\/v2\/product\/61001","targetHints":{"allow":["GET"]}}],"collection":[{"href":"https:\/\/www.xn--tuksimaailm-ffb.ee\/fi\/wp-json\/wp\/v2\/product"}],"about":[{"href":"https:\/\/www.xn--tuksimaailm-ffb.ee\/fi\/wp-json\/wp\/v2\/types\/product"}],"wp:featuredmedia":[{"embeddable":true,"href":"https:\/\/www.xn--tuksimaailm-ffb.ee\/fi\/wp-json\/wp\/v2\/media\/40261"}],"wp:attachment":[{"href":"https:\/\/www.xn--tuksimaailm-ffb.ee\/fi\/wp-json\/wp\/v2\/media?parent=61001"}],"wp:term":[{"taxonomy":"product_brand","embeddable":true,"href":"https:\/\/www.xn--tuksimaailm-ffb.ee\/fi\/wp-json\/wp\/v2\/product_brand?post=61001"},{"taxonomy":"product_cat","embeddable":true,"href":"https:\/\/www.xn--tuksimaailm-ffb.ee\/fi\/wp-json\/wp\/v2\/product_cat?post=61001"},{"taxonomy":"product_tag","embeddable":true,"href":"https:\/\/www.xn--tuksimaailm-ffb.ee\/fi\/wp-json\/wp\/v2\/product_tag?post=61001"},{"taxonomy":"filter_elektritoukeratas","embeddable":true,"href":"https:\/\/www.xn--tuksimaailm-ffb.ee\/fi\/wp-json\/wp\/v2\/filter_elektritoukeratas?post=61001"}],"curies":[{"name":"wp","href":"https:\/\/api.w.org\/{rel}","templated":true}]}}