{"id":61189,"date":"2022-01-29T13:52:28","date_gmt":"2022-01-29T10:52:28","guid":{"rendered":"http:\/\/www.xn--tuksimaailm-ffb.ee\/shop\/ohjaimen-emolevy-60v-67-2v-vsett-10\/"},"modified":"2022-01-29T13:52:28","modified_gmt":"2022-01-29T11:52:28","slug":"ohjaimen-emolevy-60v-67-2v-vsett-10","status":"publish","type":"product","link":"https:\/\/www.xn--tuksimaailm-ffb.ee\/fi\/shop\/ohjaimen-emolevy-60v-67-2v-vsett-10\/","title":{"rendered":"Ohjaimen emolevy 60V (67.2V) Vsett 10+"},"content":{"rendered":"<p>Ohjaimen emolevy \/ ohjausmoduuli, 60V (67.2V), sopii s\u00e4hk\u00f6potkulautaan Vsett 10+. Ohjaimesta on saatavana kaksi versiota, uudempi (mustalla kotelolla) ja vanhempi (harmaalla kotelolla), molemmat yhteensopivia riippuen siit\u00e4, oliko skootterissa alun perin musta vai harmaa ohjain.<\/p>\n","protected":false},"excerpt":{"rendered":"<p>Ohjaimen emolevy \/ ohjausmoduuli, 60V (67.2V), sopii s\u00e4hk\u00f6potkulautaan Vsett 10+. Ohjaimesta on saatavana kaksi versiota, uudempi (mustalla kotelolla) ja vanhempi (harmaalla kotelolla), molemmat yhteensopivia riippuen siit\u00e4, oliko skootterissa alun perin musta vai harmaa ohjain.<\/p>\n","protected":false},"featured_media":55584,"template":"","meta":[],"product_brand":[],"product_cat":[1698],"product_tag":[],"filter_elektritoukeratas":[],"class_list":{"0":"post-61189","1":"product","2":"type-product","3":"status-publish","4":"has-post-thumbnail","6":"product_cat-varaosat","7":"pa_tootetuup-kontrollerid-emaplaadid","9":"first","10":"outofstock","11":"taxable","12":"shipping-taxable","13":"purchasable","14":"product-type-variable"},"yoast_head":"<!-- This site is optimized with the Yoast SEO Premium plugin v26.8 (Yoast SEO v27.5) - https:\/\/yoast.com\/product\/yoast-seo-premium-wordpress\/ -->\n<title>Ohjaimen emolevy 60V (67.2V) Vsett 10+ &#8212; T\u00f5uksimaailm<\/title>\n<meta name=\"description\" content=\"Kontroller emaplaat \/ juhtmoodul, 60V (67.2V), sobib elektrit\u00f5ukeratas Vsett 10+.\" \/>\n<meta name=\"robots\" content=\"index, follow, max-snippet:-1, max-image-preview:large, max-video-preview:-1\" \/>\n<link rel=\"canonical\" href=\"https:\/\/www.xn--tuksimaailm-ffb.ee\/fi\/shop\/ohjaimen-emolevy-60v-67-2v-vsett-10\/\" \/>\n<meta property=\"og:locale\" content=\"fi_FI\" \/>\n<meta property=\"og:type\" content=\"article\" \/>\n<meta property=\"og:title\" content=\"Ohjaimen emolevy 60V (67.2V) Vsett 10+\" \/>\n<meta property=\"og:description\" content=\"Kontroller emaplaat \/ juhtmoodul, 60V (67.2V), sobib elektrit\u00f5ukeratas Vsett 10+.\" \/>\n<meta property=\"og:url\" content=\"https:\/\/www.xn--tuksimaailm-ffb.ee\/fi\/shop\/ohjaimen-emolevy-60v-67-2v-vsett-10\/\" \/>\n<meta property=\"og:site_name\" content=\"T\u00f5uksimaailm\" \/>\n<meta property=\"article:publisher\" content=\"https:\/\/www.facebook.com\/touksimaailm\/\" \/>\n<meta property=\"article:modified_time\" content=\"2022-01-29T11:52:28+00:00\" \/>\n<meta property=\"og:image\" content=\"https:\/\/www.xn--tuksimaailm-ffb.ee\/wp-content\/uploads\/2022\/01\/Screenshot-2025-01-22-164340.webp\" \/>\n\t<meta property=\"og:image:width\" content=\"545\" \/>\n\t<meta property=\"og:image:height\" content=\"385\" \/>\n\t<meta property=\"og:image:type\" content=\"image\/webp\" \/>\n<meta name=\"twitter:card\" content=\"summary_large_image\" \/>\n<meta name=\"twitter:label1\" content=\"Saatavuus\" \/>\n\t<meta name=\"twitter:data1\" content=\"Loppu varastosta\" \/>\n<meta property=\"og:availability\" content=\"out of stock\" \/>\n<meta property=\"product:availability\" content=\"out of stock\" \/>\n<meta property=\"product:condition\" content=\"new\" \/>\n<!-- \/ Yoast SEO Premium plugin. -->","yoast_head_json":{"title":"Ohjaimen emolevy 60V (67.2V) Vsett 10+ &#8212; T\u00f5uksimaailm","description":"Kontroller emaplaat \/ juhtmoodul, 60V (67.2V), sobib elektrit\u00f5ukeratas Vsett 10+.","robots":{"index":"index","follow":"follow","max-snippet":"max-snippet:-1","max-image-preview":"max-image-preview:large","max-video-preview":"max-video-preview:-1"},"canonical":"https:\/\/www.xn--tuksimaailm-ffb.ee\/fi\/shop\/ohjaimen-emolevy-60v-67-2v-vsett-10\/","og_locale":"fi_FI","og_type":"article","og_title":"Ohjaimen emolevy 60V (67.2V) Vsett 10+","og_description":"Kontroller emaplaat \/ juhtmoodul, 60V (67.2V), sobib elektrit\u00f5ukeratas Vsett 10+.","og_url":"https:\/\/www.xn--tuksimaailm-ffb.ee\/fi\/shop\/ohjaimen-emolevy-60v-67-2v-vsett-10\/","og_site_name":"T\u00f5uksimaailm","article_publisher":"https:\/\/www.facebook.com\/touksimaailm\/","article_modified_time":"2022-01-29T11:52:28+00:00","og_image":[{"width":545,"height":385,"url":"https:\/\/www.xn--tuksimaailm-ffb.ee\/wp-content\/uploads\/2022\/01\/Screenshot-2025-01-22-164340.webp","type":"image\/webp"}],"twitter_card":"summary_large_image","twitter_misc":{"Saatavuus":"Loppu varastosta"},"schema":{"@context":"https:\/\/schema.org","@graph":[{"@type":"WebPage","@id":"https:\/\/www.xn--tuksimaailm-ffb.ee\/fi\/shop\/ohjaimen-emolevy-60v-67-2v-vsett-10\/","url":"https:\/\/www.xn--tuksimaailm-ffb.ee\/fi\/shop\/ohjaimen-emolevy-60v-67-2v-vsett-10\/","name":"Ohjaimen emolevy 60V (67.2V) Vsett 10+ &#8212; T\u00f5uksimaailm","isPartOf":{"@id":"https:\/\/www.xn--tuksimaailm-ffb.ee\/fi\/#website"},"primaryImageOfPage":{"@id":"https:\/\/www.xn--tuksimaailm-ffb.ee\/fi\/shop\/ohjaimen-emolevy-60v-67-2v-vsett-10\/#primaryimage"},"image":{"@id":"https:\/\/www.xn--tuksimaailm-ffb.ee\/fi\/shop\/ohjaimen-emolevy-60v-67-2v-vsett-10\/#primaryimage"},"thumbnailUrl":"https:\/\/www.xn--tuksimaailm-ffb.ee\/wp-content\/uploads\/2022\/01\/Screenshot-2025-01-22-164340.webp","datePublished":"2022-01-29T10:52:28+00:00","dateModified":"2022-01-29T11:52:28+00:00","description":"Kontroller emaplaat \/ juhtmoodul, 60V (67.2V), sobib elektrit\u00f5ukeratas Vsett 10+.","breadcrumb":{"@id":"https:\/\/www.xn--tuksimaailm-ffb.ee\/fi\/shop\/ohjaimen-emolevy-60v-67-2v-vsett-10\/#breadcrumb"},"inLanguage":"fi","potentialAction":[{"@type":"ReadAction","target":["https:\/\/www.xn--tuksimaailm-ffb.ee\/fi\/shop\/ohjaimen-emolevy-60v-67-2v-vsett-10\/"]}]},{"@type":"ImageObject","inLanguage":"fi","@id":"https:\/\/www.xn--tuksimaailm-ffb.ee\/fi\/shop\/ohjaimen-emolevy-60v-67-2v-vsett-10\/#primaryimage","url":"https:\/\/www.xn--tuksimaailm-ffb.ee\/wp-content\/uploads\/2022\/01\/Screenshot-2025-01-22-164340.webp","contentUrl":"https:\/\/www.xn--tuksimaailm-ffb.ee\/wp-content\/uploads\/2022\/01\/Screenshot-2025-01-22-164340.webp","width":545,"height":385,"caption":"Kontroller emaplaat 60V (67.2V) Vsett 10+"},{"@type":"BreadcrumbList","@id":"https:\/\/www.xn--tuksimaailm-ffb.ee\/fi\/shop\/ohjaimen-emolevy-60v-67-2v-vsett-10\/#breadcrumb","itemListElement":[{"@type":"ListItem","position":1,"name":"Home","item":"https:\/\/www.xn--tuksimaailm-ffb.ee\/fi\/kotisivu\/"},{"@type":"ListItem","position":2,"name":"Kauppa","item":"https:\/\/www.xn--tuksimaailm-ffb.ee\/elektritoukerataste-pood\/"},{"@type":"ListItem","position":3,"name":"Ohjaimen emolevy 60V (67.2V) Vsett 10+"}]},{"@type":"WebSite","@id":"https:\/\/www.xn--tuksimaailm-ffb.ee\/fi\/#website","url":"https:\/\/www.xn--tuksimaailm-ffb.ee\/fi\/","name":"T\u00f5uksimaailm","description":"Elektrit\u00f5ukerataste m\u00fc\u00fck, remont ja rent","publisher":{"@id":"https:\/\/www.xn--tuksimaailm-ffb.ee\/fi\/#organization"},"potentialAction":[{"@type":"SearchAction","target":{"@type":"EntryPoint","urlTemplate":"https:\/\/www.xn--tuksimaailm-ffb.ee\/fi\/?s={search_term_string}"},"query-input":{"@type":"PropertyValueSpecification","valueRequired":true,"valueName":"search_term_string"}}],"inLanguage":"fi"},{"@type":"Organization","@id":"https:\/\/www.xn--tuksimaailm-ffb.ee\/fi\/#organization","name":"T\u00f5uksimaailm","url":"https:\/\/www.xn--tuksimaailm-ffb.ee\/fi\/","logo":{"@type":"ImageObject","inLanguage":"fi","@id":"https:\/\/www.xn--tuksimaailm-ffb.ee\/fi\/#\/schema\/logo\/image\/","url":"https:\/\/www.xn--tuksimaailm-ffb.ee\/wp-content\/uploads\/2020\/01\/logoz-e1579792875517.png","contentUrl":"https:\/\/www.xn--tuksimaailm-ffb.ee\/wp-content\/uploads\/2020\/01\/logoz-e1579792875517.png","width":250,"height":250,"caption":"T\u00f5uksimaailm"},"image":{"@id":"https:\/\/www.xn--tuksimaailm-ffb.ee\/fi\/#\/schema\/logo\/image\/"},"sameAs":["https:\/\/www.facebook.com\/touksimaailm\/","https:\/\/www.instagram.com\/touksimaailm_\/","https:\/\/www.youtube.com\/channel\/UC18ml0EKIDLP1xGuQjFzcXQ"]}]},"og_availability":"out of stock","product_availability":"out of stock","product_condition":"new"},"jetpack_sharing_enabled":true,"_links":{"self":[{"href":"https:\/\/www.xn--tuksimaailm-ffb.ee\/fi\/wp-json\/wp\/v2\/product\/61189","targetHints":{"allow":["GET"]}}],"collection":[{"href":"https:\/\/www.xn--tuksimaailm-ffb.ee\/fi\/wp-json\/wp\/v2\/product"}],"about":[{"href":"https:\/\/www.xn--tuksimaailm-ffb.ee\/fi\/wp-json\/wp\/v2\/types\/product"}],"wp:featuredmedia":[{"embeddable":true,"href":"https:\/\/www.xn--tuksimaailm-ffb.ee\/fi\/wp-json\/wp\/v2\/media\/55584"}],"wp:attachment":[{"href":"https:\/\/www.xn--tuksimaailm-ffb.ee\/fi\/wp-json\/wp\/v2\/media?parent=61189"}],"wp:term":[{"taxonomy":"product_brand","embeddable":true,"href":"https:\/\/www.xn--tuksimaailm-ffb.ee\/fi\/wp-json\/wp\/v2\/product_brand?post=61189"},{"taxonomy":"product_cat","embeddable":true,"href":"https:\/\/www.xn--tuksimaailm-ffb.ee\/fi\/wp-json\/wp\/v2\/product_cat?post=61189"},{"taxonomy":"product_tag","embeddable":true,"href":"https:\/\/www.xn--tuksimaailm-ffb.ee\/fi\/wp-json\/wp\/v2\/product_tag?post=61189"},{"taxonomy":"filter_elektritoukeratas","embeddable":true,"href":"https:\/\/www.xn--tuksimaailm-ffb.ee\/fi\/wp-json\/wp\/v2\/filter_elektritoukeratas?post=61189"}],"curies":[{"name":"wp","href":"https:\/\/api.w.org\/{rel}","templated":true}]}}