{"id":62531,"date":"2022-01-26T16:41:09","date_gmt":"2022-01-26T13:41:09","guid":{"rendered":"https:\/\/www.xn--tuksimaailm-ffb.ee\/shop\/ulkorengas-sahkoskootterille-10x2-6-1-eol\/"},"modified":"2025-04-12T12:42:30","modified_gmt":"2025-04-12T09:42:30","slug":"ulkorengas-sahkoskootterille-10x2-6-1-eol","status":"publish","type":"product","link":"https:\/\/www.xn--tuksimaailm-ffb.ee\/fi\/shop\/ulkorengas-sahkoskootterille-10x2-6-1-eol\/","title":{"rendered":"Ulkorengas s\u00e4hk\u00f6skootterille 10x2-6.1 (EOL)"},"content":{"rendered":"<p>Laadukas 10x2-6.1 ulkorengas s\u00e4hk\u00f6skoottereihin (my\u00f6s ulkokumi). Soveltuu asennettavaksi <strong>10\u201d ulkorenkaan tilalle. Ulkorengas <\/strong>sopii kaikkiin s\u00e4hk\u00f6skoottereihin, joissa on alkuper\u00e4iset 10\u201d ulkorenkaat. Koska s\u00e4hk\u00f6skoottereiden renkaat ovat pienen kokonsa ja ilmakapasiteettinsa vuoksi alttiita puhkeamaan iskujen seurauksena, suosittelemme rengaspaineen kontrolleria kerran kahdessa viikossa tai ennen jokaista ajokertaa, jos s\u00e4hk\u00f6skootterilla ajetaan harvemmin. Renkaita t\u00e4ytett\u00e4ess\u00e4 suosittelemme <a href=\"https:\/\/www.xn--tuksimaailm-ffb.ee\/fi\/tootekategooria\/lisavarusteet\/\">painemittaripumppujen<\/a> k\u00e4ytt\u00f6\u00e4, <a href=\"https:\/\/www.xn--tuksimaailm-ffb.ee\/fi\/tootekategooria\/lisavarusteet\/\">jotta voidaan varmistaa<\/a>, ett\u00e4 renkaiden paine on t\u00e4sm\u00e4lleen s\u00e4hk\u00f6mopon valmistajan suosittelema. Jos <a href=\"https:\/\/www.youtube.com\/watch?v=9c5oaCgBtVA\">s\u00e4hk\u00f6skootterin<\/a>korjaaminen tai vaihtaminen on sinulle liikaa, s\u00e4hk\u00f6skoottereihin erikoistunut <a href=\"https:\/\/www.xn--tuksimaailm-ffb.ee\/fi\/korjaus\/\">korjaamomme voi auttaa<\/a>. Suoritamme my\u00f6s renkaiden vaihtoja valmiustilassa. Voit lukea lis\u00e4\u00e4 s\u00e4hk\u00f6skootterin renkaiden vaihdosta <a href=\"https:\/\/www.xn--tuksimaailm-ffb.ee\/fi\/sahkoskootterin-renkaan-vaihto\/\">blogikirjoituksestamme .<\/a><\/p>\n","protected":false},"excerpt":{"rendered":"<p>Laadukas 10x2-6.1 ulkorengas s\u00e4hk\u00f6skoottereihin (my\u00f6s ulkokumi). Soveltuu asennettavaksi 10\u201d ulkorenkaan tilalle. Ulkorengas sopii kaikkiin s\u00e4hk\u00f6skoottereihin, joissa on alkuper\u00e4iset 10\u201d ulkorenkaat. Koska s\u00e4hk\u00f6skoottereiden renkaat ovat pienen kokonsa ja ilmakapasiteettinsa vuoksi alttiita puhkeamaan iskujen seurauksena, suosittelemme rengaspaineen kontrolleria kerran kahdessa viikossa tai ennen jokaista ajokertaa, jos s\u00e4hk\u00f6skootterilla ajetaan harvemmin. Renkaita t\u00e4ytett\u00e4ess\u00e4 suosittelemme &hellip;<\/p>\n","protected":false},"featured_media":77850,"template":"","meta":[],"product_brand":[],"product_cat":[1698],"product_tag":[3401,1706],"filter_elektritoukeratas":[2687,2613,2612],"class_list":{"0":"post-62531","1":"product","2":"type-product","3":"status-publish","4":"has-post-thumbnail","6":"product_cat-varaosat","7":"product_tag-rehvid-fi","8":"product_tag-xiaomi-varaosat","9":"pa_tootetuup-rehvid-fi","10":"filter_elektritoukeratas-ft_blaupunkt_esc910","11":"filter_elektritoukeratas-ft_xiaomi_1s_mi3_pro_2_3_lite","12":"filter_elektritoukeratas-ft_xiaomi_m365_m365_pro_essential","14":"first","15":"onbackorder","16":"taxable","17":"shipping-taxable","18":"purchasable","19":"product-type-simple"},"yoast_head":"<!-- This site is optimized with the Yoast SEO Premium plugin v26.8 (Yoast SEO v27.5) - https:\/\/yoast.com\/product\/yoast-seo-premium-wordpress\/ -->\n<title>Ulkorengas s\u00e4hk\u00f6skootterille 10x2-6.1 (EOL) &#8212; T\u00f5uksimaailm<\/title>\n<meta name=\"description\" content=\"Kvaliteetne elektrit\u00f5ukeratta v\u00e4lisrehv (v\u00e4liskumm) 10x2-6.1. Sobib paigaldamiseks 10 tollisete\u00a0rehvidega elektrilistele t\u00f5ukeratastele.\" \/>\n<meta name=\"robots\" content=\"index, follow, max-snippet:-1, max-image-preview:large, max-video-preview:-1\" \/>\n<link rel=\"canonical\" href=\"https:\/\/www.xn--tuksimaailm-ffb.ee\/fi\/shop\/ulkorengas-sahkoskootterille-10x2-6-1-eol\/\" \/>\n<meta property=\"og:locale\" content=\"fi_FI\" \/>\n<meta property=\"og:type\" content=\"article\" \/>\n<meta property=\"og:title\" content=\"Ulkorengas s\u00e4hk\u00f6skootterille 10x2-6.1 (EOL)\" \/>\n<meta property=\"og:description\" content=\"Kvaliteetne elektrit\u00f5ukeratta v\u00e4lisrehv (v\u00e4liskumm) 10x2-6.1. Sobib paigaldamiseks 10 tollisete\u00a0rehvidega elektrilistele t\u00f5ukeratastele.\" \/>\n<meta property=\"og:url\" content=\"https:\/\/www.xn--tuksimaailm-ffb.ee\/fi\/shop\/ulkorengas-sahkoskootterille-10x2-6-1-eol\/\" \/>\n<meta property=\"og:site_name\" content=\"T\u00f5uksimaailm\" \/>\n<meta property=\"article:publisher\" content=\"https:\/\/www.facebook.com\/touksimaailm\/\" \/>\n<meta property=\"article:modified_time\" content=\"2025-04-12T09:42:30+00:00\" \/>\n<meta property=\"og:image\" content=\"https:\/\/www.xn--tuksimaailm-ffb.ee\/wp-content\/uploads\/2022\/01\/Screenshot-2022-01-26-184706.png\" \/>\n\t<meta property=\"og:image:width\" content=\"408\" \/>\n\t<meta property=\"og:image:height\" content=\"426\" \/>\n\t<meta property=\"og:image:type\" content=\"image\/png\" \/>\n<meta name=\"twitter:card\" content=\"summary_large_image\" \/>\n<meta name=\"twitter:label1\" content=\"Hinta\" \/>\n\t<meta name=\"twitter:data1\" content=\"&euro;29.50\" \/>\n\t<meta name=\"twitter:label2\" content=\"Saatavuus\" \/>\n\t<meta name=\"twitter:data2\" content=\"J\u00e4lkitoimituksessa\" \/>\n<meta property=\"product:price:amount\" content=\"29.50\" \/>\n<meta property=\"product:price:currency\" content=\"EUR\" \/>\n<meta property=\"og:availability\" content=\"backorder\" \/>\n<meta property=\"product:availability\" content=\"available for order\" \/>\n<meta property=\"product:condition\" content=\"new\" \/>\n<!-- \/ Yoast SEO Premium plugin. -->","yoast_head_json":{"title":"Ulkorengas s\u00e4hk\u00f6skootterille 10x2-6.1 (EOL) &#8212; T\u00f5uksimaailm","description":"Kvaliteetne elektrit\u00f5ukeratta v\u00e4lisrehv (v\u00e4liskumm) 10x2-6.1. Sobib paigaldamiseks 10 tollisete\u00a0rehvidega elektrilistele t\u00f5ukeratastele.","robots":{"index":"index","follow":"follow","max-snippet":"max-snippet:-1","max-image-preview":"max-image-preview:large","max-video-preview":"max-video-preview:-1"},"canonical":"https:\/\/www.xn--tuksimaailm-ffb.ee\/fi\/shop\/ulkorengas-sahkoskootterille-10x2-6-1-eol\/","og_locale":"fi_FI","og_type":"article","og_title":"Ulkorengas s\u00e4hk\u00f6skootterille 10x2-6.1 (EOL)","og_description":"Kvaliteetne elektrit\u00f5ukeratta v\u00e4lisrehv (v\u00e4liskumm) 10x2-6.1. Sobib paigaldamiseks 10 tollisete\u00a0rehvidega elektrilistele t\u00f5ukeratastele.","og_url":"https:\/\/www.xn--tuksimaailm-ffb.ee\/fi\/shop\/ulkorengas-sahkoskootterille-10x2-6-1-eol\/","og_site_name":"T\u00f5uksimaailm","article_publisher":"https:\/\/www.facebook.com\/touksimaailm\/","article_modified_time":"2025-04-12T09:42:30+00:00","og_image":[{"width":408,"height":426,"url":"https:\/\/www.xn--tuksimaailm-ffb.ee\/wp-content\/uploads\/2022\/01\/Screenshot-2022-01-26-184706.png","type":"image\/png"}],"twitter_card":"summary_large_image","twitter_misc":{"Hinta":"&euro;29.50","Saatavuus":"J\u00e4lkitoimituksessa"},"schema":{"@context":"https:\/\/schema.org","@graph":[{"@type":"WebPage","@id":"https:\/\/www.xn--tuksimaailm-ffb.ee\/fi\/shop\/ulkorengas-sahkoskootterille-10x2-6-1-eol\/","url":"https:\/\/www.xn--tuksimaailm-ffb.ee\/fi\/shop\/ulkorengas-sahkoskootterille-10x2-6-1-eol\/","name":"Ulkorengas s\u00e4hk\u00f6skootterille 10x2-6.1 (EOL) &#8212; T\u00f5uksimaailm","isPartOf":{"@id":"https:\/\/www.xn--tuksimaailm-ffb.ee\/fi\/#website"},"primaryImageOfPage":{"@id":"https:\/\/www.xn--tuksimaailm-ffb.ee\/fi\/shop\/ulkorengas-sahkoskootterille-10x2-6-1-eol\/#primaryimage"},"image":{"@id":"https:\/\/www.xn--tuksimaailm-ffb.ee\/fi\/shop\/ulkorengas-sahkoskootterille-10x2-6-1-eol\/#primaryimage"},"thumbnailUrl":"https:\/\/www.xn--tuksimaailm-ffb.ee\/wp-content\/uploads\/2022\/01\/Screenshot-2026-02-05-200628.webp","datePublished":"2022-01-26T13:41:09+00:00","dateModified":"2025-04-12T09:42:30+00:00","description":"Kvaliteetne elektrit\u00f5ukeratta v\u00e4lisrehv (v\u00e4liskumm) 10x2-6.1. Sobib paigaldamiseks 10 tollisete\u00a0rehvidega elektrilistele t\u00f5ukeratastele.","breadcrumb":{"@id":"https:\/\/www.xn--tuksimaailm-ffb.ee\/fi\/shop\/ulkorengas-sahkoskootterille-10x2-6-1-eol\/#breadcrumb"},"inLanguage":"fi","potentialAction":[{"@type":"ReadAction","target":["https:\/\/www.xn--tuksimaailm-ffb.ee\/fi\/shop\/ulkorengas-sahkoskootterille-10x2-6-1-eol\/"]}]},{"@type":"ImageObject","inLanguage":"fi","@id":"https:\/\/www.xn--tuksimaailm-ffb.ee\/fi\/shop\/ulkorengas-sahkoskootterille-10x2-6-1-eol\/#primaryimage","url":"https:\/\/www.xn--tuksimaailm-ffb.ee\/wp-content\/uploads\/2022\/01\/Screenshot-2026-02-05-200628.webp","contentUrl":"https:\/\/www.xn--tuksimaailm-ffb.ee\/wp-content\/uploads\/2022\/01\/Screenshot-2026-02-05-200628.webp","width":1351,"height":1029,"caption":"Elektrit\u00f5ukeratta v\u00e4lisrehv 10x2-6.1"},{"@type":"BreadcrumbList","@id":"https:\/\/www.xn--tuksimaailm-ffb.ee\/fi\/shop\/ulkorengas-sahkoskootterille-10x2-6-1-eol\/#breadcrumb","itemListElement":[{"@type":"ListItem","position":1,"name":"Home","item":"https:\/\/www.xn--tuksimaailm-ffb.ee\/fi\/kotisivu\/"},{"@type":"ListItem","position":2,"name":"Kauppa","item":"https:\/\/www.xn--tuksimaailm-ffb.ee\/elektritoukerataste-pood\/"},{"@type":"ListItem","position":3,"name":"Ulkorengas s\u00e4hk\u00f6skootterille 10&#215;2-6.1 (EOL)"}]},{"@type":"WebSite","@id":"https:\/\/www.xn--tuksimaailm-ffb.ee\/fi\/#website","url":"https:\/\/www.xn--tuksimaailm-ffb.ee\/fi\/","name":"T\u00f5uksimaailm","description":"Elektrit\u00f5ukerataste m\u00fc\u00fck, remont ja rent","publisher":{"@id":"https:\/\/www.xn--tuksimaailm-ffb.ee\/fi\/#organization"},"potentialAction":[{"@type":"SearchAction","target":{"@type":"EntryPoint","urlTemplate":"https:\/\/www.xn--tuksimaailm-ffb.ee\/fi\/?s={search_term_string}"},"query-input":{"@type":"PropertyValueSpecification","valueRequired":true,"valueName":"search_term_string"}}],"inLanguage":"fi"},{"@type":"Organization","@id":"https:\/\/www.xn--tuksimaailm-ffb.ee\/fi\/#organization","name":"T\u00f5uksimaailm","url":"https:\/\/www.xn--tuksimaailm-ffb.ee\/fi\/","logo":{"@type":"ImageObject","inLanguage":"fi","@id":"https:\/\/www.xn--tuksimaailm-ffb.ee\/fi\/#\/schema\/logo\/image\/","url":"https:\/\/www.xn--tuksimaailm-ffb.ee\/wp-content\/uploads\/2020\/01\/logoz-e1579792875517.png","contentUrl":"https:\/\/www.xn--tuksimaailm-ffb.ee\/wp-content\/uploads\/2020\/01\/logoz-e1579792875517.png","width":250,"height":250,"caption":"T\u00f5uksimaailm"},"image":{"@id":"https:\/\/www.xn--tuksimaailm-ffb.ee\/fi\/#\/schema\/logo\/image\/"},"sameAs":["https:\/\/www.facebook.com\/touksimaailm\/","https:\/\/www.instagram.com\/touksimaailm_\/","https:\/\/www.youtube.com\/channel\/UC18ml0EKIDLP1xGuQjFzcXQ"]}]},"product_price_amount":"29.50","product_price_currency":"EUR","og_availability":"backorder","product_availability":"available for order","product_condition":"new"},"jetpack_sharing_enabled":true,"_links":{"self":[{"href":"https:\/\/www.xn--tuksimaailm-ffb.ee\/fi\/wp-json\/wp\/v2\/product\/62531","targetHints":{"allow":["GET"]}}],"collection":[{"href":"https:\/\/www.xn--tuksimaailm-ffb.ee\/fi\/wp-json\/wp\/v2\/product"}],"about":[{"href":"https:\/\/www.xn--tuksimaailm-ffb.ee\/fi\/wp-json\/wp\/v2\/types\/product"}],"wp:featuredmedia":[{"embeddable":true,"href":"https:\/\/www.xn--tuksimaailm-ffb.ee\/fi\/wp-json\/wp\/v2\/media\/77850"}],"wp:attachment":[{"href":"https:\/\/www.xn--tuksimaailm-ffb.ee\/fi\/wp-json\/wp\/v2\/media?parent=62531"}],"wp:term":[{"taxonomy":"product_brand","embeddable":true,"href":"https:\/\/www.xn--tuksimaailm-ffb.ee\/fi\/wp-json\/wp\/v2\/product_brand?post=62531"},{"taxonomy":"product_cat","embeddable":true,"href":"https:\/\/www.xn--tuksimaailm-ffb.ee\/fi\/wp-json\/wp\/v2\/product_cat?post=62531"},{"taxonomy":"product_tag","embeddable":true,"href":"https:\/\/www.xn--tuksimaailm-ffb.ee\/fi\/wp-json\/wp\/v2\/product_tag?post=62531"},{"taxonomy":"filter_elektritoukeratas","embeddable":true,"href":"https:\/\/www.xn--tuksimaailm-ffb.ee\/fi\/wp-json\/wp\/v2\/filter_elektritoukeratas?post=62531"}],"curies":[{"name":"wp","href":"https:\/\/api.w.org\/{rel}","templated":true}]}}