{"id":62595,"date":"2022-01-25T18:47:34","date_gmt":"2022-01-25T15:47:34","guid":{"rendered":"https:\/\/www.xn--tuksimaailm-ffb.ee\/shop\/vasen-jarrulenkki-inokim-ox-hero-super-sahkopotkulauta\/"},"modified":"2022-01-25T18:47:34","modified_gmt":"2022-01-25T16:47:34","slug":"vasen-jarrulenkki-inokim-ox-hero-super-sahkopotkulauta","status":"publish","type":"product","link":"https:\/\/www.xn--tuksimaailm-ffb.ee\/fi\/shop\/vasen-jarrulenkki-inokim-ox-hero-super-sahkopotkulauta\/","title":{"rendered":"Vasen jarrulenkki Inokim OX Hero Super s\u00e4hk\u00f6potkulauta"},"content":{"rendered":"<p>Vasen jarrulenkki (my\u00f6s jarruvipu, jarrukahva), sopii s\u00e4hk\u00f6potkulauta Inokim OX Eco, Inokim OX Hero, Inokim OX Super, Inokim Quick 4 Super ja Hero.<\/p>\n","protected":false},"excerpt":{"rendered":"<p>Vasen jarrulenkki (my\u00f6s jarruvipu, jarrukahva), sopii s\u00e4hk\u00f6potkulauta Inokim OX Eco, Inokim OX Hero, Inokim OX Super, Inokim Quick 4 Super ja Hero.<\/p>\n","protected":false},"featured_media":55143,"template":"","meta":[],"product_brand":[],"product_cat":[1698],"product_tag":[],"filter_elektritoukeratas":[],"class_list":{"0":"post-62595","1":"product","2":"type-product","3":"status-publish","4":"has-post-thumbnail","6":"product_cat-varaosat","7":"pa_tootetuup-piduridetailid-fi","9":"first","10":"outofstock","11":"taxable","12":"shipping-taxable","13":"purchasable","14":"product-type-simple"},"yoast_head":"<!-- This site is optimized with the Yoast SEO Premium plugin v26.8 (Yoast SEO v27.5) - https:\/\/yoast.com\/product\/yoast-seo-premium-wordpress\/ -->\n<title>Vasen jarrulenkki Inokim OX Hero Super s\u00e4hk\u00f6potkulauta &#8212; T\u00f5uksimaailm<\/title>\n<meta name=\"description\" content=\"Vasak pidurilink (ka piduriheebel, pidurihooob), sobib elektrit\u00f5ukeratas Inokim OX Eco, Inokim OX Hero, Inokim OX Super, Inokim Quick 4 Super ja Hero.\" \/>\n<meta name=\"robots\" content=\"index, follow, max-snippet:-1, max-image-preview:large, max-video-preview:-1\" \/>\n<link rel=\"canonical\" href=\"https:\/\/www.xn--tuksimaailm-ffb.ee\/fi\/shop\/vasen-jarrulenkki-inokim-ox-hero-super-sahkopotkulauta\/\" \/>\n<meta property=\"og:locale\" content=\"fi_FI\" \/>\n<meta property=\"og:type\" content=\"article\" \/>\n<meta property=\"og:title\" content=\"Vasen jarrulenkki Inokim OX Hero Super s\u00e4hk\u00f6potkulauta\" \/>\n<meta property=\"og:description\" content=\"Vasak pidurilink (ka piduriheebel, pidurihooob), sobib elektrit\u00f5ukeratas Inokim OX Eco, Inokim OX Hero, Inokim OX Super, Inokim Quick 4 Super ja Hero.\" \/>\n<meta property=\"og:url\" content=\"https:\/\/www.xn--tuksimaailm-ffb.ee\/fi\/shop\/vasen-jarrulenkki-inokim-ox-hero-super-sahkopotkulauta\/\" \/>\n<meta property=\"og:site_name\" content=\"T\u00f5uksimaailm\" \/>\n<meta property=\"article:publisher\" content=\"https:\/\/www.facebook.com\/touksimaailm\/\" \/>\n<meta property=\"article:modified_time\" content=\"2022-01-25T16:47:34+00:00\" \/>\n<meta property=\"og:image\" content=\"https:\/\/www.xn--tuksimaailm-ffb.ee\/wp-content\/uploads\/2022\/01\/Screenshot-2025-01-18-133955.webp\" \/>\n\t<meta property=\"og:image:width\" content=\"898\" \/>\n\t<meta property=\"og:image:height\" content=\"745\" \/>\n\t<meta property=\"og:image:type\" content=\"image\/webp\" \/>\n<meta name=\"twitter:card\" content=\"summary_large_image\" \/>\n<meta name=\"twitter:label1\" content=\"Hinta\" \/>\n\t<meta name=\"twitter:data1\" content=\"&euro;49.50\" \/>\n\t<meta name=\"twitter:label2\" content=\"Saatavuus\" \/>\n\t<meta name=\"twitter:data2\" content=\"Loppu varastosta\" \/>\n<meta property=\"product:price:amount\" content=\"49.50\" \/>\n<meta property=\"product:price:currency\" content=\"EUR\" \/>\n<meta property=\"og:availability\" content=\"out of stock\" \/>\n<meta property=\"product:availability\" content=\"out of stock\" \/>\n<meta property=\"product:condition\" content=\"new\" \/>\n<!-- \/ Yoast SEO Premium plugin. -->","yoast_head_json":{"title":"Vasen jarrulenkki Inokim OX Hero Super s\u00e4hk\u00f6potkulauta &#8212; T\u00f5uksimaailm","description":"Vasak pidurilink (ka piduriheebel, pidurihooob), sobib elektrit\u00f5ukeratas Inokim OX Eco, Inokim OX Hero, Inokim OX Super, Inokim Quick 4 Super ja Hero.","robots":{"index":"index","follow":"follow","max-snippet":"max-snippet:-1","max-image-preview":"max-image-preview:large","max-video-preview":"max-video-preview:-1"},"canonical":"https:\/\/www.xn--tuksimaailm-ffb.ee\/fi\/shop\/vasen-jarrulenkki-inokim-ox-hero-super-sahkopotkulauta\/","og_locale":"fi_FI","og_type":"article","og_title":"Vasen jarrulenkki Inokim OX Hero Super s\u00e4hk\u00f6potkulauta","og_description":"Vasak pidurilink (ka piduriheebel, pidurihooob), sobib elektrit\u00f5ukeratas Inokim OX Eco, Inokim OX Hero, Inokim OX Super, Inokim Quick 4 Super ja Hero.","og_url":"https:\/\/www.xn--tuksimaailm-ffb.ee\/fi\/shop\/vasen-jarrulenkki-inokim-ox-hero-super-sahkopotkulauta\/","og_site_name":"T\u00f5uksimaailm","article_publisher":"https:\/\/www.facebook.com\/touksimaailm\/","article_modified_time":"2022-01-25T16:47:34+00:00","og_image":[{"width":898,"height":745,"url":"https:\/\/www.xn--tuksimaailm-ffb.ee\/wp-content\/uploads\/2022\/01\/Screenshot-2025-01-18-133955.webp","type":"image\/webp"}],"twitter_card":"summary_large_image","twitter_misc":{"Hinta":"&euro;49.50","Saatavuus":"Loppu varastosta"},"schema":{"@context":"https:\/\/schema.org","@graph":[{"@type":"WebPage","@id":"https:\/\/www.xn--tuksimaailm-ffb.ee\/fi\/shop\/vasen-jarrulenkki-inokim-ox-hero-super-sahkopotkulauta\/","url":"https:\/\/www.xn--tuksimaailm-ffb.ee\/fi\/shop\/vasen-jarrulenkki-inokim-ox-hero-super-sahkopotkulauta\/","name":"Vasen jarrulenkki Inokim OX Hero Super s\u00e4hk\u00f6potkulauta &#8212; T\u00f5uksimaailm","isPartOf":{"@id":"https:\/\/www.xn--tuksimaailm-ffb.ee\/fi\/#website"},"primaryImageOfPage":{"@id":"https:\/\/www.xn--tuksimaailm-ffb.ee\/fi\/shop\/vasen-jarrulenkki-inokim-ox-hero-super-sahkopotkulauta\/#primaryimage"},"image":{"@id":"https:\/\/www.xn--tuksimaailm-ffb.ee\/fi\/shop\/vasen-jarrulenkki-inokim-ox-hero-super-sahkopotkulauta\/#primaryimage"},"thumbnailUrl":"https:\/\/www.xn--tuksimaailm-ffb.ee\/wp-content\/uploads\/2022\/01\/Screenshot-2025-01-18-133955.webp","datePublished":"2022-01-25T15:47:34+00:00","dateModified":"2022-01-25T16:47:34+00:00","description":"Vasak pidurilink (ka piduriheebel, pidurihooob), sobib elektrit\u00f5ukeratas Inokim OX Eco, Inokim OX Hero, Inokim OX Super, Inokim Quick 4 Super ja Hero.","breadcrumb":{"@id":"https:\/\/www.xn--tuksimaailm-ffb.ee\/fi\/shop\/vasen-jarrulenkki-inokim-ox-hero-super-sahkopotkulauta\/#breadcrumb"},"inLanguage":"fi","potentialAction":[{"@type":"ReadAction","target":["https:\/\/www.xn--tuksimaailm-ffb.ee\/fi\/shop\/vasen-jarrulenkki-inokim-ox-hero-super-sahkopotkulauta\/"]}]},{"@type":"ImageObject","inLanguage":"fi","@id":"https:\/\/www.xn--tuksimaailm-ffb.ee\/fi\/shop\/vasen-jarrulenkki-inokim-ox-hero-super-sahkopotkulauta\/#primaryimage","url":"https:\/\/www.xn--tuksimaailm-ffb.ee\/wp-content\/uploads\/2022\/01\/Screenshot-2025-01-18-133955.webp","contentUrl":"https:\/\/www.xn--tuksimaailm-ffb.ee\/wp-content\/uploads\/2022\/01\/Screenshot-2025-01-18-133955.webp","width":898,"height":745,"caption":"Vasak pidurilink Inokim OX Hero Super elektrit\u00f5ukeratas"},{"@type":"BreadcrumbList","@id":"https:\/\/www.xn--tuksimaailm-ffb.ee\/fi\/shop\/vasen-jarrulenkki-inokim-ox-hero-super-sahkopotkulauta\/#breadcrumb","itemListElement":[{"@type":"ListItem","position":1,"name":"Home","item":"https:\/\/www.xn--tuksimaailm-ffb.ee\/fi\/kotisivu\/"},{"@type":"ListItem","position":2,"name":"Kauppa","item":"https:\/\/www.xn--tuksimaailm-ffb.ee\/elektritoukerataste-pood\/"},{"@type":"ListItem","position":3,"name":"Vasen jarrulenkki Inokim OX Hero Super s\u00e4hk\u00f6potkulauta"}]},{"@type":"WebSite","@id":"https:\/\/www.xn--tuksimaailm-ffb.ee\/fi\/#website","url":"https:\/\/www.xn--tuksimaailm-ffb.ee\/fi\/","name":"T\u00f5uksimaailm","description":"Elektrit\u00f5ukerataste m\u00fc\u00fck, remont ja rent","publisher":{"@id":"https:\/\/www.xn--tuksimaailm-ffb.ee\/fi\/#organization"},"potentialAction":[{"@type":"SearchAction","target":{"@type":"EntryPoint","urlTemplate":"https:\/\/www.xn--tuksimaailm-ffb.ee\/fi\/?s={search_term_string}"},"query-input":{"@type":"PropertyValueSpecification","valueRequired":true,"valueName":"search_term_string"}}],"inLanguage":"fi"},{"@type":"Organization","@id":"https:\/\/www.xn--tuksimaailm-ffb.ee\/fi\/#organization","name":"T\u00f5uksimaailm","url":"https:\/\/www.xn--tuksimaailm-ffb.ee\/fi\/","logo":{"@type":"ImageObject","inLanguage":"fi","@id":"https:\/\/www.xn--tuksimaailm-ffb.ee\/fi\/#\/schema\/logo\/image\/","url":"https:\/\/www.xn--tuksimaailm-ffb.ee\/wp-content\/uploads\/2020\/01\/logoz-e1579792875517.png","contentUrl":"https:\/\/www.xn--tuksimaailm-ffb.ee\/wp-content\/uploads\/2020\/01\/logoz-e1579792875517.png","width":250,"height":250,"caption":"T\u00f5uksimaailm"},"image":{"@id":"https:\/\/www.xn--tuksimaailm-ffb.ee\/fi\/#\/schema\/logo\/image\/"},"sameAs":["https:\/\/www.facebook.com\/touksimaailm\/","https:\/\/www.instagram.com\/touksimaailm_\/","https:\/\/www.youtube.com\/channel\/UC18ml0EKIDLP1xGuQjFzcXQ"]}]},"product_price_amount":"49.50","product_price_currency":"EUR","og_availability":"out of stock","product_availability":"out of stock","product_condition":"new"},"jetpack_sharing_enabled":true,"_links":{"self":[{"href":"https:\/\/www.xn--tuksimaailm-ffb.ee\/fi\/wp-json\/wp\/v2\/product\/62595","targetHints":{"allow":["GET"]}}],"collection":[{"href":"https:\/\/www.xn--tuksimaailm-ffb.ee\/fi\/wp-json\/wp\/v2\/product"}],"about":[{"href":"https:\/\/www.xn--tuksimaailm-ffb.ee\/fi\/wp-json\/wp\/v2\/types\/product"}],"wp:featuredmedia":[{"embeddable":true,"href":"https:\/\/www.xn--tuksimaailm-ffb.ee\/fi\/wp-json\/wp\/v2\/media\/55143"}],"wp:attachment":[{"href":"https:\/\/www.xn--tuksimaailm-ffb.ee\/fi\/wp-json\/wp\/v2\/media?parent=62595"}],"wp:term":[{"taxonomy":"product_brand","embeddable":true,"href":"https:\/\/www.xn--tuksimaailm-ffb.ee\/fi\/wp-json\/wp\/v2\/product_brand?post=62595"},{"taxonomy":"product_cat","embeddable":true,"href":"https:\/\/www.xn--tuksimaailm-ffb.ee\/fi\/wp-json\/wp\/v2\/product_cat?post=62595"},{"taxonomy":"product_tag","embeddable":true,"href":"https:\/\/www.xn--tuksimaailm-ffb.ee\/fi\/wp-json\/wp\/v2\/product_tag?post=62595"},{"taxonomy":"filter_elektritoukeratas","embeddable":true,"href":"https:\/\/www.xn--tuksimaailm-ffb.ee\/fi\/wp-json\/wp\/v2\/filter_elektritoukeratas?post=62595"}],"curies":[{"name":"wp","href":"https:\/\/api.w.org\/{rel}","templated":true}]}}