{"id":62640,"date":"2022-01-25T18:08:01","date_gmt":"2022-01-25T16:08:01","guid":{"rendered":"https:\/\/www.xn--tuksimaailm-ffb.ee\/shop\/vasen-jarrulenkki-jarruvipu-inokim-oxo\/"},"modified":"2022-01-25T18:08:01","modified_gmt":"2022-01-25T16:08:01","slug":"vasen-jarrulenkki-jarruvipu-inokim-oxo","status":"publish","type":"product","link":"https:\/\/www.xn--tuksimaailm-ffb.ee\/fi\/shop\/vasen-jarrulenkki-jarruvipu-inokim-oxo\/","title":{"rendered":"Vasen jarrulenkki jarruvipu Inokim OXO"},"content":{"rendered":"<p>Vasen jarrulenkki jarruvipu Inokim OXO. Sopii Inokim OXO s\u00e4hk\u00f6potkulauta. Valittavana on kaksi vipuvaihtoehtoa \u2013 Inokim-logolla tai Zoom-logolla. Molemmat vivut sopivat Inokim OXO -s\u00e4hk\u00f6potkulautaan ja moniin muihin hydraulisia jarruja k\u00e4ytt\u00e4viin skoottereihin.<\/p>\n","protected":false},"excerpt":{"rendered":"<p>Vasen jarrulenkki jarruvipu Inokim OXO. Sopii Inokim OXO s\u00e4hk\u00f6potkulauta. Valittavana on kaksi vipuvaihtoehtoa \u2013 Inokim-logolla tai Zoom-logolla. Molemmat vivut sopivat Inokim OXO -s\u00e4hk\u00f6potkulautaan ja moniin muihin hydraulisia jarruja k\u00e4ytt\u00e4viin skoottereihin.<\/p>\n","protected":false},"featured_media":62155,"template":"","meta":[],"product_brand":[],"product_cat":[1698],"product_tag":[],"filter_elektritoukeratas":[2715],"class_list":{"0":"post-62640","1":"product","2":"type-product","3":"status-publish","4":"has-post-thumbnail","6":"product_cat-varaosat","7":"pa_tootetuup-piduridetailid-fi","8":"filter_elektritoukeratas-ft_inokim_oxo","10":"first","11":"instock","12":"taxable","13":"shipping-taxable","14":"purchasable","15":"product-type-variable"},"yoast_head":"<!-- This site is optimized with the Yoast SEO Premium plugin v26.8 (Yoast SEO v27.5) - https:\/\/yoast.com\/product\/yoast-seo-premium-wordpress\/ -->\n<title>Vasen jarrulenkki jarruvipu Inokim OXO | T\u00f5uksimaailm<\/title>\n<meta name=\"description\" content=\"Vasak pidurilink piduriheebel Inokim OXO. Sobib Inokim OXO elektrit\u00f5ukeratas. Zoom v\u00f5i Inokim Br\u00e4nd. Universaalne elektrit\u00f5ukeratta varuosa.\" \/>\n<meta name=\"robots\" content=\"index, follow, max-snippet:-1, max-image-preview:large, max-video-preview:-1\" \/>\n<link rel=\"canonical\" href=\"https:\/\/www.xn--tuksimaailm-ffb.ee\/fi\/shop\/vasen-jarrulenkki-jarruvipu-inokim-oxo\/\" \/>\n<meta property=\"og:locale\" content=\"fi_FI\" \/>\n<meta property=\"og:type\" content=\"article\" \/>\n<meta property=\"og:title\" content=\"Vasen jarrulenkki jarruvipu Inokim OXO\" \/>\n<meta property=\"og:description\" content=\"Vasak pidurilink piduriheebel Inokim OXO. Sobib Inokim OXO elektrit\u00f5ukeratas. Zoom v\u00f5i Inokim Br\u00e4nd. Universaalne elektrit\u00f5ukeratta varuosa.\" \/>\n<meta property=\"og:url\" content=\"https:\/\/www.xn--tuksimaailm-ffb.ee\/fi\/shop\/vasen-jarrulenkki-jarruvipu-inokim-oxo\/\" \/>\n<meta property=\"og:site_name\" content=\"T\u00f5uksimaailm\" \/>\n<meta property=\"article:publisher\" content=\"https:\/\/www.facebook.com\/touksimaailm\/\" \/>\n<meta property=\"og:image\" content=\"https:\/\/www.xn--tuksimaailm-ffb.ee\/wp-content\/uploads\/2022\/01\/Screenshot-2025-03-29-165924.webp\" \/>\n\t<meta property=\"og:image:width\" content=\"1181\" \/>\n\t<meta property=\"og:image:height\" content=\"908\" \/>\n\t<meta property=\"og:image:type\" content=\"image\/webp\" \/>\n<meta name=\"twitter:card\" content=\"summary_large_image\" \/>\n<meta name=\"twitter:label1\" content=\"Saatavuus\" \/>\n\t<meta name=\"twitter:data1\" content=\"Varastossa\" \/>\n<meta property=\"og:availability\" content=\"instock\" \/>\n<meta property=\"product:availability\" content=\"instock\" \/>\n<meta property=\"product:retailer_item_id\" content=\"PIDURILINK-ZOOM-VASAK\" \/>\n<meta property=\"product:condition\" content=\"new\" \/>\n<!-- \/ Yoast SEO Premium plugin. -->","yoast_head_json":{"title":"Vasen jarrulenkki jarruvipu Inokim OXO | T\u00f5uksimaailm","description":"Vasak pidurilink piduriheebel Inokim OXO. Sobib Inokim OXO elektrit\u00f5ukeratas. Zoom v\u00f5i Inokim Br\u00e4nd. Universaalne elektrit\u00f5ukeratta varuosa.","robots":{"index":"index","follow":"follow","max-snippet":"max-snippet:-1","max-image-preview":"max-image-preview:large","max-video-preview":"max-video-preview:-1"},"canonical":"https:\/\/www.xn--tuksimaailm-ffb.ee\/fi\/shop\/vasen-jarrulenkki-jarruvipu-inokim-oxo\/","og_locale":"fi_FI","og_type":"article","og_title":"Vasen jarrulenkki jarruvipu Inokim OXO","og_description":"Vasak pidurilink piduriheebel Inokim OXO. Sobib Inokim OXO elektrit\u00f5ukeratas. Zoom v\u00f5i Inokim Br\u00e4nd. Universaalne elektrit\u00f5ukeratta varuosa.","og_url":"https:\/\/www.xn--tuksimaailm-ffb.ee\/fi\/shop\/vasen-jarrulenkki-jarruvipu-inokim-oxo\/","og_site_name":"T\u00f5uksimaailm","article_publisher":"https:\/\/www.facebook.com\/touksimaailm\/","og_image":[{"width":1181,"height":908,"url":"https:\/\/www.xn--tuksimaailm-ffb.ee\/wp-content\/uploads\/2022\/01\/Screenshot-2025-03-29-165924.webp","type":"image\/webp"}],"twitter_card":"summary_large_image","twitter_misc":{"Saatavuus":"Varastossa"},"schema":{"@context":"https:\/\/schema.org","@graph":[{"@type":"WebPage","@id":"https:\/\/www.xn--tuksimaailm-ffb.ee\/fi\/shop\/vasen-jarrulenkki-jarruvipu-inokim-oxo\/","url":"https:\/\/www.xn--tuksimaailm-ffb.ee\/fi\/shop\/vasen-jarrulenkki-jarruvipu-inokim-oxo\/","name":"Vasen jarrulenkki jarruvipu Inokim OXO | T\u00f5uksimaailm","isPartOf":{"@id":"https:\/\/www.xn--tuksimaailm-ffb.ee\/fi\/#website"},"primaryImageOfPage":{"@id":"https:\/\/www.xn--tuksimaailm-ffb.ee\/fi\/shop\/vasen-jarrulenkki-jarruvipu-inokim-oxo\/#primaryimage"},"image":{"@id":"https:\/\/www.xn--tuksimaailm-ffb.ee\/fi\/shop\/vasen-jarrulenkki-jarruvipu-inokim-oxo\/#primaryimage"},"thumbnailUrl":"https:\/\/www.xn--tuksimaailm-ffb.ee\/wp-content\/uploads\/2022\/01\/Screenshot-2025-03-29-165924.webp","datePublished":"2022-01-25T16:08:01+00:00","description":"Vasak pidurilink piduriheebel Inokim OXO. Sobib Inokim OXO elektrit\u00f5ukeratas. Zoom v\u00f5i Inokim Br\u00e4nd. Universaalne elektrit\u00f5ukeratta varuosa.","breadcrumb":{"@id":"https:\/\/www.xn--tuksimaailm-ffb.ee\/fi\/shop\/vasen-jarrulenkki-jarruvipu-inokim-oxo\/#breadcrumb"},"inLanguage":"fi","potentialAction":[{"@type":"ReadAction","target":["https:\/\/www.xn--tuksimaailm-ffb.ee\/fi\/shop\/vasen-jarrulenkki-jarruvipu-inokim-oxo\/"]}]},{"@type":"ImageObject","inLanguage":"fi","@id":"https:\/\/www.xn--tuksimaailm-ffb.ee\/fi\/shop\/vasen-jarrulenkki-jarruvipu-inokim-oxo\/#primaryimage","url":"https:\/\/www.xn--tuksimaailm-ffb.ee\/wp-content\/uploads\/2022\/01\/Screenshot-2025-03-29-165924.webp","contentUrl":"https:\/\/www.xn--tuksimaailm-ffb.ee\/wp-content\/uploads\/2022\/01\/Screenshot-2025-03-29-165924.webp","width":1181,"height":908,"caption":"Vasak pidurilink piduriheebel Inokim OXO"},{"@type":"BreadcrumbList","@id":"https:\/\/www.xn--tuksimaailm-ffb.ee\/fi\/shop\/vasen-jarrulenkki-jarruvipu-inokim-oxo\/#breadcrumb","itemListElement":[{"@type":"ListItem","position":1,"name":"Home","item":"https:\/\/www.xn--tuksimaailm-ffb.ee\/fi\/kotisivu\/"},{"@type":"ListItem","position":2,"name":"Kauppa","item":"https:\/\/www.xn--tuksimaailm-ffb.ee\/elektritoukerataste-pood\/"},{"@type":"ListItem","position":3,"name":"Vasen jarrulenkki jarruvipu Inokim OXO"}]},{"@type":"WebSite","@id":"https:\/\/www.xn--tuksimaailm-ffb.ee\/fi\/#website","url":"https:\/\/www.xn--tuksimaailm-ffb.ee\/fi\/","name":"T\u00f5uksimaailm","description":"Elektrit\u00f5ukerataste m\u00fc\u00fck, remont ja rent","publisher":{"@id":"https:\/\/www.xn--tuksimaailm-ffb.ee\/fi\/#organization"},"potentialAction":[{"@type":"SearchAction","target":{"@type":"EntryPoint","urlTemplate":"https:\/\/www.xn--tuksimaailm-ffb.ee\/fi\/?s={search_term_string}"},"query-input":{"@type":"PropertyValueSpecification","valueRequired":true,"valueName":"search_term_string"}}],"inLanguage":"fi"},{"@type":"Organization","@id":"https:\/\/www.xn--tuksimaailm-ffb.ee\/fi\/#organization","name":"T\u00f5uksimaailm","url":"https:\/\/www.xn--tuksimaailm-ffb.ee\/fi\/","logo":{"@type":"ImageObject","inLanguage":"fi","@id":"https:\/\/www.xn--tuksimaailm-ffb.ee\/fi\/#\/schema\/logo\/image\/","url":"https:\/\/www.xn--tuksimaailm-ffb.ee\/wp-content\/uploads\/2020\/01\/logoz-e1579792875517.png","contentUrl":"https:\/\/www.xn--tuksimaailm-ffb.ee\/wp-content\/uploads\/2020\/01\/logoz-e1579792875517.png","width":250,"height":250,"caption":"T\u00f5uksimaailm"},"image":{"@id":"https:\/\/www.xn--tuksimaailm-ffb.ee\/fi\/#\/schema\/logo\/image\/"},"sameAs":["https:\/\/www.facebook.com\/touksimaailm\/","https:\/\/www.instagram.com\/touksimaailm_\/","https:\/\/www.youtube.com\/channel\/UC18ml0EKIDLP1xGuQjFzcXQ"]}]},"og_availability":"instock","product_availability":"instock","product_retailer_item_id":"PIDURILINK-ZOOM-VASAK","product_condition":"new"},"jetpack_sharing_enabled":true,"_links":{"self":[{"href":"https:\/\/www.xn--tuksimaailm-ffb.ee\/fi\/wp-json\/wp\/v2\/product\/62640","targetHints":{"allow":["GET"]}}],"collection":[{"href":"https:\/\/www.xn--tuksimaailm-ffb.ee\/fi\/wp-json\/wp\/v2\/product"}],"about":[{"href":"https:\/\/www.xn--tuksimaailm-ffb.ee\/fi\/wp-json\/wp\/v2\/types\/product"}],"wp:featuredmedia":[{"embeddable":true,"href":"https:\/\/www.xn--tuksimaailm-ffb.ee\/fi\/wp-json\/wp\/v2\/media\/62155"}],"wp:attachment":[{"href":"https:\/\/www.xn--tuksimaailm-ffb.ee\/fi\/wp-json\/wp\/v2\/media?parent=62640"}],"wp:term":[{"taxonomy":"product_brand","embeddable":true,"href":"https:\/\/www.xn--tuksimaailm-ffb.ee\/fi\/wp-json\/wp\/v2\/product_brand?post=62640"},{"taxonomy":"product_cat","embeddable":true,"href":"https:\/\/www.xn--tuksimaailm-ffb.ee\/fi\/wp-json\/wp\/v2\/product_cat?post=62640"},{"taxonomy":"product_tag","embeddable":true,"href":"https:\/\/www.xn--tuksimaailm-ffb.ee\/fi\/wp-json\/wp\/v2\/product_tag?post=62640"},{"taxonomy":"filter_elektritoukeratas","embeddable":true,"href":"https:\/\/www.xn--tuksimaailm-ffb.ee\/fi\/wp-json\/wp\/v2\/filter_elektritoukeratas?post=62640"}],"curies":[{"name":"wp","href":"https:\/\/api.w.org\/{rel}","templated":true}]}}